{"id":399209,"date":"2024-11-17T18:34:27","date_gmt":"2025-04-16T08:11:13","guid":{"rendered":"https:\/\/www.moskito.cz\/produkt\/cuchillo-de-tiro-benchmade-5370bk-07\/"},"modified":"2025-05-07T11:29:00","modified_gmt":"2025-05-07T10:29:00","slug":"cuchillo-de-tiro-benchmade-5370bk-07","status":"publish","type":"product","link":"https:\/\/www.moskito.cz\/es\/produkt\/cuchillo-de-tiro-benchmade-5370bk-07\/","title":{"rendered":"Cuchillo de tiro Benchmade 5370BK-07"},"content":{"rendered":"<p>Cuchillo de tiro <strong>Benchmade<\/strong> 5370BK-07.<\/p>\n<p>El Benchmade 5370BK-07 Shootout OTF (Out-The-Front) Auto es un cuchillo t\u00e1ctico dise\u00f1ado para brindar funcionalidad y durabilidad. A continuaci\u00f3n se muestra un desglose de las especificaciones y caracter\u00edsticas clave: <\/p>\n<p>Longitud de la hoja: 8,92 cm<br \/>\nLongitud total: 20,88 cm<br \/>\nLongitud cerrada: 11,97 cm<br \/>\nMaterial de la hoja: acero para herramientas CPM-CruWear (conocido por su excelente retenci\u00f3n del filo y tenacidad)<br \/>\nGrosor de la hoja: 2,54 mm<br \/>\nDureza de la hoja: 63-65 HRC (dureza que indica un filo fuerte y duradero)<br \/>\nEstilo de hoja: Tanto (con punta gruesa ideal para tareas de perforaci\u00f3n)<br \/>\nAcabado de la hoja: DLC negro (recubrimiento de carbono tipo diamante para mayor resistencia a la corrosi\u00f3n)<br \/>\nMaterial del mango: Sage Green Grivory (termopl\u00e1stico duro y ligero)<br \/>\n Grosor del mango: 12,95 mm<br \/>\n Mecanismo de bloqueo: Deslizante (para un funcionamiento seguro del mecanismo de apertura autom\u00e1tica)<br \/>\n Clip de bolsillo: de transporte profundo, reversible y plegable.<br \/>\n Peso: 2,80 oz. (79,38 g)<br \/>\n Clase: Negro (probablemente se refiere a una serie o l\u00ednea de productos)<br \/>\n Pa\u00eds de fabricaci\u00f3n: Hecho en EE. UU.<br \/>\n Caracter\u00edsticas principales:<br \/>\n Mecanismo OTF: El Shootout est\u00e1 equipado con un mecanismo autom\u00e1tico r\u00e1pido operado desde el frente que asegura un r\u00e1pido despliegue y retracci\u00f3n de la hoja con solo presionar un bot\u00f3n.<br \/>\nDise\u00f1o t\u00e1ctico y duradero: la hoja de acero CPM-CruWear garantiza dureza, resistencia al desgaste y nitidez, mientras que el mango Grivory proporciona resistencia y durabilidad para tareas exigentes.<br \/>\nMango verde salvia: el color verde ofrece un aspecto t\u00e1ctico que es parte de la variaci\u00f3n estacional agregada por Benchmade para los entusiastas de EDC (Everyday Carry).<br \/>\nVersatilidad: El cuchillo est\u00e1 dise\u00f1ado teniendo en cuenta la seguridad personal y la utilidad, lo que lo hace adecuado para una variedad de tareas exigentes, ya sea para defensa personal, supervivencia o uso diario.<br \/>\nEste modelo es un ejemplo perfecto del compromiso de Benchmade con la artesan\u00eda de alta calidad y presenta un dise\u00f1o resistente y f\u00e1cil de usar dise\u00f1ado para aplicaciones t\u00e1cticas.<\/p>\n<p>&nbsp;<\/p>\n<p>&nbsp;<\/p>\n","protected":false},"excerpt":{"rendered":"<p><strong>El cuchillo est\u00e1 dise\u00f1ado teniendo en cuenta la seguridad personal y la utilidad, lo que lo hace adecuado para una variedad de tareas exigentes, ya sea para defensa personal, supervivencia o uso diario.<\/strong><\/p>\n<p><strong>Env\u00edo gratis.<\/strong><\/p>\n","protected":false},"featured_media":373130,"comment_status":"open","ping_status":"closed","template":"","meta":[],"pwb-brand":[3978],"product_brand":[],"product_cat":[3726,3729],"product_tag":[],"class_list":{"0":"post-399209","1":"product","2":"type-product","3":"status-publish","4":"has-post-thumbnail","6":"pwb-brand-hecho-a-mano-en-banco","7":"product_cat-cuchillos","8":"product_cat-cuchillos-de-tiro","10":"first","11":"outofstock","12":"taxable","13":"shipping-taxable","14":"purchasable","15":"product-type-simple"},"brands":[{"id":3978,"name":"Hecho a mano en banco","slug":"hecho-a-mano-en-banco"}],"_links":{"self":[{"href":"https:\/\/www.moskito.cz\/es\/wp-json\/wp\/v2\/product\/399209","targetHints":{"allow":["GET"]}}],"collection":[{"href":"https:\/\/www.moskito.cz\/es\/wp-json\/wp\/v2\/product"}],"about":[{"href":"https:\/\/www.moskito.cz\/es\/wp-json\/wp\/v2\/types\/product"}],"replies":[{"embeddable":true,"href":"https:\/\/www.moskito.cz\/es\/wp-json\/wp\/v2\/comments?post=399209"}],"wp:featuredmedia":[{"embeddable":true,"href":"https:\/\/www.moskito.cz\/es\/wp-json\/wp\/v2\/media\/373130"}],"wp:attachment":[{"href":"https:\/\/www.moskito.cz\/es\/wp-json\/wp\/v2\/media?parent=399209"}],"wp:term":[{"taxonomy":"pwb-brand","embeddable":true,"href":"https:\/\/www.moskito.cz\/es\/wp-json\/wp\/v2\/pwb-brand?post=399209"},{"taxonomy":"product_brand","embeddable":true,"href":"https:\/\/www.moskito.cz\/es\/wp-json\/wp\/v2\/product_brand?post=399209"},{"taxonomy":"product_cat","embeddable":true,"href":"https:\/\/www.moskito.cz\/es\/wp-json\/wp\/v2\/product_cat?post=399209"},{"taxonomy":"product_tag","embeddable":true,"href":"https:\/\/www.moskito.cz\/es\/wp-json\/wp\/v2\/product_tag?post=399209"}],"curies":[{"name":"wp","href":"https:\/\/api.w.org\/{rel}","templated":true}]}}