{"id":399217,"date":"2021-03-18T22:28:01","date_gmt":"2025-04-16T08:46:48","guid":{"rendered":"https:\/\/www.moskito.cz\/produkt\/kit-de-herramientas-microtech-98-7-mk-con-8-puntas\/"},"modified":"2025-07-11T07:53:38","modified_gmt":"2025-07-11T06:53:38","slug":"kit-de-herramientas-microtech-98-7-mk-con-8-puntas","status":"publish","type":"product","link":"https:\/\/www.moskito.cz\/es\/produkt\/kit-de-herramientas-microtech-98-7-mk-con-8-puntas\/","title":{"rendered":"Kit de herramientas Microtech 98-7 MK con 8 puntas"},"content":{"rendered":"<p>Kit de herramientas <strong>Microtech<\/strong> 98-7 MK con 8 puntas.<\/p>\n<p>Como fabricante de cuchillos estadounidenses de la m\u00e1s alta calidad, Microtech ha establecido los est\u00e1ndares de fabricaci\u00f3n de cuchillos con la m\u00e1xima precisi\u00f3n, y este compromiso se extiende a cada parte de sus cuchillos, desde las partes internas, los mangos y las hojas, hasta los tornillos patentados de Microtech. La calidad est\u00e1 en los detalles. <\/p>\n<p>Cada tornillo utilizado en un cuchillo <strong>Microtech<\/strong> est\u00e1 patentado. Un destornillador o una punta est\u00e1ndar no encajar\u00e1n en estos tornillos exclusivos. A lo largo de los a\u00f1os, ha aumentado la demanda de brocas que los clientes puedan utilizar para realizar el mantenimiento b\u00e1sico de sus cuchillos Microtech. Ahora estamos satisfaciendo esta necesidad.   <\/p>\n<p>Presentamos el juego de herramientas <strong>Microtech<\/strong> : este juego de brocas incluye un soporte manual de acero inoxidable 303 y 8 brocas intercambiables que cubren una variedad de modelos de cuchillos Microtech. El kit de herramientas incluye puntas para: Ultratechs (modelos antiguos y nuevos), UTX-85s, UTX-70s (modelos antiguos y nuevos), Troodons, Combat Troodons, Diracs, Dirac Deltas, LUDTs y Sigils; Tambi\u00e9n incluye piezas para romper cristales para Ultratechs, Combat Troodons y Dirac Deltas. Los bits solo se venden como un conjunto, no individualmente.  <\/p>\n<p>Cuando se trata de desmontar y realizar el mantenimiento de su cuchillo, tenga en cuenta que, si bien puede comprar piezas de repuesto para los cuchillos (sujeto a disponibilidad), el reemplazo de las piezas debe ser realizado en Microtech por sus t\u00e9cnicos profesionales.<\/p>\n<p>Se requiere algo de fuerza para desenroscar el Loctite rojo que Microtech usa en todos los orificios de los tornillos, y es importante recordar que el mango est\u00e1 hecho de aluminio. El marco del cuchillo se puede desmontar, por lo que es necesario reemplazar el mango, lo cual no est\u00e1 cubierto por la garant\u00eda. Recomendamos precauci\u00f3n en todos los intentos de desmontaje y recomendamos que los clientes que no est\u00e9n seguros env\u00eden el cuchillo a Microtech para que solucionen cualquier problema que puedan tener.  <\/p>\n<p>Como cuchillos estadounidenses de primera l\u00ednea, <strong>Microtech<\/strong> Knives siempre ha marcado el est\u00e1ndar en cuchiller\u00eda de precisi\u00f3n, y ese compromiso se extiende a cada parte de sus cuchillos, desde las partes internas, los mangos y las hojas, hasta los tornillos patentados de Microtech. La calidad est\u00e1 en los detalles. <\/p>\n<p>Cada tornillo utilizado en un cuchillo <strong>Microtech<\/strong> es propietario. Un destornillador o una punta est\u00e1ndar no encajar\u00e1n en estos tornillos exclusivos. Con el paso de los a\u00f1os, la demanda de brocas que los clientes puedan utilizar para realizar el mantenimiento b\u00e1sico de sus cuchillos Microtech se ha disparado. Esa necesidad ahora est\u00e1 siendo satisfecha.   <\/p>\n<p>Presentamos el kit de herramientas <strong>Microtech<\/strong> : este juego de puntas incluye un destornillador port\u00e1til de acero inoxidable 303, as\u00ed como 8 puntas intercambiables que abarcan varios modelos y a\u00f1os de cuchillos Microtech. El kit de herramientas tiene piezas para: Ultratechs (modelos antiguos y nuevos), UTX-85s, UTX-70s (modelos antiguos y nuevos), Troodons, Combat Troodons, Diracs, Dirac Deltas, LUDTs y Sigils; Tambi\u00e9n incluye piezas rompedoras de vidrio para Ultratechs, Combat Troodons y Dirac Deltas. Las brocas se venden \u00fanicamente en conjunto y no individualmente.  <\/p>\n<p>Cuando se trata de desarmar y mantener su cuchillo, tenga en cuenta que, si bien puede comprar piezas externas de repuesto para el cuchillo (seg\u00fan disponibilidad), los reemplazos de piezas internas deben realizarse en las instalaciones de Microtech por sus t\u00e9cnicos profesionales.<\/p>\n<p>Se requiere algo de fuerza para desenroscar el Loctite rojo que <strong>Microtech<\/strong> usa en todos los orificios de los tornillos de sus cuchillos, y es importante tener en cuenta que el mango est\u00e1 hecho de aluminio. El chasis se puede desmontar, lo que requiere un reemplazo del mango que no est\u00e1 cubierto por la garant\u00eda. Recomendamos precauci\u00f3n en todos los intentos de desmontaje y recomendamos a los clientes que no se sientan seguros que env\u00eden el cuchillo a Microtech y dejen que ellos se encarguen de cualquier problema que puedan tener.  <\/p>\n","protected":false},"excerpt":{"rendered":"<p>A lo largo de los a\u00f1os, Microtech\u00ae Knives ha infundido pasi\u00f3n y habilidad en la fabricaci\u00f3n de cuchillos, creando casi obras de arte que son el pin\u00e1culo de la funcionalidad. Todas las piezas se fabrican en EE.UU.<br \/>\n <strong>Todos los cuchillos Microtech tienen garant\u00eda de por vida (m\u00edn. 80.000 ciclos, apertura y cierre)<\/strong><\/p>\n<p> <strong>Env\u00edo gratis.<\/strong><\/p>\n","protected":false},"featured_media":399219,"comment_status":"open","ping_status":"closed","template":"","meta":[],"pwb-brand":[3752],"product_brand":[],"product_cat":[3726,3729],"product_tag":[3756],"class_list":{"0":"post-399217","1":"product","2":"type-product","3":"status-publish","4":"has-post-thumbnail","6":"pwb-brand-microtecnologia","7":"product_cat-cuchillos","8":"product_cat-cuchillos-de-tiro","9":"product_tag-b2b-es","11":"first","12":"outofstock","13":"taxable","14":"shipping-taxable","15":"purchasable","16":"product-type-simple"},"brands":[{"id":3752,"name":"microtecnolog\u00eda","slug":"microtecnologia"}],"_links":{"self":[{"href":"https:\/\/www.moskito.cz\/es\/wp-json\/wp\/v2\/product\/399217","targetHints":{"allow":["GET"]}}],"collection":[{"href":"https:\/\/www.moskito.cz\/es\/wp-json\/wp\/v2\/product"}],"about":[{"href":"https:\/\/www.moskito.cz\/es\/wp-json\/wp\/v2\/types\/product"}],"replies":[{"embeddable":true,"href":"https:\/\/www.moskito.cz\/es\/wp-json\/wp\/v2\/comments?post=399217"}],"wp:featuredmedia":[{"embeddable":true,"href":"https:\/\/www.moskito.cz\/es\/wp-json\/wp\/v2\/media\/399219"}],"wp:attachment":[{"href":"https:\/\/www.moskito.cz\/es\/wp-json\/wp\/v2\/media?parent=399217"}],"wp:term":[{"taxonomy":"pwb-brand","embeddable":true,"href":"https:\/\/www.moskito.cz\/es\/wp-json\/wp\/v2\/pwb-brand?post=399217"},{"taxonomy":"product_brand","embeddable":true,"href":"https:\/\/www.moskito.cz\/es\/wp-json\/wp\/v2\/product_brand?post=399217"},{"taxonomy":"product_cat","embeddable":true,"href":"https:\/\/www.moskito.cz\/es\/wp-json\/wp\/v2\/product_cat?post=399217"},{"taxonomy":"product_tag","embeddable":true,"href":"https:\/\/www.moskito.cz\/es\/wp-json\/wp\/v2\/product_tag?post=399217"}],"curies":[{"name":"wp","href":"https:\/\/api.w.org\/{rel}","templated":true}]}}