{"id":399247,"date":"2025-04-16T10:05:15","date_gmt":"2025-04-16T09:31:32","guid":{"rendered":"https:\/\/www.moskito.cz\/produkt\/navaja-plegable-crkt-pup-gray-7070\/"},"modified":"2025-06-20T08:23:02","modified_gmt":"2025-06-20T07:23:02","slug":"navaja-plegable-crkt-pup-gray-7070","status":"publish","type":"product","link":"https:\/\/www.moskito.cz\/es\/produkt\/navaja-plegable-crkt-pup-gray-7070\/","title":{"rendered":"Navaja plegable CRKT Pup Gray 7070"},"content":{"rendered":"<p class=\"\" data-start=\"60\" data-end=\"153\">\ud83d\udd2a <strong data-start=\"63\" data-end=\"98\">plegable CRKT Pup Gray 7070<\/strong><br data-start=\"98\" data-end=\"101\"> <strong data-start=\"101\" data-end=\"153\">Cuchillo c\u00f3modo y compacto para uso diario.<\/strong><\/p>\n<p class=\"\" data-start=\"155\" data-end=\"556\">El CRKT Pup Gray 7070 es un cuchillo plegable pr\u00e1ctico y compacto, ideal para el transporte diario (EDC). Gracias a su s\u00f3lida construcci\u00f3n y mecanismo confiable, es la elecci\u00f3n perfecta para quienes buscan un cuchillo asequible y funcional. Este modelo ofrece excelentes prestaciones, f\u00e1cil operaci\u00f3n y mano de obra de calidad, lo que lo convierte en la opci\u00f3n ideal para quienes prefieren herramientas eficientes y confiables.  <\/p>\n<p class=\"\" data-start=\"558\" data-end=\"583\">\ud83d\udd11 <strong data-start=\"561\" data-end=\"583\">Caracter\u00edsticas principales<\/strong><\/p>\n<p class=\"\" data-start=\"585\" data-end=\"826\">\ud83d\udd2a <strong data-start=\"588\" data-end=\"597\">Hoja<\/strong><br data-start=\"597\" data-end=\"600\"> \u2022 Material: 8Cr13MoV \u2013 conocido por su buena resistencia a la corrosi\u00f3n y su capacidad para mantener el filo.<br data-start=\"693\" data-end=\"696\"> \u2022 Longitud: 7,6 cm<br data-start=\"711\" data-end=\"714\"> \u2022 Espesor: 2,5 mm<br data-start=\"732\" data-end=\"735\"> \u2022 Forma: Punta ca\u00edda: ideal para cortar y realizar tareas cotidianas.<br data-start=\"797\" data-end=\"800\"> \u2022 Longitud total: 17,8 cm<\/p>\n<p class=\"\" data-start=\"828\" data-end=\"1045\">\ud83d\udda4 <strong data-start=\"831\" data-end=\"842\">\u200b\u200b\u200b\u200bManejar<\/strong><br data-start=\"842\" data-end=\"845\"> \u2022 Material: Fibra de vidrio: material muy duradero pero liviano.<br data-start=\"906\" data-end=\"909\"> \u2022 Ergonom\u00eda: Agarre c\u00f3modo y seguro para uso prolongado.<br data-start=\"973\" data-end=\"976\"> \u2022 Dise\u00f1o: Dise\u00f1o gris moderno que combina con cualquier atuendo.<\/p>\n<p class=\"\" data-start=\"1047\" data-end=\"1211\">\u26a1 <strong data-start=\"1049\" data-end=\"1064\">Mecanismo<\/strong><br data-start=\"1064\" data-end=\"1067\"> \u2022 Apertura: Flipper \u2013 apertura f\u00e1cil y r\u00e1pida con una mano<br data-start=\"1133\" data-end=\"1136\"> \u2022 Seguridad: Liner Lock: garantiza estabilidad y seguridad durante el uso<\/p>\n<p class=\"\" data-start=\"1213\" data-end=\"1301\">\ud83d\udce6 <strong data-start=\"1216\" data-end=\"1235\">hay en el paquete?<\/strong><br data-start=\"1235\" data-end=\"1238\"> \u2022 Navaja plegable CRKT Pup Gray 7070<br data-start=\"1271\" data-end=\"1274\"> \u2022 Estuche protector para cuchillos<\/p>\n<p class=\"\" data-start=\"1303\" data-end=\"1536\">\ud83c\udfaf <strong data-start=\"1306\" data-end=\"1317\">Uso<\/strong><br data-start=\"1317\" data-end=\"1320\"> \u2022 \ud83c\udfd9\ufe0f <strong data-start=\"1326\" data-end=\"1333\">EDC<\/strong> : ideal para llevar a diario y uso vers\u00e1til<br data-start=\"1386\" data-end=\"1389\"> \u2022 \ud83c\udfde\ufe0f <strong data-start=\"1395\" data-end=\"1406\">Al aire libre<\/strong> : actividades ligeras al aire libre como acampar o hacer senderismo.<br data-start=\"1463\" data-end=\"1466\"> \u2022 \ud83d\udcbc <strong data-start=\"1471\" data-end=\"1491\">Herramienta de trabajo<\/strong> : perfecta para el trabajo diario o reparaciones.<\/p>\n<p class=\"\" data-start=\"1538\" data-end=\"1570\">\ud83d\udd0d <strong data-start=\"1541\" data-end=\"1570\">Comparaci\u00f3n con otros modelos<\/strong><\/p>\n<p class=\"\" data-start=\"1572\" data-end=\"1799\">\ud83d\udcca <strong data-start=\"1575\" data-end=\"1607\">Pup Gray vs. CRKT Pilar<\/strong><br data-start=\"1607\" data-end=\"1610\"> \u2022 <strong data-start=\"1612\" data-end=\"1621\">El Pilar<\/strong> es m\u00e1s robusto y tiene una hoja m\u00e1s gruesa, pero <strong data-start=\"1662\" data-end=\"1669\">el Pup<\/strong> es m\u00e1s compacto y ligero para el transporte diario.<br data-start=\"1716\" data-end=\"1719\"> \u2022 <strong data-start=\"1721\" data-end=\"1730\">Pilar<\/strong> tambi\u00e9n tiene un dise\u00f1o marcadamente diferente, m\u00e1s \u201chogare\u00f1o\u201d que elegante.<\/p>\n<p class=\"\" data-start=\"1801\" data-end=\"1969\">\ud83d\udcca <strong data-start=\"1804\" data-end=\"1838\">Pup Gray vs. CRKT M16-14S<\/strong><br data-start=\"1838\" data-end=\"1841\"> \u2022 <strong data-start=\"1843\" data-end=\"1854\">El M16-14S<\/strong> es un cuchillo m\u00e1s grande y con m\u00e1s funciones, adecuado para tareas m\u00e1s exigentes, pero <strong data-start=\"1918\" data-end=\"1930\">el Pup Gray<\/strong> es ideal para un uso minimalista.<\/p>\n<p class=\"\" data-start=\"1971\" data-end=\"2107\">\ud83d\udcac <strong data-start=\"1974\" data-end=\"1992\">a la acci\u00f3n<\/strong><br data-start=\"1992\" data-end=\"1995\"> \ud83d\udc49 <strong data-start=\"1998\" data-end=\"2107\">Compre hoy mismo el CRKT Pup Gray 7070 y disfrute de una herramienta confiable y de calidad a un precio razonable!<\/strong><\/p>\n<p class=\"\" data-start=\"2109\" data-end=\"2381\">\ud83d\udcdc <strong data-start=\"2112\" data-end=\"2132\">Historia y origen<\/strong><br data-start=\"2132\" data-end=\"2135\"> CRKT (Columbia River Knife &amp; Tool) es un reconocido fabricante de cuchillos estadounidense, conocido por su innovaci\u00f3n, artesan\u00eda de precisi\u00f3n y enfoque en la funcionalidad en el dise\u00f1o de cuchillos. El modelo Pup Gray es parte de su oferta, que garantiza un alto valor a un precio razonable. <\/p>\n<p class=\"\" data-start=\"2383\" data-end=\"2572\">\u2696\ufe0f <strong data-start=\"2386\" data-end=\"2414\">Seguridad y legislaci\u00f3n<\/strong><br data-start=\"2414\" data-end=\"2417\"> \u2022 \ud83d\udd12 <strong data-start=\"2422\" data-end=\"2437\">Llevar un cuchillo<\/strong> : Consulte las regulaciones locales respecto a llevar un cuchillo.<br data-start=\"2490\" data-end=\"2493\"> \u2022 \ud83d\udee1\ufe0f <strong data-start=\"2499\" data-end=\"2511\">Seguridad<\/strong> : el sistema de seguridad Liner Lock garantiza la estabilidad y un uso seguro.<\/p>\n<p class=\"\" data-start=\"2574\" data-end=\"2759\">\ud83c\udf92 <strong data-start=\"2577\" data-end=\"2613\">Accesorios y opciones de actualizaci\u00f3n<\/strong><br data-start=\"2613\" data-end=\"2616\"> \u2022 <strong data-start=\"2622\" data-end=\"2645\">Estuche de cuero CRKT<\/strong> \ud83c\udff7\ufe0f para m\u00e1xima protecci\u00f3n al transportarlo.<br data-start=\"2681\" data-end=\"2684\"> \u2022 \ud83d\udd27 <strong data-start=\"2689\" data-end=\"2707\">Cuchilla de repuesto<\/strong> : opci\u00f3n de reemplazo de cuchilla para una mayor vida \u00fatil del cuchillo.<\/p>\n<p class=\"\" data-start=\"2761\" data-end=\"2963\">\ud83e\uddfd <strong data-start=\"2764\" data-end=\"2785\">Mantenimiento y rectificado<\/strong><br data-start=\"2785\" data-end=\"2788\"> \u2022 \ud83d\udd2a <strong data-start=\"2793\" data-end=\"2816\">Afilado recomendado<\/strong> : utilice un afilador fino para acero 8Cr13MoV para obtener un mejor rendimiento.<br data-start=\"2880\" data-end=\"2883\"> \u2022 \ud83e\uddfc <strong data-start=\"2888\" data-end=\"2898\">Mantenimiento<\/strong> : Limpie el mecanismo de la cuchilla peri\u00f3dicamente para garantizar un funcionamiento suave.<\/p>\n<p class=\"\" data-start=\"2965\" data-end=\"3170\">\ud83d\udd27 <strong data-start=\"2968\" data-end=\"2984\">Beneficios adicionales<\/strong><br data-start=\"2984\" data-end=\"2987\"> \u2705 <strong data-start=\"2989\" data-end=\"3012\">Cuchillo asequible<\/strong> para uso diario.<br data-start=\"3035\" data-end=\"3038\"> \u2705 <strong data-start=\"3040\" data-end=\"3057\">F\u00e1cil mantenimiento<\/strong> y larga vida \u00fatil gracias al material de alta calidad<br data-start=\"3102\" data-end=\"3105\"> \u2705 <strong data-start=\"3107\" data-end=\"3136\">Adecuado para diversas actividades<\/strong> : EDC, al aire libre, herramientas de trabajo.<\/p>\n<p class=\"\" data-start=\"3172\" data-end=\"3427\">\ud83d\udce2 <strong data-start=\"3175\" data-end=\"3184\">Conclusi\u00f3n<\/strong><br data-start=\"3184\" data-end=\"3187\"> La navaja plegable CRKT Pup Gray 7070 es ideal para quienes buscan una herramienta confiable, compacta y asequible para el uso diario. Su sencillez, materiales de calidad y funcionalidad lo convierten en una gran opci\u00f3n para una amplia gama de usuarios. \ud83d\udd25<\/p>\n","protected":false},"excerpt":{"rendered":"<p><strong>La navaja plegable CRKT Pup Gray 7070 es ideal para quienes buscan una herramienta confiable, compacta y asequible para el uso diario. Su sencillez, materiales de calidad y funcionalidad lo convierten en una gran opci\u00f3n para una amplia gama de usuarios. \ud83d\udd25<\/strong><\/p>\n<p>&nbsp;<\/p>\n","protected":false},"featured_media":399120,"comment_status":"open","ping_status":"closed","template":"","meta":[],"pwb-brand":[3765],"product_brand":[],"product_cat":[3726,3730],"product_tag":[],"class_list":{"0":"post-399247","1":"product","2":"type-product","3":"status-publish","4":"has-post-thumbnail","6":"pwb-brand-crkt-es","7":"product_cat-cuchillos","8":"product_cat-cuchillas-de-cierre","10":"first","11":"instock","12":"sale","13":"taxable","14":"shipping-taxable","15":"purchasable","16":"product-type-simple"},"brands":[{"id":3765,"name":"CRKT","slug":"crkt-es"}],"_links":{"self":[{"href":"https:\/\/www.moskito.cz\/es\/wp-json\/wp\/v2\/product\/399247","targetHints":{"allow":["GET"]}}],"collection":[{"href":"https:\/\/www.moskito.cz\/es\/wp-json\/wp\/v2\/product"}],"about":[{"href":"https:\/\/www.moskito.cz\/es\/wp-json\/wp\/v2\/types\/product"}],"replies":[{"embeddable":true,"href":"https:\/\/www.moskito.cz\/es\/wp-json\/wp\/v2\/comments?post=399247"}],"wp:featuredmedia":[{"embeddable":true,"href":"https:\/\/www.moskito.cz\/es\/wp-json\/wp\/v2\/media\/399120"}],"wp:attachment":[{"href":"https:\/\/www.moskito.cz\/es\/wp-json\/wp\/v2\/media?parent=399247"}],"wp:term":[{"taxonomy":"pwb-brand","embeddable":true,"href":"https:\/\/www.moskito.cz\/es\/wp-json\/wp\/v2\/pwb-brand?post=399247"},{"taxonomy":"product_brand","embeddable":true,"href":"https:\/\/www.moskito.cz\/es\/wp-json\/wp\/v2\/product_brand?post=399247"},{"taxonomy":"product_cat","embeddable":true,"href":"https:\/\/www.moskito.cz\/es\/wp-json\/wp\/v2\/product_cat?post=399247"},{"taxonomy":"product_tag","embeddable":true,"href":"https:\/\/www.moskito.cz\/es\/wp-json\/wp\/v2\/product_tag?post=399247"}],"curies":[{"name":"wp","href":"https:\/\/api.w.org\/{rel}","templated":true}]}}