{"id":399254,"date":"2022-12-29T21:07:42","date_gmt":"2025-04-16T10:02:17","guid":{"rendered":"https:\/\/www.moskito.cz\/produkt\/cuchillos-heretic-cleric-ii-otf-magnacut-h020-4a-blu\/"},"modified":"2025-05-07T11:29:03","modified_gmt":"2025-05-07T10:29:03","slug":"cuchillos-heretic-cleric-ii-otf-magnacut-h020-4a-blu","status":"publish","type":"product","link":"https:\/\/www.moskito.cz\/es\/produkt\/cuchillos-heretic-cleric-ii-otf-magnacut-h020-4a-blu\/","title":{"rendered":"Cuchillos Heretic Cleric II OTF MagnaCut H020-4A-BLU"},"content":{"rendered":"<p><strong>Cuchillos Heretic<\/strong> Cleric II OTF MagnaCut H020-4A-BLU.<\/p>\n<p>La Cleric II OTF autom\u00e1tica tiene un mango de aluminio 6061 mecanizado por CNC con incrustaciones de acero inoxidable y una hoja de acero inoxidable CPM-MagnaCut. Ofrece una construcci\u00f3n robusta con largo alcance y una salvaje acci\u00f3n autom\u00e1tica de doble acci\u00f3n. El mango tiene una corredera para el pulgar con carga frontal para facilitar su uso y un contorno suave para un buen agarre. Tiene una hoja rectificada a m\u00e1quina con doble filo.<\/p>\n<p>Funci\u00f3n<br \/>\n La corredera de pulgar precargada garantiza una apertura y un cierre suaves y autom\u00e1ticos de doble acci\u00f3n.<br \/>\n El mango de aluminio liviano ofrece excelente resistencia y durabilidad.<br \/>\n Hoja doble para un rendimiento de corte vers\u00e1til<\/p>\n<p>Presupuesto<br \/>\n Longitud de la hoja: 10,62 cm<br \/>\n Longitud total: 24,68 cm<br \/>\n Material de la hoja: acero inoxidable CPM-MagnaCut<br \/>\n Grosor de la hoja: 0,31 cm<br \/>\n Estilo de hoja: Daga de doble filo<br \/>\n Afilado de cuchillas: Plano<br \/>\n Acabado de la hoja: negro<br \/>\n Material del mango: Aluminio azul con inserciones de acero inoxidable negro.<br \/>\n Grosor del mango: 1,31 cm<br \/>\n Mecanismo de bloqueo: Deslizante<br \/>\n Clip de bolsillo: Titanio profundo (punta hacia abajo, derecha\/izquierda)<br \/>\n Peso: 4,80 oz.<br \/>\n Dise\u00f1ador: Tony Marfione Jr.<br \/>\n Hecho en EE.UU.<\/p>\n<p><iframe title=\"Heretic Shop Video\" width=\"800\" height=\"450\" src=\"https:\/\/www.youtube.com\/embed\/7qUL5q7Cvgo?feature=oembed\" frameborder=\"0\" allow=\"accelerometer; autoplay; clipboard-write; encrypted-media; gyroscope; picture-in-picture; web-share\" referrerpolicy=\"strict-origin-when-cross-origin\" allowfullscreen><\/iframe><\/p>\n<p>&nbsp;<\/p>\n","protected":false},"excerpt":{"rendered":"<p>Todos nuestros cuchillos est\u00e1n fabricados en los EE. UU. y lo mantendremos as\u00ed. Cuando compra uno de nuestros cuchillos, puede confiar en su herramienta sabiendo que est\u00e1 respaldada por una empresa estadounidense. \u00a1Nuestros cuchillos se fabrican en peque\u00f1os lotes para garantizar que obtenga un cuchillo de calidad que reciba la atenci\u00f3n que otros cuchillos producidos en masa no reciben!<\/p>\n","protected":false},"featured_media":399256,"comment_status":"open","ping_status":"closed","template":"","meta":[],"pwb-brand":[3757],"product_brand":[],"product_cat":[3726,3729],"product_tag":[],"class_list":{"0":"post-399254","1":"product","2":"type-product","3":"status-publish","4":"has-post-thumbnail","6":"pwb-brand-cuchillos-herejes","7":"product_cat-cuchillos","8":"product_cat-cuchillos-de-tiro","10":"first","11":"outofstock","12":"taxable","13":"shipping-taxable","14":"purchasable","15":"product-type-simple"},"brands":[{"id":3757,"name":"Cuchillos herejes","slug":"cuchillos-herejes"}],"_links":{"self":[{"href":"https:\/\/www.moskito.cz\/es\/wp-json\/wp\/v2\/product\/399254","targetHints":{"allow":["GET"]}}],"collection":[{"href":"https:\/\/www.moskito.cz\/es\/wp-json\/wp\/v2\/product"}],"about":[{"href":"https:\/\/www.moskito.cz\/es\/wp-json\/wp\/v2\/types\/product"}],"replies":[{"embeddable":true,"href":"https:\/\/www.moskito.cz\/es\/wp-json\/wp\/v2\/comments?post=399254"}],"wp:featuredmedia":[{"embeddable":true,"href":"https:\/\/www.moskito.cz\/es\/wp-json\/wp\/v2\/media\/399256"}],"wp:attachment":[{"href":"https:\/\/www.moskito.cz\/es\/wp-json\/wp\/v2\/media?parent=399254"}],"wp:term":[{"taxonomy":"pwb-brand","embeddable":true,"href":"https:\/\/www.moskito.cz\/es\/wp-json\/wp\/v2\/pwb-brand?post=399254"},{"taxonomy":"product_brand","embeddable":true,"href":"https:\/\/www.moskito.cz\/es\/wp-json\/wp\/v2\/product_brand?post=399254"},{"taxonomy":"product_cat","embeddable":true,"href":"https:\/\/www.moskito.cz\/es\/wp-json\/wp\/v2\/product_cat?post=399254"},{"taxonomy":"product_tag","embeddable":true,"href":"https:\/\/www.moskito.cz\/es\/wp-json\/wp\/v2\/product_tag?post=399254"}],"curies":[{"name":"wp","href":"https:\/\/api.w.org\/{rel}","templated":true}]}}