{"id":399304,"date":"2023-12-15T20:40:43","date_gmt":"2025-04-16T10:02:35","guid":{"rendered":"https:\/\/www.moskito.cz\/produkt\/navaja-plegable-columbia-river-crkt-minimalx-stonewashed-5915\/"},"modified":"2025-05-07T11:29:06","modified_gmt":"2025-05-07T10:29:06","slug":"navaja-plegable-columbia-river-crkt-minimalx-stonewashed-5915","status":"publish","type":"product","link":"https:\/\/www.moskito.cz\/es\/produkt\/navaja-plegable-columbia-river-crkt-minimalx-stonewashed-5915\/","title":{"rendered":"Navaja plegable Columbia River CRKT MinimalX Stonewashed 5915"},"content":{"rendered":"<p data-pm-slice=\"1 1 []\">\ud83d\udd2a <strong>plegable Columbia River CRKT MinimalX Stonewashed 5915: fuerza en la simplicidad<\/strong><\/p>\n<p>El MinimalX de CRKT es un cuchillo elegante y compacto dise\u00f1ado por Darielle Caston de D Rocket Design. Su dise\u00f1o se basa en el concepto original creado para SpaceX como recuerdo de los lanzamientos de cohetes. Con una hoja de acero Sandvik 12C27 y bloqueo de marco, ofrece un rendimiento excelente en un paquete minimalista.  <\/p>\n<p>\ud83d\udd11 <strong>Caracter\u00edsticas principales<\/strong><\/p>\n<p>\ud83d\udd2a <strong>Hoja<\/strong><\/p>\n<ul data-spread=\"false\">\n<li><strong>Material<\/strong> : Sandvik 12C27: acero inoxidable con excelente resistencia a la corrosi\u00f3n y larga vida \u00fatil de la hoja.<\/li>\n<li><strong>Largo<\/strong> : 5,5 cm, Largo total: 13,25<\/li>\n<li><strong>Grosor<\/strong> : 0,33 cm<\/li>\n<li><strong>Forma<\/strong> : Tanto modificado, ideal para cortes y apu\u00f1alamientos precisos.<\/li>\n<li><strong>Acabado de la superficie<\/strong> : Lavado a piedra: resistente a los ara\u00f1azos y f\u00e1cil de mantener.<\/li>\n<\/ul>\n<p>\ud83d\udda4 <strong>\u200b\u200b\u200b\u200bManejar<\/strong><\/p>\n<ul data-spread=\"false\">\n<li><strong>Material<\/strong> : acero inoxidable: construcci\u00f3n duradera y s\u00f3lida.<\/li>\n<li><strong>Dise\u00f1o<\/strong> : apariencia simple y limpia, adecuada para el uso diario.<\/li>\n<li><strong>Ergonom\u00eda<\/strong> : Agarre c\u00f3modo incluso durante un uso prolongado.<\/li>\n<\/ul>\n<p>\u26a1 <strong>Mecanismo<\/strong><\/p>\n<ul data-spread=\"false\">\n<li><strong>M\u00e9todo de apertura<\/strong> : Flipper: apertura r\u00e1pida y segura con una mano<\/li>\n<li><strong>Seguridad<\/strong> : Bloqueo del marco: asegura la hoja durante el uso<\/li>\n<li><strong>Estilo de transporte<\/strong> : Clip de bolsillo &#8211; reversible<\/li>\n<\/ul>\n<p>\ud83d\udca1 <strong>Mantenimiento y durabilidad<\/strong><\/p>\n<ul data-spread=\"false\">\n<li><strong>Resistencia a la corrosi\u00f3n<\/strong> : el acabado lavado a la piedra proporciona una excelente protecci\u00f3n contra la corrosi\u00f3n.<\/li>\n<li><strong>Mantenimiento y afilado<\/strong> : El mantenimiento regular y el afilado en una piedra fina garantizar\u00e1n una larga vida \u00fatil y un rendimiento \u00f3ptimo.<\/li>\n<\/ul>\n<p>\ud83d\udce6 <strong>hay en el paquete?<\/strong><\/p>\n<ul data-spread=\"false\">\n<li>Navaja plegable CRKT MinimalX Stonewashed 5915<\/li>\n<li>Caja original de CRKT<\/li>\n<\/ul>\n<p>\ud83c\udfaf <strong>Uso<\/strong><\/p>\n<ul data-spread=\"false\">\n<li>\ud83d\udc6e <strong>Everyday Carry (EDC)<\/strong> : compacto y funcional para las tareas diarias<\/li>\n<li>\ud83c\udfd5\ufe0f <strong>Outdoor and camping<\/strong> : un cuchillo universal para actividades al aire libre<\/li>\n<li>\ud83d\udee0\ufe0f <strong>Uso t\u00e1ctico<\/strong> : una herramienta confiable para tareas exigentes<\/li>\n<\/ul>\n<p>\ud83d\udd0d <strong>Comparaci\u00f3n con otros modelos<\/strong><\/p>\n<p>\ud83d\udcca <strong>CRKT MinimalX frente a CRKT M21-04G<\/strong><\/p>\n<ul data-spread=\"false\">\n<li><strong>Dise\u00f1o<\/strong> : MinimalX tiene un aspecto limpio y moderno, M21-04G tiene una construcci\u00f3n m\u00e1s robusta<\/li>\n<li><strong>Mecanismo<\/strong> : Ambos modelos cuentan con una aleta para una apertura r\u00e1pida.<\/li>\n<li><strong>Mango<\/strong> : acero inoxidable MinimalX, M21-04G G10<\/li>\n<\/ul>\n<p>\ud83d\udcca <strong>CRKT MinimalX frente a CRKT M16-04K<\/strong><\/p>\n<ul data-spread=\"false\">\n<li><strong>Tama\u00f1o<\/strong> : MinimalX es m\u00e1s compacto, M16-04K es m\u00e1s grande y pesado<\/li>\n<li><strong>Dise\u00f1o<\/strong> : Minimalista MinimalX, M16-04K con un aspecto m\u00e1s distintivo<\/li>\n<\/ul>\n<p><strong>Llamada a la acci\u00f3n<\/strong> \ud83d\udc49 \ud83d\udcac Ordene este elegante cuchillo hoy y obtenga <strong>env\u00edo gratis<\/strong> !<\/p>\n<p>\ud83d\udcdc <strong>Historia e inspiraci\u00f3n<\/strong> El modelo MinimalX es el resultado de una colaboraci\u00f3n entre CRKT y Darrielle Caston de D Rocket Design. Su dise\u00f1o se basa en el concepto original creado para SpaceX como recuerdo de los lanzamientos de cohetes. <\/p>\n<p>\u2696\ufe0f <strong>Seguridad y legislaci\u00f3n<\/strong><\/p>\n<ul data-spread=\"false\">\n<li>\ud83d\udd12 <strong>Llevar un cuchillo<\/strong> : Aseg\u00farese de seguir las regulaciones locales sobre el transporte de cuchillos.<\/li>\n<li>\ud83d\udee1\ufe0f <strong>Bloqueo de seguridad<\/strong> : el bloqueo del marco garantiza un uso seguro<\/li>\n<\/ul>\n<p>\ud83c\udf92 <strong>Accesorios y opciones de actualizaci\u00f3n<\/strong><\/p>\n<ul data-spread=\"false\">\n<li><strong>Funda de cuero CRKT<\/strong> \ud83c\udff7\ufe0f para un transporte c\u00f3modo y seguro<\/li>\n<li>\ud83d\udd27 <strong>Posibilidad de personalizaci\u00f3n<\/strong> \u2013 varios acabados de tirador<\/li>\n<\/ul>\n<p>\ud83e\uddfd <strong>Mantenimiento y rectificado<\/strong><\/p>\n<ul data-spread=\"false\">\n<li>\ud83d\udd2a <strong>Afilado recomendado<\/strong> : piedra de afilar fina para mantener un afilado \u00f3ptimo<\/li>\n<li>\ud83e\uddfc <strong>Mantenimiento<\/strong> : limpie y lubrique peri\u00f3dicamente el mecanismo para un buen funcionamiento.<\/li>\n<\/ul>\n<p>\ud83d\udd27 <strong>Beneficios adicionales<\/strong> \u2705 <strong>Garant\u00eda de por vida<\/strong><br \/>\n \u2705 <strong>Env\u00edo gratuito<\/strong><br \/>\n \u2705 <strong>Dise\u00f1o \u00fanico a un precio asequible<\/strong><\/p>\n<p>\ud83d\udce2 <strong>Conclusi\u00f3n<\/strong> El cuchillo plegable CRKT MinimalX Stonewashed 5915 es una opci\u00f3n ideal para el transporte diario y las tareas m\u00e1s exigentes. Su elegante dise\u00f1o, mecanismo confiable y materiales de calidad garantizan una larga vida \u00fatil y un rendimiento \u00f3ptimo. Este cuchillo no solo ser\u00e1 una herramienta pr\u00e1ctica, sino tambi\u00e9n un accesorio elegante.  <\/p>\n<p><iframe title=\"CRKT MinimalX\u2122 | Darriel Caston Design\" width=\"800\" height=\"450\" src=\"https:\/\/www.youtube.com\/embed\/lr5Dg9njWNo?feature=oembed\" frameborder=\"0\" allow=\"accelerometer; autoplay; clipboard-write; encrypted-media; gyroscope; picture-in-picture; web-share\" referrerpolicy=\"strict-origin-when-cross-origin\" allowfullscreen><\/iframe><\/p>\n<p>&nbsp;<\/p>\n","protected":false},"excerpt":{"rendered":"<p><strong>El cuchillo plegable CRKT MinimalX Stonewashed 5915 es una opci\u00f3n ideal para el transporte diario y las tareas m\u00e1s exigentes. Su elegante dise\u00f1o, mecanismo confiable y materiales de calidad garantizan una larga vida \u00fatil y un rendimiento \u00f3ptimo. Este cuchillo no solo ser\u00e1 una herramienta pr\u00e1ctica, sino tambi\u00e9n un accesorio elegante.  <\/strong><\/p>\n","protected":false},"featured_media":399305,"comment_status":"open","ping_status":"closed","template":"","meta":[],"pwb-brand":[3765],"product_brand":[],"product_cat":[3730,3726],"product_tag":[3756],"class_list":{"0":"post-399304","1":"product","2":"type-product","3":"status-publish","4":"has-post-thumbnail","6":"pwb-brand-crkt-es","7":"product_cat-cuchillas-de-cierre","8":"product_cat-cuchillos","9":"product_tag-b2b-es","11":"first","12":"outofstock","13":"taxable","14":"shipping-taxable","15":"purchasable","16":"product-type-simple"},"brands":[{"id":3765,"name":"CRKT","slug":"crkt-es"}],"_links":{"self":[{"href":"https:\/\/www.moskito.cz\/es\/wp-json\/wp\/v2\/product\/399304","targetHints":{"allow":["GET"]}}],"collection":[{"href":"https:\/\/www.moskito.cz\/es\/wp-json\/wp\/v2\/product"}],"about":[{"href":"https:\/\/www.moskito.cz\/es\/wp-json\/wp\/v2\/types\/product"}],"replies":[{"embeddable":true,"href":"https:\/\/www.moskito.cz\/es\/wp-json\/wp\/v2\/comments?post=399304"}],"wp:featuredmedia":[{"embeddable":true,"href":"https:\/\/www.moskito.cz\/es\/wp-json\/wp\/v2\/media\/399305"}],"wp:attachment":[{"href":"https:\/\/www.moskito.cz\/es\/wp-json\/wp\/v2\/media?parent=399304"}],"wp:term":[{"taxonomy":"pwb-brand","embeddable":true,"href":"https:\/\/www.moskito.cz\/es\/wp-json\/wp\/v2\/pwb-brand?post=399304"},{"taxonomy":"product_brand","embeddable":true,"href":"https:\/\/www.moskito.cz\/es\/wp-json\/wp\/v2\/product_brand?post=399304"},{"taxonomy":"product_cat","embeddable":true,"href":"https:\/\/www.moskito.cz\/es\/wp-json\/wp\/v2\/product_cat?post=399304"},{"taxonomy":"product_tag","embeddable":true,"href":"https:\/\/www.moskito.cz\/es\/wp-json\/wp\/v2\/product_tag?post=399304"}],"curies":[{"name":"wp","href":"https:\/\/api.w.org\/{rel}","templated":true}]}}