{"id":399400,"date":"2021-07-31T20:29:43","date_gmt":"2025-04-16T11:18:14","guid":{"rendered":"https:\/\/www.moskito.cz\/produkt\/navaja-plegable-crkt-pilar-iii-d2-5317d2\/"},"modified":"2025-05-07T11:29:07","modified_gmt":"2025-05-07T10:29:07","slug":"navaja-plegable-crkt-pilar-iii-d2-5317d2","status":"publish","type":"product","link":"https:\/\/www.moskito.cz\/es\/produkt\/navaja-plegable-crkt-pilar-iii-d2-5317d2\/","title":{"rendered":"Navaja plegable CRKT PILAR III D2 5317D2"},"content":{"rendered":"<p>&nbsp;<\/p>\n<h3><strong>Navaja plegable CRKT PILAR III D2 5317D2<\/strong><\/h3>\n<p><strong>Dise\u00f1o de:<\/strong> Jesper Voxnaes (Dinamarca)<\/p>\n<p><strong>El CRKT Pilar III D2<\/strong> es <strong>una versi\u00f3n mejorada<\/strong> del ic\u00f3nico cuchillo Pilar\u00ae, dise\u00f1ado originalmente por Jesper Voxnaes como una herramienta minimalista pero potente para el transporte diario. Este modelo conserva un dise\u00f1o limpio y simple con <strong>una hoja D2 mejorada<\/strong> para un rendimiento y una durabilidad a\u00fan mejores. El Pilar III es <strong>la elecci\u00f3n ideal para quienes buscan un cuchillo robusto y confiable<\/strong> con una excelente relaci\u00f3n precio\/rendimiento para las tareas diarias.  <\/p>\n<h3><strong>Principales caracter\u00edsticas y beneficios:<\/strong><\/h3>\n<h4>1. <strong>Potente hoja D2:<\/strong><\/h4>\n<ul>\n<li><strong>El acero D2<\/strong> es altamente resistente al desgaste y la corrosi\u00f3n, lo que lo convierte en un material ideal para hojas que necesitan una larga vida \u00fatil y la capacidad de mantener el filo incluso bajo un uso intensivo. Este material es conocido por <strong>su buena resistencia a la corrosi\u00f3n<\/strong> y <strong>la larga vida \u00fatil de la hoja<\/strong> . <\/li>\n<li><strong>El acabado lavado a la piedra<\/strong> le da a la hoja un aspecto moderno al tiempo que oculta peque\u00f1os rasgu\u00f1os y marcas, lo que ayuda a mantener la est\u00e9tica del cuchillo incluso despu\u00e9s de un uso prolongado.<\/li>\n<\/ul>\n<h4>2. <strong>F\u00e1cil apertura \u2013 Orificio para el pulgar e IKBS\u2122:<\/strong><\/h4>\n<ul>\n<li><strong>El mecanismo del orificio para el pulgar<\/strong> le permite <strong>abrir r\u00e1pidamente el cuchillo con una mano<\/strong> , lo que es conveniente cuando necesita usar el cuchillo r\u00e1pidamente.<\/li>\n<li><strong>El sistema de cojinetes de bolas IKBS\u2122<\/strong> garantiza <strong>una apertura suave y continua<\/strong> con el m\u00ednimo esfuerzo. Este sistema es conocido por su fiabilidad y durabilidad, haciendo que el cuchillo sea muy c\u00f3modo y eficaz en el uso diario. <\/li>\n<\/ul>\n<h4>3. <strong>Mango ergon\u00f3mico G10 y 2Cr13:<\/strong><\/h4>\n<ul>\n<li><strong>El mango frontal G10<\/strong> proporciona excelentes <strong>propiedades antideslizantes<\/strong> y es resistente a la humedad y a las fluctuaciones de temperatura. G10 es ideal para un uso a largo plazo porque es muy duradero y al mismo tiempo agradable al tacto. <\/li>\n<li><strong>La parte posterior del mango hecha de acero inoxidable 2Cr13<\/strong> le da resistencia al cuchillo y garantiza una larga vida \u00fatil.<\/li>\n<\/ul>\n<h4>4. <strong>Dise\u00f1o elegante y pr\u00e1ctico:<\/strong><\/h4>\n<ul>\n<li><strong>El aspecto minimalista<\/strong> del Pilar III con navaja D2 es elegante, simple y de buen gusto, lo que lo hace ideal para llevar a diario sin ser demasiado llamativo.<\/li>\n<li><strong>El lazo del cord\u00f3n<\/strong> proporciona la posibilidad de sujetar el cuchillo a un cintur\u00f3n, anillo u otro dispositivo para mayor comodidad y seguridad al transportarlo.<\/li>\n<\/ul>\n<h3><strong>Especificaciones:<\/strong><\/h3>\n<ul>\n<li><strong>Longitud de la hoja:<\/strong> 2,97 pulgadas (75,36 mm)<\/li>\n<li><strong>Grosor de la hoja:<\/strong> 0,81 pulgadas (3,81 mm)<\/li>\n<li><strong>Material de la hoja:<\/strong> acero D2, acabado Stonewash<\/li>\n<li><strong>Longitud total:<\/strong> 7,19 pulgadas (182,58 mm)<\/li>\n<li><strong>Longitud cerrada:<\/strong> 4,26 pulgadas (108,10 mm)<\/li>\n<li><strong>Peso:<\/strong> 3,80 oz. (107,73 g)<\/li>\n<li><strong>Mango:<\/strong> Parte delantera de G10, parte trasera de 2Cr13 SS<\/li>\n<li><strong>Estilo:<\/strong> Navaja plegable con bloqueo de marco.<\/li>\n<\/ul>\n<h3><strong>Usar:<\/strong><\/h3>\n<ul>\n<li><strong>Transporte diario (EDC):<\/strong> el cuchillo es compacto y lo suficientemente discreto para el uso diario. Ideal para una variedad de tareas comunes como cortar sobres, abrir paquetes o realizar reparaciones menores. <\/li>\n<li><strong>Al aire libre y para acampar:<\/strong> aunque el Pilar III tiene un tama\u00f1o compacto, su resistente hoja D2 y su c\u00f3modo mango G10 lo convierten en una excelente herramienta para actividades al aire libre.<\/li>\n<li><strong>En la oficina o en un entorno urbano:<\/strong> este cuchillo es ideal para el uso diario en la ciudad o la oficina, donde necesitas tener <strong>una herramienta confiable<\/strong> sin destacar demasiado.<\/li>\n<\/ul>\n<h3><strong>Conclusi\u00f3n:<\/strong><\/h3>\n<p><strong>El CRKT Pilar III D2<\/strong> es <strong>una excelente opci\u00f3n para llevar a diario<\/strong> , combinando <strong>un dise\u00f1o minimalista<\/strong> con <strong>una funcionalidad excepcional<\/strong> . Gracias al <strong>acero D2<\/strong> , <strong>al sistema IKBS\u2122<\/strong> y a un mango de alta calidad de <strong>G10<\/strong> y <strong>2Cr13<\/strong> , este cuchillo est\u00e1 preparado para afrontar las tareas cotidianas incluso en condiciones exigentes. Si est\u00e1 buscando <strong>un cuchillo EDC elegante pero potente<\/strong> , el Pilar III D2 es una excelente soluci\u00f3n que ser\u00e1 un compa\u00f1ero fiel durante muchos a\u00f1os.  <\/p>\n<p><iframe title=\"CRKT PILAR\u00ae III w\/ D2 Blade Steel | Jesper Voxnaes Design\" width=\"800\" height=\"450\" src=\"https:\/\/www.youtube.com\/embed\/XUchrTEkdGU?feature=oembed\" frameborder=\"0\" allow=\"accelerometer; autoplay; clipboard-write; encrypted-media; gyroscope; picture-in-picture; web-share\" referrerpolicy=\"strict-origin-when-cross-origin\" allowfullscreen><\/iframe><\/p>\n<p>&nbsp;<\/p>\n","protected":false},"excerpt":{"rendered":"<p><strong>El CRKT Pilar III D2 es una excelente opci\u00f3n para llevar a diario, combinando un dise\u00f1o minimalista con una funcionalidad excepcional. Gracias al acero D2, al sistema IKBS\u2122 y a un mango de alta calidad de G10 y 2Cr13, este cuchillo est\u00e1 preparado para afrontar las tareas cotidianas incluso en condiciones exigentes. Si est\u00e1 buscando un cuchillo EDC elegante pero potente, el Pilar III D2 es una excelente soluci\u00f3n que ser\u00e1 un compa\u00f1ero fiel durante muchos a\u00f1os.  <\/strong><\/p>\n","protected":false},"featured_media":399402,"comment_status":"open","ping_status":"closed","template":"","meta":[],"pwb-brand":[3765],"product_brand":[],"product_cat":[3730,3726],"product_tag":[3756],"class_list":{"0":"post-399400","1":"product","2":"type-product","3":"status-publish","4":"has-post-thumbnail","6":"pwb-brand-crkt-es","7":"product_cat-cuchillas-de-cierre","8":"product_cat-cuchillos","9":"product_tag-b2b-es","11":"first","12":"instock","13":"taxable","14":"shipping-taxable","15":"purchasable","16":"product-type-simple"},"brands":[{"id":3765,"name":"CRKT","slug":"crkt-es"}],"_links":{"self":[{"href":"https:\/\/www.moskito.cz\/es\/wp-json\/wp\/v2\/product\/399400","targetHints":{"allow":["GET"]}}],"collection":[{"href":"https:\/\/www.moskito.cz\/es\/wp-json\/wp\/v2\/product"}],"about":[{"href":"https:\/\/www.moskito.cz\/es\/wp-json\/wp\/v2\/types\/product"}],"replies":[{"embeddable":true,"href":"https:\/\/www.moskito.cz\/es\/wp-json\/wp\/v2\/comments?post=399400"}],"wp:featuredmedia":[{"embeddable":true,"href":"https:\/\/www.moskito.cz\/es\/wp-json\/wp\/v2\/media\/399402"}],"wp:attachment":[{"href":"https:\/\/www.moskito.cz\/es\/wp-json\/wp\/v2\/media?parent=399400"}],"wp:term":[{"taxonomy":"pwb-brand","embeddable":true,"href":"https:\/\/www.moskito.cz\/es\/wp-json\/wp\/v2\/pwb-brand?post=399400"},{"taxonomy":"product_brand","embeddable":true,"href":"https:\/\/www.moskito.cz\/es\/wp-json\/wp\/v2\/product_brand?post=399400"},{"taxonomy":"product_cat","embeddable":true,"href":"https:\/\/www.moskito.cz\/es\/wp-json\/wp\/v2\/product_cat?post=399400"},{"taxonomy":"product_tag","embeddable":true,"href":"https:\/\/www.moskito.cz\/es\/wp-json\/wp\/v2\/product_tag?post=399400"}],"curies":[{"name":"wp","href":"https:\/\/api.w.org\/{rel}","templated":true}]}}