{"id":399415,"date":"2025-04-16T11:55:53","date_gmt":"2025-04-16T10:55:53","guid":{"rendered":"https:\/\/www.moskito.cz\/produkt\/cuchillo-plegable-crkt-squid-xm-2495g\/"},"modified":"2025-06-12T09:00:59","modified_gmt":"2025-06-12T08:00:59","slug":"cuchillo-plegable-crkt-squid-xm-2495g","status":"publish","type":"product","link":"https:\/\/www.moskito.cz\/es\/produkt\/cuchillo-plegable-crkt-squid-xm-2495g\/","title":{"rendered":"Cuchillo plegable CRKT Squid XM 2495G"},"content":{"rendered":"<p class=\"\" data-start=\"40\" data-end=\"134\">\ud83d\udd2a <strong data-start=\"43\" data-end=\"134\">plegable CRKT Squid XM Button Lock gris 2495G: potencia compacta para los desaf\u00edos diarios<\/strong><\/p>\n<p class=\"\" data-start=\"136\" data-end=\"255\"><span class=\"relative -mx-px my-[-0.2rem] rounded px-px py-[0.2rem] transition-colors duration-100 ease-in-out\">El CRKT Squid XM 2495G es una interpretaci\u00f3n moderna del popular modelo Squid del dise\u00f1ador Lucas Burnley.<\/span> <span class=\"relative -mx-px my-[-0.2rem] rounded px-px py-[0.2rem] transition-colors duration-100 ease-in-out\">Este cuchillo ofrece una construcci\u00f3n robusta, un mecanismo de bloqueo de bot\u00f3n confiable y un dise\u00f1o elegante que lo convierte en un compa\u00f1ero ideal para el transporte diario.<\/span><\/p>\n<p class=\"\" data-start=\"257\" data-end=\"282\">\ud83d\udd11 <strong data-start=\"260\" data-end=\"282\">Caracter\u00edsticas principales<\/strong><\/p>\n<p class=\"\" data-start=\"284\" data-end=\"296\">\ud83d\udd2a <strong data-start=\"287\" data-end=\"296\">Hoja<\/strong><\/p>\n<ul data-start=\"297\" data-end=\"611\">\n<li class=\"\" data-start=\"297\" data-end=\"350\">\n<p class=\"\" data-start=\"299\" data-end=\"350\"><strong data-start=\"299\" data-end=\"311\">Material<\/strong> : <span class=\"relative -mx-px my-[-0.2rem] rounded px-px py-[0.2rem] transition-colors duration-100 ease-in-out\">D2 \u2013 acero para herramientas duradero con excelente retenci\u00f3n del filo<\/span><\/p>\n<\/li>\n<li class=\"\" data-start=\"351\" data-end=\"401\">\n<p class=\"\" data-start=\"353\" data-end=\"401\"><strong data-start=\"353\" data-end=\"362\">Largo<\/strong> : <span class=\"relative -mx-px my-[-0.2rem] rounded px-px py-[0.2rem] transition-colors duration-100 ease-in-out\">7,5 cm, Largo total: 18 cm<\/span><\/p>\n<div class=\"detail-properties__value\"><\/div>\n<\/li>\n<li class=\"\" data-start=\"351\" data-end=\"401\">\n<div class=\"detail-properties__value\"><strong data-start=\"404\" data-end=\"416\">Grosor<\/strong> : <span class=\"relative -mx-px my-[-0.2rem] rounded px-px py-[0.2rem] transition-colors duration-100 ease-in-out\">0,26 cm<\/span><\/div>\n<\/li>\n<li class=\"\" data-start=\"456\" data-end=\"505\">\n<p class=\"\" data-start=\"458\" data-end=\"505\"><strong data-start=\"458\" data-end=\"466\">Forma<\/strong> : <span class=\"relative -mx-px my-[-0.2rem] rounded px-px py-[0.2rem] transition-colors duration-100 ease-in-out\">Punta de ca\u00edda: vers\u00e1til para diversas tareas<\/span><\/p>\n<\/li>\n<li class=\"\" data-start=\"506\" data-end=\"611\">\n<p class=\"\" data-start=\"508\" data-end=\"611\"><strong data-start=\"508\" data-end=\"528\">Tratamiento de superficie<\/strong> : <span class=\"relative -mx-px my-[-0.2rem] rounded px-px py-[0.2rem] transition-colors duration-100 ease-in-out\">\u00d3xido negro \u2013 resistente a la corrosi\u00f3n y ara\u00f1azos<\/span><\/p>\n<\/li>\n<li class=\"\" data-start=\"506\" data-end=\"611\">\n<p class=\"\" data-start=\"508\" data-end=\"611\"><strong data-start=\"616\" data-end=\"627\">Manejar<\/strong><\/p>\n<\/li>\n<\/ul>\n<ul data-start=\"628\" data-end=\"836\">\n<li class=\"\" data-start=\"628\" data-end=\"683\">\n<p class=\"\" data-start=\"630\" data-end=\"683\"><strong data-start=\"630\" data-end=\"642\">Material<\/strong> : <span class=\"relative -mx-px my-[-0.2rem] rounded px-px py-[0.2rem] transition-colors duration-100 ease-in-out\">G10 \u2013 compuesto ligero y resistente<\/span><\/p>\n<\/li>\n<li class=\"\" data-start=\"684\" data-end=\"736\">\n<p class=\"\" data-start=\"686\" data-end=\"736\"><strong data-start=\"686\" data-end=\"695\">Color<\/strong> : <span class=\"relative -mx-px my-[-0.2rem] rounded px-px py-[0.2rem] transition-colors duration-100 ease-in-out\">Gris<\/span><\/p>\n<\/li>\n<li class=\"\" data-start=\"737\" data-end=\"836\">\n<p class=\"\" data-start=\"739\" data-end=\"836\"><strong data-start=\"739\" data-end=\"749\">Dise\u00f1o<\/strong> : <span class=\"relative -mx-px my-[-0.2rem] rounded px-px py-[0.2rem] transition-colors duration-100 ease-in-out\">Superficie texturizada para un agarre seguro.<\/span><\/p>\n<\/li>\n<\/ul>\n<p class=\"\" data-start=\"838\" data-end=\"855\">\u26a1 <strong data-start=\"840\" data-end=\"855\">Mecanismo<\/strong><\/p>\n<ul data-start=\"856\" data-end=\"1076\">\n<li class=\"\" data-start=\"856\" data-end=\"919\">\n<p class=\"\" data-start=\"858\" data-end=\"919\"><strong data-start=\"858\" data-end=\"878\">M\u00e9todo de apertura<\/strong> : <span class=\"relative -mx-px my-[-0.2rem] rounded px-px py-[0.2rem] transition-colors duration-100 ease-in-out\">Manual con pasador de pulgar<\/span><\/p>\n<\/li>\n<li class=\"\" data-start=\"920\" data-end=\"975\">\n<p class=\"\" data-start=\"922\" data-end=\"975\"><strong data-start=\"922\" data-end=\"934\">Seguridad<\/strong> : <span class=\"relative -mx-px my-[-0.2rem] rounded px-px py-[0.2rem] transition-colors duration-100 ease-in-out\">Bloqueo de bot\u00f3n: bloqueo de la hoja intuitivo y seguro<\/span><\/p>\n<\/li>\n<li class=\"\" data-start=\"976\" data-end=\"1076\">\n<p class=\"\" data-start=\"978\" data-end=\"1076\"><strong data-start=\"978\" data-end=\"989\">Cojinetes<\/strong> : <span class=\"relative -mx-px my-[-0.2rem] rounded px-px py-[0.2rem] transition-colors duration-100 ease-in-out\">IKBS \u2013 funcionamiento suave y r\u00e1pido de la cuchilla<\/span><\/p>\n<\/li>\n<\/ul>\n<p class=\"\" data-start=\"1078\" data-end=\"1100\">\ud83d\udce6 <strong data-start=\"1081\" data-end=\"1100\">hay en el paquete?<\/strong><\/p>\n<ul data-start=\"1101\" data-end=\"1230\">\n<li class=\"\" data-start=\"1101\" data-end=\"1142\">\n<p class=\"\" data-start=\"1103\" data-end=\"1142\"><span class=\"relative -mx-px my-[-0.2rem] rounded px-px py-[0.2rem] transition-colors duration-100 ease-in-out\">Navaja plegable CRKT Squid XM 2495G<\/span><\/p>\n<\/li>\n<li class=\"\" data-start=\"1143\" data-end=\"1230\">\n<p class=\"\" data-start=\"1145\" data-end=\"1230\"><span class=\"relative -mx-px my-[-0.2rem] rounded px-px py-[0.2rem] transition-colors duration-100 ease-in-out\">Caja original  <\/span><\/p>\n<\/li>\n<\/ul>\n<p class=\"\" data-start=\"1232\" data-end=\"1246\">\ud83c\udfaf <strong data-start=\"1235\" data-end=\"1246\">Uso<\/strong><\/p>\n<ul data-start=\"1247\" data-end=\"1497\">\n<li class=\"\" data-start=\"1247\" data-end=\"1324\">\n<p class=\"\" data-start=\"1249\" data-end=\"1324\">\ud83d\udc68\u200d\ud83d\udcbc <strong data-start=\"1255\" data-end=\"1282\">Everyday Carry (EDC)<\/strong> : una herramienta confiable para las tareas diarias<\/p>\n<\/li>\n<li class=\"\" data-start=\"1325\" data-end=\"1382\">\n<p class=\"\" data-start=\"1327\" data-end=\"1382\">\ud83d\udee0\ufe0f <strong data-start=\"1331\" data-end=\"1348\">Trabajo y afici\u00f3n<\/strong> : ideal para artesanos y aficionados al bricolaje.<\/p>\n<\/li>\n<li class=\"\" data-start=\"1383\" data-end=\"1497\">\n<p class=\"\" data-start=\"1385\" data-end=\"1497\">\ud83e\udded <strong data-start=\"1388\" data-end=\"1411\">Actividades al aire libre<\/strong> : un compa\u00f1ero de viaje compacto y duradero<\/p>\n<\/li>\n<\/ul>\n<p class=\"\" data-start=\"1499\" data-end=\"1531\">\ud83d\udd0d <strong data-start=\"1502\" data-end=\"1531\">Comparaci\u00f3n con otros modelos<\/strong><\/p>\n<p class=\"\" data-start=\"1533\" data-end=\"1577\">\ud83d\udcca <strong data-start=\"1536\" data-end=\"1577\">CRKT Squid XM vs. CRKT Squid Original<\/strong><\/p>\n<ul data-start=\"1578\" data-end=\"1795\">\n<li class=\"\" data-start=\"1578\" data-end=\"1633\">\n<p class=\"\" data-start=\"1580\" data-end=\"1633\"><strong data-start=\"1580\" data-end=\"1592\">Tama\u00f1o<\/strong> : <span class=\"relative -mx-px my-[-0.2rem] rounded px-px py-[0.2rem] transition-colors duration-100 ease-in-out\">El Squid XM es m\u00e1s grande y ofrece una hoja m\u00e1s larga.<\/span><\/p>\n<\/li>\n<li class=\"\" data-start=\"1634\" data-end=\"1692\">\n<p class=\"\" data-start=\"1636\" data-end=\"1692\"><strong data-start=\"1636\" data-end=\"1651\">Mecanismo<\/strong> : <span class=\"relative -mx-px my-[-0.2rem] rounded px-px py-[0.2rem] transition-colors duration-100 ease-in-out\">Squid XM tiene bloqueo de bot\u00f3n, el Squid original usa bloqueo de marco<\/span><\/p>\n<\/li>\n<li class=\"\" data-start=\"1693\" data-end=\"1795\">\n<p class=\"\" data-start=\"1695\" data-end=\"1795\"><strong data-start=\"1695\" data-end=\"1708\">Ergonom\u00eda<\/strong> : <span class=\"relative -mx-px my-[-0.2rem] rounded px-px py-[0.2rem] transition-colors duration-100 ease-in-out\">Squid XM proporciona un mejor agarre gracias a un mango m\u00e1s grande<\/span><\/p>\n<\/li>\n<\/ul>\n<p class=\"\" data-start=\"1797\" data-end=\"1832\">\ud83d\udcca <strong data-start=\"1800\" data-end=\"1832\">CRKT Squid XM vs. CRKT Pilar<\/strong><\/p>\n<ul data-start=\"1833\" data-end=\"1986\">\n<li class=\"\" data-start=\"1833\" data-end=\"1886\">\n<p class=\"\" data-start=\"1835\" data-end=\"1886\"><strong data-start=\"1835\" data-end=\"1845\">Dise\u00f1o<\/strong> : <span class=\"relative -mx-px my-[-0.2rem] rounded px-px py-[0.2rem] transition-colors duration-100 ease-in-out\">Squid XM tiene un aspecto m\u00e1s moderno, Pilar es m\u00e1s robusto<\/span><\/p>\n<\/li>\n<li class=\"\" data-start=\"1887\" data-end=\"1986\">\n<p class=\"\" data-start=\"1889\" data-end=\"1986\"><strong data-start=\"1889\" data-end=\"1899\">Caracter\u00edsticas<\/strong> : <span class=\"relative -mx-px my-[-0.2rem] rounded px-px py-[0.2rem] transition-colors duration-100 ease-in-out\">Ambos cuchillos son adecuados para EDC, pero el Squid XM ofrece una apertura m\u00e1s suave gracias a los rodamientos IKBS.<\/span><\/p>\n<\/li>\n<\/ul>\n<p class=\"\" data-start=\"1988\" data-end=\"2088\"><strong data-start=\"1991\" data-end=\"2009\">Llamada a la acci\u00f3n<\/strong> \ud83d\udc49 \ud83d\udcac Ordene este cuchillo excepcional hoy y aproveche el <strong data-start=\"2069\" data-end=\"2087\">env\u00edo gratuito<\/strong> !<\/p>\n<p class=\"\" data-start=\"2090\" data-end=\"2243\">\ud83d\udcdc <strong data-start=\"2093\" data-end=\"2117\">Historia e inspiraci\u00f3n<\/strong> <span class=\"relative -mx-px my-[-0.2rem] rounded px-px py-[0.2rem] transition-colors duration-100 ease-in-out\">El CRKT Squid XM es el resultado de la colaboraci\u00f3n con el reconocido dise\u00f1ador Lucas Burnley.<\/span> <span class=\"relative -mx-px my-[-0.2rem] rounded px-px py-[0.2rem] transition-colors duration-100 ease-in-out\">Su pasi\u00f3n por los cuchillos funcionales y est\u00e9ticamente atractivos se refleja en cada detalle de este modelo.<\/span><\/p>\n<p class=\"\" data-start=\"2090\" data-end=\"2243\">\u2696\ufe0f <strong data-start=\"2248\" data-end=\"2276\">Seguridad y legislaci\u00f3n<\/strong><\/p>\n<ul data-start=\"2277\" data-end=\"2457\">\n<li class=\"\" data-start=\"2277\" data-end=\"2338\">\n<p class=\"\" data-start=\"2279\" data-end=\"2338\">\ud83d\udd12 <strong data-start=\"2282\" data-end=\"2297\">Llevar un cuchillo<\/strong> : <span class=\"relative -mx-px my-[-0.2rem] rounded px-px py-[0.2rem] transition-colors duration-100 ease-in-out\">Aseg\u00farese de seguir las regulaciones locales sobre el transporte de cuchillos.<\/span><\/p>\n<\/li>\n<li class=\"\" data-start=\"2339\" data-end=\"2457\">\n<p class=\"\" data-start=\"2341\" data-end=\"2457\">\ud83d\udee1\ufe0f <strong data-start=\"2345\" data-end=\"2370\">Bloqueo de seguridad<\/strong> : <span class=\"relative -mx-px my-[-0.2rem] rounded px-px py-[0.2rem] transition-colors duration-100 ease-in-out\">el bloqueo de botones garantiza un uso seguro<\/span><\/p>\n<\/li>\n<\/ul>\n<p class=\"\" data-start=\"2459\" data-end=\"2498\">\ud83c\udf92 <strong data-start=\"2462\" data-end=\"2498\">Accesorios y opciones de actualizaci\u00f3n<\/strong><\/p>\n<ul data-start=\"2499\" data-end=\"2626\">\n<li class=\"\" data-start=\"2499\" data-end=\"2561\">\n<p class=\"\" data-start=\"2501\" data-end=\"2561\"><strong data-start=\"2505\" data-end=\"2528\">Funda de cuero CRKT<\/strong> \ud83c\udff7\ufe0f para un transporte c\u00f3modo y seguro<\/p>\n<\/li>\n<li class=\"\" data-start=\"2562\" data-end=\"2626\">\n<p class=\"\" data-start=\"2564\" data-end=\"2626\">\ud83d\udd27 <strong data-start=\"2567\" data-end=\"2592\">Posibilidad de personalizaci\u00f3n<\/strong> \u2013 varios acabados de tirador<\/p>\n<\/li>\n<\/ul>\n<p class=\"\" data-start=\"2628\" data-end=\"2652\">\ud83e\uddfd <strong data-start=\"2631\" data-end=\"2652\">Mantenimiento y rectificado<\/strong><\/p>\n<ul data-start=\"2653\" data-end=\"2825\">\n<li class=\"\" data-start=\"2653\" data-end=\"2722\">\n<p class=\"\" data-start=\"2655\" data-end=\"2722\">\ud83d\udd2a <strong data-start=\"2658\" data-end=\"2681\">Afilado recomendado<\/strong> : <span class=\"relative -mx-px my-[-0.2rem] rounded px-px py-[0.2rem] transition-colors duration-100 ease-in-out\">piedra de afilar fina para mantener un afilado \u00f3ptimo<\/span><\/p>\n<\/li>\n<li class=\"\" data-start=\"2723\" data-end=\"2825\">\n<p class=\"\" data-start=\"2725\" data-end=\"2825\">\ud83e\uddfc <strong data-start=\"2728\" data-end=\"2738\">Mantenimiento<\/strong> : <span class=\"relative -mx-px my-[-0.2rem] rounded px-px py-[0.2rem] transition-colors duration-100 ease-in-out\">limpie y lubrique peri\u00f3dicamente el mecanismo para un buen funcionamiento.<\/span><\/p>\n<\/li>\n<\/ul>\n<p class=\"\" data-start=\"2827\" data-end=\"3045\">\ud83d\udd27 <strong data-start=\"2830\" data-end=\"2846\">Beneficios adicionales<\/strong> \u2705 <strong data-start=\"2849\" data-end=\"2869\">Garant\u00eda de por vida<\/strong><br data-start=\"2869\" data-end=\"2872\"> \u2705 <strong data-start=\"2874\" data-end=\"2892\">Env\u00edo gratuito<\/strong><br data-start=\"2892\" data-end=\"2895\"> \u2705 <strong data-start=\"2897\" data-end=\"2936\">Dise\u00f1o \u00fanico a un precio asequible<\/strong><br data-start=\"2936\" data-end=\"2939\"> \u2705 <strong data-start=\"2941\" data-end=\"2999\">Opci\u00f3n de pago contra reembolso: \u00a1solo pagas al recibirlo!<\/strong><\/p>\n<p class=\"\" data-start=\"3047\" data-end=\"3185\">\ud83d\udce2 <strong data-start=\"3050\" data-end=\"3059\">Conclusi\u00f3n<\/strong> <span class=\"relative -mx-px my-[-0.2rem] rounded px-px py-[0.2rem] transition-colors duration-100 ease-in-out\">El cuchillo plegable CRKT Squid XM Button Lock Gray 2495G es una opci\u00f3n ideal para quienes buscan una herramienta confiable, compacta y elegante para el uso diario.<\/span> <span class=\"relative -mx-px my-[-0.2rem] rounded px-px py-[0.2rem] transition-colors duration-100 ease-in-out\">Sus materiales de alta calidad, su fabricaci\u00f3n precisa y su dise\u00f1o moderno lo convierten no s\u00f3lo en una herramienta pr\u00e1ctica, sino tambi\u00e9n en un accesorio distintivo.<\/span><\/p>\n","protected":false},"excerpt":{"rendered":"<p><strong> <span class=\"relative -mx-px my-[-0.2rem] rounded px-px py-[0.2rem] transition-colors duration-100 ease-in-out\">El cuchillo plegable CRKT Squid XM Button Lock Gray 2495G es una opci\u00f3n ideal para quienes buscan una herramienta confiable, compacta y elegante para el uso diario.<\/span> <span class=\"relative -mx-px my-[-0.2rem] rounded px-px py-[0.2rem] transition-colors duration-100 ease-in-out\">Sus materiales de alta calidad, su fabricaci\u00f3n precisa y su dise\u00f1o moderno lo convierten no s\u00f3lo en una herramienta pr\u00e1ctica, sino tambi\u00e9n en un accesorio distintivo.<\/span><\/strong><\/p>\n","protected":false},"featured_media":399325,"comment_status":"open","ping_status":"closed","template":"","meta":[],"pwb-brand":[3765],"product_brand":[],"product_cat":[3730,3726],"product_tag":[],"class_list":{"0":"post-399415","1":"product","2":"type-product","3":"status-publish","4":"has-post-thumbnail","6":"pwb-brand-crkt-es","7":"product_cat-cuchillas-de-cierre","8":"product_cat-cuchillos","10":"first","11":"instock","12":"taxable","13":"shipping-taxable","14":"purchasable","15":"product-type-simple"},"brands":[{"id":3765,"name":"CRKT","slug":"crkt-es"}],"_links":{"self":[{"href":"https:\/\/www.moskito.cz\/es\/wp-json\/wp\/v2\/product\/399415","targetHints":{"allow":["GET"]}}],"collection":[{"href":"https:\/\/www.moskito.cz\/es\/wp-json\/wp\/v2\/product"}],"about":[{"href":"https:\/\/www.moskito.cz\/es\/wp-json\/wp\/v2\/types\/product"}],"replies":[{"embeddable":true,"href":"https:\/\/www.moskito.cz\/es\/wp-json\/wp\/v2\/comments?post=399415"}],"wp:featuredmedia":[{"embeddable":true,"href":"https:\/\/www.moskito.cz\/es\/wp-json\/wp\/v2\/media\/399325"}],"wp:attachment":[{"href":"https:\/\/www.moskito.cz\/es\/wp-json\/wp\/v2\/media?parent=399415"}],"wp:term":[{"taxonomy":"pwb-brand","embeddable":true,"href":"https:\/\/www.moskito.cz\/es\/wp-json\/wp\/v2\/pwb-brand?post=399415"},{"taxonomy":"product_brand","embeddable":true,"href":"https:\/\/www.moskito.cz\/es\/wp-json\/wp\/v2\/product_brand?post=399415"},{"taxonomy":"product_cat","embeddable":true,"href":"https:\/\/www.moskito.cz\/es\/wp-json\/wp\/v2\/product_cat?post=399415"},{"taxonomy":"product_tag","embeddable":true,"href":"https:\/\/www.moskito.cz\/es\/wp-json\/wp\/v2\/product_tag?post=399415"}],"curies":[{"name":"wp","href":"https:\/\/api.w.org\/{rel}","templated":true}]}}