{"id":399596,"date":"2023-03-22T21:04:40","date_gmt":"2025-04-17T14:46:46","guid":{"rendered":"https:\/\/www.moskito.cz\/produkt\/navaja-plegable-crkt-stickler-6710\/"},"modified":"2025-05-22T13:41:51","modified_gmt":"2025-05-22T12:41:51","slug":"navaja-plegable-crkt-stickler-6710","status":"publish","type":"product","link":"https:\/\/www.moskito.cz\/es\/produkt\/navaja-plegable-crkt-stickler-6710\/","title":{"rendered":"Navaja plegable CRKT STICKLER 6710"},"content":{"rendered":"<div class=\"flex-1 overflow-hidden @container\/thread\">\n<div class=\"h-full\">\n<div class=\"react-scroll-to-bottom--css-vxybp-79elbk h-full\">\n<div class=\"react-scroll-to-bottom--css-vxybp-1n7m0yu\">\n<div class=\"flex flex-col text-sm md:pb-9\">\n<article class=\"w-full scroll-mb-[var(--thread-trailing-height,150px)] text-token-text-primary focus-visible:outline-2 focus-visible:outline-offset-[-4px]\" dir=\"auto\" data-testid=\"conversation-turn-49\" data-scroll-anchor=\"true\">\n<div class=\"m-auto text-base py-[18px] px-3 md:px-4 w-full md:px-5 lg:px-4 xl:px-5\">\n<div class=\"mx-auto flex flex-1 gap-4 text-base md:gap-5 lg:gap-6 md:max-w-3xl\">\n<div class=\"group\/conversation-turn relative flex w-full min-w-0 flex-col agent-turn\">\n<div class=\"flex-col gap-1 md:gap-3\">\n<div class=\"flex max-w-full flex-col flex-grow\">\n<div class=\"min-h-8 text-message flex w-full flex-col items-end gap-2 whitespace-normal break-words text-start [.text-message+&amp;]:mt-5\" dir=\"auto\" data-message-author-role=\"assistant\" data-message-id=\"41decfb6-7ba5-4cf7-ada3-303599f06b9f\" data-message-model-slug=\"gpt-4o-mini\">\n<div class=\"flex w-full flex-col gap-1 empty:hidden first:pt-[3px]\">\n<div class=\"markdown prose w-full break-words dark:prose-invert light\">\n<p><strong>Navaja plegable CRKT STICKLER 6710<\/strong><\/p>\n<p><strong>Especificaciones y caracter\u00edsticas:<\/strong><\/p>\n<ul>\n<li><strong>Longitud de la hoja<\/strong> : 8,5 cm<\/li>\n<li><strong>Material de la hoja<\/strong> : acero <strong>Sandvik 12C27\u2122<\/strong><\/li>\n<li><strong>Tratamiento superficial de la hoja<\/strong> : <strong>Satinado<\/strong><\/li>\n<li><strong>Grosor de la hoja<\/strong> : 0,26 cm<\/li>\n<li><strong>Longitud total<\/strong> : 20,3 cm<\/li>\n<li><strong>Longitud cerrada<\/strong> : 11,6 cm<\/li>\n<li><strong>Peso<\/strong> : 68,04 g<\/li>\n<li><strong>Mango<\/strong> : <strong>Aluminio<\/strong><\/li>\n<li><strong>Bloqueo<\/strong> : <strong>Bloqueo de revestimiento<\/strong><\/li>\n<\/ul>\n<h3>Caracter\u00edsticas principales:<\/h3>\n<ul>\n<li><strong>Dise\u00f1o cl\u00e1sico y elegante<\/strong> : <strong>El Stickler\u2122<\/strong> es un cuchillo de aspecto caballeroso que rinde homenaje a los cuchillos de bolsillo m\u00e1s antiguos, especialmente aquellos utilizados para probar melones u otros trabajos delicados. Este dise\u00f1o combina nostalgia con tecnolog\u00eda moderna para la mejor experiencia de uso. <\/li>\n<li><strong>Acero Sandvik 12C27\u2122<\/strong> : este material es conocido por su <strong>alta resistencia a la corrosi\u00f3n<\/strong> y <strong>excelente retenci\u00f3n del filo<\/strong> , lo que significa que la hoja permanecer\u00e1 afilada y lista para usar durante mucho tiempo, lo que la convierte en una opci\u00f3n ideal para el uso diario.<\/li>\n<li><strong>Rodamiento de bolas IKBS\u2122<\/strong> : este sistema de cojinetes garantiza una apertura suave y sencilla de la hoja, lo que contribuye a un manejo r\u00e1pido y suave.<\/li>\n<li><strong>Apertura asistida<\/strong> : La aleta permite una apertura r\u00e1pida y sencilla del cuchillo con una sola mano. La apertura es r\u00e1pida, suave y eficiente, lo que significa que el Stickler\u2122 estar\u00e1 listo para usar instant\u00e1neamente cuando lo necesite. <\/li>\n<li><strong>Liner Lock<\/strong> : este mecanismo de bloqueo proporciona un bloqueo seguro y estable de la hoja durante el uso y permite un cierre f\u00e1cil con una sola mano.<\/li>\n<li><strong>Aluminio ligero y resistente<\/strong> : el mango est\u00e1 hecho de <strong>aluminio<\/strong> , lo que proporciona <strong>alta resistencia<\/strong> con un peso reducido. Este material asegura durabilidad y resistencia sin a\u00f1adir peso innecesario. <\/li>\n<li><strong>Perfil bajo<\/strong> : el clip de bolsillo profundo asegura que el cuchillo <strong>se lleve de forma segura<\/strong> en su bolsillo, al mismo tiempo que lo mantiene discreto y c\u00f3modo para el transporte diario.<\/li>\n<\/ul>\n<h3>Ventajas:<\/h3>\n<ul>\n<li><strong>Dise\u00f1o elegante y pr\u00e1ctico<\/strong> : El Stickler\u2122 tiene un dise\u00f1o maravillosamente equilibrado que es a la vez funcional y est\u00e9tico. Ideal para quienes buscan algo con un toque de nostalgia y estilo, pero al mismo tiempo sin concesiones en rendimiento. <\/li>\n<li><strong>Apertura r\u00e1pida y suave<\/strong> : la apertura con la aleta y el rodamiento de bolas IKBS\u2122 es f\u00e1cil y suave, lo que significa que este cuchillo estar\u00e1 listo para usar en poco tiempo.<\/li>\n<li><strong>Hoja duradera<\/strong> : el acero <strong>Sandvik 12C27\u2122<\/strong> es una excelente opci\u00f3n para el uso diario debido a su gran retenci\u00f3n de filo y resistencia a la corrosi\u00f3n.<\/li>\n<li><strong>Ligereza y resistencia<\/strong> : gracias al mango de aluminio, este cuchillo es ideal para llevarlo a diario: es lo suficientemente fuerte y, sin embargo, muy ligero.<\/li>\n<li><strong>Perfil bajo y c\u00f3modo de llevar<\/strong> : el clip de bolsillo le permite llevar el cuchillo c\u00f3modamente sin ser demasiado visible o distraer.<\/li>\n<\/ul>\n<h3>Conclusi\u00f3n:<\/h3>\n<p><strong>El CRKT Stickler 6710<\/strong> es un cuchillo que combina <strong>un aspecto cl\u00e1sico<\/strong> con <strong>caracter\u00edsticas y materiales modernos<\/strong> . Ofrece <strong>excelentes caracter\u00edsticas<\/strong> para el transporte diario, ya sea el rendimiento de la hoja, la apertura suave o el transporte c\u00f3modo. Es ideal para quienes buscan <strong>un cuchillo de caballero<\/strong> que sea muy funcional y elegante. Con un dise\u00f1o que rinde homenaje a las antiguas navajas de bolsillo pero con tecnolog\u00eda moderna, el Stickler\u2122 es una excelente opci\u00f3n para quienes quieren combinar el pasado con el presente en una herramienta pr\u00e1ctica y atractiva.   <\/p>\n<\/div>\n<\/div>\n<\/div>\n<\/div>\n<div class=\"mb-2 flex gap-3 empty:hidden -ml-2\">\n<div class=\"items-center justify-start rounded-xl p-1 flex\">\n<div class=\"flex items-center\"><\/div>\n<\/div>\n<\/div>\n<div class=\"pr-2 lg:pr-0\"><\/div>\n<div class=\"mt-3 w-full empty:hidden\">\n<div class=\"text-center\"><\/div>\n<\/div>\n<\/div>\n<div class=\"absolute\">\n<div class=\"flex items-center justify-center\"><\/div>\n<\/div>\n<\/div>\n<\/div>\n<\/div>\n<\/article>\n<\/div>\n<\/div>\n<\/div>\n<\/div>\n<\/div>\n<div class=\"md:pt-0 dark:border-white\/20 md:border-transparent md:dark:border-transparent w-full\">\n<div>\n<div class=\"m-auto text-base px-3 md:px-4 w-full md:px-5 lg:px-4 xl:px-5\">\n<div class=\"mx-auto flex flex-1 gap-4 text-base md:gap-5 lg:gap-6 md:max-w-3xl\">\n<div class=\"flex justify-center\"><\/div>\n<\/div>\n<\/div>\n<\/div>\n<\/div>\n<p><iframe title=\"CRKT STICKLER\u2122 | Jeff Park Design\" width=\"800\" height=\"450\" src=\"https:\/\/www.youtube.com\/embed\/EjIBYs69muc?feature=oembed\" frameborder=\"0\" allow=\"accelerometer; autoplay; clipboard-write; encrypted-media; gyroscope; picture-in-picture; web-share\" referrerpolicy=\"strict-origin-when-cross-origin\" allowfullscreen><\/iframe><\/p>\n<p>&nbsp;<\/p>\n<p>&nbsp;<\/p>\n","protected":false},"excerpt":{"rendered":"<p><strong>El CRKT Stickler 6710 es un cuchillo que combina un aspecto cl\u00e1sico con caracter\u00edsticas y materiales modernos. Ofrece excelentes caracter\u00edsticas para el transporte diario, ya sea el rendimiento de la hoja, la apertura suave o el transporte c\u00f3modo. Es ideal para quienes buscan un cuchillo de caballero que sea muy funcional y elegante. Con un dise\u00f1o que rinde homenaje a las antiguas navajas de bolsillo pero con tecnolog\u00eda moderna, el Stickler\u2122 es una excelente opci\u00f3n para quienes quieren combinar el pasado con el presente en una herramienta pr\u00e1ctica y atractiva.   <\/strong><\/p>\n","protected":false},"featured_media":399598,"comment_status":"open","ping_status":"closed","template":"","meta":[],"pwb-brand":[3765],"product_brand":[],"product_cat":[3730,3726],"product_tag":[3756],"class_list":{"0":"post-399596","1":"product","2":"type-product","3":"status-publish","4":"has-post-thumbnail","6":"pwb-brand-crkt-es","7":"product_cat-cuchillas-de-cierre","8":"product_cat-cuchillos","9":"product_tag-b2b-es","11":"first","12":"instock","13":"sale","14":"taxable","15":"shipping-taxable","16":"purchasable","17":"product-type-simple"},"brands":[{"id":3765,"name":"CRKT","slug":"crkt-es"}],"_links":{"self":[{"href":"https:\/\/www.moskito.cz\/es\/wp-json\/wp\/v2\/product\/399596","targetHints":{"allow":["GET"]}}],"collection":[{"href":"https:\/\/www.moskito.cz\/es\/wp-json\/wp\/v2\/product"}],"about":[{"href":"https:\/\/www.moskito.cz\/es\/wp-json\/wp\/v2\/types\/product"}],"replies":[{"embeddable":true,"href":"https:\/\/www.moskito.cz\/es\/wp-json\/wp\/v2\/comments?post=399596"}],"wp:featuredmedia":[{"embeddable":true,"href":"https:\/\/www.moskito.cz\/es\/wp-json\/wp\/v2\/media\/399598"}],"wp:attachment":[{"href":"https:\/\/www.moskito.cz\/es\/wp-json\/wp\/v2\/media?parent=399596"}],"wp:term":[{"taxonomy":"pwb-brand","embeddable":true,"href":"https:\/\/www.moskito.cz\/es\/wp-json\/wp\/v2\/pwb-brand?post=399596"},{"taxonomy":"product_brand","embeddable":true,"href":"https:\/\/www.moskito.cz\/es\/wp-json\/wp\/v2\/product_brand?post=399596"},{"taxonomy":"product_cat","embeddable":true,"href":"https:\/\/www.moskito.cz\/es\/wp-json\/wp\/v2\/product_cat?post=399596"},{"taxonomy":"product_tag","embeddable":true,"href":"https:\/\/www.moskito.cz\/es\/wp-json\/wp\/v2\/product_tag?post=399596"}],"curies":[{"name":"wp","href":"https:\/\/api.w.org\/{rel}","templated":true}]}}