{"id":399656,"date":"2022-08-17T20:18:17","date_gmt":"2025-04-17T14:47:11","guid":{"rendered":"https:\/\/www.moskito.cz\/produkt\/navaja-plegable-crkt-drifter-black-6450k\/"},"modified":"2025-07-07T16:44:52","modified_gmt":"2025-07-07T15:44:52","slug":"navaja-plegable-crkt-drifter-black-6450k","status":"publish","type":"product","link":"https:\/\/www.moskito.cz\/es\/produkt\/navaja-plegable-crkt-drifter-black-6450k\/","title":{"rendered":"Navaja plegable CRKT DRIFTER BLACK 6450K"},"content":{"rendered":"<div class=\"flex-1 overflow-hidden @container\/thread\">\n<div class=\"h-full\">\n<div class=\"react-scroll-to-bottom--css-vxybp-79elbk h-full\">\n<div class=\"react-scroll-to-bottom--css-vxybp-1n7m0yu\">\n<div class=\"flex flex-col text-sm md:pb-9\">\n<article class=\"w-full scroll-mb-[var(--thread-trailing-height,150px)] text-token-text-primary focus-visible:outline-2 focus-visible:outline-offset-[-4px]\" dir=\"auto\" data-testid=\"conversation-turn-355\" data-scroll-anchor=\"true\">\n<div class=\"m-auto text-base py-[18px] px-3 md:px-4 w-full md:px-5 lg:px-4 xl:px-5\">\n<div class=\"mx-auto flex flex-1 gap-4 text-base md:gap-5 lg:gap-6 md:max-w-3xl\">\n<div class=\"group\/conversation-turn relative flex w-full min-w-0 flex-col agent-turn\">\n<div class=\"flex-col gap-1 md:gap-3\">\n<div class=\"flex max-w-full flex-col flex-grow\">\n<div class=\"min-h-8 text-message flex w-full flex-col items-end gap-2 whitespace-normal break-words text-start [.text-message+&amp;]:mt-5\" dir=\"auto\" data-message-author-role=\"assistant\" data-message-id=\"b438c1e4-79e1-4f9b-9e83-ae1114dca6b5\" data-message-model-slug=\"gpt-4o-mini\">\n<div class=\"flex w-full flex-col gap-1 empty:hidden first:pt-[3px]\">\n<div class=\"markdown prose w-full break-words dark:prose-invert light\">\n<p><strong>El cuchillo plegable CRKT DRIFTER BLACK 6450K<\/strong> es una excelente opci\u00f3n para llevar a diario gracias a su combinaci\u00f3n <strong>de alta calidad<\/strong> , <strong>asequibilidad<\/strong> y <strong>dise\u00f1o pr\u00e1ctico<\/strong> . Este modelo est\u00e1 dise\u00f1ado para ofrecer excelentes prestaciones y durabilidad, adem\u00e1s de ser adecuado para una amplia gama de usuarios que buscan un cuchillo confiable para las tareas diarias. <\/p>\n<h3><strong>Caracter\u00edsticas principales:<\/strong><\/h3>\n<ol>\n<li><strong>Materiales de calidad:<\/strong>\n<ul>\n<li><strong>Acero de la hoja 8Cr14MoV<\/strong> : este acero es conocido por su buena resistencia a la corrosi\u00f3n, filo de alta calidad y larga vida \u00fatil. Es una opci\u00f3n ideal para cuchillos de uso diario porque se sostiene bien y se afila bien. <\/li>\n<li><strong>Tratamiento de superficie de nitruro de titanio<\/strong> : este tratamiento no solo garantiza <strong>una alta resistencia a la corrosi\u00f3n<\/strong> , sino que tambi\u00e9n mejora el <strong>deslizamiento<\/strong> de la hoja, haci\u00e9ndola m\u00e1s f\u00e1cil de abrir y usar.<\/li>\n<li><strong>Mango G10<\/strong> : Este material es muy duradero, resistente y al mismo tiempo <strong>ligeramente texturizado<\/strong> , lo que garantiza <strong>un agarre excelente<\/strong> y un agarre c\u00f3modo incluso en las condiciones m\u00e1s exigentes.<\/li>\n<\/ul>\n<\/li>\n<li><strong>Dise\u00f1o pr\u00e1ctico:<\/strong>\n<ul>\n<li><strong>Apertura con el pulgar<\/strong> : Este mecanismo permite <strong>abrir el cuchillo f\u00e1cil y r\u00e1pidamente<\/strong> con una sola mano, lo que resulta muy \u00fatil en el uso diario cuando tienes una mano ocupada.<\/li>\n<li><strong>Dise\u00f1o plegable<\/strong> con mecanismo <strong>Liner Lock<\/strong> : Este bloqueo proporciona estabilidad y seguridad al utilizar el cuchillo, al tiempo que permite un cierre r\u00e1pido y sencillo de la hoja con una sola mano.<\/li>\n<\/ul>\n<\/li>\n<li><strong>Compacto y port\u00e1til<\/strong> :\n<ul>\n<li><strong>6,50&#8243; (165,10 mm) de longitud total<\/strong> y <strong>3,66&#8243; (92,96 mm) de longitud cerrada<\/strong> : este cuchillo es lo suficientemente grande para un uso c\u00f3modo, pero lo suficientemente compacto para caber en un bolsillo o en un llavero.<\/li>\n<li><strong>Peso ligero de 2,40 oz (68,04 g)<\/strong> : su peso ligero hace que este cuchillo sea ideal para llevarlo todos los d\u00edas sin ser demasiado pesado ni perceptible.<\/li>\n<\/ul>\n<\/li>\n<\/ol>\n<h3><strong>Especificaciones<\/strong> :<\/h3>\n<ul>\n<li><strong>Longitud de la hoja<\/strong> : 2,88&#8243; (73,03 mm)<\/li>\n<li><strong>Hoja<\/strong> : Lisa (corte liso cl\u00e1sico)<\/li>\n<li><strong>Material de la hoja<\/strong> : acero 8Cr14MoV<\/li>\n<li><strong>Tratamiento de la superficie de la hoja<\/strong> : Nitruro de titanio<\/li>\n<li><strong>Grosor de la hoja<\/strong> : 0,09&#8243; (2,31 mm)<\/li>\n<li><strong>Longitud total<\/strong> : 6,50&#8243; (165,10 mm)<\/li>\n<li><strong>Longitud cerrada<\/strong> : 3,66&#8243; (92,96 mm)<\/li>\n<li><strong>Peso<\/strong> : 2,40 oz (68,04 g)<\/li>\n<li><strong>Mango<\/strong> : G10<\/li>\n<li><strong>Estilo<\/strong> : Navaja plegable con <strong>Liner Lock<\/strong><\/li>\n<\/ul>\n<h3><strong>\u00bfPara qu\u00e9 sirve?<\/strong><\/h3>\n<ol>\n<li><strong>Uso cotidiano (EDC)<\/strong> :<br \/>\n Este cuchillo es ideal para <strong>tareas cotidianas<\/strong> como abrir paquetes, paquetes y solucionar peque\u00f1os problemas en casa o en el trabajo.<\/li>\n<li><strong>Aire libre y camping<\/strong> :<br \/>\n Aunque es m\u00e1s peque\u00f1o y compacto, sigue siendo lo suficientemente resistente para <strong>tareas de campamento,<\/strong> como preparar le\u00f1a, cortar cuerdas y otras tareas m\u00e1s peque\u00f1as al aire libre.<\/li>\n<li><strong>Trabajar con materiales<\/strong> :<br \/>\n Este cuchillo es ideal para <strong>cortar materiales m\u00e1s blandos<\/strong> como cart\u00f3n, cinta o incluso <strong>cortar cordones<\/strong> , lo cual es una tarea com\u00fan de los cuchillos EDC.<\/li>\n<li><strong>Viajes y turismo<\/strong> :<br \/>\n Gracias a su tama\u00f1o compacto, es ideal para <strong>viajar<\/strong> , donde no ocupa espacio y puedes tenerlo siempre a mano para tareas r\u00e1pidas y sencillas durante el d\u00eda.<\/li>\n<li><strong>Protecci\u00f3n personal<\/strong> :<br \/>\n Aunque el cuchillo no est\u00e1 destinado principalmente a la autodefensa, su <strong>apertura r\u00e1pida<\/strong> y <strong>tama\u00f1o compacto<\/strong> pueden ser \u00fatiles en situaciones de crisis.<\/li>\n<\/ol>\n<h3><strong>Ventajas<\/strong> :<\/h3>\n<ul>\n<li><strong>Materiales duraderos y de alta calidad<\/strong> garantizan una larga vida \u00fatil.<\/li>\n<li><strong>Tama\u00f1o compacto<\/strong> y <strong>peso ligero<\/strong> para un transporte c\u00f3modo.<\/li>\n<li><strong>F\u00e1cil apertura<\/strong> y <strong>cierre seguro<\/strong> gracias al mecanismo Liner Lock.<\/li>\n<li><strong>El precio es asequible para el p\u00fablico en general<\/strong> , lo que significa que es ideal para quienes buscan un cuchillo asequible pero de alta calidad.<\/li>\n<li><strong>Apto para personalizaci\u00f3n<\/strong> gracias al gran espacio en la hoja para grabados o logotipos.<\/li>\n<\/ul>\n<h3><strong>Resumen<\/strong> :<\/h3>\n<p><strong>El CRKT Drifter Black 6450K<\/strong> es un cuchillo asequible, compacto y de alta calidad que es adecuado para una amplia gama de tareas, ya sea en la vida cotidiana, durante actividades al aire libre o como herramienta de viaje. Utiliza <strong>materiales duraderos<\/strong> , como <strong>acero 8Cr14MoV<\/strong> y <strong>un mango G10<\/strong> , y ofrece <strong>una apertura f\u00e1cil<\/strong> y <strong>un bloqueo seguro<\/strong> , lo que lo convierte en una opci\u00f3n ideal para el transporte diario. <\/p>\n<\/div>\n<\/div>\n<\/div>\n<\/div>\n<div class=\"mb-2 flex gap-3 empty:hidden -ml-2\">\n<div class=\"items-center justify-start rounded-xl p-1 flex\">\n<div class=\"flex items-center\"><\/div>\n<\/div>\n<\/div>\n<div class=\"pr-2 lg:pr-0\"><\/div>\n<\/div>\n<\/div>\n<\/div>\n<\/div>\n<\/article>\n<\/div>\n<\/div>\n<\/div>\n<\/div>\n<\/div>\n","protected":false},"excerpt":{"rendered":"<p><strong>El CRKT Drifter Black 6450K es un cuchillo asequible, compacto y de alta calidad que es adecuado para una amplia gama de tareas, ya sea en la vida cotidiana, durante actividades al aire libre o como herramienta de viaje. Utiliza materiales duraderos como acero 8Cr14MoV y un mango G10, y ofrece una apertura f\u00e1cil y un bloqueo seguro, lo que lo convierte en una opci\u00f3n ideal para el transporte diario. <\/strong><\/p>\n","protected":false},"featured_media":399664,"comment_status":"open","ping_status":"closed","template":"","meta":[],"pwb-brand":[3765],"product_brand":[],"product_cat":[3730,3726],"product_tag":[3756],"class_list":{"0":"post-399656","1":"product","2":"type-product","3":"status-publish","4":"has-post-thumbnail","6":"pwb-brand-crkt-es","7":"product_cat-cuchillas-de-cierre","8":"product_cat-cuchillos","9":"product_tag-b2b-es","11":"first","12":"instock","13":"sale","14":"taxable","15":"shipping-taxable","16":"purchasable","17":"product-type-simple"},"brands":[{"id":3765,"name":"CRKT","slug":"crkt-es"}],"_links":{"self":[{"href":"https:\/\/www.moskito.cz\/es\/wp-json\/wp\/v2\/product\/399656","targetHints":{"allow":["GET"]}}],"collection":[{"href":"https:\/\/www.moskito.cz\/es\/wp-json\/wp\/v2\/product"}],"about":[{"href":"https:\/\/www.moskito.cz\/es\/wp-json\/wp\/v2\/types\/product"}],"replies":[{"embeddable":true,"href":"https:\/\/www.moskito.cz\/es\/wp-json\/wp\/v2\/comments?post=399656"}],"wp:featuredmedia":[{"embeddable":true,"href":"https:\/\/www.moskito.cz\/es\/wp-json\/wp\/v2\/media\/399664"}],"wp:attachment":[{"href":"https:\/\/www.moskito.cz\/es\/wp-json\/wp\/v2\/media?parent=399656"}],"wp:term":[{"taxonomy":"pwb-brand","embeddable":true,"href":"https:\/\/www.moskito.cz\/es\/wp-json\/wp\/v2\/pwb-brand?post=399656"},{"taxonomy":"product_brand","embeddable":true,"href":"https:\/\/www.moskito.cz\/es\/wp-json\/wp\/v2\/product_brand?post=399656"},{"taxonomy":"product_cat","embeddable":true,"href":"https:\/\/www.moskito.cz\/es\/wp-json\/wp\/v2\/product_cat?post=399656"},{"taxonomy":"product_tag","embeddable":true,"href":"https:\/\/www.moskito.cz\/es\/wp-json\/wp\/v2\/product_tag?post=399656"}],"curies":[{"name":"wp","href":"https:\/\/api.w.org\/{rel}","templated":true}]}}