{"id":399709,"date":"2022-12-10T22:01:33","date_gmt":"2025-04-22T10:12:10","guid":{"rendered":"https:\/\/www.moskito.cz\/produkt\/cuchillo-eyector-cobratec-medium-ctk-1-red-w-graphite-black\/"},"modified":"2025-05-07T11:29:12","modified_gmt":"2025-05-07T10:29:12","slug":"cuchillo-eyector-cobratec-medium-ctk-1-red-w-graphite-black","status":"publish","type":"product","link":"https:\/\/www.moskito.cz\/es\/produkt\/cuchillo-eyector-cobratec-medium-ctk-1-red-w-graphite-black\/","title":{"rendered":"Cuchillo eyector CobraTec MEDIUM CTK-1 RED W GRAPHITE BLACK"},"content":{"rendered":"<p>Cuchillo eyector <strong>CobraTec<\/strong> MEDIUM CTK-1 ROJO W GRAFITO NEGRO.<\/p>\n<p>Nuestro cuchillo mediano CTK-1 Cerakote \u00ae rojo con negro grafito viene con un mango de aleaci\u00f3n de aluminio de alta calidad y una hoja de acero D2. El revestimiento cer\u00e1mico Cerakote aumenta la resistencia a la abrasi\u00f3n\/desgaste, la resistencia a la corrosi\u00f3n y la resistencia qu\u00edmica del mango. <\/p>\n<p>Todos los cuchillos son de doble acci\u00f3n (la extensi\u00f3n y retracci\u00f3n de la hoja se controlan presionando o tirando del mismo interruptor de control).<\/p>\n<p>Este cuchillo tiene un clip de bolsillo, un rompevidrios de emergencia e incluye una funda de nailon. Todos los cuchillos CobraTec est\u00e1n cubiertos por nuestra GARANT\u00cdA DE POR VIDA <\/p>\n<p>Longitud total: 20,30 cm<br \/>\n Longitud de la hoja: 7,00 cm<br \/>\n Peso: 191,00 g<br \/>\n Material de la hoja: D2<br \/>\n Material del mango: aluminio<br \/>\n Abridor: Presione el bot\u00f3n<br \/>\n Apertura: Autom\u00e1tica<br \/>\n Tipo de cerradura: OTF<\/p>\n<p><iframe title=\"CobraTec Medium CTK 1\" width=\"800\" height=\"450\" src=\"https:\/\/www.youtube.com\/embed\/fl-Lz9Hgy7o?feature=oembed\" frameborder=\"0\" allow=\"accelerometer; autoplay; clipboard-write; encrypted-media; gyroscope; picture-in-picture; web-share\" referrerpolicy=\"strict-origin-when-cross-origin\" allowfullscreen><\/iframe><\/p>\n<p>&nbsp;<\/p>\n","protected":false},"excerpt":{"rendered":"<p>Cada cuchillo <strong>CobraTec\u00ae<\/strong> viene con una garant\u00eda de por vida.<\/p>\n<p> <strong>Env\u00edo gratis.<\/strong><\/p>\n","protected":false},"featured_media":399711,"comment_status":"open","ping_status":"closed","template":"","meta":[],"pwb-brand":[3943],"product_brand":[],"product_cat":[3726,3729],"product_tag":[],"class_list":{"0":"post-399709","1":"product","2":"type-product","3":"status-publish","4":"has-post-thumbnail","6":"pwb-brand-cobratec-es","7":"product_cat-cuchillos","8":"product_cat-cuchillos-de-tiro","10":"first","11":"outofstock","12":"taxable","13":"shipping-taxable","14":"purchasable","15":"product-type-simple"},"brands":[{"id":3943,"name":"cobratec","slug":"cobratec-es"}],"_links":{"self":[{"href":"https:\/\/www.moskito.cz\/es\/wp-json\/wp\/v2\/product\/399709","targetHints":{"allow":["GET"]}}],"collection":[{"href":"https:\/\/www.moskito.cz\/es\/wp-json\/wp\/v2\/product"}],"about":[{"href":"https:\/\/www.moskito.cz\/es\/wp-json\/wp\/v2\/types\/product"}],"replies":[{"embeddable":true,"href":"https:\/\/www.moskito.cz\/es\/wp-json\/wp\/v2\/comments?post=399709"}],"wp:featuredmedia":[{"embeddable":true,"href":"https:\/\/www.moskito.cz\/es\/wp-json\/wp\/v2\/media\/399711"}],"wp:attachment":[{"href":"https:\/\/www.moskito.cz\/es\/wp-json\/wp\/v2\/media?parent=399709"}],"wp:term":[{"taxonomy":"pwb-brand","embeddable":true,"href":"https:\/\/www.moskito.cz\/es\/wp-json\/wp\/v2\/pwb-brand?post=399709"},{"taxonomy":"product_brand","embeddable":true,"href":"https:\/\/www.moskito.cz\/es\/wp-json\/wp\/v2\/product_brand?post=399709"},{"taxonomy":"product_cat","embeddable":true,"href":"https:\/\/www.moskito.cz\/es\/wp-json\/wp\/v2\/product_cat?post=399709"},{"taxonomy":"product_tag","embeddable":true,"href":"https:\/\/www.moskito.cz\/es\/wp-json\/wp\/v2\/product_tag?post=399709"}],"curies":[{"name":"wp","href":"https:\/\/api.w.org\/{rel}","templated":true}]}}