{"id":399742,"date":"2021-10-26T15:42:08","date_gmt":"2025-04-22T11:54:33","guid":{"rendered":"https:\/\/www.moskito.cz\/produkt\/navaja-plegable-microtech-mini-troodon-apocalyptic-238-10ap\/"},"modified":"2025-05-07T11:29:13","modified_gmt":"2025-05-07T10:29:13","slug":"navaja-plegable-microtech-mini-troodon-apocalyptic-238-10ap","status":"publish","type":"product","link":"https:\/\/www.moskito.cz\/es\/produkt\/navaja-plegable-microtech-mini-troodon-apocalyptic-238-10ap\/","title":{"rendered":"Navaja plegable Microtech Mini Troodon APOCALYPTIC 238-10AP"},"content":{"rendered":"<h3 data-pm-slice=\"1 1 []\">\ud83d\udd25 <strong>Navaja plegable Microtech Mini Troodon Apocalyptic 238-10AP<\/strong> : potencia compacta con durabilidad legendaria<\/h3>\n<p>El Microtech Mini Troodon 238-10AP es <strong>un hermano m\u00e1s peque\u00f1o pero igualmente impresionante del ic\u00f3nico modelo Troodon<\/strong> . Este <strong>cuchillo OTF extremadamente compacto<\/strong> conserva todas las caracter\u00edsticas de los modelos m\u00e1s grandes: <strong>extensi\u00f3n r\u00e1pida, mano de obra precisa y calidad inigualable<\/strong> . Gracias al <strong>acabado apocal\u00edptico de la hoja,<\/strong> no solo es elegante, sino que tambi\u00e9n es muy resistente a los ara\u00f1azos y al desgaste.  <\/p>\n<div>\n<hr>\n<\/div>\n<h3>\ud83d\udca5 <strong>Atractivo emocional: poder en la palma de tu mano<\/strong><\/h3>\n<p><em>Imagina sostener el Microtech Mini Troodon en tus manos: mecanismo preciso, extensi\u00f3n de hoja ultrarr\u00e1pida y ergonom\u00eda impecable. Este cuchillo no es solo una herramienta, sino un s\u00edmbolo de fuerza y \u200b\u200bprecisi\u00f3n.<\/em><\/p>\n<div>\n<hr>\n<\/div>\n<h2>\ud83d\udd11 <strong>Caracter\u00edsticas principales<\/strong><\/h2>\n<p>\ud83d\udd2a  <strong>Cuchilla<\/strong><br \/>\n \ud83d\udccc <strong>Material:<\/strong> Bohler M390: acero de primera calidad con una durabilidad excepcional<br \/>\n\ud83d\udccc  <strong>Longitud de la hoja:<\/strong> 5 cm<br \/>\n\ud83d\udccc <strong>total del cuchillo:<\/strong> 14 cm<br \/>\n\ud83d\udccc <strong>Grosor de la hoja:<\/strong> 0,3 cm<br \/>\n\ud83d\udccc <strong>Forma:<\/strong> <strong>Punta de gota<\/strong> : ideal para cortes precisos y uso universal<br \/>\n\ud83d\udccc <strong>Acabado de la superficie:<\/strong> <strong>Apocalyptic Stonewash<\/strong> : apariencia \u00fanica y mayor durabilidad <\/p>\n<p>\ud83d\udda4 <strong>\u200b\u200b\u200b\u200bManejar<\/strong><br \/>\n \ud83d\udccc <strong>Material:<\/strong> aluminio aeron\u00e1utico T6-6061: extremadamente fuerte pero liviano<br \/>\n \ud83d\udccc <strong>Color:<\/strong> <strong>Negro<\/strong> \u2013 dise\u00f1o atemporal<br \/>\n \ud83d\udccc <strong>Ranuras antideslizantes<\/strong> : m\u00e1xima seguridad en la manipulaci\u00f3n<br \/>\n \ud83d\udccc <strong>Clip de bolsillo reversible<\/strong> : adecuado para usuarios diestros y zurdos<\/p>\n<p>\ud83d\udd27 <strong>Mecanismo<\/strong><br \/>\n \ud83d\udccc <strong>Mecanismo autom\u00e1tico OTF<\/strong> : extensi\u00f3n y retracci\u00f3n ultrarr\u00e1pida de la hoja<br \/>\n \ud83d\udccc <strong>Control deslizante de doble cara<\/strong> : operaci\u00f3n intuitiva y r\u00e1pida con una sola mano<br \/>\n \ud83d\udccc <strong>Bloqueo de seguridad<\/strong> : elimina la expulsi\u00f3n no deseada<\/p>\n<div>\n<hr>\n<\/div>\n<h2>\ud83c\udfaf <strong>Uso<\/strong><\/h2>\n<p>\ud83d\udccc \ud83d\udd2a <strong>Transporte diario (EDC)<\/strong> : compacto y muy funcional<br \/>\n\ud83d\udccc \ud83d\udc6e <strong>Uso t\u00e1ctico<\/strong> : ideal para profesionales y fuerzas de seguridad<br \/>\n\ud83d\udccc \ud83d\udee1\ufe0f <strong>Autodefensa<\/strong> : despliegue extremadamente r\u00e1pido en situaciones de crisis<br \/>\n\ud83d\udccc \ud83c\udf81 <strong>Art\u00edculo de colecci\u00f3n<\/strong> : dise\u00f1o lujoso con un dise\u00f1o ic\u00f3nico <\/p>\n<div>\n<hr>\n<\/div>\n<h2>\ud83d\udcca <strong>Comparaci\u00f3n con otros modelos<\/strong><\/h2>\n<p>\ud83d\udcca <strong>Mini Troodon 238-10AP vs. Troodon 139-10AP<\/strong><br \/>\n \ud83d\udccc <strong>Mini Troodon<\/strong> : tama\u00f1o compacto, ideal para llevar con discreci\u00f3n<br \/>\n\ud83d\udccc <strong>Troodon<\/strong> : hoja m\u00e1s grande, m\u00e1s adecuada para tareas m\u00e1s exigentes <\/p>\n<p>\ud83d\udcca <strong>Mini Troodon vs. Ultratech<\/strong><br \/>\n \ud83d\udccc <strong>Mini Troodon<\/strong> : tama\u00f1o m\u00e1s peque\u00f1o, ideal para uso diario<br \/>\n \ud83d\udccc <strong>Ultratech<\/strong> : mango m\u00e1s grande, hoja m\u00e1s larga para un uso m\u00e1s robusto<\/p>\n<div>\n<hr>\n<\/div>\n<h2>\ud83d\udce2 <strong>qu\u00e9 comprar ahora?<\/strong><\/h2>\n<p>\u2705  <strong>Edici\u00f3n limitada \u2013 \u00a1alta demanda!<\/strong><br \/>\n\u2705  <strong>Env\u00edo expr\u00e9s: \u00a1los pedidos realizados antes de las 14:00 se enviar\u00e1n hoy!<\/strong><br \/>\n\u2705  <strong>\u00a1Env\u00edo gratuito si haces tu pedido ahora!<\/strong><\/p>\n<div>\n<hr>\n<\/div>\n<h2>\ud83d\udcdc <strong>Historia del modelo Mini Troodon<\/strong><\/h2>\n<p>El Microtech Mini Troodon est\u00e1 inspirado en el legendario modelo Troodon, que se encuentra entre los cuchillos OTF m\u00e1s reconocidos del mundo. Este <strong>modelo reducido<\/strong> fue desarrollado para aquellos que desean <strong>el rendimiento de un cuchillo OTF de tama\u00f1o completo en una forma m\u00e1s compacta<\/strong> . <strong>El lavado de piedra apocal\u00edptico<\/strong> le da a este cuchillo <strong>un aspecto robusto pero atemporal<\/strong> que resistir\u00e1 incluso las condiciones m\u00e1s exigentes. <\/p>\n<div>\n<hr>\n<\/div>\n<h2>\u2696\ufe0f <strong>Seguridad y legislaci\u00f3n<\/strong><\/h2>\n<p>\ud83d\udccc <strong>Consulta la legislaci\u00f3n local sobre cuchillos con mecanismos autom\u00e1ticos<\/strong><br \/>\n \ud83d\udccc   <strong>El bloqueo de seguridad elimina la expulsi\u00f3n no deseada de la cuchilla<\/strong><\/p>\n<div>\n<hr>\n<\/div>\n<h2>\ud83e\uddfd <strong>Mantenimiento y rectificado<\/strong><\/h2>\n<p>\ud83d\udccc <strong>Se recomienda rectificar con piedras de diamante.<\/strong><br \/>\n \ud83d\udccc   <strong>Lubrique regularmente para maximizar la vida \u00fatil del mecanismo.<\/strong><\/p>\n<div>\n<hr>\n<\/div>\n<h2>\ud83d\udd27 <strong>Beneficios adicionales<\/strong><\/h2>\n<p>\u2705  <strong>Fabricado y ensamblado en EE. UU \ud83c\uddfa\ud83c\uddf8<\/strong><br \/>\n \u2705 <strong>Compra 100% segura<\/strong><br \/>\n \u27a1\ufe0f <strong>Opci\u00f3n de pago contra reembolso: pagas solo al recibirlo<\/strong><br \/>\n \u27a1\ufe0f    <strong>Garant\u00eda de devoluci\u00f3n de dinero: si no est\u00e1 satisfecho, puede devolver el cuchillo.<\/strong><\/p>\n<p>\u2705 <strong>Rese\u00f1as de clientes satisfechos<\/strong><br \/>\n <em>El Microtech Mini Troodon es peque\u00f1o pero potente. Perfecto para llevar a diario y su hoja es extremadamente afilada. El mecanismo funciona de forma suave y fiable<\/em> \ud83d\udce2 \u2013 Jacob L.<\/p>\n<p>\u2705 <strong>Pieza exclusiva de coleccionista<\/strong><br \/>\n \u27a1\ufe0f <em>Microtech Mini Troodon Apocalyptic 238-10AP no es solo un cuchillo: es una inversi\u00f3n en calidad, precisi\u00f3n y tecnolog\u00eda incomparable.<\/em><\/p>\n<div>\n<hr>\n<\/div>\n<h2>\ud83d\udd25 <strong>Conclusi\u00f3n<\/strong><\/h2>\n<p>El Microtech Mini Troodon 238-10AP es <strong>la elecci\u00f3n ideal para quienes buscan un cuchillo OTF de primera categor\u00eda en un tama\u00f1o compacto<\/strong> .  <strong>El acabado Apocalyptic Stonewash le da a este modelo un aspecto y una durabilidad excepcionales que ser\u00e1n apreciados tanto por coleccionistas como por usuarios profesionales.<\/strong>  \ud83d\ude80  <strong>\u00a1No esperes: las existencias son limitadas! \u00a1A\u00f1\u00e1delo al carrito y asegura tu pieza hoy! <\/strong><\/p>\n<p><iframe title=\"Microtech Combat Troodon Torture Test\" width=\"800\" height=\"450\" src=\"https:\/\/www.youtube.com\/embed\/xE9TeOFYEjg?feature=oembed\" frameborder=\"0\" allow=\"accelerometer; autoplay; clipboard-write; encrypted-media; gyroscope; picture-in-picture; web-share\" referrerpolicy=\"strict-origin-when-cross-origin\" allowfullscreen><\/iframe><\/p>\n<p>&nbsp;<\/p>\n","protected":false},"excerpt":{"rendered":"<p><strong>El Microtech Mini Troodon 238-10AP es la elecci\u00f3n ideal para quienes buscan un cuchillo OTF de primera categor\u00eda en un tama\u00f1o compacto. El acabado Apocalyptic Stonewash le da a este modelo un aspecto y una durabilidad excepcionales que ser\u00e1n apreciados tanto por coleccionistas como por usuarios profesionales. \ud83d\ude80 \u00a1No esperes! \u00a1Las existencias son limitadas! \u00a1A\u00f1\u00e1delo al carrito y asegura tu pieza hoy!   <\/strong><\/p>\n<p><strong>\ud83d\udce6 tu pedido ahora y obt\u00e9n env\u00edo gratis \ud83d\ude9a<\/strong><\/p>\n","protected":false},"featured_media":399743,"comment_status":"open","ping_status":"closed","template":"","meta":[],"pwb-brand":[3752],"product_brand":[],"product_cat":[3726,3729],"product_tag":[3756],"class_list":{"0":"post-399742","1":"product","2":"type-product","3":"status-publish","4":"has-post-thumbnail","6":"pwb-brand-microtecnologia","7":"product_cat-cuchillos","8":"product_cat-cuchillos-de-tiro","9":"product_tag-b2b-es","11":"first","12":"outofstock","13":"taxable","14":"shipping-taxable","15":"purchasable","16":"product-type-simple"},"brands":[{"id":3752,"name":"microtecnolog\u00eda","slug":"microtecnologia"}],"_links":{"self":[{"href":"https:\/\/www.moskito.cz\/es\/wp-json\/wp\/v2\/product\/399742","targetHints":{"allow":["GET"]}}],"collection":[{"href":"https:\/\/www.moskito.cz\/es\/wp-json\/wp\/v2\/product"}],"about":[{"href":"https:\/\/www.moskito.cz\/es\/wp-json\/wp\/v2\/types\/product"}],"replies":[{"embeddable":true,"href":"https:\/\/www.moskito.cz\/es\/wp-json\/wp\/v2\/comments?post=399742"}],"wp:featuredmedia":[{"embeddable":true,"href":"https:\/\/www.moskito.cz\/es\/wp-json\/wp\/v2\/media\/399743"}],"wp:attachment":[{"href":"https:\/\/www.moskito.cz\/es\/wp-json\/wp\/v2\/media?parent=399742"}],"wp:term":[{"taxonomy":"pwb-brand","embeddable":true,"href":"https:\/\/www.moskito.cz\/es\/wp-json\/wp\/v2\/pwb-brand?post=399742"},{"taxonomy":"product_brand","embeddable":true,"href":"https:\/\/www.moskito.cz\/es\/wp-json\/wp\/v2\/product_brand?post=399742"},{"taxonomy":"product_cat","embeddable":true,"href":"https:\/\/www.moskito.cz\/es\/wp-json\/wp\/v2\/product_cat?post=399742"},{"taxonomy":"product_tag","embeddable":true,"href":"https:\/\/www.moskito.cz\/es\/wp-json\/wp\/v2\/product_tag?post=399742"}],"curies":[{"name":"wp","href":"https:\/\/api.w.org\/{rel}","templated":true}]}}