{"id":399859,"date":"2022-09-12T20:21:57","date_gmt":"2025-04-22T13:23:58","guid":{"rendered":"https:\/\/www.moskito.cz\/produkt\/navaja-plegable-crkt-m16-03ss\/"},"modified":"2025-07-14T11:23:41","modified_gmt":"2025-07-14T10:23:41","slug":"navaja-plegable-crkt-m16-03ss","status":"publish","type":"product","link":"https:\/\/www.moskito.cz\/es\/produkt\/navaja-plegable-crkt-m16-03ss\/","title":{"rendered":"Navaja plegable CRKT M16-03SS"},"content":{"rendered":"<div class=\"flex-1 overflow-hidden @container\/thread\">\n<div class=\"h-full\">\n<div class=\"react-scroll-to-bottom--css-vxybp-79elbk h-full\">\n<div class=\"react-scroll-to-bottom--css-vxybp-1n7m0yu\">\n<div class=\"flex flex-col text-sm md:pb-9\">\n<article class=\"w-full scroll-mb-[var(--thread-trailing-height,150px)] text-token-text-primary focus-visible:outline-2 focus-visible:outline-offset-[-4px]\" dir=\"auto\" data-testid=\"conversation-turn-153\" data-scroll-anchor=\"true\">\n<div class=\"m-auto text-base py-[18px] px-3 md:px-4 w-full md:px-5 lg:px-4 xl:px-5\">\n<div class=\"mx-auto flex flex-1 gap-4 text-base md:gap-5 lg:gap-6 md:max-w-3xl\">\n<div class=\"group\/conversation-turn relative flex w-full min-w-0 flex-col agent-turn\">\n<div class=\"flex-col gap-1 md:gap-3\">\n<div class=\"flex max-w-full flex-col flex-grow\">\n<div class=\"min-h-8 text-message flex w-full flex-col items-end gap-2 whitespace-normal break-words text-start [.text-message+&amp;]:mt-5\" dir=\"auto\" data-message-author-role=\"assistant\" data-message-id=\"bedf3733-6233-48af-b38a-5285e60055e5\" data-message-model-slug=\"gpt-4o-mini\">\n<div class=\"flex w-full flex-col gap-1 empty:hidden first:pt-[3px]\">\n<div class=\"markdown prose w-full break-words dark:prose-invert light\">\n<p><strong>El cuchillo plegable CRKT M16-03SS<\/strong> es una versi\u00f3n mejorada <strong>del popular dise\u00f1o de Kit Carson<\/strong> , que se ha convertido en una leyenda entre <strong>los cuchillos<\/strong> <strong>t\u00e1cticos<\/strong> y de uso diario. Este modelo est\u00e1 dise\u00f1ado para usuarios que buscan <strong>alto rendimiento<\/strong> y <strong>durabilidad<\/strong> en el uso diario, manteniendo <strong>las caracter\u00edsticas cl\u00e1sicas<\/strong> del dise\u00f1o original. Con materiales de calidad y caracter\u00edsticas mejoradas, el M16-03SS ofrece una excelente combinaci\u00f3n <strong>de utilidad pr\u00e1ctica<\/strong> y <strong>apariencia t\u00e1ctica<\/strong> .  <\/p>\n<h3>Propiedades clave:<\/h3>\n<ol>\n<li><strong>Dise\u00f1o de la hoja<\/strong> :\n<ul>\n<li><strong>Longitud de la hoja<\/strong> : 3,54&#8243; (89,92 mm): esta es la longitud ideal para <strong>un uso vers\u00e1til<\/strong> , desde <strong>rebanar<\/strong> hasta <strong>cortar materiales m\u00e1s duros<\/strong> .<\/li>\n<li><strong>Afilado de la hoja<\/strong> : Simple: <strong>f\u00e1cil de mantener y afilar<\/strong> , adecuado para <strong>tareas comunes<\/strong> y <strong>cortes de precisi\u00f3n<\/strong> .<\/li>\n<li><strong>Material de la hoja<\/strong> : <strong>acero Sandvik 12C27<\/strong> : <strong>acero inoxidable de alta calidad<\/strong> , conocido por su <strong>alta resistencia a la corrosi\u00f3n<\/strong> y <strong>larga vida \u00fatil de la hoja<\/strong> . Este acero tambi\u00e9n ofrece una excelente <strong>retenci\u00f3n del filo<\/strong> y es <strong>f\u00e1cil de afilar<\/strong> . <\/li>\n<li><strong>Acabado de la hoja<\/strong> : <strong>Granallado<\/strong> : un acabado que <strong>minimiza el reflejo<\/strong> y proporciona <strong>una apariencia mate<\/strong> , lo cual es beneficioso cuando se utiliza en <strong>entornos t\u00e1cticos o naturales<\/strong> .<\/li>\n<\/ul>\n<\/li>\n<li><strong>Mecanismo t\u00e1ctico y seguro<\/strong> :\n<ul>\n<li><strong>Bloqueo de marco<\/strong> : este bloqueo proporciona <strong>una seguridad fuerte y estable<\/strong> durante el uso y evita que el cuchillo se abra accidentalmente.<\/li>\n<li><strong>Seguridad AutoLAWKS\u2122<\/strong> \u2013 Adem\u00e1s del bloqueo del marco, este cuchillo utiliza el sistema <strong>AutoLAWKS\u2122<\/strong> , que proporciona <strong>seguridad adicional<\/strong> durante el transporte y el uso, aumentando <strong>la confiabilidad<\/strong> del cuchillo.<\/li>\n<\/ul>\n<\/li>\n<li><strong>Manejar<\/strong> :\n<ul>\n<li><strong>Acero inoxidable<\/strong> \u2013 El mango est\u00e1 hecho de <strong>acero inoxidable<\/strong> , lo que garantiza <strong>resistencia<\/strong> y <strong>durabilidad<\/strong> , adem\u00e1s de <strong>una buena ergonom\u00eda<\/strong> . El mango tiene un <strong>acabado superficial<\/strong> suficiente que evita que la mano se resbale. <\/li>\n<li><strong>Forma ergon\u00f3mica<\/strong> : la forma del mango es <strong>c\u00f3moda<\/strong> y garantiza <strong>un buen agarre<\/strong> , incluso durante tareas exigentes.<\/li>\n<\/ul>\n<\/li>\n<li><strong>Dise\u00f1o compacto y ligero<\/strong> :\n<ul>\n<li><strong>Longitud total<\/strong> : 8,19&#8243; (207,98 mm): lo suficientemente largo para <strong>un trabajo eficiente<\/strong> , pero a\u00fan <strong>compacto<\/strong> para <strong>llevarlo ocasionalmente<\/strong> en un bolsillo o en un cintur\u00f3n.<\/li>\n<li><strong>Largo cerrado<\/strong> : 4,65&#8243; (118,21 mm) \u2013 Este modelo es perfecto para <strong>el uso diario<\/strong> sin ser demasiado voluminoso.<\/li>\n<li><strong>Peso<\/strong> : 3,60 oz. (102,06 g) \u2013 Este cuchillo es lo suficientemente <strong>liviano<\/strong> para <strong>llevarlo c\u00f3modamente todos los d\u00edas<\/strong> , pero ofrece <strong>resistencia<\/strong> y <strong>durabilidad<\/strong> para tareas exigentes.<\/li>\n<\/ul>\n<\/li>\n<li><strong>Uso universal<\/strong> :\n<ul>\n<li>Este cuchillo es <strong>vers\u00e1til<\/strong> y adecuado para <strong>el transporte diario (EDC)<\/strong> , as\u00ed como para <strong>tareas t\u00e1cticas<\/strong> , <strong>campamentos<\/strong> o <strong>manipulaci\u00f3n<\/strong> de materiales.<\/li>\n<li>Tambi\u00e9n es una excelente herramienta <strong>de autodefensa<\/strong> gracias a su <strong>potente hoja<\/strong> y <strong>mecanismo de apertura r\u00e1pida<\/strong> .<\/li>\n<\/ul>\n<\/li>\n<\/ol>\n<h3>Especificaciones:<\/h3>\n<ul>\n<li><strong>Longitud de la hoja<\/strong> : 3,54&#8243; (89,92 mm)<\/li>\n<li><strong>Filo de la hoja<\/strong> : liso<\/li>\n<li><strong>Material de la hoja<\/strong> : acero inoxidable Sandvik 12C27<\/li>\n<li><strong>Acabado de la hoja<\/strong> : Granallado<\/li>\n<li><strong>Grosor de la hoja<\/strong> : 0,12&#8243; (3,00 mm)<\/li>\n<li><strong>Longitud total<\/strong> : 8,19&#8243; (207,98 mm)<\/li>\n<li><strong>Longitud cerrada<\/strong> : 4,65&#8243; (118,21 mm)<\/li>\n<li><strong>Peso del cuchillo<\/strong> : 3,60 oz (102,06 g)<\/li>\n<li><strong>Mango<\/strong> : acero inoxidable<\/li>\n<li><strong>Estilo<\/strong> : Navaja plegable con bloqueo de marco.<\/li>\n<\/ul>\n<h3>Opciones de uso:<\/h3>\n<ul>\n<li><strong>Transporte diario (EDC)<\/strong> : el M16-03SS es ideal para <strong>tareas cotidianas,<\/strong> como <strong>abrir paquetes<\/strong> , <strong>cortar<\/strong> , <strong>cortar telas<\/strong> o <strong>preparar alimentos<\/strong> .<\/li>\n<li><strong>Uso t\u00e1ctico<\/strong> : Este cuchillo est\u00e1 dise\u00f1ado para <strong>tareas t\u00e1cticas<\/strong> y <strong>de autodefensa<\/strong> , gracias a <strong>su fuerte hoja<\/strong> y <strong>mecanismo seguro<\/strong> .<\/li>\n<li><strong>Camping y actividades al aire libre<\/strong> : ideal para <strong>cortar<\/strong> y <strong>procesar materiales<\/strong> con precisi\u00f3n mientras se acampa o en la naturaleza.<\/li>\n<li><strong>Manejo de materiales<\/strong> : con una <strong>hoja fuerte y duradera,<\/strong> la M16-03SS es excelente para <strong>abordar tareas dif\u00edciles<\/strong> .<\/li>\n<\/ul>\n<h3>Resumen:<\/h3>\n<p><strong>El CRKT M16-03SS<\/strong> es <strong>una versi\u00f3n mejorada<\/strong> del popular dise\u00f1o <strong>Kit Carson M16<\/strong> , que ofrece <strong>mayor rendimiento<\/strong> y <strong>durabilidad<\/strong> . Este cuchillo es ideal para <strong>uso t\u00e1ctico<\/strong> y <strong>transporte diario<\/strong> , con <strong>una hoja de calidad<\/strong> hecha de <strong>acero Sandvik 12C27<\/strong> , <strong>un bloqueo de marco seguro<\/strong> y <strong>el innovador sistema AutoLAWKS\u2122<\/strong> para protecci\u00f3n adicional. Es <strong>una gran herramienta universal<\/strong> que ser\u00e1 <strong>un ayudante confiable<\/strong> en diversas situaciones.  <\/p>\n<\/div>\n<\/div>\n<\/div>\n<\/div>\n<div class=\"mb-2 flex gap-3 empty:hidden -ml-2\">\n<div class=\"items-center justify-start rounded-xl p-1 flex\">\n<div class=\"flex items-center\"><\/div>\n<\/div>\n<\/div>\n<div class=\"pr-2 lg:pr-0\"><\/div>\n<div class=\"mt-3 w-full empty:hidden\">\n<div class=\"text-center\"><\/div>\n<\/div>\n<\/div>\n<\/div>\n<\/div>\n<\/div>\n<\/article>\n<\/div>\n<\/div>\n<\/div>\n<\/div>\n<\/div>\n<p><iframe title=\"CRKT M16\u00ae-03SS | Kit Carson Design\" width=\"800\" height=\"450\" src=\"https:\/\/www.youtube.com\/embed\/C2T1-yqXxcM?feature=oembed\" frameborder=\"0\" allow=\"accelerometer; autoplay; clipboard-write; encrypted-media; gyroscope; picture-in-picture; web-share\" referrerpolicy=\"strict-origin-when-cross-origin\" allowfullscreen><\/iframe><\/p>\n<p>&nbsp;<\/p>\n","protected":false},"excerpt":{"rendered":"<div class=\"flex max-w-full flex-col flex-grow\">\n<div class=\"min-h-8 text-message flex w-full flex-col items-end gap-2 whitespace-normal break-words text-start [.text-message+&amp;]:mt-5\" dir=\"auto\" data-message-author-role=\"assistant\" data-message-id=\"bedf3733-6233-48af-b38a-5285e60055e5\" data-message-model-slug=\"gpt-4o-mini\">\n<div class=\"flex w-full flex-col gap-1 empty:hidden first:pt-[3px]\">\n<div class=\"markdown prose w-full break-words dark:prose-invert light\">\n<p><strong>El CRKT M16-03SS es una versi\u00f3n mejorada del popular dise\u00f1o Kit Carson M16, que ofrece mayor rendimiento y durabilidad. Este cuchillo es ideal para uso t\u00e1ctico y transporte diario, con una hoja de calidad hecha de acero Sandvik 12C27, un bloqueo de marco seguro y el innovador sistema AutoLAWKS\u2122 para protecci\u00f3n adicional. Es una gran herramienta universal que ser\u00e1 un ayudante confiable en diversas situaciones.  <\/strong><\/p>\n<\/div>\n<\/div>\n<\/div>\n<\/div>\n<div class=\"mb-2 flex gap-3 empty:hidden -ml-2\">\n<div class=\"items-center justify-start rounded-xl p-1 flex\">\n<div class=\"flex items-center\"><\/div>\n<\/div>\n<\/div>\n<div class=\"pr-2 lg:pr-0\"><\/div>\n","protected":false},"featured_media":399861,"comment_status":"open","ping_status":"closed","template":"","meta":[],"pwb-brand":[3765],"product_brand":[],"product_cat":[3730,3726],"product_tag":[3756],"class_list":{"0":"post-399859","1":"product","2":"type-product","3":"status-publish","4":"has-post-thumbnail","6":"pwb-brand-crkt-es","7":"product_cat-cuchillas-de-cierre","8":"product_cat-cuchillos","9":"product_tag-b2b-es","11":"first","12":"outofstock","13":"taxable","14":"shipping-taxable","15":"purchasable","16":"product-type-simple"},"brands":[{"id":3765,"name":"CRKT","slug":"crkt-es"}],"_links":{"self":[{"href":"https:\/\/www.moskito.cz\/es\/wp-json\/wp\/v2\/product\/399859","targetHints":{"allow":["GET"]}}],"collection":[{"href":"https:\/\/www.moskito.cz\/es\/wp-json\/wp\/v2\/product"}],"about":[{"href":"https:\/\/www.moskito.cz\/es\/wp-json\/wp\/v2\/types\/product"}],"replies":[{"embeddable":true,"href":"https:\/\/www.moskito.cz\/es\/wp-json\/wp\/v2\/comments?post=399859"}],"wp:featuredmedia":[{"embeddable":true,"href":"https:\/\/www.moskito.cz\/es\/wp-json\/wp\/v2\/media\/399861"}],"wp:attachment":[{"href":"https:\/\/www.moskito.cz\/es\/wp-json\/wp\/v2\/media?parent=399859"}],"wp:term":[{"taxonomy":"pwb-brand","embeddable":true,"href":"https:\/\/www.moskito.cz\/es\/wp-json\/wp\/v2\/pwb-brand?post=399859"},{"taxonomy":"product_brand","embeddable":true,"href":"https:\/\/www.moskito.cz\/es\/wp-json\/wp\/v2\/product_brand?post=399859"},{"taxonomy":"product_cat","embeddable":true,"href":"https:\/\/www.moskito.cz\/es\/wp-json\/wp\/v2\/product_cat?post=399859"},{"taxonomy":"product_tag","embeddable":true,"href":"https:\/\/www.moskito.cz\/es\/wp-json\/wp\/v2\/product_tag?post=399859"}],"curies":[{"name":"wp","href":"https:\/\/api.w.org\/{rel}","templated":true}]}}