{"id":399881,"date":"2025-04-22T13:34:32","date_gmt":"2025-04-22T13:24:02","guid":{"rendered":"https:\/\/www.moskito.cz\/produkt\/navaja-plegable-crkt-ed-van-hoy-snap-lock-5102nk\/"},"modified":"2025-05-07T11:29:14","modified_gmt":"2025-05-07T10:29:14","slug":"navaja-plegable-crkt-ed-van-hoy-snap-lock-5102nk","status":"publish","type":"product","link":"https:\/\/www.moskito.cz\/es\/produkt\/navaja-plegable-crkt-ed-van-hoy-snap-lock-5102nk\/","title":{"rendered":"Navaja plegable CRKT Ed Van Hoy Snap Lock 5102NK"},"content":{"rendered":"<h1 data-pm-slice=\"1 1 []\">\ud83d\udd2a CRKT Ed Van Hoy Snap Lock 5102NK<\/h1>\n<p>\u2728 <strong>Leyenda del dise\u00f1o con un mecanismo de apertura \u00fanico<\/strong><br \/>\n \ud83d\udccd   <strong>Ed Van Hoy | Serie Snap Lock | Edici\u00f3n limitada<\/strong><\/p>\n<div>\n<hr>\n<\/div>\n<h3>\u2728 Uno de los cuchillos m\u00e1s condecorados de todos los tiempos est\u00e1 de vuelta y mejor que nunca.<\/h3>\n<p>El Snap Lock conquist\u00f3 el mundo de los cuchillos cuando gan\u00f3 el premio al <strong>cuchillo m\u00e1s innovador en el Blade Show 2004<\/strong> . CRKT le da nueva vida a esta exclusiva carpeta de transporte diario y recupera la apertura giratoria de 180\u00b0. Si piensas que todo esto es pura apariencia y nada de sustancia, t\u00f3mate un minuto y haz un cambio de 180\u00b0.  <\/p>\n<p><strong>Ed Van Hoy<\/strong> ide\u00f3 este dise\u00f1o hist\u00f3rico en su tienda en Abingdon, Virginia. No solo es uno de los cuchillos m\u00e1s exclusivos del mercado, sino que tambi\u00e9n es uno de los m\u00e1s \u00fatiles: incluye <strong>un clip para billetes<\/strong> y tiene un perfil notablemente bajo, por lo que nunca es una carga. El cord\u00f3n de liberaci\u00f3n r\u00e1pida tambi\u00e9n agrega la opci\u00f3n de llevarlo alrededor del cuello, para que siempre est\u00e9 a mano.  <\/p>\n<p>La hoja de acero inoxidable tiene una forma de punta sutil y, cuando est\u00e1 cerrada, forma un marco de brazo trapezoidal correspondiente: un protector de filo de hoja 100% efectivo. El exclusivo mecanismo de apertura se vuelve instant\u00e1neamente intuitivo tan pronto como empujas la palanca frontal y giras la cuchilla hacia afuera 180\u00b0 completos. Una vez abierto, el mango minimalista pero muy utilizable es extremadamente seguro: un mecanismo Snap Lock asegura el cuchillo, por lo que cuanto m\u00e1s fuerte lo agarre, m\u00e1s asegurar\u00e1 la hoja en su lugar gracias a m\u00faltiples superficies de bloqueo positivo entre el marco y las orejetas de bloqueo.  <\/p>\n<p>Este cuchillo ha hecho historia: <strong>consiga una parte del legado de Ed con Snap Lock.<\/strong><\/p>\n<div>\n<hr>\n<\/div>\n<h3>\u2705 <strong>Especificaciones:<\/strong><\/h3>\n<ul data-spread=\"false\">\n<li>\ud83d\udccf <strong>Longitud total:<\/strong> 159 mm<\/li>\n<li>\ud83d\udd2a <strong>Longitud de la hoja:<\/strong> 63,5 mm<\/li>\n<li>\ud83d\udce6 <strong>Longitud cerrada:<\/strong> 95,5 mm<\/li>\n<li>\u2696\ufe0f <strong>Peso:<\/strong> 71 g<\/li>\n<li><strong>Acero de la hoja:<\/strong> \ud83e\uddf1<\/li>\n<li>\ud83d\udd0d <strong>de la hoja:<\/strong> Satinada<\/li>\n<li>\ud83e\udea0 <strong>Forma de la hoja:<\/strong> Punta de ca\u00edda modificada<\/li>\n<li>\ud83e\udea7 <strong>Mecanismo:<\/strong> Snap Lock\u2122<\/li>\n<li>\ud83d\udee0\ufe0f <strong>Bloqueo:<\/strong> Snap Lock (giro lateral)<\/li>\n<li>\ud83d\udd90\ufe0f <strong>Mango:<\/strong> Acero inoxidable<\/li>\n<li>\ud83c\udfa8 <strong>Color del mango:<\/strong> Negro<\/li>\n<li>\ud83e\ude7f <strong>Clip:<\/strong> Reversible (lado derecho\/izquierdo)<\/li>\n<li>\ud83d\udd27 <strong>Dise\u00f1ador:<\/strong> Ed Van Hoy<\/li>\n<\/ul>\n<div>\n<hr>\n<\/div>\n<h3>\ud83d\udc8e <strong>Beneficios:<\/strong><\/h3>\n<ul data-spread=\"false\">\n<li>\ud83d\ude80 <strong>Sistema \u00fanico Snap Lock<\/strong> : la hoja se pliega hacia un lado y se asegura con un bloqueo giratorio<\/li>\n<li>\ud83d\udd10 <strong>M\u00e1xima seguridad<\/strong> : la cuchilla se bloquea de forma segura cuando est\u00e1 cerrada<\/li>\n<li>\ud83e\uddfc <strong>F\u00e1cil mantenimiento<\/strong> : construcci\u00f3n totalmente de acero inoxidable<\/li>\n<li>\ud83d\udee0\ufe0f <strong>Innovaci\u00f3n en dise\u00f1o<\/strong> : galardonado como el \u00abCuchillo m\u00e1s innovador del a\u00f1o\u00bb<\/li>\n<li>\ud83e\uddf2 <strong>Clip reversible<\/strong> : adecuado para usuarios diestros y zurdos<\/li>\n<li>\ud83d\udc54 <strong>Aspecto elegante y con estilo<\/strong> : adecuado para entornos urbanos<\/li>\n<\/ul>\n<div>\n<hr>\n<\/div>\n<h3>\u2699\ufe0f <strong>Uso y finalidad:<\/strong><\/h3>\n<p>Ideal para llevar a diario (EDC), uso urbano o para coleccionistas que buscan una curiosidad t\u00e9cnica. Este cuchillo no es solo una herramienta: es una obra de arte mec\u00e1nica. <\/p>\n<div>\n<hr>\n<\/div>\n<h3>\ud83d\udcca <strong>Comparaci\u00f3n con la competencia:<\/strong><\/h3>\n<table>\n<tbody>\n<tr>\n<th>Modelo<\/th>\n<th>Mecanismo<\/th>\n<th>Longitud de la hoja<\/th>\n<th>Peso<\/th>\n<th>Material de la hoja<\/th>\n<\/tr>\n<tr>\n<td><strong>Cerradura a presi\u00f3n CRKT 5102NK<\/strong><\/td>\n<td>Cierre a presi\u00f3n<\/td>\n<td>63,5 mil\u00edmetros<\/td>\n<td>71 gramos<\/td>\n<td>420J2<\/td>\n<\/tr>\n<tr>\n<td>CRKT Pilar Grande<\/td>\n<td>Bloqueo de marco<\/td>\n<td>75 mm<\/td>\n<td>100 gramos<\/td>\n<td>8Cr13MoV<\/td>\n<\/tr>\n<tr>\n<td>Kershaw Pub Fibra de carbono<\/td>\n<td>Carpeta de fricci\u00f3n<\/td>\n<td>50 mm<\/td>\n<td>53 gramos<\/td>\n<td>8Cr13MoV<\/td>\n<\/tr>\n<\/tbody>\n<\/table>\n<div>\n<hr>\n<\/div>\n<h3>\ud83d\udce6 <strong>Contenido del paquete:<\/strong><\/h3>\n<ul data-spread=\"false\">\n<li>\ud83d\uddc2\ufe0f CRKT Snap Lock 5102NK<\/li>\n<li>Caja original \ud83d\udcdc CRKT<\/li>\n<li>\ud83e\uddfe Instrucciones y tarjeta de garant\u00eda<\/li>\n<\/ul>\n<div>\n<hr>\n<\/div>\n<h3>\ud83d\udecd\ufe0f <strong>Razones para comprar ahora:<\/strong><\/h3>\n<ul data-spread=\"false\">\n<li>\ud83d\ude9a <strong>Env\u00edo gratuito<\/strong> en pedidos superiores a 1000 CZK<\/li>\n<li>\ud83d\udd52 <strong>Enviamos en 24 horas<\/strong><\/li>\n<li>\ud83c\udf81 <strong>Regalo con el pedido<\/strong> : aceite lubricante peque\u00f1o para el mantenimiento de las cuchillas<\/li>\n<li>\u2705 <strong>100% original<\/strong> \u2013 garantizamos autenticidad y origen<\/li>\n<li>\ud83d\udd04 <strong>de devoluci\u00f3n en un plazo de 14 d\u00edas<\/strong> sin necesidad de justificaci\u00f3n<\/li>\n<\/ul>\n<div>\n<hr>\n<\/div>\n<h3><strong>Conclusi\u00f3n:<\/strong><\/h3>\n<p><strong>El CRKT Ed Van Hoy Snap Lock 5102NK<\/strong> no es solo un cuchillo. Es una pieza mec\u00e1nica \u00fanica que combina funcionalidad, estilo e innovaci\u00f3n. Si est\u00e1s buscando un cuchillo que se destaque del dise\u00f1o com\u00fan e impresione a todos los que te rodean, lo acabas de encontrar.  <\/p>\n","protected":false},"excerpt":{"rendered":"<p><strong>El CRKT Ed Van Hoy Snap Lock 5102NK no es solo un cuchillo. Es una pieza mec\u00e1nica \u00fanica que combina funcionalidad, estilo e innovaci\u00f3n. Si est\u00e1s buscando un cuchillo que se destaque del dise\u00f1o com\u00fan e impresione a todos los que te rodean, lo acabas de encontrar.  <\/strong><\/p>\n","protected":false},"featured_media":399775,"comment_status":"open","ping_status":"closed","template":"","meta":[],"pwb-brand":[3765],"product_brand":[],"product_cat":[3730,3726],"product_tag":[],"class_list":{"0":"post-399881","1":"product","2":"type-product","3":"status-publish","4":"has-post-thumbnail","6":"pwb-brand-crkt-es","7":"product_cat-cuchillas-de-cierre","8":"product_cat-cuchillos","10":"first","11":"outofstock","12":"taxable","13":"shipping-taxable","14":"purchasable","15":"product-type-simple"},"brands":[{"id":3765,"name":"CRKT","slug":"crkt-es"}],"_links":{"self":[{"href":"https:\/\/www.moskito.cz\/es\/wp-json\/wp\/v2\/product\/399881","targetHints":{"allow":["GET"]}}],"collection":[{"href":"https:\/\/www.moskito.cz\/es\/wp-json\/wp\/v2\/product"}],"about":[{"href":"https:\/\/www.moskito.cz\/es\/wp-json\/wp\/v2\/types\/product"}],"replies":[{"embeddable":true,"href":"https:\/\/www.moskito.cz\/es\/wp-json\/wp\/v2\/comments?post=399881"}],"wp:featuredmedia":[{"embeddable":true,"href":"https:\/\/www.moskito.cz\/es\/wp-json\/wp\/v2\/media\/399775"}],"wp:attachment":[{"href":"https:\/\/www.moskito.cz\/es\/wp-json\/wp\/v2\/media?parent=399881"}],"wp:term":[{"taxonomy":"pwb-brand","embeddable":true,"href":"https:\/\/www.moskito.cz\/es\/wp-json\/wp\/v2\/pwb-brand?post=399881"},{"taxonomy":"product_brand","embeddable":true,"href":"https:\/\/www.moskito.cz\/es\/wp-json\/wp\/v2\/product_brand?post=399881"},{"taxonomy":"product_cat","embeddable":true,"href":"https:\/\/www.moskito.cz\/es\/wp-json\/wp\/v2\/product_cat?post=399881"},{"taxonomy":"product_tag","embeddable":true,"href":"https:\/\/www.moskito.cz\/es\/wp-json\/wp\/v2\/product_tag?post=399881"}],"curies":[{"name":"wp","href":"https:\/\/api.w.org\/{rel}","templated":true}]}}