{"id":399926,"date":"2024-11-29T11:59:51","date_gmt":"2025-04-22T14:05:21","guid":{"rendered":"https:\/\/www.moskito.cz\/produkt\/cuchillo-eyector-aga-campolin-f20ttd-n\/"},"modified":"2025-05-07T11:29:17","modified_gmt":"2025-05-07T10:29:17","slug":"cuchillo-eyector-aga-campolin-f20ttd-n","status":"publish","type":"product","link":"https:\/\/www.moskito.cz\/es\/produkt\/cuchillo-eyector-aga-campolin-f20ttd-n\/","title":{"rendered":"Cuchillo eyector AGA CAMPOLIN F20TTD-N"},"content":{"rendered":"<p>Cuchillo eyector AGA CAMPOLIN F20TTD-N.<\/p>\n<p>El cuchillo plegable AGA Campolin F20TTD-N es un cuchillo autom\u00e1tico elegante y de alta calidad fabricado por la reconocida marca italiana AGA Campolin. Esta marca es conocida por su trabajo preciso y la producci\u00f3n de cuchillos tradicionales y modernos con alto valor de colecci\u00f3n y utilidad. Aqu\u00ed est\u00e1 la informaci\u00f3n b\u00e1sica sobre este modelo:<br \/>\n Caracter\u00edsticas de AGA Campolin F20TTD-N  <\/p>\n<p>Mecanismo:<br \/>\n Mecanismo autom\u00e1tico (de disparo) que permite abrir r\u00e1pidamente la hoja con solo pulsar un bot\u00f3n.<br \/>\n Mecanismo confiable y duradero con una larga vida \u00fatil.<\/p>\n<p>Cuchilla:<br \/>\n Material de la hoja: acero inoxidable de alta calidad, que proporciona una excelente nitidez y resistencia a la corrosi\u00f3n.<br \/>\n Dise\u00f1o de la hoja: estilo moderno, a menudo con acabado satinado o brillante.<br \/>\n Longitud de la hoja: aproximadamente 9,3 cm<\/p>\n<p>Manejar:<br \/>\n Material: diversas variantes, incluidos materiales naturales (por ejemplo, madera, cuerno) o materiales sint\u00e9ticos.<br \/>\n Ergonom\u00eda: agarre c\u00f3modo, adecuado para un manejo prolongado.<\/p>\n<p>Dise\u00f1o y ejecuci\u00f3n:<br \/>\n Un aspecto moderno y a la vez atemporal con un acabado preciso.<br \/>\n Adecuado tanto para coleccionistas como para uso pr\u00e1ctico en la vida cotidiana.<\/p>\n<p>Cerrar con llave:<br \/>\n Bloqueo de seguridad contra apertura accidental.<\/p>\n<p>Usar<\/p>\n<p>Ideal para llevar a diario (EDC).<br \/>\nAdecuado como regalo para coleccionistas debido a su exclusividad y fabricaci\u00f3n.<br \/>\nUna herramienta pr\u00e1ctica para diversas actividades al aire libre, como acampar, pescar o sobrevivir.<\/p>\n","protected":false},"excerpt":{"rendered":"<p><strong>El cuchillo plegable AGA Campolin F20TTD-N es un cuchillo autom\u00e1tico elegante y de alta calidad fabricado por la reconocida marca italiana AGA Campolin.<\/strong><\/p>\n","protected":false},"featured_media":379232,"comment_status":"open","ping_status":"closed","template":"","meta":[],"pwb-brand":[4010],"product_brand":[],"product_cat":[3726,3729],"product_tag":[],"class_list":{"0":"post-399926","1":"product","2":"type-product","3":"status-publish","4":"has-post-thumbnail","6":"pwb-brand-aga-campolin","7":"product_cat-cuchillos","8":"product_cat-cuchillos-de-tiro","10":"first","11":"outofstock","12":"taxable","13":"shipping-taxable","14":"purchasable","15":"product-type-simple"},"brands":[{"id":4010,"name":"AGA CAMPOLIN","slug":"aga-campolin"}],"_links":{"self":[{"href":"https:\/\/www.moskito.cz\/es\/wp-json\/wp\/v2\/product\/399926","targetHints":{"allow":["GET"]}}],"collection":[{"href":"https:\/\/www.moskito.cz\/es\/wp-json\/wp\/v2\/product"}],"about":[{"href":"https:\/\/www.moskito.cz\/es\/wp-json\/wp\/v2\/types\/product"}],"replies":[{"embeddable":true,"href":"https:\/\/www.moskito.cz\/es\/wp-json\/wp\/v2\/comments?post=399926"}],"wp:featuredmedia":[{"embeddable":true,"href":"https:\/\/www.moskito.cz\/es\/wp-json\/wp\/v2\/media\/379232"}],"wp:attachment":[{"href":"https:\/\/www.moskito.cz\/es\/wp-json\/wp\/v2\/media?parent=399926"}],"wp:term":[{"taxonomy":"pwb-brand","embeddable":true,"href":"https:\/\/www.moskito.cz\/es\/wp-json\/wp\/v2\/pwb-brand?post=399926"},{"taxonomy":"product_brand","embeddable":true,"href":"https:\/\/www.moskito.cz\/es\/wp-json\/wp\/v2\/product_brand?post=399926"},{"taxonomy":"product_cat","embeddable":true,"href":"https:\/\/www.moskito.cz\/es\/wp-json\/wp\/v2\/product_cat?post=399926"},{"taxonomy":"product_tag","embeddable":true,"href":"https:\/\/www.moskito.cz\/es\/wp-json\/wp\/v2\/product_tag?post=399926"}],"curies":[{"name":"wp","href":"https:\/\/api.w.org\/{rel}","templated":true}]}}