{"id":400076,"date":"2024-10-21T17:43:12","date_gmt":"2025-04-22T15:43:36","guid":{"rendered":"https:\/\/www.moskito.cz\/produkt\/cuchillo-plegable-microtech-combat-troodon-gen-iii-1144-1t\/"},"modified":"2025-05-07T11:29:24","modified_gmt":"2025-05-07T10:29:24","slug":"cuchillo-plegable-microtech-combat-troodon-gen-iii-1144-1t","status":"publish","type":"product","link":"https:\/\/www.moskito.cz\/es\/produkt\/cuchillo-plegable-microtech-combat-troodon-gen-iii-1144-1t\/","title":{"rendered":"Cuchillo plegable Microtech Combat Troodon Gen III 1144-1T"},"content":{"rendered":"<h2 data-pm-slice=\"1 1 []\">\u2694 <strong>Cuchillo arrojadizo Microtech Combat Troodon Gen III 1144-1T<\/strong><\/h2>\n<p><strong>El Microtech Combat Troodon Generation III<\/strong> es <strong>un cuchillo OTF (Out The Front) de alto rendimiento<\/strong> , dise\u00f1ado para profesionales y usuarios exigentes que buscan <strong>m\u00e1xima durabilidad, velocidad y precisi\u00f3n en la mano de obra<\/strong> . Gracias al <strong>mecanismo autom\u00e1tico,<\/strong> est\u00e1 listo para la acci\u00f3n en una fracci\u00f3n de segundo. <\/p>\n<div>\n<hr>\n<\/div>\n<h3>\ud83d\udd39 <strong>Caracter\u00edsticas principales<\/strong><\/h3>\n<p>\ud83d\udd2a <strong>Hoja:<\/strong> <strong>B\u00f6hler M390<\/strong> \u2013 acero de alta calidad con excelente resistencia al desgaste.<br \/>\n\ud83d\udccf <strong>de la hoja:<\/strong> <strong>9,5 cm<\/strong> &#8211; ideal para actividades t\u00e1cticas y cotidianas.<br \/>\n\ud83d\udccf <strong>total:<\/strong> <strong>23,5 cm<\/strong> \u2013 construcci\u00f3n robusta y s\u00f3lida.<br \/>\n\ud83d\udcaa <strong>Grosor de la hoja:<\/strong> <strong>4 mm<\/strong> &#8211; extrema resistencia y durabilidad.<br \/>\n\ud83c\udfa8 <strong>Acabado de la hoja:<\/strong> <strong>T\u00e1ctico (capa DLC negra)<\/strong> &#8211; superficie mate que minimiza los reflejos.<br \/>\n\ud83c\udfa8 <strong>Mango:<\/strong> <strong>Aleaci\u00f3n de aluminio liviana con agarre texturizado<\/strong> : excelente ergonom\u00eda y agarre firme.<br \/>\n\u2696\ufe0f <strong>Peso:<\/strong> <strong>164 g<\/strong> : equilibrio ideal entre resistencia y comodidad de uso.<br \/>\n\u2699\ufe0f <strong>Mecanismo de apertura:<\/strong> <strong>OTF (Out The Front) autom\u00e1tico<\/strong> : extensi\u00f3n e inserci\u00f3n de la hoja extremadamente r\u00e1pida con una sola mano.<br \/>\n\ud83d\udccc <strong>Clip:<\/strong> <strong>Clip de bolsillo de doble cara<\/strong> , adecuado para personas diestras y zurdas.<\/p>\n<div>\n<hr>\n<\/div>\n<h3>\ud83c\udfaf <strong>Uso<\/strong><\/h3>\n<p>\u2705 <strong>Despliegue t\u00e1ctico<\/strong> : confiable en las condiciones m\u00e1s exigentes.<br \/>\n\u2705 <strong>Defensa personal<\/strong> &#8211; lista para usar inmediatamente.<br \/>\n\u2705 <strong>Uso profesional<\/strong> : adecuado para servicios militares, policiales y de rescate.<br \/>\n\u2705 <strong>Everyday Carry (EDC)<\/strong> : duradero y pr\u00e1ctico para el uso diario.<\/p>\n<div>\n<hr>\n<\/div>\n<h3>\ud83d\udee0 <strong>Mantenimiento y rectificado<\/strong><\/h3>\n<p>\ud83e\uddfc <strong>Mantenimiento:<\/strong><br \/>\n \u2714\ufe0f Limpie peri\u00f3dicamente el mecanismo interno para un funcionamiento sin problemas.<br \/>\n\u2714\ufe0f Despu\u00e9s de su uso, limpie la cuchilla y el mango para mantener su apariencia original.<br \/>\n\u2714\ufe0f Conservar en un lugar seco para evitar la corrosi\u00f3n.<\/p>\n<p>\ud83d\udd2a <strong>Molienda:<\/strong><br \/>\n \u2714\ufe0f \u00c1ngulo de pulido recomendado: <strong>20\u00b0 \u2013 25\u00b0<\/strong> .<br \/>\n \u2714\ufe0f Utilice afiladores de diamante o de cer\u00e1mica para obtener mejores resultados.<br \/>\n \u2714\ufe0f El acero duro M390 requiere un afilado profesional para una larga vida \u00fatil de la hoja.<\/p>\n<div>\n<hr>\n<\/div>\n<h3>\ud83d\udc4d <strong>Ventajas y desventajas<\/strong><\/h3>\n<p>\u2705 <strong>Acero M390 de primera calidad<\/strong> : excelente nitidez y extrema durabilidad.<br \/>\n\u2705 <strong>Mecanismo Lightning OTF<\/strong> : acci\u00f3n instant\u00e1nea con un solo movimiento.<br \/>\n\u2705 <strong>DLC t\u00e1ctica<\/strong> : alta resistencia a ara\u00f1azos y reflejos.<br \/>\n\u2705 <strong>Mango ergon\u00f3mico<\/strong> : agarre firme y sujeci\u00f3n c\u00f3moda.<br \/>\n\u2705 <strong>Clip reversible<\/strong> : c\u00f3modo de llevar tanto para usuarios diestros como zurdos.<br \/>\n\u2705 <strong>Garant\u00eda de por vida<\/strong> \u2013 Microtech garantiza la m\u00e1xima calidad.<br \/>\n\u2705 <strong>Env\u00edo gratuito<\/strong> &#8211; entrega r\u00e1pida y segura.<\/p>\n<p>\u274c <strong>Precio m\u00e1s alto<\/strong> : corresponde a materiales de primera calidad y mano de obra de calidad.<br \/>\n \u274c <strong>Requiere mantenimiento regular<\/strong> : la limpieza y lubricaci\u00f3n del mecanismo es necesaria para un buen funcionamiento.<\/p>\n<div>\n<hr>\n<\/div>\n<h3><strong>Garant\u00eda de calidad de<\/strong> \ud83d\udd12<\/h3>\n<p>\ud83d\udee1\ufe0f <strong>Microtech ofrece una garant\u00eda de por vida en este modelo<\/strong> , lo que demuestra <strong>una mano de obra de primera calidad y una durabilidad extrema<\/strong> .<\/p>\n<p>\ud83d\ude9a <strong>Adem\u00e1s, obtienes env\u00edo gratis!<\/strong><\/p>\n<div>\n<hr>\n<\/div>\n<h3>\ud83d\udd1a <strong>Conclusi\u00f3n<\/strong><\/h3>\n<p><strong>El Microtech Combat Troodon Gen III 1144-1T<\/strong> es <strong>un cuchillo t\u00e1ctico OTF con excelentes materiales, mano de obra precisa y respuesta instant\u00e1nea<\/strong> . Si est\u00e1 buscando <strong>un cuchillo confiable y duradero<\/strong> que nunca le defraudar\u00e1, este modelo es una excelente opci\u00f3n. <\/p>\n<p>\ud83d\uded2 <strong>Compre hoy mismo este cuchillo de primera categor\u00eda con garant\u00eda de por vida y env\u00edo gratuito!<\/strong><\/p>\n<p><iframe title=\"Microtech Combat Troodon Torture Test\" width=\"800\" height=\"450\" src=\"https:\/\/www.youtube.com\/embed\/xE9TeOFYEjg?feature=oembed\" frameborder=\"0\" allow=\"accelerometer; autoplay; clipboard-write; encrypted-media; gyroscope; picture-in-picture; web-share\" referrerpolicy=\"strict-origin-when-cross-origin\" allowfullscreen><\/iframe><\/p>\n<p>&nbsp;<\/p>\n","protected":false},"excerpt":{"rendered":"<p><strong>El Microtech Combat Troodon Gen III 1144-1T es un cuchillo t\u00e1ctico OTF con excelentes materiales, mano de obra precisa y respuesta instant\u00e1nea. Si est\u00e1 buscando un cuchillo confiable y duradero que nunca le defraudar\u00e1, este modelo es una excelente opci\u00f3n. <\/strong><\/p>\n<p><strong>\ud83d\udce6 tu pedido ahora y obt\u00e9n env\u00edo gratis \ud83d\ude9a<\/strong><\/p>\n","protected":false},"featured_media":364686,"comment_status":"open","ping_status":"closed","template":"","meta":[],"pwb-brand":[3752],"product_brand":[],"product_cat":[3726,3729],"product_tag":[],"class_list":{"0":"post-400076","1":"product","2":"type-product","3":"status-publish","4":"has-post-thumbnail","6":"pwb-brand-microtecnologia","7":"product_cat-cuchillos","8":"product_cat-cuchillos-de-tiro","10":"first","11":"outofstock","12":"taxable","13":"shipping-taxable","14":"purchasable","15":"product-type-simple"},"brands":[{"id":3752,"name":"microtecnolog\u00eda","slug":"microtecnologia"}],"_links":{"self":[{"href":"https:\/\/www.moskito.cz\/es\/wp-json\/wp\/v2\/product\/400076","targetHints":{"allow":["GET"]}}],"collection":[{"href":"https:\/\/www.moskito.cz\/es\/wp-json\/wp\/v2\/product"}],"about":[{"href":"https:\/\/www.moskito.cz\/es\/wp-json\/wp\/v2\/types\/product"}],"replies":[{"embeddable":true,"href":"https:\/\/www.moskito.cz\/es\/wp-json\/wp\/v2\/comments?post=400076"}],"wp:featuredmedia":[{"embeddable":true,"href":"https:\/\/www.moskito.cz\/es\/wp-json\/wp\/v2\/media\/364686"}],"wp:attachment":[{"href":"https:\/\/www.moskito.cz\/es\/wp-json\/wp\/v2\/media?parent=400076"}],"wp:term":[{"taxonomy":"pwb-brand","embeddable":true,"href":"https:\/\/www.moskito.cz\/es\/wp-json\/wp\/v2\/pwb-brand?post=400076"},{"taxonomy":"product_brand","embeddable":true,"href":"https:\/\/www.moskito.cz\/es\/wp-json\/wp\/v2\/product_brand?post=400076"},{"taxonomy":"product_cat","embeddable":true,"href":"https:\/\/www.moskito.cz\/es\/wp-json\/wp\/v2\/product_cat?post=400076"},{"taxonomy":"product_tag","embeddable":true,"href":"https:\/\/www.moskito.cz\/es\/wp-json\/wp\/v2\/product_tag?post=400076"}],"curies":[{"name":"wp","href":"https:\/\/api.w.org\/{rel}","templated":true}]}}