{"id":400087,"date":"2025-04-22T16:48:59","date_gmt":"2025-04-22T16:30:02","guid":{"rendered":"https:\/\/www.moskito.cz\/produkt\/navaja-plegable-crkt-homefront-compact-k245kkp\/"},"modified":"2025-06-12T09:01:10","modified_gmt":"2025-06-12T08:01:10","slug":"navaja-plegable-crkt-homefront-compact-k245kkp","status":"publish","type":"product","link":"https:\/\/www.moskito.cz\/es\/produkt\/navaja-plegable-crkt-homefront-compact-k245kkp\/","title":{"rendered":"Navaja plegable CRKT Homefront Compact K245KKP"},"content":{"rendered":"<p data-pm-slice=\"1 1 []\">\ud83d\udd2a <strong>plegable compacta CRKT Homefront\u2122 cr-K245KKP<\/strong><\/p>\n<p>\ud83e\udde0  <strong>Descripci\u00f3n general:<\/strong>  El CRKT Homefront Compact es un cuchillo plegable moderno con un aspecto militar retro y un sistema Field Strip patentado que permite un f\u00e1cil desmontaje sin herramientas. El dise\u00f1o de Ken Onion combina dimensiones compactas con una alta funcionalidad. La elecci\u00f3n perfecta para el transporte diario (EDC) y el uso ligero al aire libre.  <\/p>\n<p>\ud83d\udcd0 <strong>Especificaciones:<\/strong><\/p>\n<ul data-spread=\"false\">\n<li>Longitud total: 178 mm<\/li>\n<li>Longitud de la hoja: 76 mm<\/li>\n<li>Longitud cerrada: 102 mm<\/li>\n<li>Grosor de la hoja: 2,5 mm<\/li>\n<li>Peso: 91 g<\/li>\n<li>Acero: 1.4116 (acero inoxidable)<\/li>\n<li>Acabado de la superficie: Lavado a la piedra<\/li>\n<li>Forma de la hoja: Punta ca\u00edda<\/li>\n<li>Apertura: Flipper<\/li>\n<li>Mecanismo: Tira de campo<\/li>\n<li>Mango: Nailon reforzado con fibra de vidrio (GRN)<\/li>\n<\/ul>\n<p>\u2728 <strong>Beneficios:<\/strong><\/p>\n<ul data-spread=\"false\">\n<li>El sistema patentado Field Strip permite una limpieza f\u00e1cil sin herramientas<\/li>\n<li>Compacto y ligero: ideal para el uso diario.<\/li>\n<li>Construcci\u00f3n robusta y hoja de acero inoxidable confiable.<\/li>\n<li>Dise\u00f1o militar elegante<\/li>\n<\/ul>\n<p>\u2699\ufe0f <strong>Uso y prop\u00f3sito:<\/strong> Cuchillo EDC ideal para tareas diarias, actividades ligeras al aire libre o como cuchillo de respaldo para campistas y viajeros. Gracias a su sencilla disposici\u00f3n, tambi\u00e9n es perfecto para aquellos que quieran mantener su cuchillo en perfectas condiciones incluso en el campo. <\/p>\n<p>\ud83c\udd9a <strong>Comparaci\u00f3n con la competencia:<\/strong><\/p>\n<table>\n<tbody>\n<tr>\n<th>Modelo<\/th>\n<th>Sistema de despliegue<\/th>\n<th>Peso<\/th>\n<th>Longitud de la hoja<\/th>\n<th>Precio<\/th>\n<\/tr>\n<tr>\n<td>CRKT Homefront Compact<\/td>\n<td>Franja de campo<\/td>\n<td>91 gramos<\/td>\n<td>76 mm<\/td>\n<td>\u2705 Asequible<\/td>\n<\/tr>\n<tr>\n<td>Mini Griptilian de Benchmade<\/td>\n<td>No (cl\u00e1sico)<\/td>\n<td>82 gramos<\/td>\n<td>74 mm<\/td>\n<td>\u274c Superior<\/td>\n<\/tr>\n<tr>\n<td>Elemento c\u00edvico<\/td>\n<td>No (cl\u00e1sico)<\/td>\n<td>78 gramos<\/td>\n<td>75 mm<\/td>\n<td>\u2705 Similares<\/td>\n<\/tr>\n<\/tbody>\n<\/table>\n<p>\u2795 <strong>Ventajas y desventajas:<\/strong> <strong>+<\/strong> F\u00e1cil mantenimiento sin herramientas<br \/>\n<strong>+<\/strong> Dise\u00f1o ligero y compacto.<br \/>\n<strong>+<\/strong> Material de mango duradero<br \/>\n<strong>\u2212<\/strong> Sin eje ni bloqueo de revestimiento: menos adecuado para trabajos pesados<br \/>\n<strong>\u2212<\/strong> Es posible que el tama\u00f1o m\u00e1s peque\u00f1o no se ajuste a manos m\u00e1s grandes.<\/p>\n<p>\ud83d\udee0\ufe0f <strong>Molienda y mantenimiento:<\/strong><\/p>\n<ul data-spread=\"false\">\n<li>\u00c1ngulo de rectificado recomendado: 20\u00b0<\/li>\n<li>Afilador recomendado: de cer\u00e1mica o de diamante.<\/li>\n<li>Frecuencia de molienda: una vez cada 4-6 semanas con uso regular<\/li>\n<li>Limpieza: se puede desmontar completamente mediante el sistema Field Strip<\/li>\n<li>Lubricaci\u00f3n: se recomienda aplicar aceite KPL o Ballistol en la junta y despu\u00e9s de limpiarla.<\/li>\n<\/ul>\n<p>\ud83c\udf81 <strong>del paquete:<\/strong><\/p>\n<ul data-spread=\"false\">\n<li>Navaja compacta CRKT Homefront<\/li>\n<li>Embalaje original de CRKT<\/li>\n<li>Manual del usuario del sistema Field Strip<\/li>\n<\/ul>\n<p><strong>Atractivo emocional final:<\/strong> \u2764\ufe0f Homefront\u2122 Compact es una prueba de que incluso un cuchillo compacto puede ocultar ideas realmente grandes. Si est\u00e1s buscando un cuchillo que puedas desmontar, limpiar y volver a montar f\u00e1cilmente en segundos, sin herramientas, lo has encontrado. Agr\u00e9guelo a su equipo y tenga la seguridad de que tiene a mano una herramienta que no le decepcionar\u00e1.  <\/p>\n<p>&nbsp;<\/p>\n","protected":false},"excerpt":{"rendered":"<p><strong>El CRKT Homefront Compact es una prueba de que incluso un cuchillo m\u00e1s peque\u00f1o puede ofrecer tecnolog\u00eda, rendimiento y dise\u00f1o de vanguardia. Si est\u00e1s buscando un cuchillo EDC compacto, confiable y f\u00e1cil de mantener, lo acabas de encontrar. Ken Onion ha superado una vez m\u00e1s los l\u00edmites de lo que puede ser una navaja plegable. \u00a1A\u00f1\u00e1delo a tu equipo hoy!   <\/strong><\/p>\n<p><strong>Env\u00edo gratis.<\/strong><\/p>\n","protected":false},"featured_media":400031,"comment_status":"open","ping_status":"closed","template":"","meta":[],"pwb-brand":[3765],"product_brand":[],"product_cat":[3726,3730],"product_tag":[],"class_list":{"0":"post-400087","1":"product","2":"type-product","3":"status-publish","4":"has-post-thumbnail","6":"pwb-brand-crkt-es","7":"product_cat-cuchillos","8":"product_cat-cuchillas-de-cierre","10":"first","11":"instock","12":"sale","13":"taxable","14":"shipping-taxable","15":"purchasable","16":"product-type-simple"},"brands":[{"id":3765,"name":"CRKT","slug":"crkt-es"}],"_links":{"self":[{"href":"https:\/\/www.moskito.cz\/es\/wp-json\/wp\/v2\/product\/400087","targetHints":{"allow":["GET"]}}],"collection":[{"href":"https:\/\/www.moskito.cz\/es\/wp-json\/wp\/v2\/product"}],"about":[{"href":"https:\/\/www.moskito.cz\/es\/wp-json\/wp\/v2\/types\/product"}],"replies":[{"embeddable":true,"href":"https:\/\/www.moskito.cz\/es\/wp-json\/wp\/v2\/comments?post=400087"}],"wp:featuredmedia":[{"embeddable":true,"href":"https:\/\/www.moskito.cz\/es\/wp-json\/wp\/v2\/media\/400031"}],"wp:attachment":[{"href":"https:\/\/www.moskito.cz\/es\/wp-json\/wp\/v2\/media?parent=400087"}],"wp:term":[{"taxonomy":"pwb-brand","embeddable":true,"href":"https:\/\/www.moskito.cz\/es\/wp-json\/wp\/v2\/pwb-brand?post=400087"},{"taxonomy":"product_brand","embeddable":true,"href":"https:\/\/www.moskito.cz\/es\/wp-json\/wp\/v2\/product_brand?post=400087"},{"taxonomy":"product_cat","embeddable":true,"href":"https:\/\/www.moskito.cz\/es\/wp-json\/wp\/v2\/product_cat?post=400087"},{"taxonomy":"product_tag","embeddable":true,"href":"https:\/\/www.moskito.cz\/es\/wp-json\/wp\/v2\/product_tag?post=400087"}],"curies":[{"name":"wp","href":"https:\/\/api.w.org\/{rel}","templated":true}]}}