{"id":400184,"date":"2024-11-14T22:04:34","date_gmt":"2024-11-14T21:04:34","guid":{"rendered":"https:\/\/www.moskito.cz\/produkt\/navaja-plegable-benchmade-stryker-9101sbk\/"},"modified":"2025-05-07T11:29:26","modified_gmt":"2025-05-07T10:29:26","slug":"navaja-plegable-benchmade-stryker-9101sbk","status":"publish","type":"product","link":"https:\/\/www.moskito.cz\/es\/produkt\/navaja-plegable-benchmade-stryker-9101sbk\/","title":{"rendered":"Navaja plegable Benchmade Stryker 9101SBK"},"content":{"rendered":"<p>Navaja plegable <strong>Benchmade<\/strong> Stryker 9101SBK.<\/p>\n<p>El Auto-Stryker 9101 de pr\u00f3xima generaci\u00f3n es un modelo mejorado de la popular serie Auto Stryker, que ofrece varias mejoras clave para un mejor rendimiento y comodidad. Este cuchillo est\u00e1 equipado con un mecanismo autom\u00e1tico de bot\u00f3n que permite una apertura r\u00e1pida y c\u00f3moda de la hoja, con un bloqueo de seguridad integrado para un uso seguro.<br \/>\nCaracter\u00edsticas principales:<\/p>\n<p>Mecanismo autom\u00e1tico de pulsador con bloqueo de seguridad integrado para garantizar una apertura segura y r\u00e1pida de la hoja.<br \/>\n Hoja tipo tanto 154CM fabricada en acero inoxidable (dureza 58-61 HRC), conocida por su durabilidad y capacidad de mantener el filo.<br \/>\n Mango de aluminio 6061-T6 mecanizado con anodizado negro, lo que garantiza una alta resistencia y resistencia a la corrosi\u00f3n.<br \/>\n Clip de bolsillo reversible abatible para un uso c\u00f3modo tanto para usuarios diestros como zurdos.<br \/>\n Dise\u00f1o de espaciador trasero abierto para facilitar el mantenimiento y la limpieza del cuchillo.<\/p>\n<p>Especificaciones:<\/p>\n<p>Longitud de la hoja: 9,10 cm<br \/>\n Grosor de la hoja: 3,15 mm<br \/>\n Longitud total del cuchillo abierto: 21,08 cm<br \/>\n Longitud del cuchillo cerrado: 11,94 cm<br \/>\n Peso: 110,56 g<br \/>\n Grosor del mango: 12,70 mm<br \/>\n Clase: Negra<br \/>\n Hecho en EE.UU.<\/p>\n<p>Este modelo es ideal para usuarios que buscan un cuchillo autom\u00e1tico de alta calidad, resistente, duradero, con un excelente dise\u00f1o y de f\u00e1cil mantenimiento.<\/p>\n<p>&nbsp;<\/p>\n","protected":false},"excerpt":{"rendered":"<p><strong>El Auto-Stryker 9101 de pr\u00f3xima generaci\u00f3n es un modelo mejorado de la popular serie Auto Stryker, que ofrece varias mejoras clave para un mejor rendimiento y comodidad. Este cuchillo est\u00e1 equipado con un mecanismo autom\u00e1tico de bot\u00f3n que permite una apertura r\u00e1pida y c\u00f3moda de la hoja, con un bloqueo de seguridad integrado para un uso seguro. <\/strong><\/p>\n<p><strong>Env\u00edo gratis.<\/strong><\/p>\n","protected":false},"featured_media":372444,"comment_status":"open","ping_status":"closed","template":"","meta":[],"pwb-brand":[3978],"product_brand":[],"product_cat":[3729,3726],"product_tag":[],"class_list":{"0":"post-400184","1":"product","2":"type-product","3":"status-publish","4":"has-post-thumbnail","6":"pwb-brand-hecho-a-mano-en-banco","7":"product_cat-cuchillos-de-tiro","8":"product_cat-cuchillos","10":"first","11":"instock","12":"taxable","13":"shipping-taxable","14":"purchasable","15":"product-type-simple"},"brands":[{"id":3978,"name":"Hecho a mano en banco","slug":"hecho-a-mano-en-banco"}],"_links":{"self":[{"href":"https:\/\/www.moskito.cz\/es\/wp-json\/wp\/v2\/product\/400184","targetHints":{"allow":["GET"]}}],"collection":[{"href":"https:\/\/www.moskito.cz\/es\/wp-json\/wp\/v2\/product"}],"about":[{"href":"https:\/\/www.moskito.cz\/es\/wp-json\/wp\/v2\/types\/product"}],"replies":[{"embeddable":true,"href":"https:\/\/www.moskito.cz\/es\/wp-json\/wp\/v2\/comments?post=400184"}],"wp:featuredmedia":[{"embeddable":true,"href":"https:\/\/www.moskito.cz\/es\/wp-json\/wp\/v2\/media\/372444"}],"wp:attachment":[{"href":"https:\/\/www.moskito.cz\/es\/wp-json\/wp\/v2\/media?parent=400184"}],"wp:term":[{"taxonomy":"pwb-brand","embeddable":true,"href":"https:\/\/www.moskito.cz\/es\/wp-json\/wp\/v2\/pwb-brand?post=400184"},{"taxonomy":"product_brand","embeddable":true,"href":"https:\/\/www.moskito.cz\/es\/wp-json\/wp\/v2\/product_brand?post=400184"},{"taxonomy":"product_cat","embeddable":true,"href":"https:\/\/www.moskito.cz\/es\/wp-json\/wp\/v2\/product_cat?post=400184"},{"taxonomy":"product_tag","embeddable":true,"href":"https:\/\/www.moskito.cz\/es\/wp-json\/wp\/v2\/product_tag?post=400184"}],"curies":[{"name":"wp","href":"https:\/\/api.w.org\/{rel}","templated":true}]}}