{"id":400397,"date":"2025-04-02T12:27:19","date_gmt":"2025-04-23T12:52:44","guid":{"rendered":"https:\/\/www.moskito.cz\/produkt\/navaja-plegable-medford-nosferatu-flipper\/"},"modified":"2025-05-07T11:29:31","modified_gmt":"2025-05-07T10:29:31","slug":"navaja-plegable-medford-nosferatu-flipper","status":"publish","type":"product","link":"https:\/\/www.moskito.cz\/es\/produkt\/navaja-plegable-medford-nosferatu-flipper\/","title":{"rendered":"Navaja plegable Medford Nosferatu Flipper"},"content":{"rendered":"<h3 data-pm-slice=\"1 1 []\"><strong>Navaja plegable Medford Nosferatu Flipper: lujo, funcionalidad y m\u00e1xima durabilidad<\/strong><\/h3>\n<h4><strong>Descripci\u00f3n general:<\/strong><\/h4>\n<p>El Medford Nosferatu Flipper es <strong>un cuchillo plegable exclusivo<\/strong> que combina <strong>un dise\u00f1o elegante, m\u00e1xima funcionalidad y una durabilidad sin concesiones<\/strong> . Inspirado en la m\u00edstica oscura del legendario vampiro Nosferatu, este modelo ofrece <strong>una combinaci\u00f3n \u00fanica de un mecanismo de aleta de precisi\u00f3n, un mango de titanio y acero CPM S35VN de primera calidad<\/strong> . Hecho a mano en EE. UU. \ud83c\uddfa\ud83c\uddf8 y su construcci\u00f3n robusta hacen de este cuchillo <strong>una opci\u00f3n ideal para el transporte diario (EDC), coleccionistas y usuarios exigentes que buscan una calidad excepcional<\/strong> .  <\/p>\n<p>\u2705 <strong>Mango de titanio<\/strong> : resistencia extrema y mano de obra lujosa<br \/>\n \u2705 <strong>Mecanismo de aleta<\/strong> : apertura suave e intuitiva con una sola mano<br \/>\n \u2705 <strong>Hoja de acero CPM S35VN<\/strong> : excelente nitidez y resistencia al desgaste<br \/>\n \u2705 <strong>Bloqueo de cuadro robusto (Frame Lock)<\/strong> : m\u00e1xima seguridad y resistencia<br \/>\n \u2705 <strong>Hecho en EE. UU \ud83c\uddfa\ud83c\uddf8 \u2013 hecho a mano con atenci\u00f3n al detalle<\/strong><\/p>\n<div>\n<hr>\n<\/div>\n<h3><strong>\ud83d\udd0e Especificaciones:<\/strong><\/h3>\n<ul data-spread=\"false\">\n<li><strong>Longitud total:<\/strong> 20,3 cm<\/li>\n<li><strong>Longitud de la hoja:<\/strong> 8,9 cm<\/li>\n<li><strong>Grosor de la hoja:<\/strong> 0,48 cm<\/li>\n<li><strong>Acero de la hoja:<\/strong> <strong>CPM S35VN<\/strong> \u2013 acero inoxidable de primera calidad con alta resistencia<\/li>\n<li><strong>Forma de la hoja:<\/strong> <strong>Wharncliffe<\/strong> : ideal para cortes precisos y m\u00e1ximo control<\/li>\n<li><strong>Acabado de la superficie de la hoja:<\/strong> <strong>Lavado a la piedra<\/strong> : aumenta la resistencia a los ara\u00f1azos.<\/li>\n<li><strong>Mango:<\/strong> <strong>Titanio<\/strong> \u2013 duradero y ligero<\/li>\n<li><strong>Mecanismo:<\/strong> <strong>Flipper<\/strong> &#8211; apertura extremadamente suave<\/li>\n<li><strong>Seguridad:<\/strong> <strong>Frame Lock<\/strong> : seguro y confiable<\/li>\n<li><strong>Peso:<\/strong> 200 g \u2013 equilibrio \u00f3ptimo entre resistencia y comodidad<\/li>\n<\/ul>\n<div>\n<hr>\n<\/div>\n<h3><strong>\ud83d\udd25 \u00bfPor qu\u00e9 elegir Medford Nosferatu Flipper?<\/strong><\/h3>\n<p>\u2714  <strong>Dise\u00f1o exclusivo inspirado en la elegancia oscura de Nosferatu<\/strong><br \/>\n \u2714 <strong>M\u00e1xima durabilidad gracias a la construcci\u00f3n de titanio y acero de primera calidad.<\/strong><br \/>\n \u2714 <strong>Apertura perfecta gracias al preciso mecanismo de aleta<\/strong><br \/>\n \u2714 <strong>M\u00e1xima nitidez y larga vida \u00fatil de la hoja.<\/strong><br \/>\n \u2714 <strong>Hecho a mano en EE. UU \ud83c\uddfa\ud83c\uddf8 &#8211; garant\u00eda de mano de obra precisa<\/strong><br \/>\n \u2714      <strong>Modelo muy dif\u00edcil de conseguir: una pieza exclusiva de coleccionista.<\/strong><\/p>\n<div>\n<hr>\n<\/div>\n<h3><strong>Forma de la hoja \ud83d\udd2a : cortes precisos y m\u00e1ximo control<\/strong><\/h3>\n<p>\u2714  <strong>Ideal para uso diario (EDC), corte de precisi\u00f3n y defensa t\u00e1ctica.<\/strong><br \/>\n \u2714 <strong>La hoja recta proporciona m\u00e1ximo control y precisi\u00f3n al cortar.<\/strong><br \/>\n \u2714   <strong>La construcci\u00f3n robusta significa una excelente durabilidad bajo uso intensivo.<\/strong><\/p>\n<div>\n<hr>\n<\/div>\n<h3><strong>\u2694 Comparaci\u00f3n con la competencia:<\/strong><\/h3>\n<table>\n<tbody>\n<tr>\n<th>Modelo<\/th>\n<th>Acero de la hoja<\/th>\n<th>Mecanismo<\/th>\n<th>Tratamiento de superficies<\/th>\n<th>Ventajas<\/th>\n<\/tr>\n<tr>\n<td><strong>Aleta Nosferatu de Medford<\/strong><\/td>\n<td>CPM S35VN<\/td>\n<td>Pinball<\/td>\n<td>Lavado a la piedra<\/td>\n<td>Mango de titanio, mecanismo de aleta preciso, dise\u00f1o lujoso.<\/td>\n<\/tr>\n<tr>\n<td><strong>Chris Reeve Inkosi<\/strong><\/td>\n<td>CPM S45VN<\/td>\n<td>Perno para el pulgar<\/td>\n<td>Lavado a la piedra<\/td>\n<td>Tama\u00f1o m\u00e1s peque\u00f1o, aspecto cl\u00e1sico.<\/td>\n<\/tr>\n<tr>\n<td><strong>Hinderer XM-18<\/strong><\/td>\n<td>20 CV<\/td>\n<td>Pinball<\/td>\n<td>Recubrimiento DLC<\/td>\n<td>Dise\u00f1o m\u00e1s agresivo, menos exclusividad que Medford<\/td>\n<\/tr>\n<\/tbody>\n<\/table>\n<div>\n<hr>\n<\/div>\n<h3>\u2705 <strong>Ventajas y desventajas<\/strong><\/h3>\n<p>\u2714  <strong>Mango de titanio: resistencia y aspecto exclusivo<\/strong><br \/>\n \u2714 <strong>Mecanismo de aleta: apertura suave e intuitiva con una mano<\/strong><br \/>\n \u2714 <strong>Acero CPM S35VN: vida \u00fatil de la hoja extremadamente larga<\/strong><br \/>\n \u2714 <strong>Hecho en EE. UU \ud83c\uddfa\ud83c\uddf8 \u2013 hecho a mano con precisi\u00f3n<\/strong><br \/>\n \u2714 <strong>Modelo exclusivo \u2013 muy dif\u00edcil de conseguir<\/strong><br \/>\n \u274c <strong>Precio m\u00e1s alto: corresponde a una calidad de lujo<\/strong><br \/>\n \u274c       <strong>Un dise\u00f1o espec\u00edfico puede no ser adecuado para todos<\/strong><\/p>\n<div>\n<hr>\n<\/div>\n<h3>\ud83c\udf81 <strong>Razones para comprar ahora<\/strong><\/h3>\n<p>\u2705 <strong>Env\u00edo gratuito<\/strong> &#8211; \u00a1sin cargos ocultos!<br \/>\n\u2705 <strong>Originalidad garantizada<\/strong> \u2013 Cuchillo Medford 100% aut\u00e9ntico de distribuci\u00f3n oficial.<br \/>\n\u2705 <strong>Env\u00edo r\u00e1pido<\/strong> : \u00a1los pedidos realizados antes de las 2:00 p. m. se enviar\u00e1n hoy!<br \/>\n\u2705 <strong>Regalo con el pedido<\/strong> : una sorpresa exclusiva con cada cuchillo.<\/p>\n<div>\n<hr>\n<\/div>\n<h3>\ud83d\udea8 <strong>Disponibilidad exclusiva: \u00a1Obt\u00e9n tu Medford Nosferatu Flipper mientras dure!<\/strong><\/h3>\n<p>El Medford Nosferatu Flipper no es un simple cuchillo plegable com\u00fan: <strong>es una obra maestra que combina lujo, funcionalidad y durabilidad sin concesiones<\/strong> . Este modelo es <strong>altamente coleccionable y muy dif\u00edcil de conseguir<\/strong> , lo que lo convierte <strong>en una gran inversi\u00f3n y en la herramienta perfecta para el uso diario<\/strong> . <\/p>\n<p>\ud83d\udd2a <strong>Ordene hoy su Medford Nosferatu Flipper y obtenga una pieza exclusiva hecha a mano en EE. UU.!<\/strong><\/p>\n","protected":false},"excerpt":{"rendered":"<p><strong>El Medford Nosferatu Flipper no es un simple cuchillo plegable com\u00fan: es una obra maestra que combina lujo, funcionalidad y una durabilidad inigualable. Este modelo es altamente coleccionable y muy dif\u00edcil de conseguir, lo que lo convierte en una gran inversi\u00f3n y en la herramienta perfecta para el uso diario. <\/strong><\/p>\n<p><strong>\ud83d\udd2a Ordene hoy su Medford Nosferatu Flipper y obtenga una pieza exclusiva hecha a mano en EE. UU.!<\/strong><\/p>\n<p><strong>\ud83d\udce6 tu pedido ahora y obt\u00e9n env\u00edo gratis \ud83d\ude9a<\/strong><\/p>\n","protected":false},"featured_media":398629,"comment_status":"open","ping_status":"closed","template":"","meta":[],"pwb-brand":[4019],"product_brand":[],"product_cat":[3730,3726],"product_tag":[],"class_list":{"0":"post-400397","1":"product","2":"type-product","3":"status-publish","4":"has-post-thumbnail","6":"pwb-brand-medford-es","7":"product_cat-cuchillas-de-cierre","8":"product_cat-cuchillos","10":"first","11":"instock","12":"taxable","13":"shipping-taxable","14":"purchasable","15":"product-type-simple"},"brands":[{"id":4019,"name":"Medford","slug":"medford-es"}],"_links":{"self":[{"href":"https:\/\/www.moskito.cz\/es\/wp-json\/wp\/v2\/product\/400397","targetHints":{"allow":["GET"]}}],"collection":[{"href":"https:\/\/www.moskito.cz\/es\/wp-json\/wp\/v2\/product"}],"about":[{"href":"https:\/\/www.moskito.cz\/es\/wp-json\/wp\/v2\/types\/product"}],"replies":[{"embeddable":true,"href":"https:\/\/www.moskito.cz\/es\/wp-json\/wp\/v2\/comments?post=400397"}],"wp:featuredmedia":[{"embeddable":true,"href":"https:\/\/www.moskito.cz\/es\/wp-json\/wp\/v2\/media\/398629"}],"wp:attachment":[{"href":"https:\/\/www.moskito.cz\/es\/wp-json\/wp\/v2\/media?parent=400397"}],"wp:term":[{"taxonomy":"pwb-brand","embeddable":true,"href":"https:\/\/www.moskito.cz\/es\/wp-json\/wp\/v2\/pwb-brand?post=400397"},{"taxonomy":"product_brand","embeddable":true,"href":"https:\/\/www.moskito.cz\/es\/wp-json\/wp\/v2\/product_brand?post=400397"},{"taxonomy":"product_cat","embeddable":true,"href":"https:\/\/www.moskito.cz\/es\/wp-json\/wp\/v2\/product_cat?post=400397"},{"taxonomy":"product_tag","embeddable":true,"href":"https:\/\/www.moskito.cz\/es\/wp-json\/wp\/v2\/product_tag?post=400397"}],"curies":[{"name":"wp","href":"https:\/\/api.w.org\/{rel}","templated":true}]}}