{"id":400449,"date":"2025-01-28T21:38:21","date_gmt":"2025-01-28T20:38:21","guid":{"rendered":"https:\/\/www.moskito.cz\/produkt\/navaja-plegable-benchmade-hunt-crooked-river-15080-2\/"},"modified":"2025-05-07T11:29:34","modified_gmt":"2025-05-07T10:29:34","slug":"navaja-plegable-benchmade-hunt-crooked-river-15080-2","status":"publish","type":"product","link":"https:\/\/www.moskito.cz\/es\/produkt\/navaja-plegable-benchmade-hunt-crooked-river-15080-2\/","title":{"rendered":"Navaja plegable Benchmade Hunt Crooked River 15080-2"},"content":{"rendered":"<p>Navaja plegable Benchmade Hunt Crooked River 15080-2<\/p>\n<p data-pm-slice=\"1 1 []\"><strong>El Benchmade Hunt Crooked River 15080-2<\/strong> es un cuchillo plegable de hermoso dise\u00f1o que forma parte de la popular serie <strong>Hunt<\/strong> de Benchmade. Este modelo est\u00e1 dise\u00f1ado para los amantes de la caza y las actividades al aire libre, pero tambi\u00e9n es ideal para el transporte diario (EDC) debido a su rendimiento, mano de obra de calidad y apariencia elegante. Este cuchillo combina est\u00e9tica y funcionalidad, lo que lo convierte en una gran herramienta para una amplia gama de usos.  <\/p>\n<h3><strong>Par\u00e1metros t\u00e9cnicos y caracter\u00edsticas<\/strong> :<\/h3>\n<ul data-spread=\"false\">\n<li><strong>Tipo de cuchillo<\/strong> : Navaja plegable.<\/li>\n<li><strong>Mecanismo de bloqueo<\/strong> : <strong>AXIS Lock<\/strong> : un mecanismo de bloqueo patentado conocido por su simplicidad, resistencia y seguridad. Este sistema permite un control f\u00e1cil y r\u00e1pido del cuchillo, garantizando un bloqueo seguro de la hoja tanto en posici\u00f3n abierta como cerrada. <\/li>\n<li><strong>Longitud de la hoja<\/strong> : 91 mm (3,58 pulgadas): ideal para cortar grandes cantidades de materiales como cuero, madera o alimentos.<\/li>\n<li><strong>Longitud total (abierta)<\/strong> : 211 mm (8,31 pulgadas).<\/li>\n<li><strong>Material de la hoja<\/strong> : <strong>acero S30V<\/strong> : acero inoxidable de alta calidad, muy resistente a la corrosi\u00f3n y al desgaste. El acero S30V mantiene su filo durante mucho tiempo y es conocido por su excelente dureza y durabilidad. <\/li>\n<li><strong>Dureza de la hoja<\/strong> : 58-60 HRC: dureza \u00f3ptima para una larga vida \u00fatil y un buen filo.<\/li>\n<li><strong>Mango<\/strong> : <strong>Mango de madera<\/strong> fabricado con <strong>contrachapado de madera estabilizada<\/strong> , que no solo es est\u00e9tico, sino tambi\u00e9n muy duradero y c\u00f3modo de usar incluso en condiciones de humedad.<\/li>\n<li><strong>Peso<\/strong> : 159 g (5,6 oz): el cuchillo es un poco m\u00e1s pesado, lo que se debe a la construcci\u00f3n robusta y al uso de un mango de madera, pero sigue siendo muy adecuado para EDC.<\/li>\n<li><strong>Sistema de apertura<\/strong> : Este modelo tiene una apertura suave y gracias a <strong>AXIS Lock,<\/strong> es f\u00e1cil de abrir y cerrar con una sola mano.<\/li>\n<\/ul>\n<h3><strong>Ventajas principales<\/strong> :<\/h3>\n<ol start=\"1\" data-spread=\"true\">\n<li><strong>Dise\u00f1o elegante y materiales de calidad<\/strong> :\n<ul data-spread=\"false\">\n<li>El mango de madera y la hoja de hermosa forma hacen del Crooked River 15080-2 no solo una herramienta funcional, sino tambi\u00e9n un objeto est\u00e9ticamente atractivo. El mango de madera aporta un aspecto tradicional que es adecuado para actividades al aire libre y de caza. <\/li>\n<\/ul>\n<\/li>\n<li><strong>Gran calidad de hoja (acero S30V)<\/strong> :\n<ul data-spread=\"false\">\n<li><strong>El acero S30V<\/strong> es conocido por su excelente resistencia a la corrosi\u00f3n y al desgaste, lo que significa que la hoja de este cuchillo mantendr\u00e1 su filo durante mucho tiempo y no requerir\u00e1 un afilado frecuente.<\/li>\n<\/ul>\n<\/li>\n<li><strong>Excelente mecanismo de bloqueo (AXIS Lock)<\/strong> :\n<ul data-spread=\"false\">\n<li>El sistema <strong>AXIS Lock<\/strong> es muy estable, confiable y f\u00e1cil de usar. Esto garantiza un bloqueo seguro de la hoja durante el uso y un plegado seguro del cuchillo despu\u00e9s de su uso. <\/li>\n<\/ul>\n<\/li>\n<li><strong>Versatilidad de uso<\/strong> :\n<ul data-spread=\"false\">\n<li>Este cuchillo es ideal para una amplia gama de actividades, que incluyen caza, campamentos y actividades al aire libre, pero tambi\u00e9n es ideal para llevarlo todos los d\u00edas. La longitud de la hoja y la construcci\u00f3n robusta permiten un uso eficaz para cortar y picar. <\/li>\n<\/ul>\n<\/li>\n<li><strong>Agarre equilibrado y c\u00f3modo<\/strong> :\n<ul data-spread=\"false\">\n<li>El mango de madera tiene forma ergon\u00f3mica, lo que garantiza un agarre c\u00f3modo y firme. Incluso con un uso prolongado del cuchillo, no provocar\u00e1 fatiga en las manos. <\/li>\n<\/ul>\n<\/li>\n<li><strong>Larga vida \u00fatil y durabilidad<\/strong> :\n<ul data-spread=\"false\">\n<li>La combinaci\u00f3n de <strong>acero S30V<\/strong> de alta calidad y <strong>madera estabilizada<\/strong> significa que este cuchillo es muy resistente al desgaste normal y a los da\u00f1os.<\/li>\n<\/ul>\n<\/li>\n<\/ol>\n<div>\n<hr>\n<\/div>\n<h3><strong>Desventajas<\/strong> :<\/h3>\n<ol start=\"1\" data-spread=\"true\">\n<li><strong>Precio m\u00e1s alto<\/strong> :\n<ul data-spread=\"false\">\n<li><strong>El Benchmade Crooked River 15080-2<\/strong> es uno de los cuchillos m\u00e1s caros del mercado, lo que puede resultar disuasorio para algunos usuarios. El precio es un reflejo de la calidad de los materiales, la mano de obra y la reputaci\u00f3n de la marca Benchmade. <\/li>\n<\/ul>\n<\/li>\n<li><strong>Mayor tama\u00f1o y peso<\/strong> :\n<ul data-spread=\"false\">\n<li>Este modelo es un poco m\u00e1s pesado y grande que otros cuchillos EDC, lo que puede ser una desventaja para los usuarios que prefieren cuchillos compactos y ligeros. Si buscas un cuchillo para uso urbano diario, este modelo puede resultar un poco voluminoso. <\/li>\n<\/ul>\n<\/li>\n<li><strong>Mantenimiento del mango de madera<\/strong> :\n<ul data-spread=\"false\">\n<li><strong>El mango de madera<\/strong> requiere cierto cuidado para mantener su apariencia y durabilidad. Puede da\u00f1arse si no se mantiene adecuadamente, como por ejemplo por exposici\u00f3n a alta humedad o sequedad extrema. <\/li>\n<\/ul>\n<\/li>\n<li><strong>Menos adecuado para trabajos muy precisos<\/strong> :\n<ul data-spread=\"false\">\n<li>Si bien este cuchillo es ideal para cazar y realizar tareas al aire libre m\u00e1s pesadas, puede que no sea la opci\u00f3n ideal para cortes finos y detallados (por ejemplo, en tareas art\u00edsticas o de campamento) debido a su tama\u00f1o y construcci\u00f3n.<\/li>\n<\/ul>\n<\/li>\n<\/ol>\n<div>\n<hr>\n<\/div>\n<h3><strong>Uso<\/strong> :<\/h3>\n<ul data-spread=\"false\">\n<li><strong>Caza y acampada<\/strong> : El Crooked River 15080-2 es ideal para cazadores porque tiene una hoja lo suficientemente larga y fuerte para procesar presas, cortar le\u00f1a y realizar otras tareas al aire libre.<\/li>\n<li><strong>Actividades al aire libre<\/strong> : ideal para practicar senderismo, acampar, pescar y todas las dem\u00e1s actividades al aire libre en las que necesita un cuchillo confiable para una amplia gama de tareas.<\/li>\n<li><strong>Everyday Carry (EDC)<\/strong> : Su dise\u00f1o hace que este cuchillo tambi\u00e9n sea atractivo para el transporte diario, aunque es m\u00e1s grande y m\u00e1s robusto que otros modelos.<\/li>\n<li><strong>Uso t\u00e1ctico<\/strong> : El cuchillo tambi\u00e9n es \u00fatil para situaciones b\u00e1sicas de autodefensa t\u00e1ctica o de rescate.<\/li>\n<\/ul>\n<div>\n<hr>\n<\/div>\n<h3><strong>Resumen<\/strong> :<\/h3>\n<p><strong>El Benchmade Hunt Crooked River 15080-2<\/strong> es una excelente opci\u00f3n para quienes buscan un cuchillo de caza de calidad que ofrezca excelentes propiedades de corte, apariencia est\u00e9tica y una construcci\u00f3n robusta. Con <strong>acero S30V<\/strong> y un hermoso <strong>mango de madera,<\/strong> es ideal para actividades al aire libre exigentes, pero a\u00fan lo suficientemente vers\u00e1til para el uso diario. Aunque tiene un precio m\u00e1s elevado y un tama\u00f1o mayor, ofrece una excelente mano de obra y una larga vida \u00fatil.  <\/p>\n<p>&nbsp;<\/p>\n","protected":false},"excerpt":{"rendered":"<p><strong>El Benchmade Hunt Crooked River 15080-2 es una excelente opci\u00f3n para quienes buscan un cuchillo de caza de calidad que ofrezca excelentes propiedades de corte, apariencia est\u00e9tica y una construcci\u00f3n robusta. Con acero S30V y un hermoso mango de madera, es ideal para actividades al aire libre exigentes, pero a\u00fan lo suficientemente vers\u00e1til para el uso diario. Aunque tiene un precio m\u00e1s elevado y un tama\u00f1o mayor, ofrece una excelente mano de obra y una larga vida \u00fatil.  <\/strong><\/p>\n<p><strong>Env\u00edo gratis.<\/strong><\/p>\n","protected":false},"featured_media":387911,"comment_status":"open","ping_status":"closed","template":"","meta":[],"pwb-brand":[3978],"product_brand":[],"product_cat":[3730,3726],"product_tag":[],"class_list":{"0":"post-400449","1":"product","2":"type-product","3":"status-publish","4":"has-post-thumbnail","6":"pwb-brand-hecho-a-mano-en-banco","7":"product_cat-cuchillas-de-cierre","8":"product_cat-cuchillos","10":"first","11":"instock","12":"taxable","13":"shipping-taxable","14":"purchasable","15":"product-type-simple"},"brands":[{"id":3978,"name":"Hecho a mano en banco","slug":"hecho-a-mano-en-banco"}],"_links":{"self":[{"href":"https:\/\/www.moskito.cz\/es\/wp-json\/wp\/v2\/product\/400449","targetHints":{"allow":["GET"]}}],"collection":[{"href":"https:\/\/www.moskito.cz\/es\/wp-json\/wp\/v2\/product"}],"about":[{"href":"https:\/\/www.moskito.cz\/es\/wp-json\/wp\/v2\/types\/product"}],"replies":[{"embeddable":true,"href":"https:\/\/www.moskito.cz\/es\/wp-json\/wp\/v2\/comments?post=400449"}],"wp:featuredmedia":[{"embeddable":true,"href":"https:\/\/www.moskito.cz\/es\/wp-json\/wp\/v2\/media\/387911"}],"wp:attachment":[{"href":"https:\/\/www.moskito.cz\/es\/wp-json\/wp\/v2\/media?parent=400449"}],"wp:term":[{"taxonomy":"pwb-brand","embeddable":true,"href":"https:\/\/www.moskito.cz\/es\/wp-json\/wp\/v2\/pwb-brand?post=400449"},{"taxonomy":"product_brand","embeddable":true,"href":"https:\/\/www.moskito.cz\/es\/wp-json\/wp\/v2\/product_brand?post=400449"},{"taxonomy":"product_cat","embeddable":true,"href":"https:\/\/www.moskito.cz\/es\/wp-json\/wp\/v2\/product_cat?post=400449"},{"taxonomy":"product_tag","embeddable":true,"href":"https:\/\/www.moskito.cz\/es\/wp-json\/wp\/v2\/product_tag?post=400449"}],"curies":[{"name":"wp","href":"https:\/\/api.w.org\/{rel}","templated":true}]}}