{"id":400452,"date":"2025-01-28T21:21:40","date_gmt":"2025-04-23T12:53:58","guid":{"rendered":"https:\/\/www.moskito.cz\/produkt\/navaja-plegable-benchmade-casbah-4400sbk\/"},"modified":"2025-05-07T11:29:35","modified_gmt":"2025-05-07T10:29:35","slug":"navaja-plegable-benchmade-casbah-4400sbk","status":"publish","type":"product","link":"https:\/\/www.moskito.cz\/es\/produkt\/navaja-plegable-benchmade-casbah-4400sbk\/","title":{"rendered":"Navaja plegable Benchmade Casbah 4400SBK"},"content":{"rendered":"<p>Navaja plegable Benchmade Casbah 4400SBK<\/p>\n<p data-pm-slice=\"1 1 []\"><strong>El Benchmade Casbah 4400SBK<\/strong> es un cuchillo plegable de alta calidad que forma parte de la serie Casbah de Benchmade. Este cuchillo se centra en la confiabilidad, la seguridad y la eficiencia. Es ideal para el transporte diario (EDC), pero tambi\u00e9n para uso t\u00e1ctico y al aire libre. Aqu\u00ed hay una descripci\u00f3n detallada de este modelo:   <\/p>\n<h3><strong>Par\u00e1metros t\u00e9cnicos y caracter\u00edsticas<\/strong> :<\/h3>\n<ul data-spread=\"false\">\n<li><strong>Tipo de cuchillo<\/strong> : Navaja plegable.<\/li>\n<li><strong>Mecanismo de bloqueo<\/strong> : <strong>Bloqueo de bot\u00f3n<\/strong> : este mecanismo es conocido por su simplicidad y eficiencia. La hoja se bloquea con un bot\u00f3n, lo que proporciona un bloqueo c\u00f3modo y seguro que es f\u00e1cil de operar con una mano. <\/li>\n<li><strong>Longitud de la hoja<\/strong> : 87 mm (3,42 pulgadas): ideal para una amplia gama de tareas, incluido cortar, picar y otras actividades comunes.<\/li>\n<li><strong>Longitud total (abierta)<\/strong> : 197 mm (7,75 pulgadas).<\/li>\n<li><strong>Material de la hoja<\/strong> : <strong>acero D2<\/strong> , acero de alta calidad conocido por su excelente resistencia al desgaste y la corrosi\u00f3n. Gracias a su alta dureza, mantendr\u00e1 su filo durante mucho tiempo, lo que significa que el cuchillo no requiere un afilado frecuente. <\/li>\n<li><strong>Dureza de la hoja<\/strong> : 60-62 HRC: esta dureza es ideal para una larga vida \u00fatil de la hoja manteniendo suficiente resistencia al desgaste.<\/li>\n<li><strong>Mango<\/strong> : <strong>Nailon relleno de fibra de vidrio<\/strong> : el mango est\u00e1 texturizado para un mejor agarre, lo que garantiza que el cuchillo se mantenga seguro en la mano incluso cuando est\u00e1 mojado.<\/li>\n<li><strong>Peso<\/strong> : 108 g (3,8 oz): relativamente ligero para el uso diario.<\/li>\n<li><strong>Sistema de apertura<\/strong> : <strong>Apertura asistida<\/strong> \u2013 La apertura de la hoja es r\u00e1pida y sencilla gracias al mecanismo de resorte, ideal para acceder r\u00e1pidamente al cuchillo cuando sea necesario.<\/li>\n<\/ul>\n<h3><strong>Ventajas principales<\/strong> :<\/h3>\n<ol start=\"1\" data-spread=\"true\">\n<li><strong>Apertura asistida<\/strong> :\n<ul data-spread=\"false\">\n<li>Gracias al sistema de apertura por resorte, el cuchillo est\u00e1 listo para usarse inmediatamente, lo que es ideal para situaciones en las que es necesario actuar con rapidez.<\/li>\n<\/ul>\n<\/li>\n<li><strong>Mecanismo de bloqueo seguro (bloqueo con bot\u00f3n pulsador)<\/strong> :\n<ul data-spread=\"false\">\n<li><strong>El bloqueo de bot\u00f3n<\/strong> es un mecanismo simple y eficaz que garantiza que la hoja est\u00e9 bloqueada de forma segura tanto en la posici\u00f3n abierta como en la cerrada. Permite un f\u00e1cil control del cuchillo con una mano. <\/li>\n<\/ul>\n<\/li>\n<li><strong>Alta durabilidad y dureza de la hoja<\/strong> :\n<ul data-spread=\"false\">\n<li><strong>El acero D2<\/strong> proporciona una excelente resistencia a la corrosi\u00f3n y al desgaste, lo que significa que la hoja conserva su filo por m\u00e1s tiempo y es ideal para tareas exigentes.<\/li>\n<\/ul>\n<\/li>\n<li><strong>Mango ergon\u00f3mico<\/strong> :\n<ul data-spread=\"false\">\n<li>El mango de nailon texturizado con relleno de fibra de vidrio proporciona un agarre firme y c\u00f3modo, lo que resulta beneficioso al utilizar el cuchillo en una variedad de condiciones, incluidas las manos mojadas.<\/li>\n<\/ul>\n<\/li>\n<li><strong>Ligereza y compacidad<\/strong> :\n<ul data-spread=\"false\">\n<li>El cuchillo pesa 108 g, lo que significa que es lo suficientemente liviano para llevarlo todos los d\u00edas, pero lo suficientemente resistente para las tareas cotidianas.<\/li>\n<\/ul>\n<\/li>\n<li><strong>Versatilidad<\/strong> :\n<ul data-spread=\"false\">\n<li>Este cuchillo es ideal para una amplia gama de usos, incluido el transporte diario (EDC), actividades al aire libre, campamento, pesca, pero tambi\u00e9n para actividades t\u00e1cticas b\u00e1sicas o de rescate.<\/li>\n<\/ul>\n<\/li>\n<\/ol>\n<div>\n<hr>\n<\/div>\n<h3><strong>Desventajas<\/strong> :<\/h3>\n<ol start=\"1\" data-spread=\"true\">\n<li><strong>Precio<\/strong> :\n<ul data-spread=\"false\">\n<li>Al igual que con otros cuchillos Benchmade, el precio del Casbah 4400SBK puede ser m\u00e1s alto para algunos usuarios en comparaci\u00f3n con la competencia. Para algunos, el precio puede resultar inadecuado dado el tama\u00f1o del cuchillo. <\/li>\n<\/ul>\n<\/li>\n<li><strong>Opciones limitadas para uso extremo<\/strong> :\n<ul data-spread=\"false\">\n<li>Si bien el cuchillo es excelente para las tareas cotidianas normales y las actividades al aire libre, para un uso militar o t\u00e1ctico extremo, podr\u00eda necesitarse un modelo m\u00e1s robusto con una hoja m\u00e1s grande y una construcci\u00f3n m\u00e1s fuerte.<\/li>\n<\/ul>\n<\/li>\n<li><strong>Sistema de bloqueo (bloqueo de bot\u00f3n)<\/strong> :\n<ul data-spread=\"false\">\n<li>Si bien este mecanismo es efectivo, algunos usuarios pueden preferir un sistema de bloqueo diferente, como <strong>AXIS Lock<\/strong> , que puede ser m\u00e1s estable o intuitivo en algunas situaciones.<\/li>\n<\/ul>\n<\/li>\n<\/ol>\n<div>\n<hr>\n<\/div>\n<h3><strong>Uso<\/strong> :<\/h3>\n<ul data-spread=\"false\">\n<li><strong>Transporte diario (EDC)<\/strong> : este cuchillo es ideal para llevar todos los d\u00edas debido a su tama\u00f1o compacto, dise\u00f1o ergon\u00f3mico y f\u00e1cil apertura.<\/li>\n<li><strong>Actividades al aire libre<\/strong> : adecuado para acampar, hacer senderismo, pescar y otras actividades al aire libre donde se necesita una herramienta confiable y liviana.<\/li>\n<li><strong>Uso t\u00e1ctico<\/strong> : Puede servir como un cuchillo t\u00e1ctico b\u00e1sico para defensa personal o para situaciones en las que se necesita una acci\u00f3n r\u00e1pida.<\/li>\n<li><strong>Situaciones de rescate<\/strong> : Asistencia en la extricaci\u00f3n o corte de cinturones de seguridad en caso de accidente.<\/li>\n<\/ul>\n<h3><strong>Resumen<\/strong> :<\/h3>\n<p><strong>El Benchmade Casbah 4400SBK<\/strong> es una excelente opci\u00f3n para quienes buscan un cuchillo de calidad, confiable y vers\u00e1til para llevar a diario o para actividades al aire libre. Gracias a la apertura asistida, al mango ergon\u00f3mico y al acero D2 de alta calidad, ofrece un excelente rendimiento para diversas tareas. Si est\u00e1 buscando un cuchillo que sea confiable y f\u00e1cil de usar, el Casbah 4400SBK es definitivamente una excelente opci\u00f3n.  <\/p>\n","protected":false},"excerpt":{"rendered":"<p><strong>El Benchmade Casbah 4400SBK es una excelente opci\u00f3n para quienes buscan un cuchillo de calidad, confiable y vers\u00e1til para llevar a diario o para actividades al aire libre. Gracias a la apertura asistida, al mango ergon\u00f3mico y al acero D2 de alta calidad, ofrece un excelente rendimiento para diversas tareas. Si est\u00e1 buscando un cuchillo que sea confiable y f\u00e1cil de usar, el Casbah 4400SBK es definitivamente una excelente opci\u00f3n.  <\/strong><\/p>\n<p><strong>Env\u00edo gratis.<\/strong><\/p>\n","protected":false},"featured_media":387877,"comment_status":"open","ping_status":"closed","template":"","meta":[],"pwb-brand":[3978],"product_brand":[],"product_cat":[3726,3729],"product_tag":[],"class_list":{"0":"post-400452","1":"product","2":"type-product","3":"status-publish","4":"has-post-thumbnail","6":"pwb-brand-hecho-a-mano-en-banco","7":"product_cat-cuchillos","8":"product_cat-cuchillos-de-tiro","10":"first","11":"outofstock","12":"taxable","13":"shipping-taxable","14":"purchasable","15":"product-type-simple"},"brands":[{"id":3978,"name":"Hecho a mano en banco","slug":"hecho-a-mano-en-banco"}],"_links":{"self":[{"href":"https:\/\/www.moskito.cz\/es\/wp-json\/wp\/v2\/product\/400452","targetHints":{"allow":["GET"]}}],"collection":[{"href":"https:\/\/www.moskito.cz\/es\/wp-json\/wp\/v2\/product"}],"about":[{"href":"https:\/\/www.moskito.cz\/es\/wp-json\/wp\/v2\/types\/product"}],"replies":[{"embeddable":true,"href":"https:\/\/www.moskito.cz\/es\/wp-json\/wp\/v2\/comments?post=400452"}],"wp:featuredmedia":[{"embeddable":true,"href":"https:\/\/www.moskito.cz\/es\/wp-json\/wp\/v2\/media\/387877"}],"wp:attachment":[{"href":"https:\/\/www.moskito.cz\/es\/wp-json\/wp\/v2\/media?parent=400452"}],"wp:term":[{"taxonomy":"pwb-brand","embeddable":true,"href":"https:\/\/www.moskito.cz\/es\/wp-json\/wp\/v2\/pwb-brand?post=400452"},{"taxonomy":"product_brand","embeddable":true,"href":"https:\/\/www.moskito.cz\/es\/wp-json\/wp\/v2\/product_brand?post=400452"},{"taxonomy":"product_cat","embeddable":true,"href":"https:\/\/www.moskito.cz\/es\/wp-json\/wp\/v2\/product_cat?post=400452"},{"taxonomy":"product_tag","embeddable":true,"href":"https:\/\/www.moskito.cz\/es\/wp-json\/wp\/v2\/product_tag?post=400452"}],"curies":[{"name":"wp","href":"https:\/\/api.w.org\/{rel}","templated":true}]}}