{"id":400471,"date":"2024-12-22T12:38:22","date_gmt":"2025-04-23T12:54:21","guid":{"rendered":"https:\/\/www.moskito.cz\/produkt\/cuchillo-fijo-dachs-knives-gnom\/"},"modified":"2025-05-23T09:39:14","modified_gmt":"2025-05-23T08:39:14","slug":"cuchillo-fijo-dachs-knives-gnom","status":"publish","type":"product","link":"https:\/\/www.moskito.cz\/es\/produkt\/cuchillo-fijo-dachs-knives-gnom\/","title":{"rendered":"Cuchillo fijo Dachs Knives GNOM"},"content":{"rendered":"<p>Cuchillo fijo Dachs Knives GNOM<\/p>\n<p>El cuchillo fijo GNOM de Dachs Knives es una herramienta robusta y funcional, ideal para actividades al aire libre, campamentos o uso diario en las condiciones m\u00e1s exigentes. Este cuchillo est\u00e1 dise\u00f1ado para proporcionar un excelente rendimiento y durabilidad, lo que lo convierte en una excelente opci\u00f3n para cualquiera que busque un cuchillo confiable y de calidad con un dise\u00f1o simple pero efectivo.<br \/>\n Caracter\u00edsticas principales: <\/p>\n<p>Material de la hoja:<br \/>\n ACERO: Este cuchillo generalmente est\u00e1 fabricado en acero inoxidable de alta calidad, lo que garantiza resistencia a la corrosi\u00f3n y excelentes propiedades de corte. El acero utilizado para la hoja puede ser muy resistente al desgaste, lo que lo hace ideal para trabajos m\u00e1s duros.<br \/>\n Dureza: Una hoja s\u00f3lida generalmente tiene una dureza en el rango de 56-58 HRC (para aceros com\u00fanmente utilizados), lo que garantiza una combinaci\u00f3n de durabilidad y capacidad de mantener el filo. <\/p>\n<p>Mango ergon\u00f3mico:<br \/>\n El mango est\u00e1 dise\u00f1ado para proporcionar un gran agarre incluso en condiciones dif\u00edciles. El material del mango puede variar, pero normalmente est\u00e1 hecho de un material duradero como Micarta o G10, que son conocidos por su resistencia a la humedad y buen agarre incluso cuando est\u00e1n mojados.<br \/>\n El dise\u00f1o del mango es ergon\u00f3mico, lo que permite un uso prolongado sin molestias. <\/p>\n<p>Forma de la hoja:<br \/>\n La forma de la hoja, estrecha o ancha, seg\u00fan la versi\u00f3n del cuchillo, est\u00e1 pensada para podar, cortar o rebanar con facilidad en condiciones exigentes. Suele tener una forma universal que resulta adecuada para una amplia gama de actividades, como cortar le\u00f1a, preparar alimentos u otras tareas comunes. <\/p>\n<p>Construcci\u00f3n:<br \/>\n La construcci\u00f3n de espiga completa significa que la hoja pasa a trav\u00e9s de todo el mango, lo que garantiza alta resistencia y durabilidad. Este tipo de construcci\u00f3n es ideal para duras condiciones exteriores y uso intensivo. <\/p>\n<p>Alojamiento:<br \/>\n El cuchillo viene con una funda de cuero o nailon de alta calidad que garantiza un almacenamiento seguro y un f\u00e1cil transporte del cuchillo. La funda suele estar dise\u00f1ada para permitir llevarla c\u00f3modamente en un cintur\u00f3n o en una mochila. <\/p>\n<p>Ventajas:<\/p>\n<p>Alta resistencia al desgaste y a la corrosi\u00f3n.<br \/>\n El dise\u00f1o ergon\u00f3mico del mango garantiza comodidad incluso durante un uso prolongado.<br \/>\n La construcci\u00f3n de espiga completa proporciona resistencia y estabilidad para tareas exigentes.<br \/>\n Uso universal: ideal para actividades al aire libre, camping o como herramienta de trabajo.<br \/>\n Estuche pr\u00e1ctico para un transporte f\u00e1cil y seguro.<\/p>\n<p>\u00bfPor qu\u00e9 comprar el cuchillo de hoja fija Dachs Knives GNOM?<\/p>\n<p>Si busca un cuchillo robusto y confiable para el uso diario, actividades al aire libre o para trabajar en la naturaleza, el Dachs Knives GNOM es la elecci\u00f3n ideal. Est\u00e1 dise\u00f1ado para tareas exigentes y ofrece un excelente rendimiento, larga vida \u00fatil y comodidad en su uso. Gracias a los materiales de calidad y una construcci\u00f3n de espiga completa, es ideal para una amplia gama de actividades y es lo suficientemente duradero para soportar incluso las tareas m\u00e1s dif\u00edciles.  <\/p>\n<p>El cuchillo de hoja fija Dachs Knives GNOM con las siguientes especificaciones es una herramienta excelente para una amplia gama de actividades al aire libre, as\u00ed como para el uso diario. Echemos un vistazo a las caracter\u00edsticas individuales que ofrece este cuchillo:<br \/>\n Presupuesto: <\/p>\n<p>Acero: acero inoxidable N690<br \/>\n N690 es un acero inoxidable de calidad que es popular por su resistencia a la corrosi\u00f3n y alta dureza. Tiene una excelente retenci\u00f3n de nitidez, lo que lo hace ideal para condiciones exigentes como acampar, hacer senderismo o cualquier otra actividad al aire libre.<br \/>\n Una dureza de 59HRC significa que el cuchillo ser\u00e1 resistente al desgaste y tendr\u00e1 una buena capacidad para conservar el filo durante mucho tiempo, sin dejar de ser lo suficientemente resistente para tareas exigentes. <\/p>\n<p>Longitud: 16,1 cm<br \/>\n La longitud total del cuchillo es de 16,1 cm, lo que lo hace compacto e ideal para actividades al aire libre. Este tama\u00f1o le da al cuchillo la longitud suficiente para un uso f\u00e1cil al rebanar, cortar u otras tareas, pero al mismo tiempo sigue siendo lo suficientemente peque\u00f1o para llevarlo c\u00f3modamente en un bolsillo o en un cintur\u00f3n. <\/p>\n<p>Puntas insertadas: Phillips y planas<br \/>\n El cuchillo est\u00e1 equipado con inserciones de punta cruzada y plana, lo que lo convierte en una herramienta multifuncional. Esto significa que adem\u00e1s de cortar y realizar tareas b\u00e1sicas, tambi\u00e9n puedes utilizar el cuchillo para trabajar con tornillos peque\u00f1os, lo cual es pr\u00e1ctico para reparaciones o peque\u00f1os trabajos de mantenimiento. <\/p>\n<p>Funda: Kydex<br \/>\n La funda de Kydex es muy duradera y protege el cuchillo contra da\u00f1os. Kydex tambi\u00e9n es liviano y resistente a la humedad, lo que garantiza la longevidad de la funda. Adem\u00e1s, este material proporciona un acceso f\u00e1cil y r\u00e1pido al cuchillo, lo que es ideal para uso en exteriores donde es necesario tener el cuchillo siempre listo para usar.  <\/p>\n<p>\u00bfPor qu\u00e9 comprar un cuchillo Dachs Knives GNOM?<\/p>\n<p>Versatilidad:<br \/>\n Gracias a las inserciones con punta en cruz y plana, el cuchillo no solo es ideal para cortar, sino tambi\u00e9n para reparaciones y peque\u00f1os trabajos en los que se necesita un destornillador.<\/p>\n<p>Resistencia:<br \/>\n El acero N690 con una dureza de 59HRC es ideal para uso a largo plazo en condiciones dif\u00edciles. El cuchillo ser\u00e1 resistente al desgaste, a la corrosi\u00f3n y mantendr\u00e1 su filo. <\/p>\n<p>Caso pr\u00e1ctico:<br \/>\n La funda de Kydex es liviana, duradera y protege el cuchillo contra da\u00f1os, lo que la hace ideal para todas las actividades al aire libre. Podr\u00e1s llevar el cuchillo c\u00f3modamente contigo y tenerlo siempre a mano. <\/p>\n<p>Tama\u00f1o compacto:<br \/>\n Con 16,1 cm de largo, el cuchillo es lo suficientemente compacto para llevarlo a diario, pero lo suficientemente robusto para tareas al aire libre.<\/p>\n<p>Materiales de calidad:<br \/>\n El mango de Micarta o G10 garantiza un buen agarre incluso en condiciones de humedad, lo que aumenta la comodidad durante su uso.<\/p>\n<p>Si est\u00e1 buscando un cuchillo robusto y vers\u00e1til para actividades al aire libre, camping, senderismo o como herramienta para el uso diario, el Dachs Knives GNOM es una gran elecci\u00f3n. Con sus materiales de calidad, insertos de tornillos y funda Kydex duradera, es una excelente soluci\u00f3n para cualquiera que busque un cuchillo confiable para cualquier situaci\u00f3n. <\/p>\n<p><iframe title=\"GNOM v\u0161estrann\u00fd pomocn\u00edk.\" width=\"800\" height=\"600\" src=\"https:\/\/www.youtube.com\/embed\/Y5Ri034FXBU?feature=oembed\" frameborder=\"0\" allow=\"accelerometer; autoplay; clipboard-write; encrypted-media; gyroscope; picture-in-picture; web-share\" referrerpolicy=\"strict-origin-when-cross-origin\" allowfullscreen><\/iframe><\/p>\n<p>&nbsp;<\/p>\n","protected":false},"excerpt":{"rendered":"<p><strong>Si est\u00e1 buscando un cuchillo robusto y vers\u00e1til para actividades al aire libre, camping, senderismo o como herramienta para el uso diario, el Dachs Knives GNOM es una gran elecci\u00f3n. Con sus materiales de calidad, insertos de tornillos y funda Kydex duradera, es una excelente soluci\u00f3n para cualquiera que busque un cuchillo confiable para cualquier situaci\u00f3n. <\/strong><\/p>\n","protected":false},"featured_media":385414,"comment_status":"open","ping_status":"closed","template":"","meta":[],"pwb-brand":[3809],"product_brand":[],"product_cat":[3726,3727],"product_tag":[],"class_list":{"0":"post-400471","1":"product","2":"type-product","3":"status-publish","4":"has-post-thumbnail","6":"pwb-brand-cuchillos-teckel","7":"product_cat-cuchillos","8":"product_cat-cuchillos-macizos","10":"first","11":"instock","12":"taxable","13":"shipping-taxable","14":"purchasable","15":"product-type-simple"},"brands":[{"id":3809,"name":"Cuchillos Teckel","slug":"cuchillos-teckel"}],"_links":{"self":[{"href":"https:\/\/www.moskito.cz\/es\/wp-json\/wp\/v2\/product\/400471","targetHints":{"allow":["GET"]}}],"collection":[{"href":"https:\/\/www.moskito.cz\/es\/wp-json\/wp\/v2\/product"}],"about":[{"href":"https:\/\/www.moskito.cz\/es\/wp-json\/wp\/v2\/types\/product"}],"replies":[{"embeddable":true,"href":"https:\/\/www.moskito.cz\/es\/wp-json\/wp\/v2\/comments?post=400471"}],"wp:featuredmedia":[{"embeddable":true,"href":"https:\/\/www.moskito.cz\/es\/wp-json\/wp\/v2\/media\/385414"}],"wp:attachment":[{"href":"https:\/\/www.moskito.cz\/es\/wp-json\/wp\/v2\/media?parent=400471"}],"wp:term":[{"taxonomy":"pwb-brand","embeddable":true,"href":"https:\/\/www.moskito.cz\/es\/wp-json\/wp\/v2\/pwb-brand?post=400471"},{"taxonomy":"product_brand","embeddable":true,"href":"https:\/\/www.moskito.cz\/es\/wp-json\/wp\/v2\/product_brand?post=400471"},{"taxonomy":"product_cat","embeddable":true,"href":"https:\/\/www.moskito.cz\/es\/wp-json\/wp\/v2\/product_cat?post=400471"},{"taxonomy":"product_tag","embeddable":true,"href":"https:\/\/www.moskito.cz\/es\/wp-json\/wp\/v2\/product_tag?post=400471"}],"curies":[{"name":"wp","href":"https:\/\/api.w.org\/{rel}","templated":true}]}}