{"id":400479,"date":"2024-12-06T10:24:01","date_gmt":"2025-04-23T12:54:31","guid":{"rendered":"https:\/\/www.moskito.cz\/produkt\/cuchillo-fijo-muela-4410-m\/"},"modified":"2025-05-07T11:29:40","modified_gmt":"2025-05-07T10:29:40","slug":"cuchillo-fijo-muela-4410-m","status":"publish","type":"product","link":"https:\/\/www.moskito.cz\/es\/produkt\/cuchillo-fijo-muela-4410-m\/","title":{"rendered":"Cuchillo fijo Muela 4410-M"},"content":{"rendered":"<p>Cuchillo fijo Muela 4410-M.<\/p>\n<p>El cuchillo Muela 4410-M Brown Jute Micarta es un cuchillo compacto de primera calidad, ideal para actividades al aire libre, caza y supervivencia. Este modelo destaca por sus materiales de alta calidad, su precisa fabricaci\u00f3n y su dise\u00f1o pr\u00e1ctico. <\/p>\n<p>Este cuchillo es la combinaci\u00f3n perfecta de funcionalidad y est\u00e9tica, lo que lo hace ideal para usuarios exigentes que buscan una herramienta confiable y pr\u00e1ctica.<\/p>\n<p>Material: Acero inoxidable X50CrMoV15 (1.4116).<br \/>\n Composici\u00f3n: 15% cromo, 0,8% molibdeno, 0,2% vanadio.<br \/>\n Caracter\u00edsticas:<br \/>\n Alta resistencia a la corrosi\u00f3n y al desgaste.<br \/>\n Dureza: 57\u201358 HRC, garantiza una excelente retenci\u00f3n del filo.<br \/>\n Se utiliza en instrumentos quir\u00fargicos y utensilios de cocina de alta calidad.<br \/>\n Forma: Punta gota con barriga pronunciada para uso universal.<br \/>\n Rectificado: Rectificado completamente plano (Flat Grind) para una combinaci\u00f3n de eficiencia de corte y resistencia.<br \/>\n Acabado superficial: Satinado, le da a la hoja un aspecto limpio y elegante.<\/p>\n<p>Manejar<\/p>\n<p>Material: Micarta de yute impermeable.<br \/>\n Dise\u00f1o: Forma ergon\u00f3mica para un agarre seguro y c\u00f3modo.<br \/>\n Caracter\u00edsticas:<br \/>\n Superficie pulida para mayor durabilidad y est\u00e9tica.<br \/>\n Remaches de lat\u00f3n con alto contenido de n\u00edquel para mayor resistencia.<br \/>\n Orificio para cord\u00f3n para sujetar f\u00e1cilmente el cuchillo.<\/p>\n<p>Usar<\/p>\n<p>Caza y procesamiento de piezas de caza.<br \/>\n Bushcraft y tareas al aire libre.<br \/>\n Supervivencia general y uso universal.<\/p>\n<p>Este cuchillo se destaca por sus materiales de primera calidad y un dise\u00f1o pr\u00e1ctico, lo que lo convierte en un compa\u00f1ero confiable para aventureros y entusiastas del aire libre.<\/p>\n<p>Alojamiento<\/p>\n<p>Descripci\u00f3n: Funda de cuero extendida que protege la hoja y parte del mango.<br \/>\n Material: Piel de vacuno natural de color marr\u00f3n, curtida de alta calidad.<br \/>\n Caracter\u00edsticas:<br \/>\n El logotipo del fabricante est\u00e1 grabado en relieve en la superficie.<br \/>\n Los bordes est\u00e1n acolchados decorativamente.<br \/>\n Permite la fijaci\u00f3n al cintur\u00f3n o equipo en posici\u00f3n vertical.<\/p>\n<p>Datos t\u00e9cnicos<\/p>\n<p>N\u00famero de producto: 4410-M<br \/>\n Nombre del producto: Muela 4410-M Yute Micarta Marr\u00f3n Sat\u00e9n<\/p>\n<p>Dimensiones<\/p>\n<p>Longitud total: 205,0 mm<br \/>\n Longitud de la hoja: 100,0 mm<br \/>\n Grosor de la hoja: n\/a<br \/>\n Longitud del mango: 105,0 mm<br \/>\n Grosor del mango: n\/a<br \/>\n Peso: 131,0 g<\/p>\n<p>Cuchilla<\/p>\n<p>Material: acero inoxidable X50CrMoV15<br \/>\n Dureza: n\/a<br \/>\n Molienda: Molienda completamente plana (Flat Grind)<br \/>\n Acabado: Satinado<\/p>\n<p>Dise\u00f1ador: Muela<br \/>\n Marca: Muela<br \/>\n Fabricante: Manufacturas Muela, SA<br \/>\n Pa\u00eds de origen: Espa\u00f1a<\/p>\n<p>&nbsp;<\/p>\n","protected":false},"excerpt":{"rendered":"<p><strong>El cuchillo Muela 4410-M Brown Jute Micarta es un cuchillo compacto de primera calidad, ideal para actividades al aire libre, caza y supervivencia. Este modelo destaca por sus materiales de alta calidad, su precisa fabricaci\u00f3n y su dise\u00f1o pr\u00e1ctico. <\/strong><\/p>\n","protected":false},"featured_media":380488,"comment_status":"open","ping_status":"closed","template":"","meta":[],"pwb-brand":[3908],"product_brand":[],"product_cat":[3726,3727],"product_tag":[],"class_list":{"0":"post-400479","1":"product","2":"type-product","3":"status-publish","4":"has-post-thumbnail","6":"pwb-brand-ella-tenia-que","7":"product_cat-cuchillos","8":"product_cat-cuchillos-macizos","10":"first","11":"instock","12":"taxable","13":"shipping-taxable","14":"purchasable","15":"product-type-simple"},"brands":[{"id":3908,"name":"Ella ten\u00eda que","slug":"ella-tenia-que"}],"_links":{"self":[{"href":"https:\/\/www.moskito.cz\/es\/wp-json\/wp\/v2\/product\/400479","targetHints":{"allow":["GET"]}}],"collection":[{"href":"https:\/\/www.moskito.cz\/es\/wp-json\/wp\/v2\/product"}],"about":[{"href":"https:\/\/www.moskito.cz\/es\/wp-json\/wp\/v2\/types\/product"}],"replies":[{"embeddable":true,"href":"https:\/\/www.moskito.cz\/es\/wp-json\/wp\/v2\/comments?post=400479"}],"wp:featuredmedia":[{"embeddable":true,"href":"https:\/\/www.moskito.cz\/es\/wp-json\/wp\/v2\/media\/380488"}],"wp:attachment":[{"href":"https:\/\/www.moskito.cz\/es\/wp-json\/wp\/v2\/media?parent=400479"}],"wp:term":[{"taxonomy":"pwb-brand","embeddable":true,"href":"https:\/\/www.moskito.cz\/es\/wp-json\/wp\/v2\/pwb-brand?post=400479"},{"taxonomy":"product_brand","embeddable":true,"href":"https:\/\/www.moskito.cz\/es\/wp-json\/wp\/v2\/product_brand?post=400479"},{"taxonomy":"product_cat","embeddable":true,"href":"https:\/\/www.moskito.cz\/es\/wp-json\/wp\/v2\/product_cat?post=400479"},{"taxonomy":"product_tag","embeddable":true,"href":"https:\/\/www.moskito.cz\/es\/wp-json\/wp\/v2\/product_tag?post=400479"}],"curies":[{"name":"wp","href":"https:\/\/api.w.org\/{rel}","templated":true}]}}