{"id":400611,"date":"2025-04-23T14:26:38","date_gmt":"2025-04-23T13:47:41","guid":{"rendered":"https:\/\/www.moskito.cz\/produkt\/navaja-plegable-crkt-bamboozled-brown-5720b\/"},"modified":"2025-05-07T11:29:43","modified_gmt":"2025-05-07T10:29:43","slug":"navaja-plegable-crkt-bamboozled-brown-5720b","status":"publish","type":"product","link":"https:\/\/www.moskito.cz\/es\/produkt\/navaja-plegable-crkt-bamboozled-brown-5720b\/","title":{"rendered":"Navaja plegable CRKT Bamboozled Brown 5720B"},"content":{"rendered":"<p data-pm-slice=\"1 1 []\">\ud83d\udd2a <strong>plegable CRKT Bamboozled\u2122 Brown CR-5720B<\/strong><\/p>\n<p>\u2728  <strong>Descripci\u00f3n general:<\/strong>  Elegante, moderno y cl\u00e1sico: el CRKT Bamboozled\u2122 del dise\u00f1ador Ken Onion es la elecci\u00f3n perfecta para el uso diario. Su mango G10 marr\u00f3n y su perfil delgado se ven muy elegantes, mientras que el bloqueo de revestimiento confiable y la apertura suave con una aleta asistida garantizan la funcionalidad que espera de un cuchillo. <\/p>\n<p>\ud83d\udcd0 <strong>Especificaciones:<\/strong><\/p>\n<ul data-spread=\"false\">\n<li>Longitud total: 203 mm<\/li>\n<li>Longitud de la hoja: 89 mm<\/li>\n<li>Grosor de la hoja: 3 mm<\/li>\n<li>Material de la hoja: 8Cr13MoV<\/li>\n<li>Dureza: aprox. 58-59 HRC<\/li>\n<li>Acabado de la superficie: Lavado a la piedra<\/li>\n<li>Forma de la hoja: Punta ca\u00edda<\/li>\n<li>Material del mango: G10 (marr\u00f3n)<\/li>\n<li>Tipo de fusible: Bloqueo de revestimiento<\/li>\n<li>Apertura: Flipper con asistencia<\/li>\n<li>Clip: Reposicionable (Inclinable)<\/li>\n<li>Peso: 102g<\/li>\n<\/ul>\n<p>\ud83e\uddf0 <strong>Afilado y mantenimiento:<\/strong> La hoja de acero 8Cr13MoV se puede afilar f\u00e1cilmente con afiladores normales o afiladores de diamante. Se recomienda limpiar peri\u00f3dicamente la hoja y lubricar el pivote con aceite para cuchillos para un funcionamiento suave y una vida \u00fatil m\u00e1s prolongada. <\/p>\n<p>\ud83e\udded <strong>Uso y prop\u00f3sito:<\/strong> Gran cierre de ocio para llevar a diario (EDC). Gracias a su elegante apariencia, tambi\u00e9n es adecuado como accesorio para la ciudad, pero no decepcionar\u00e1 durante actividades ligeras al aire libre. <\/p>\n<p>\u2694\ufe0f <strong>Beneficios:<\/strong><\/p>\n<ul data-spread=\"false\">\n<li>Dise\u00f1o elegante y \u00fanico de Ken Onion<\/li>\n<li>Apertura f\u00e1cil y r\u00e1pida gracias a la aleta.<\/li>\n<li>Bloqueo de revestimiento confiable<\/li>\n<li>Construcci\u00f3n ligera adecuada para el uso diario.<\/li>\n<\/ul>\n<p>\u2696\ufe0f <strong>Desventajas:<\/strong><\/p>\n<ul data-spread=\"false\">\n<li>El acero 8Cr13MoV requiere un pulido m\u00e1s frecuente<\/li>\n<li>Clip no removible en el otro lado (solo para usar en el lado derecho)<\/li>\n<\/ul>\n<p><strong>Conclusi\u00f3n:<\/strong> El cuchillo CRKT Bamboozled\u2122 no es solo una herramienta pr\u00e1ctica: es una expresi\u00f3n de personalidad. Sus l\u00edneas limpias, su mango G10 marr\u00f3n y su apertura r\u00e1pida te dar\u00e1n una sensaci\u00f3n de confianza y elegancia al mismo tiempo. Si est\u00e1s buscando un cuchillo EDC que combine estilo, calidad y funcionalidad, lo acabas de encontrar. El CRKT Bamboozled\u2122 es un cuchillo que nunca te decepcionar\u00e1 y adem\u00e1s tiene un buen aspecto.   <\/p>\n<p>&nbsp;<\/p>\n","protected":false},"excerpt":{"rendered":"<p><strong>El cuchillo CRKT Bamboozled\u2122 no es solo una herramienta pr\u00e1ctica: es una expresi\u00f3n de personalidad. Sus l\u00edneas limpias, su mango G10 marr\u00f3n y su apertura r\u00e1pida te dar\u00e1n una sensaci\u00f3n de confianza y elegancia al mismo tiempo. Si est\u00e1s buscando un cuchillo EDC que combine estilo, calidad y funcionalidad, lo acabas de encontrar. El CRKT Bamboozled\u2122 es un cuchillo que nunca te decepcionar\u00e1 y adem\u00e1s tiene un buen aspecto.   <\/strong><\/p>\n<p>&nbsp;<\/p>\n","protected":false},"featured_media":400514,"comment_status":"open","ping_status":"closed","template":"","meta":[],"pwb-brand":[3765],"product_brand":[],"product_cat":[3730,3726],"product_tag":[4004],"class_list":{"0":"post-400611","1":"product","2":"type-product","3":"status-publish","4":"has-post-thumbnail","6":"pwb-brand-crkt-es","7":"product_cat-cuchillas-de-cierre","8":"product_cat-cuchillos","9":"product_tag-nuevo","11":"first","12":"instock","13":"sale","14":"taxable","15":"shipping-taxable","16":"purchasable","17":"product-type-simple"},"brands":[{"id":3765,"name":"CRKT","slug":"crkt-es"}],"_links":{"self":[{"href":"https:\/\/www.moskito.cz\/es\/wp-json\/wp\/v2\/product\/400611","targetHints":{"allow":["GET"]}}],"collection":[{"href":"https:\/\/www.moskito.cz\/es\/wp-json\/wp\/v2\/product"}],"about":[{"href":"https:\/\/www.moskito.cz\/es\/wp-json\/wp\/v2\/types\/product"}],"replies":[{"embeddable":true,"href":"https:\/\/www.moskito.cz\/es\/wp-json\/wp\/v2\/comments?post=400611"}],"wp:featuredmedia":[{"embeddable":true,"href":"https:\/\/www.moskito.cz\/es\/wp-json\/wp\/v2\/media\/400514"}],"wp:attachment":[{"href":"https:\/\/www.moskito.cz\/es\/wp-json\/wp\/v2\/media?parent=400611"}],"wp:term":[{"taxonomy":"pwb-brand","embeddable":true,"href":"https:\/\/www.moskito.cz\/es\/wp-json\/wp\/v2\/pwb-brand?post=400611"},{"taxonomy":"product_brand","embeddable":true,"href":"https:\/\/www.moskito.cz\/es\/wp-json\/wp\/v2\/product_brand?post=400611"},{"taxonomy":"product_cat","embeddable":true,"href":"https:\/\/www.moskito.cz\/es\/wp-json\/wp\/v2\/product_cat?post=400611"},{"taxonomy":"product_tag","embeddable":true,"href":"https:\/\/www.moskito.cz\/es\/wp-json\/wp\/v2\/product_tag?post=400611"}],"curies":[{"name":"wp","href":"https:\/\/api.w.org\/{rel}","templated":true}]}}