{"id":400620,"date":"2025-04-23T14:47:58","date_gmt":"2025-04-23T13:48:29","guid":{"rendered":"https:\/\/www.moskito.cz\/produkt\/navaja-plegable-crkt-squid-black-2474\/"},"modified":"2025-05-07T11:29:44","modified_gmt":"2025-05-07T10:29:44","slug":"navaja-plegable-crkt-squid-black-2474","status":"publish","type":"product","link":"https:\/\/www.moskito.cz\/es\/produkt\/navaja-plegable-crkt-squid-black-2474\/","title":{"rendered":"Navaja plegable CRKT Squid Black 2474"},"content":{"rendered":"<p data-pm-slice=\"1 1 []\">\ud83d\udd2a <strong>plegable CRKT Squid\u2122 con bot\u00f3n de bloqueo CR-2474 negra<\/strong><\/p>\n<p><strong>Longitud total:<\/strong> 155 mm<br \/>\n<strong>Longitud de la hoja:<\/strong> 60 mm<br \/>\n<strong>Grosor de la hoja:<\/strong> 2,5 mm<br \/>\n<strong>Longitud del cuchillo cerrado:<\/strong> 95 mm<br \/>\n<strong>Peso:<\/strong> 85 g<br \/>\n<strong>Acero de la hoja:<\/strong> 8Cr14MoV<br \/>\n<strong>Dureza del acero:<\/strong> 58-59 HRC<br \/>\n<strong>Material del mango:<\/strong> acero inoxidable<br \/>\n<strong>Acabado superficial de la hoja:<\/strong> Lavado a la piedra<br \/>\n<strong>Forma de la hoja:<\/strong> Punta ca\u00edda<br \/>\n<strong>Bloqueo:<\/strong> Bloqueo de bot\u00f3n<\/p>\n<div>\n<hr>\n<\/div>\n<h3>\ud83c\udf1f <strong>y caracter\u00edsticas:<\/strong><\/h3>\n<p>El CRKT Squid\u2122 Button Lock en color negro es una versi\u00f3n moderna del legendario modelo Squid, esta vez con un mecanismo de bot\u00f3n de bloqueo intuitivo para un cierre y una apertura f\u00e1ciles y seguros. El dise\u00f1o de Lucas Burnley combina un estilo minimalista con el m\u00e1ximo rendimiento. Su tama\u00f1o compacto y su sorprendente robustez hacen de este cuchillo una opci\u00f3n ideal para el transporte diario (EDC).  <\/p>\n<p>La hoja de acero inoxidable 8Cr14MoV proporciona una durabilidad confiable y un afilado f\u00e1cil. La forma de la hoja Drop Point es universal para todos los prop\u00f3sitos comunes. La superficie lavada a piedra aumenta la resistencia a los ara\u00f1azos y le da al cuchillo un aspecto industrial. El mango de acero inoxidable se adapta perfectamente a la mano y se siente s\u00f3lido y estable.   <\/p>\n<div>\n<hr>\n<\/div>\n<h3>\u2696\ufe0f <strong>Ventajas y desventajas:<\/strong><\/h3>\n<p><strong>+<\/strong> Dimensiones compactas adecuadas para EDC<br \/>\n<strong>+<\/strong> Construcci\u00f3n de acero inoxidable de alta calidad.<br \/>\n<strong>+<\/strong> El bloqueo de botones garantiza un funcionamiento f\u00e1cil y seguro<br \/>\n<strong>+<\/strong> Excelente relaci\u00f3n precio\/rendimiento<br \/>\n<strong>\u2212<\/strong> Un tama\u00f1o m\u00e1s peque\u00f1o puede no ser adecuado para tareas m\u00e1s exigentes<\/p>\n<div>\n<hr>\n<\/div>\n<h3>\ud83d\udcaa <strong>Uso y finalidad:<\/strong><\/h3>\n<p>La elecci\u00f3n perfecta para el uso diario, para abrir paquetes, para peque\u00f1os cortes y para todo lo que se te presente durante el d\u00eda. Apto para diestros y zurdos. <\/p>\n<div>\n<hr>\n<\/div>\n<h3>\u2692\ufe0f <strong>Mantenimiento y rectificado:<\/strong><\/h3>\n<p>La hoja de acero 8Cr14MoV se puede afilar f\u00e1cilmente en casa utilizando un afilador cl\u00e1sico. Se recomienda limpiar peri\u00f3dicamente la articulaci\u00f3n y el mecanismo, idealmente con un cepillo seco o aire comprimido. Utilice aceite mineral o grasa de silicona para lubricar el mecanismo.  <\/p>\n<div>\n<hr>\n<\/div>\n<h3>\ud83c\udf1f <strong>:<\/strong><\/h3>\n<p>Si buscas un cuchillo que no te defraude y que tenga un aspecto estupendo para llevarlo todos los d\u00edas, el CRKT Squid\u2122 Button Lock Black es la elecci\u00f3n correcta. Dise\u00f1o minimalista, m\u00e1xima funcionalidad. Obtenga una pieza de ingenier\u00eda y estilo americano inteligente en su bolsillo. Este calamar te apoyar\u00e1 en cualquier momento y en cualquier lugar.   <\/p>\n<p>&nbsp;<\/p>\n","protected":false},"excerpt":{"rendered":"<p><strong>Si buscas un cuchillo que no te defraude y que tenga un aspecto estupendo para llevarlo todos los d\u00edas, el CRKT Squid\u2122 Button Lock Black es la elecci\u00f3n correcta. Dise\u00f1o minimalista, m\u00e1xima funcionalidad. Obtenga una pieza de ingenier\u00eda y estilo americano inteligente en su bolsillo. Este calamar te apoyar\u00e1 en cualquier momento y en cualquier lugar.   <\/strong><\/p>\n","protected":false},"featured_media":400570,"comment_status":"open","ping_status":"closed","template":"","meta":[],"pwb-brand":[3765],"product_brand":[],"product_cat":[3730,3726],"product_tag":[4004],"class_list":{"0":"post-400620","1":"product","2":"type-product","3":"status-publish","4":"has-post-thumbnail","6":"pwb-brand-crkt-es","7":"product_cat-cuchillas-de-cierre","8":"product_cat-cuchillos","9":"product_tag-nuevo","11":"first","12":"instock","13":"sale","14":"taxable","15":"shipping-taxable","16":"purchasable","17":"product-type-simple"},"brands":[{"id":3765,"name":"CRKT","slug":"crkt-es"}],"_links":{"self":[{"href":"https:\/\/www.moskito.cz\/es\/wp-json\/wp\/v2\/product\/400620","targetHints":{"allow":["GET"]}}],"collection":[{"href":"https:\/\/www.moskito.cz\/es\/wp-json\/wp\/v2\/product"}],"about":[{"href":"https:\/\/www.moskito.cz\/es\/wp-json\/wp\/v2\/types\/product"}],"replies":[{"embeddable":true,"href":"https:\/\/www.moskito.cz\/es\/wp-json\/wp\/v2\/comments?post=400620"}],"wp:featuredmedia":[{"embeddable":true,"href":"https:\/\/www.moskito.cz\/es\/wp-json\/wp\/v2\/media\/400570"}],"wp:attachment":[{"href":"https:\/\/www.moskito.cz\/es\/wp-json\/wp\/v2\/media?parent=400620"}],"wp:term":[{"taxonomy":"pwb-brand","embeddable":true,"href":"https:\/\/www.moskito.cz\/es\/wp-json\/wp\/v2\/pwb-brand?post=400620"},{"taxonomy":"product_brand","embeddable":true,"href":"https:\/\/www.moskito.cz\/es\/wp-json\/wp\/v2\/product_brand?post=400620"},{"taxonomy":"product_cat","embeddable":true,"href":"https:\/\/www.moskito.cz\/es\/wp-json\/wp\/v2\/product_cat?post=400620"},{"taxonomy":"product_tag","embeddable":true,"href":"https:\/\/www.moskito.cz\/es\/wp-json\/wp\/v2\/product_tag?post=400620"}],"curies":[{"name":"wp","href":"https:\/\/api.w.org\/{rel}","templated":true}]}}