{"id":400726,"date":"2025-04-23T15:45:24","date_gmt":"2025-04-23T15:00:28","guid":{"rendered":"https:\/\/www.moskito.cz\/produkt\/navaja-plegable-crkt-ken-onion-jr-bamboozled-5720k\/"},"modified":"2025-05-07T11:29:46","modified_gmt":"2025-05-07T10:29:46","slug":"navaja-plegable-crkt-ken-onion-jr-bamboozled-5720k","status":"publish","type":"product","link":"https:\/\/www.moskito.cz\/es\/produkt\/navaja-plegable-crkt-ken-onion-jr-bamboozled-5720k\/","title":{"rendered":"Navaja plegable CRKT Ken Onion Jr. Bamboozled 5720K"},"content":{"rendered":"<h3 data-pm-slice=\"1 1 []\">\ud83d\udd2a CRKT Ken Onion Jr. Bamboozled\u2122 5720K <\/h3>\n<p>Cuando la innovaci\u00f3n se une a la elegancia, se crea un cuchillo como  <strong>Jr. Enga\u00f1ado <\/strong>  \u2013 una versi\u00f3n reducida del cl\u00e1sico de dise\u00f1o del famoso <strong>Ken Onion<\/strong> , que combina precisi\u00f3n, elegancia y facilidad de uso diario.<\/p>\n<div>\n<hr>\n<\/div>\n<h3>\u2699\ufe0f Especificaciones:<\/h3>\n<ul data-spread=\"false\">\n<li><strong>Longitud total:<\/strong> 190 mm<\/li>\n<li><strong>Longitud de la hoja:<\/strong> 85 mm<\/li>\n<li><strong>Grosor de la hoja:<\/strong> 2,7 mm<\/li>\n<li><strong>Peso:<\/strong> 87g<\/li>\n<li><strong>Acero de la hoja:<\/strong> 8Cr13MoV<\/li>\n<li><strong>Dureza del acero:<\/strong> 58\u201360 HRC<\/li>\n<li><strong>Material del mango:<\/strong> Aluminio con entradas G10<\/li>\n<li><strong>Tratamiento superficial de la hoja:<\/strong> Lavado a la piedra<\/li>\n<li><strong>Forma de la hoja:<\/strong> Punta ca\u00edda<\/li>\n<li><strong>Apertura:<\/strong> Aleta sobre rodamientos de bolas<\/li>\n<li><strong>Bloqueo:<\/strong> Bloqueo de revestimiento<\/li>\n<li><strong>Clip:<\/strong> Reversible para llevar en profundidad<\/li>\n<\/ul>\n<div>\n<hr>\n<\/div>\n<h3>\ud83d\udc8e Beneficios:<\/h3>\n<ul data-spread=\"false\">\n<li>\u2714\ufe0f Dise\u00f1o elegante y funcional del legendario Ken Onion<\/li>\n<li>\u2714\ufe0f Excelente relaci\u00f3n tama\u00f1o-peso: ideal para uso diario<\/li>\n<li>\u2714\ufe0f Hoja de alta calidad de 8Cr13MoV: buena retenci\u00f3n del filo, f\u00e1cil afilado<\/li>\n<li>\u2714\ufe0f Aleta de funcionamiento suave gracias a los rodamientos: apertura ultrarr\u00e1pida con una mano<\/li>\n<li>\u2714\ufe0f Superficie de la hoja lavada a la piedra: resistencia a los ara\u00f1azos<\/li>\n<li>\u2714\ufe0f Mano de obra precisa y apariencia lujosa.<\/li>\n<\/ul>\n<div>\n<hr>\n<\/div>\n<h3>\ud83e\uddfc Molienda y mantenimiento:<\/h3>\n<ul data-spread=\"false\">\n<li><strong>Rectificado:<\/strong> \u00c1ngulo aprox. 20\u00b0, idealmente con una amoladora de diamante o de agua<\/li>\n<li><strong>Mantenimiento:<\/strong> Es aconsejable limpiar y lubricar peri\u00f3dicamente los cojinetes (por ejemplo con aceite Ballistol). El mango de aluminio con G10 requiere un cuidado m\u00ednimo. <\/li>\n<\/ul>\n<div>\n<hr>\n<\/div>\n<h3>\u2696\ufe0f Comparaci\u00f3n con la competencia:<\/h3>\n<table>\n<tbody>\n<tr>\n<th>Modelo<\/th>\n<th>Longitud de la hoja<\/th>\n<th>Acero<\/th>\n<th>Apertura<\/th>\n<th>Cerrar<\/th>\n<th>Peso<\/th>\n<\/tr>\n<tr>\n<td><strong>CRKT Jr. Desconcertado <\/strong><\/td>\n<td>79 mil\u00edmetros<\/td>\n<td>8Cr13MoV<\/td>\n<td>pinball<\/td>\n<td>Bloqueo de revestimiento<\/td>\n<td>87 gramos<\/td>\n<\/tr>\n<tr>\n<td>Elemento c\u00edvico<\/td>\n<td>76 mil\u00edmetros<\/td>\n<td>D2<\/td>\n<td>pinball<\/td>\n<td>Bloqueo de revestimiento<\/td>\n<td>77 gramos<\/td>\n<\/tr>\n<tr>\n<td>Fraxi\u00f3n de Kershaw<\/td>\n<td>72 mil\u00edmetros<\/td>\n<td>8Cr13MoV<\/td>\n<td>pinball<\/td>\n<td>Bloqueo de revestimiento<\/td>\n<td>56 gramos<\/td>\n<\/tr>\n<\/tbody>\n<\/table>\n<p>Jr. Bamboozled se siente muy bien en la mano e impresiona con su elegante dise\u00f1o que lo distingue de los cuchillos EDC comunes. Una gran elecci\u00f3n para quienes buscan algo m\u00e1s que un simple cuchillo funcional: un cuchillo con car\u00e1cter.  <\/p>\n<div>\n<hr>\n<\/div>\n<h3>\ud83c\udf81 del paquete:<\/h3>\n<ul data-spread=\"false\">\n<li>Navaja CRKT Jr. Bamboozled\u2122 5720K <\/li>\n<li>Caja original de CRKT<\/li>\n<li>Folleto de informaci\u00f3n de mantenimiento<\/li>\n<\/ul>\n<div>\n<hr>\n<\/div>\n<h3>Conclusi\u00f3n:<\/h3>\n<p><strong>Un cuchillo que habla el lenguaje del dise\u00f1o y la funcionalidad.<\/strong>  Si eres fan\u00e1tico de las l\u00edneas elegantes, la mano de obra precisa y buscas un cuchillo que combine tanto con jeans como con una camisa,  <strong>Jr. Enga\u00f1ado <\/strong>  Es exactamente correcto.<\/p>\n<p>\u2728  <strong>Ken Onion Jr. Bamboozled: una combinaci\u00f3n de estilo, calidad y practicidad que nunca te dejar\u00e1 colgado. A\u00f1ade un cuchillo con alma a tu colecci\u00f3n.  <\/strong><\/p>\n","protected":false},"excerpt":{"rendered":"<p>\u2728  <strong>Ken Onion Jr. Bamboozled: una combinaci\u00f3n de estilo, calidad y practicidad que nunca te dejar\u00e1 colgado. A\u00f1ade un cuchillo con alma a tu colecci\u00f3n.  <\/strong><\/p>\n","protected":false},"featured_media":400684,"comment_status":"open","ping_status":"closed","template":"","meta":[],"pwb-brand":[3765],"product_brand":[],"product_cat":[3730,3726],"product_tag":[4004],"class_list":{"0":"post-400726","1":"product","2":"type-product","3":"status-publish","4":"has-post-thumbnail","6":"pwb-brand-crkt-es","7":"product_cat-cuchillas-de-cierre","8":"product_cat-cuchillos","9":"product_tag-nuevo","11":"first","12":"instock","13":"taxable","14":"shipping-taxable","15":"purchasable","16":"product-type-simple"},"brands":[{"id":3765,"name":"CRKT","slug":"crkt-es"}],"_links":{"self":[{"href":"https:\/\/www.moskito.cz\/es\/wp-json\/wp\/v2\/product\/400726","targetHints":{"allow":["GET"]}}],"collection":[{"href":"https:\/\/www.moskito.cz\/es\/wp-json\/wp\/v2\/product"}],"about":[{"href":"https:\/\/www.moskito.cz\/es\/wp-json\/wp\/v2\/types\/product"}],"replies":[{"embeddable":true,"href":"https:\/\/www.moskito.cz\/es\/wp-json\/wp\/v2\/comments?post=400726"}],"wp:featuredmedia":[{"embeddable":true,"href":"https:\/\/www.moskito.cz\/es\/wp-json\/wp\/v2\/media\/400684"}],"wp:attachment":[{"href":"https:\/\/www.moskito.cz\/es\/wp-json\/wp\/v2\/media?parent=400726"}],"wp:term":[{"taxonomy":"pwb-brand","embeddable":true,"href":"https:\/\/www.moskito.cz\/es\/wp-json\/wp\/v2\/pwb-brand?post=400726"},{"taxonomy":"product_brand","embeddable":true,"href":"https:\/\/www.moskito.cz\/es\/wp-json\/wp\/v2\/product_brand?post=400726"},{"taxonomy":"product_cat","embeddable":true,"href":"https:\/\/www.moskito.cz\/es\/wp-json\/wp\/v2\/product_cat?post=400726"},{"taxonomy":"product_tag","embeddable":true,"href":"https:\/\/www.moskito.cz\/es\/wp-json\/wp\/v2\/product_tag?post=400726"}],"curies":[{"name":"wp","href":"https:\/\/api.w.org\/{rel}","templated":true}]}}