{"id":400847,"date":"2025-04-23T16:32:36","date_gmt":"2025-04-23T15:32:36","guid":{"rendered":"https:\/\/www.moskito.cz\/produkt\/navaja-plegable-crkt-ceo-desert-tan-7097dk\/"},"modified":"2025-05-07T11:29:50","modified_gmt":"2025-05-07T10:29:50","slug":"navaja-plegable-crkt-ceo-desert-tan-7097dk","status":"publish","type":"product","link":"https:\/\/www.moskito.cz\/es\/produkt\/navaja-plegable-crkt-ceo-desert-tan-7097dk\/","title":{"rendered":"Navaja plegable CRKT CEO Desert Tan 7097DK"},"content":{"rendered":"<h3 data-pm-slice=\"1 1 []\">\ud83d\udd2a CRKT CEO Flipper Desert Tan cr-7097DK<\/h3>\n<p>Elegante, delgado, sofisticado. <strong>El CRKT CEO Flipper Desert Tan<\/strong> est\u00e1 hecho para el caballero moderno que busca una herramienta funcional en un dise\u00f1o sobrio pero sofisticado. Cabe perfectamente en la chaqueta, la mochila o el bolsillo del pantal\u00f3n: sin llamar la atenci\u00f3n, pero con la m\u00e1xima eficacia.  <\/p>\n<div>\n<hr>\n<\/div>\n<h3>\u2699\ufe0f Especificaciones:<\/h3>\n<ul data-spread=\"false\">\n<li><strong>Longitud total:<\/strong> 190 mm<\/li>\n<li><strong>Longitud de la hoja:<\/strong> 79 mm<\/li>\n<li><strong>Grosor de la hoja:<\/strong> 2,3 mm<\/li>\n<li><strong>Peso:<\/strong> 59g<\/li>\n<li><strong>Acero de la hoja:<\/strong> 8Cr13MoV<\/li>\n<li><strong>Dureza del acero:<\/strong> 58\u201360 HRC<\/li>\n<li><strong>Material del mango:<\/strong> G10 (marr\u00f3n arena)<\/li>\n<li><strong>Acabado de la hoja:<\/strong> Satinado<\/li>\n<li><strong>Forma de la hoja:<\/strong> Punta ca\u00edda<\/li>\n<li><strong>Apertura:<\/strong> Flipper + rodamientos IKBS\u00ae<\/li>\n<li><strong>Bloqueo:<\/strong> Bloqueo de revestimiento<\/li>\n<li><strong>Clip:<\/strong> Deep Carry, reversible<\/li>\n<\/ul>\n<div>\n<hr>\n<\/div>\n<h3>\ud83d\udc8e Beneficios:<\/h3>\n<ul data-spread=\"false\">\n<li>\u2714\ufe0f Perfil ultrafino: perfecto para un uso discreto<\/li>\n<li>\u2714\ufe0f Elegante dise\u00f1o en color marr\u00f3n arena que destacar\u00e1<\/li>\n<li>\u2714\ufe0f Apertura r\u00e1pida y suave gracias a los rodamientos IKBS\u00ae<\/li>\n<li>\u2714\ufe0f Ligero como una pluma: solo 59 gramos<\/li>\n<li>\u2714\ufe0f Hoja Drop Point ideal para tareas EDC comunes<\/li>\n<li>\u2714\ufe0f Acero de calidad 8Cr13MoV: f\u00e1cil afilado, buena retenci\u00f3n<\/li>\n<\/ul>\n<div>\n<hr>\n<\/div>\n<h3>\ud83e\uddfc Molienda y mantenimiento:<\/h3>\n<ul data-spread=\"false\">\n<li><strong>Afilado:<\/strong> \u00c1ngulo recomendado 18\u201320\u00b0, f\u00e1cil de afilar con sacapuntas comunes (por ejemplo, Lansky, Work Sharp)<\/li>\n<li><strong>Mantenimiento:<\/strong> Mantenga la cuchilla seca, lubrique ocasionalmente los cojinetes IKBS con aceite. El mango G10 se puede limpiar f\u00e1cilmente con un pa\u00f1o h\u00famedo. <\/li>\n<\/ul>\n<div>\n<hr>\n<\/div>\n<h3>\u2696\ufe0f Comparaci\u00f3n con la competencia:<\/h3>\n<table>\n<tbody>\n<tr>\n<th>Modelo<\/th>\n<th>Longitud de la hoja<\/th>\n<th>Acero<\/th>\n<th>Peso<\/th>\n<th>Estilo<\/th>\n<th>Precio<\/th>\n<\/tr>\n<tr>\n<td><strong>Flipper Desert Tan, director ejecutivo de CRKT<\/strong><\/td>\n<td>79 mil\u00edmetros<\/td>\n<td>8Cr13MoV<\/td>\n<td>59 gramos<\/td>\n<td>De caballeros<\/td>\n<td>\ud83d\udcb0 \ud83d\udcb0<\/td>\n<\/tr>\n<tr>\n<td>Civivi Cr\u00f3nica<\/td>\n<td>76 mil\u00edmetros<\/td>\n<td>9Cr18MoV<\/td>\n<td>70 gramos<\/td>\n<td>De caballeros<\/td>\n<td>\ud83d\udcb0 \ud83d\udcb0<\/td>\n<\/tr>\n<tr>\n<td>Conserjer\u00eda Kershaw<\/td>\n<td>82 mil\u00edmetros<\/td>\n<td>8Cr13MoV<\/td>\n<td>95 gramos<\/td>\n<td>Moderno<\/td>\n<td>\ud83d\udcb0 \ud83d\udcb0<\/td>\n<\/tr>\n<\/tbody>\n<\/table>\n<p>El CRKT CEO es sin duda uno de los cuchillos m\u00e1s delgados y discretos del mercado: ideal para llevarlo a diario en la oficina, pero tambi\u00e9n como un discreto respaldo.<\/p>\n<div>\n<hr>\n<\/div>\n<h3>\ud83c\udff0 Contenido del paquete:<\/h3>\n<ul data-spread=\"false\">\n<li>Flipper Desert Tan, director ejecutivo de CRKT<\/li>\n<li>Caja original de CRKT<\/li>\n<li>Instrucciones de uso y mantenimiento<\/li>\n<\/ul>\n<div>\n<hr>\n<\/div>\n<h3>Conclusi\u00f3n:<\/h3>\n<p><strong>Una elegancia discreta con alma de profesional.<\/strong>  El director ejecutivo Flipper Desert Tan logra un equilibrio entre modestia y rendimiento. Este cuchillo nunca ser\u00e1 una carga para ti, pero siempre estar\u00e1 listo. <\/p>\n<p>\u2728  <strong>Prep\u00e1rate, pero con estilo. Obtenga una herramienta que lo diga todo, incluso cuando est\u00e9 en silencio. CEO Flipper es m\u00e1s que un cuchillo. Es una expresi\u00f3n de personalidad.   <\/strong><\/p>\n","protected":false},"excerpt":{"rendered":"<p>\u2728  <strong>Prep\u00e1rate, pero con estilo. Obtenga una herramienta que lo diga todo, incluso cuando est\u00e9 en silencio. CEO Flipper es m\u00e1s que un cuchillo. Es una expresi\u00f3n de personalidad.   <\/strong><\/p>\n","protected":false},"featured_media":400789,"comment_status":"open","ping_status":"closed","template":"","meta":[],"pwb-brand":[3765],"product_brand":[],"product_cat":[3730,3726],"product_tag":[4004],"class_list":{"0":"post-400847","1":"product","2":"type-product","3":"status-publish","4":"has-post-thumbnail","6":"pwb-brand-crkt-es","7":"product_cat-cuchillas-de-cierre","8":"product_cat-cuchillos","9":"product_tag-nuevo","11":"first","12":"outofstock","13":"taxable","14":"shipping-taxable","15":"purchasable","16":"product-type-simple"},"brands":[{"id":3765,"name":"CRKT","slug":"crkt-es"}],"_links":{"self":[{"href":"https:\/\/www.moskito.cz\/es\/wp-json\/wp\/v2\/product\/400847","targetHints":{"allow":["GET"]}}],"collection":[{"href":"https:\/\/www.moskito.cz\/es\/wp-json\/wp\/v2\/product"}],"about":[{"href":"https:\/\/www.moskito.cz\/es\/wp-json\/wp\/v2\/types\/product"}],"replies":[{"embeddable":true,"href":"https:\/\/www.moskito.cz\/es\/wp-json\/wp\/v2\/comments?post=400847"}],"wp:featuredmedia":[{"embeddable":true,"href":"https:\/\/www.moskito.cz\/es\/wp-json\/wp\/v2\/media\/400789"}],"wp:attachment":[{"href":"https:\/\/www.moskito.cz\/es\/wp-json\/wp\/v2\/media?parent=400847"}],"wp:term":[{"taxonomy":"pwb-brand","embeddable":true,"href":"https:\/\/www.moskito.cz\/es\/wp-json\/wp\/v2\/pwb-brand?post=400847"},{"taxonomy":"product_brand","embeddable":true,"href":"https:\/\/www.moskito.cz\/es\/wp-json\/wp\/v2\/product_brand?post=400847"},{"taxonomy":"product_cat","embeddable":true,"href":"https:\/\/www.moskito.cz\/es\/wp-json\/wp\/v2\/product_cat?post=400847"},{"taxonomy":"product_tag","embeddable":true,"href":"https:\/\/www.moskito.cz\/es\/wp-json\/wp\/v2\/product_tag?post=400847"}],"curies":[{"name":"wp","href":"https:\/\/api.w.org\/{rel}","templated":true}]}}