{"id":400865,"date":"2024-11-22T09:21:03","date_gmt":"2025-04-24T05:58:53","guid":{"rendered":"https:\/\/www.moskito.cz\/produkt\/navaja-plegable-crkt-nucleus-5702\/"},"modified":"2025-05-07T11:29:51","modified_gmt":"2025-05-07T10:29:51","slug":"navaja-plegable-crkt-nucleus-5702","status":"publish","type":"product","link":"https:\/\/www.moskito.cz\/es\/produkt\/navaja-plegable-crkt-nucleus-5702\/","title":{"rendered":"Navaja plegable CRKT Nucleus 5702"},"content":{"rendered":"<div class=\"flex-1 overflow-hidden @container\/thread\">\n<div class=\"h-full\">\n<div class=\"react-scroll-to-bottom--css-quzxw-79elbk h-full\">\n<div class=\"react-scroll-to-bottom--css-quzxw-1n7m0yu\">\n<div class=\"flex flex-col text-sm md:pb-9\">\n<article class=\"w-full scroll-mb-[var(--thread-trailing-height,150px)] text-token-text-primary focus-visible:outline-2 focus-visible:outline-offset-[-4px]\" dir=\"auto\" data-testid=\"conversation-turn-83\" data-scroll-anchor=\"true\">\n<div class=\"m-auto text-base py-[18px] px-3 md:px-4 w-full md:px-5 lg:px-4 xl:px-5\">\n<div class=\"mx-auto flex flex-1 gap-4 text-base md:gap-5 lg:gap-6 md:max-w-3xl\">\n<div class=\"group\/conversation-turn relative flex w-full min-w-0 flex-col agent-turn\">\n<div class=\"flex-col gap-1 md:gap-3\">\n<div class=\"flex max-w-full flex-col flex-grow\">\n<div class=\"min-h-8 text-message flex w-full flex-col items-end gap-2 whitespace-normal break-words text-start [.text-message+&amp;]:mt-5\" dir=\"auto\" data-message-author-role=\"assistant\" data-message-id=\"423f1961-ae63-4eb9-98ac-2adfd23f6c2c\" data-message-model-slug=\"gpt-4o-mini\">\n<div class=\"flex w-full flex-col gap-1 empty:hidden first:pt-[3px]\">\n<div class=\"markdown prose w-full break-words dark:prose-invert light\">\n<p><strong>El cuchillo plegable CRKT Nucleus 5702<\/strong> es un cuchillo moderno y altamente funcional, ideal para el transporte diario (EDC) y peque\u00f1as actividades al aire libre. Este modelo est\u00e1 dise\u00f1ado por el reconocido dise\u00f1ador Ken Onion y se destaca por <strong>su apariencia moderna<\/strong> , <strong>materiales de calidad<\/strong> y <strong>propiedades mec\u00e1nicas confiables<\/strong> . Utiliza el innovador <strong>sistema de rodamientos IKBS<\/strong> para una apertura suave y tiene una excelente <strong>ergonom\u00eda<\/strong> , lo que lo convierte en un compa\u00f1ero muy agradable para las tareas diarias.  <\/p>\n<h3><strong>Caracter\u00edsticas principales del CRKT Nucleus 5702:<\/strong><\/h3>\n<h4><strong>Cuchilla:<\/strong><\/h4>\n<ul>\n<li><strong>Material:<\/strong> La hoja est\u00e1 hecha de <strong>acero inoxidable 14C28N<\/strong> , que es un acero muy duradero que tiene una excelente <strong>resistencia a la corrosi\u00f3n<\/strong> y <strong>una buena capacidad para mantener el filo<\/strong> . Este material es muy valorado por <strong>su equilibrio de dureza<\/strong> y <strong>tenacidad<\/strong> , lo que garantiza una larga vida \u00fatil y un f\u00e1cil mantenimiento. <\/li>\n<li><strong>Forma de la hoja:<\/strong> <strong>La forma de la hoja de punta ca\u00edda<\/strong> es vers\u00e1til, adecuada para <strong>cortes generales<\/strong> y tambi\u00e9n para tareas m\u00e1s exigentes. Esta forma proporciona una punta fuerte para cortes de precisi\u00f3n y es ideal para una amplia gama de aplicaciones. <\/li>\n<li><strong>Tratamiento de la superficie:<\/strong> La hoja est\u00e1 tratada con <strong>un acabado granallado<\/strong> , que mejora su resistencia al rayado y al mismo tiempo le da un aspecto mate y elegante.<\/li>\n<\/ul>\n<h4><strong>Manejar:<\/strong><\/h4>\n<ul>\n<li><strong>Material:<\/strong> El mango est\u00e1 hecho de <strong>acero inoxidable<\/strong> con <strong>una capa G10<\/strong> , lo que garantiza <strong>un agarre firme y antideslizante<\/strong> . La combinaci\u00f3n de estos materiales aporta no s\u00f3lo durabilidad sino tambi\u00e9n est\u00e9tica. <\/li>\n<li><strong>Dise\u00f1o:<\/strong> El cuchillo tiene un dise\u00f1o minimalista con l\u00edneas limpias, lo que lo convierte en una herramienta moderna y elegante. El mango est\u00e1 dise\u00f1ado para <strong>un agarre c\u00f3modo<\/strong> , incluso cuando el cuchillo se utiliza durante per\u00edodos de tiempo prolongados. <\/li>\n<\/ul>\n<h4><strong>Mecanismo de apertura:<\/strong><\/h4>\n<ul>\n<li><strong>Sistema de cojinetes IKBS:<\/strong> Este innovador sistema de cojinetes permite una <strong>apertura de la hoja muy suave y r\u00e1pida<\/strong> con una sola mano. Esta es una de las principales ventajas de este cuchillo, que asegura una excelente experiencia de usuario. <\/li>\n<\/ul>\n<h4><strong>Cerrar con llave:<\/strong><\/h4>\n<ul>\n<li><strong>Bloqueo del marco:<\/strong> este sistema garantiza que <strong>la hoja quede firmemente bloqueada<\/strong> en la posici\u00f3n abierta. El bloqueo del marco es conocido por su confiabilidad y seguridad, lo que proporciona confianza al utilizar el cuchillo. <\/li>\n<\/ul>\n<h4><strong>Tama\u00f1o y peso:<\/strong><\/h4>\n<ul>\n<li><strong>Longitud de la hoja:<\/strong> 80,98 mm (3,19&#8243;)<\/li>\n<li><strong>Grosor de la hoja:<\/strong> 3,20 mm (0,13&#8243;)<\/li>\n<li><strong>Longitud total:<\/strong> 187,33 mm (7,38&#8243;)<\/li>\n<li><strong>Longitud plegada:<\/strong> 106,35 mm (4,19&#8243;)<\/li>\n<li><strong>Peso:<\/strong> 87,88 g (3,10 oz), lo que hace que el cuchillo <strong>sea f\u00e1cilmente port\u00e1til<\/strong> y <strong>c\u00f3modo para el transporte diario<\/strong> .<\/li>\n<\/ul>\n<h4><strong>Clip de transporte:<\/strong><\/h4>\n<ul>\n<li><strong>Clip para cintur\u00f3n:<\/strong> El cuchillo est\u00e1 equipado con <strong>un clip de transporte abatible<\/strong> que permite llevarlo c\u00f3modamente en un bolsillo o en un cintur\u00f3n, para que siempre est\u00e9 a mano.<\/li>\n<\/ul>\n<h3><strong>Dise\u00f1o y uso:<\/strong><\/h3>\n<p><strong>El CRKT Nucleus 5702<\/strong> est\u00e1 dise\u00f1ado para ser <strong>una excelente herramienta de transporte diario (EDC)<\/strong> . Es adecuado para una amplia gama de actividades, como <strong>cortar, rebanar<\/strong> o <strong>manipular materiales<\/strong> . Gracias a su dise\u00f1o y calidad de fabricaci\u00f3n, es ideal para <strong>actividades ligeras al aire libre<\/strong> y para <strong>las tareas cotidianas<\/strong> , donde apreciar\u00e1 un manejo sencillo y <strong>una gran fiabilidad<\/strong> .  <\/p>\n<p>El cuchillo tambi\u00e9n es adecuado para <strong>acampar<\/strong> , <strong>hacer senderismo<\/strong> o <strong>cazar<\/strong> , donde puede servir no solo como una herramienta para procesar materiales, sino tambi\u00e9n como un asistente confiable en diversas actividades al aire libre.<\/p>\n<h3><strong>Especificaciones:<\/strong><\/h3>\n<ul>\n<li><strong>Material de la hoja:<\/strong> acero inoxidable 14C28N<\/li>\n<li><strong>Forma de la hoja:<\/strong> Punta ca\u00edda<\/li>\n<li><strong>Acabado de la hoja:<\/strong> Bead Blast<\/li>\n<li><strong>Longitud de la hoja:<\/strong> 80,98 mm (3,19&#8243;)<\/li>\n<li><strong>Grosor de la hoja:<\/strong> 3,20 mm (0,13&#8243;)<\/li>\n<li><strong>Longitud total:<\/strong> 187,33 mm (7,38&#8243;)<\/li>\n<li><strong>Longitud plegada:<\/strong> 106,35 mm (4,19&#8243;)<\/li>\n<li><strong>Peso:<\/strong> 87,88 g (3,10 oz)<\/li>\n<li><strong>Material del mango:<\/strong> acero inoxidable con capa G10<\/li>\n<li><strong>Estilo:<\/strong> Navaja plegable con mecanismo <strong>de bloqueo de marco<\/strong><\/li>\n<li><strong>Clip de transporte:<\/strong> S\u00ed, para transporte <strong>con la tapa hacia arriba<\/strong><\/li>\n<\/ul>\n<h3><strong>Conclusi\u00f3n:<\/strong><\/h3>\n<p><strong>El CRKT Nucleus 5702<\/strong> es un <strong>cuchillo plegable<\/strong> de calidad que ofrece <strong>una combinaci\u00f3n de dise\u00f1o moderno<\/strong> , <strong>materiales confiables<\/strong> y <strong>mecanismos innovadores<\/strong> . Con su <strong>sistema de rodamientos IKBS<\/strong> , <strong>mecanismo de bloqueo de marco<\/strong> y <strong>acero 14C28N de alta calidad,<\/strong> este cuchillo es una excelente opci\u00f3n para el transporte diario y una amplia gama de tareas. Si est\u00e1 buscando un cuchillo <strong>ergon\u00f3mico<\/strong> , <strong>funcional<\/strong> y <strong>elegante<\/strong> , el CRKT Nucleus 5702 es una excelente opci\u00f3n.  <\/p>\n<\/div>\n<\/div>\n<\/div>\n<\/div>\n<div class=\"mb-2 flex gap-3 empty:hidden -ml-2\">\n<div class=\"items-center justify-start rounded-xl p-1 flex\">\n<div class=\"flex items-center\"><\/div>\n<\/div>\n<\/div>\n<div class=\"pr-2 lg:pr-0\"><\/div>\n<div class=\"mt-3 w-full empty:hidden\">\n<div class=\"text-center\"><\/div>\n<\/div>\n<\/div>\n<div class=\"absolute\">\n<div class=\"flex items-center justify-center\"><\/div>\n<\/div>\n<\/div>\n<\/div>\n<\/div>\n<\/article>\n<\/div>\n<\/div>\n<\/div>\n<\/div>\n<\/div>\n<div class=\"md:pt-0 dark:border-white\/20 md:border-transparent md:dark:border-transparent w-full\">\n<div>\n<div class=\"m-auto text-base px-3 md:px-4 w-full md:px-5 lg:px-4 xl:px-5\">\n<div class=\"mx-auto flex flex-1 gap-4 text-base md:gap-5 lg:gap-6 md:max-w-3xl\">\n<div class=\"flex justify-center\"><\/div>\n<\/div>\n<\/div>\n<\/div>\n<\/div>\n<p><iframe title=\"CRKT Nucleus | Princeton Wong Design\" width=\"800\" height=\"450\" src=\"https:\/\/www.youtube.com\/embed\/cBbYdfLNimQ?feature=oembed\" frameborder=\"0\" allow=\"accelerometer; autoplay; clipboard-write; encrypted-media; gyroscope; picture-in-picture; web-share\" referrerpolicy=\"strict-origin-when-cross-origin\" allowfullscreen><\/iframe><\/p>\n<p>&nbsp;<\/p>\n<p>&nbsp;<\/p>\n","protected":false},"excerpt":{"rendered":"<p><strong>El CRKT Nucleus 5702 es un cuchillo plegable de calidad que ofrece una combinaci\u00f3n de dise\u00f1o moderno, materiales confiables y mecanismos innovadores. Con su sistema de rodamientos IKBS, mecanismo de bloqueo de marco y acero 14C28N de alta calidad, este cuchillo es una excelente opci\u00f3n para el transporte diario y una amplia gama de tareas. Si busca un cuchillo ergon\u00f3mico, funcional y elegante, el CRKT Nucleus 5702 es una excelente opci\u00f3n.  <\/strong><\/p>\n","protected":false},"featured_media":376294,"comment_status":"open","ping_status":"closed","template":"","meta":[],"pwb-brand":[3765],"product_brand":[],"product_cat":[3730,3726],"product_tag":[],"class_list":{"0":"post-400865","1":"product","2":"type-product","3":"status-publish","4":"has-post-thumbnail","6":"pwb-brand-crkt-es","7":"product_cat-cuchillas-de-cierre","8":"product_cat-cuchillos","10":"first","11":"instock","12":"sale","13":"taxable","14":"shipping-taxable","15":"purchasable","16":"product-type-simple"},"brands":[{"id":3765,"name":"CRKT","slug":"crkt-es"}],"_links":{"self":[{"href":"https:\/\/www.moskito.cz\/es\/wp-json\/wp\/v2\/product\/400865","targetHints":{"allow":["GET"]}}],"collection":[{"href":"https:\/\/www.moskito.cz\/es\/wp-json\/wp\/v2\/product"}],"about":[{"href":"https:\/\/www.moskito.cz\/es\/wp-json\/wp\/v2\/types\/product"}],"replies":[{"embeddable":true,"href":"https:\/\/www.moskito.cz\/es\/wp-json\/wp\/v2\/comments?post=400865"}],"wp:featuredmedia":[{"embeddable":true,"href":"https:\/\/www.moskito.cz\/es\/wp-json\/wp\/v2\/media\/376294"}],"wp:attachment":[{"href":"https:\/\/www.moskito.cz\/es\/wp-json\/wp\/v2\/media?parent=400865"}],"wp:term":[{"taxonomy":"pwb-brand","embeddable":true,"href":"https:\/\/www.moskito.cz\/es\/wp-json\/wp\/v2\/pwb-brand?post=400865"},{"taxonomy":"product_brand","embeddable":true,"href":"https:\/\/www.moskito.cz\/es\/wp-json\/wp\/v2\/product_brand?post=400865"},{"taxonomy":"product_cat","embeddable":true,"href":"https:\/\/www.moskito.cz\/es\/wp-json\/wp\/v2\/product_cat?post=400865"},{"taxonomy":"product_tag","embeddable":true,"href":"https:\/\/www.moskito.cz\/es\/wp-json\/wp\/v2\/product_tag?post=400865"}],"curies":[{"name":"wp","href":"https:\/\/api.w.org\/{rel}","templated":true}]}}