{"id":411250,"date":"2025-03-17T13:43:27","date_gmt":"2025-03-17T12:43:27","guid":{"rendered":"https:\/\/www.moskito.cz\/produkt\/cuchillo-beltrame-de-cuerno-de-bufalo-de-28-cm\/"},"modified":"2025-06-27T10:45:50","modified_gmt":"2025-06-27T09:45:50","slug":"cuchillo-beltrame-de-cuerno-de-bufalo-de-28-cm","status":"publish","type":"product","link":"https:\/\/www.moskito.cz\/es\/produkt\/cuchillo-beltrame-de-cuerno-de-bufalo-de-28-cm\/","title":{"rendered":"Cuchillo Beltrame de cuerno de b\u00fafalo de 28 cm"},"content":{"rendered":"<p data-start=\"67\" data-end=\"120\"><strong data-start=\"70\" data-end=\"118\">Cuchillo Beltrame de cuerno de b\u00fafalo de 28<\/strong> \ud83d\udd25<\/p>\n<p data-start=\"122\" data-end=\"459\">\ud83d\udd2a <strong data-start=\"125\" data-end=\"156\">Beltrame Buffalo Horn de 28 cm<\/strong> es un ic\u00f3nico <strong data-start=\"169\" data-end=\"208\">cuchillo italiano de estilete<\/strong> que combina <strong data-start=\"226\" data-end=\"299\">artesan\u00eda tradicional, dise\u00f1o elegante y mecanismo preciso<\/strong> . Este modelo cuenta con <strong data-start=\"324\" data-end=\"401\">una hoja de acero inoxidable pulida a mano y un mango de aut\u00e9ntico cuerno de b\u00fafalo<\/strong> , lo que le confiere un aspecto exclusivo y un car\u00e1cter \u00fanico. <\/p>\n<hr data-start=\"461\" data-end=\"464\">\n<h2 data-start=\"466\" data-end=\"485\">\ud83d\udcd0 Especificaciones<\/h2>\n<ul data-start=\"486\" data-end=\"835\">\n<li data-start=\"486\" data-end=\"514\"><strong data-start=\"488\" data-end=\"506\">Longitud total:<\/strong> 28 cm<\/li>\n<li data-start=\"515\" data-end=\"544\"><strong data-start=\"517\" data-end=\"534\">Longitud de la hoja:<\/strong> 11,5 cm<\/li>\n<li data-start=\"545\" data-end=\"574\"><strong data-start=\"547\" data-end=\"567\">Grosor de la hoja:<\/strong> 3 mm<\/li>\n<li data-start=\"575\" data-end=\"618\"><strong data-start=\"577\" data-end=\"597\">Material de la hoja:<\/strong> AISI 420 MA5M<\/li>\n<li data-start=\"619\" data-end=\"653\"><strong data-start=\"621\" data-end=\"631\">Borde:<\/strong> Borde liso<\/li>\n<li data-start=\"654\" data-end=\"683\"><strong data-start=\"656\" data-end=\"672\">Forma de la hoja:<\/strong> Estilete<\/li>\n<li data-start=\"684\" data-end=\"723\"><strong data-start=\"686\" data-end=\"707\">Acabado superficial:<\/strong> Hoja pulida<\/li>\n<li data-start=\"724\" data-end=\"767\"><strong data-start=\"726\" data-end=\"748\">Material del mango:<\/strong> Cuerno de b\u00fafalo genuino<\/li>\n<li data-start=\"768\" data-end=\"811\"><strong data-start=\"770\" data-end=\"780\">Bloqueo:<\/strong> Lockback (seguridad tradicional)<\/li>\n<li data-start=\"812\" data-end=\"835\"><strong data-start=\"814\" data-end=\"827\">Peso:<\/strong> 150g<\/li>\n<\/ul>\n<hr data-start=\"837\" data-end=\"840\">\n<h2 data-start=\"842\" data-end=\"868\">\ud83c\udfaf Caracter\u00edsticas principales<\/h2>\n<p data-start=\"870\" data-end=\"1368\">\u2705 <strong data-start=\"872\" data-end=\"900\">Artesan\u00eda tradicional italiana<\/strong> : hecho a mano en Italia por maestros cuchilleros.<br data-start=\"941\" data-end=\"944\"> \u2705 <strong data-start=\"946\" data-end=\"981\">Mango fabricado en aut\u00e9ntico cuerno de b\u00fafalo<\/strong> : cada pieza es un original con un patr\u00f3n \u00fanico del material.<br data-start=\"1037\" data-end=\"1040\"> \u2705 <strong data-start=\"1042\" data-end=\"1081\">Hoja de acero inoxidable AISI 420 MA5M pulida<\/strong> : excelente resistencia a la corrosi\u00f3n y f\u00e1cil afilado.<br data-start=\"1131\" data-end=\"1134\"> \u2705 <strong data-start=\"1136\" data-end=\"1171\">Mecanismo de liberaci\u00f3n r\u00e1pida<\/strong> : apertura instant\u00e1nea con una sola pulsaci\u00f3n.<br data-start=\"1210\" data-end=\"1213\"> \u2705 <strong data-start=\"1215\" data-end=\"1239\">Forma de hoja de estilete<\/strong> : adecuada para cortes precisos y una apariencia elegante.<br data-start=\"1286\" data-end=\"1289\"> \u2705 <strong data-start=\"1291\" data-end=\"1318\">Bloqueo cl\u00e1sico<\/strong> : sistema de bloqueo de hoja seguro y confiable.<\/p>\n<hr data-start=\"1370\" data-end=\"1373\">\n<h2 data-start=\"1375\" data-end=\"1413\">Historia \ud83d\udcdc la marca Frank Beltrame<\/h2>\n<p data-start=\"1415\" data-end=\"1674\">Frank Beltrame es <strong data-start=\"1433\" data-end=\"1468\">un legendario fabricante de cuchillos italiano<\/strong> , conocido por su trabajo de precisi\u00f3n en <strong data-start=\"1499\" data-end=\"1524\">estiletes tradicionales<\/strong> desde la d\u00e9cada de 1950. a\u00f1os 20 siglo. Estos cuchillos han ganado popularidad mundial gracias a <strong data-start=\"1603\" data-end=\"1671\">su elegante dise\u00f1o, mano de obra de calidad y mecanismo r\u00e1pido<\/strong> .<\/p>\n<hr data-start=\"1676\" data-end=\"1679\">\n<h2 data-start=\"1681\" data-end=\"1713\">\u2696\ufe0f Comparaci\u00f3n con otros modelos<\/h2>\n<p data-start=\"1715\" data-end=\"1881\">\ud83d\udd39 <strong data-start=\"1718\" data-end=\"1766\">Beltrame Buffalo Horn vs. Beltrame Stag Horn<\/strong> : <strong data-start=\"1775\" data-end=\"1788\">el modelo Stag Horn<\/strong> tiene un mango de asta de ciervo, mientras que <strong data-start=\"1827\" data-end=\"1843\">el Buffalo Horn<\/strong> ofrece un aspecto m\u00e1s oscuro y elegante.<\/p>\n<p data-start=\"1883\" data-end=\"2047\">\ud83d\udd39 <strong data-start=\"1886\" data-end=\"1929\">Beltrame Buffalo Horn vs. AKC Swinguard<\/strong> \u2013 AKC Swinguard tiene una hoja m\u00e1s ancha y una seguridad diferente, Beltrame es una opci\u00f3n m\u00e1s tradicional para los amantes <strong data-start=\"2022\" data-end=\"2044\">de los stilettos cl\u00e1sicos<\/strong> .<\/p>\n<p data-start=\"2049\" data-end=\"2207\">\ud83d\udd39 <strong data-start=\"2052\" data-end=\"2099\">Beltrame Buffalo Horn vs. Benchmade Infidel<\/strong> : el Benchmade Infidel es un <strong data-start=\"2131\" data-end=\"2142\">cuchillo OTF<\/strong> moderno, mientras que el Beltrame sigue siendo <strong data-start=\"2169\" data-end=\"2204\">un cl\u00e1sico con un dise\u00f1o hist\u00f3rico<\/strong> .<\/p>\n<hr data-start=\"2209\" data-end=\"2212\">\n<h2 data-start=\"2214\" data-end=\"2238\">\ud83d\udcdc Uso y finalidad<\/h2>\n<p data-start=\"2240\" data-end=\"2489\">\ud83d\udd38 <strong data-start=\"2243\" data-end=\"2265\">Una pieza de colecci\u00f3n<\/strong> , gracias al material \u00fanico y a la artesan\u00eda.<br data-start=\"2319\" data-end=\"2322\"> <strong data-start=\"2325\" data-end=\"2344\">Accesorio elegante<\/strong> \ud83d\udd38 el dise\u00f1o ic\u00f3nico del cuchillo es adecuado para todos los entusiastas.<br data-start=\"2399\" data-end=\"2402\"> \ud83d\udd38 <strong data-start=\"2405\" data-end=\"2432\">Everyday carry (EDC)<\/strong> : un cuchillo liviano y f\u00e1cil de transportar con una apertura elegante.<\/p>\n<hr data-start=\"2491\" data-end=\"2494\">\n<h2 data-start=\"2496\" data-end=\"2532\">\ud83c\udf92 Accesorios y contenido del paquete<\/h2>\n<p data-start=\"2534\" data-end=\"2654\">\ud83d\udccc <strong data-start=\"2537\" data-end=\"2560\">paquete incluye:<\/strong><br data-start=\"2560\" data-end=\"2563\"> \u2714 Cuchillo arrojadizo <strong data-start=\"2582\" data-end=\"2613\">Beltrame Buffalo Horn de 28 cm<\/strong><br data-start=\"2613\" data-end=\"2616\"> \u2714 Funda protectora<\/p>\n<p data-start=\"2656\" data-end=\"2788\">\ud83d\udccc <strong data-start=\"2659\" data-end=\"2682\">Accesorios recomendados:<\/strong><br data-start=\"2682\" data-end=\"2685\"> \ud83d\udd39 Estuche de cuero genuino de lujo<br data-start=\"2716\" data-end=\"2719\"> \ud83d\udd39 Pa\u00f1o especial para pulir el mango<br data-start=\"2758\" data-end=\"2761\"> \ud83d\udd39 Aceite protector para la cuchilla<\/p>\n<hr data-start=\"2790\" data-end=\"2793\">\n<h2 data-start=\"2795\" data-end=\"2821\">\ud83d\udd27 Mantenimiento y vida \u00fatil<\/h2>\n<p data-start=\"2823\" data-end=\"3059\">\ud83d\udd39 <strong data-start=\"2826\" data-end=\"2838\">Limpieza:<\/strong> Despu\u00e9s de cada uso, limpie la cuchilla con un pa\u00f1o seco y aplique aceite protector.<br data-start=\"2912\" data-end=\"2915\"> \ud83d\udd39 <strong data-start=\"2918\" data-end=\"2931\">Afilado:<\/strong> Recomendamos piedras de afilar finas o afiladores de cer\u00e1mica.<br data-start=\"2988\" data-end=\"2991\"> \ud83d\udd39 <strong data-start=\"2994\" data-end=\"3009\">:<\/strong> Conservar en ambiente seco, idealmente en un estuche.<\/p>\n<hr data-start=\"3061\" data-end=\"3064\">\n<h2 data-start=\"3066\" data-end=\"3096\">\ud83d\udd25 qu\u00e9 comprar ahora?<\/h2>\n<p data-start=\"3098\" data-end=\"3302\">\u2b50 <strong data-start=\"3100\" data-end=\"3138\">Material hecho a mano y exclusivo<\/strong> : cada pieza es original.<br data-start=\"3163\" data-end=\"3166\"> \ud83c\udf96 <strong data-start=\"3239\" data-end=\"3267\">Calidad tradicional italiana<\/strong> : una inversi\u00f3n en un cuchillo atemporal.<\/p>\n<hr data-start=\"3304\" data-end=\"3307\">\n<h2 data-start=\"3309\" data-end=\"3322\">\ud83d\udccc Conclusi\u00f3n<\/h2>\n<p data-start=\"3324\" data-end=\"3559\">La <strong data-start=\"3359\" data-end=\"3412\">navaja<\/strong> <strong data-start=\"3324\" data-end=\"3355\">Beltrame Buffalo Horn de 28 cm<\/strong> es elegante, coleccionable y con estilo, con <strong data-start=\"3415\" data-end=\"3460\">un mango \u00fanico de aut\u00e9ntico cuerno de b\u00fafalo<\/strong> . Si busca <strong data-start=\"3476\" data-end=\"3521\">una navaja italiana cl\u00e1sica de prestigio<\/strong> , \u00a1este modelo es <strong data-start=\"3538\" data-end=\"3556\">una excelente opci\u00f3n<\/strong> ! <\/p>\n<hr data-start=\"3561\" data-end=\"3564\">\n<p data-start=\"3566\" data-end=\"3636\">\ud83d\udd17 <strong data-start=\"3569\" data-end=\"3631\">Pide hoy tu Beltrame Buffalo Horn de 28 cm<\/strong> \ud83d\udd25<\/p>\n","protected":false},"excerpt":{"rendered":"<p><strong>La navaja Beltrame Buffalo Horn de 28 cm es elegante, coleccionable y con estilo, con un mango \u00fanico de aut\u00e9ntico cuerno de b\u00fafalo. Si busca una navaja italiana cl\u00e1sica de prestigio, \u00a1este modelo es la elecci\u00f3n perfecta! <\/strong><\/p>\n<p>&nbsp;<\/p>\n","protected":false},"featured_media":397749,"comment_status":"open","ping_status":"closed","template":"","meta":[],"pwb-brand":[3781],"product_brand":[],"product_cat":[3726,3729],"product_tag":[4004],"class_list":{"0":"post-411250","1":"product","2":"type-product","3":"status-publish","4":"has-post-thumbnail","6":"pwb-brand-beltrame-es","7":"product_cat-cuchillos","8":"product_cat-cuchillos-de-tiro","9":"product_tag-nuevo","11":"first","12":"instock","13":"taxable","14":"shipping-taxable","15":"purchasable","16":"product-type-simple"},"brands":[{"id":3781,"name":"Beltram\u00e9","slug":"beltrame-es"}],"_links":{"self":[{"href":"https:\/\/www.moskito.cz\/es\/wp-json\/wp\/v2\/product\/411250","targetHints":{"allow":["GET"]}}],"collection":[{"href":"https:\/\/www.moskito.cz\/es\/wp-json\/wp\/v2\/product"}],"about":[{"href":"https:\/\/www.moskito.cz\/es\/wp-json\/wp\/v2\/types\/product"}],"replies":[{"embeddable":true,"href":"https:\/\/www.moskito.cz\/es\/wp-json\/wp\/v2\/comments?post=411250"}],"wp:featuredmedia":[{"embeddable":true,"href":"https:\/\/www.moskito.cz\/es\/wp-json\/wp\/v2\/media\/397749"}],"wp:attachment":[{"href":"https:\/\/www.moskito.cz\/es\/wp-json\/wp\/v2\/media?parent=411250"}],"wp:term":[{"taxonomy":"pwb-brand","embeddable":true,"href":"https:\/\/www.moskito.cz\/es\/wp-json\/wp\/v2\/pwb-brand?post=411250"},{"taxonomy":"product_brand","embeddable":true,"href":"https:\/\/www.moskito.cz\/es\/wp-json\/wp\/v2\/product_brand?post=411250"},{"taxonomy":"product_cat","embeddable":true,"href":"https:\/\/www.moskito.cz\/es\/wp-json\/wp\/v2\/product_cat?post=411250"},{"taxonomy":"product_tag","embeddable":true,"href":"https:\/\/www.moskito.cz\/es\/wp-json\/wp\/v2\/product_tag?post=411250"}],"curies":[{"name":"wp","href":"https:\/\/api.w.org\/{rel}","templated":true}]}}