{"id":412029,"date":"2025-06-28T07:35:46","date_gmt":"2025-06-28T06:35:46","guid":{"rendered":"https:\/\/www.moskito.cz\/produkt\/navaja-plegable-pequena-chris-reeve-sebenza-31-de-ebano-de-macassar-s31-1116\/"},"modified":"2025-12-09T13:50:40","modified_gmt":"2025-12-09T12:50:40","slug":"navaja-plegable-pequena-chris-reeve-sebenza-31-de-ebano-de-macassar-s31-1116","status":"publish","type":"product","link":"https:\/\/www.moskito.cz\/es\/produkt\/navaja-plegable-pequena-chris-reeve-sebenza-31-de-ebano-de-macassar-s31-1116\/","title":{"rendered":"Navaja plegable peque\u00f1a Chris Reeve Sebenza 31 de \u00e9bano de Macassar S31-1116"},"content":{"rendered":"<h2 data-pm-slice=\"1 1 []\">\ud83d\uddc2\ufe0f Chris Reeve Small Sebenza 31 \u2013 Incrustaciones de \u00e9bano de Macassar | Perfecci\u00f3n de bolsillo con alma de madera<\/h2>\n<p><strong>Sebenza<\/strong> significa \u00abtrabajo\u00bb, e incluso en un formato m\u00e1s peque\u00f1o, <strong>la Small Sebenza 31 S31-1116<\/strong> se mantiene fiel a su reputaci\u00f3n de navaja plegable inquebrantable. Esta versi\u00f3n, elegante y extremadamente funcional, con incrustaciones <strong>de \u00e9bano de Macassar,<\/strong> ofrece un rendimiento excepcional, un dise\u00f1o ic\u00f3nico y materiales de primera calidad en un formato m\u00e1s compacto, ideal para el d\u00eda a d\u00eda. <\/p>\n<p>La hoja est\u00e1 fabricada en acero <strong>CPM MagnaCut<\/strong> de primera calidad con acabado satinado, que combina una excelente resistencia al desgaste y a la corrosi\u00f3n, y un afilado duradero. El mango <g id=\"gid_1\">de titanio 6Al4V<\/g> con inserciones de madera no solo aporta profundidad est\u00e9tica al cuchillo, sino que tambi\u00e9n mejora el agarre y la ergonom\u00eda. Se completa con <strong>el sistema Reeve Integral Lock<\/strong> con contacto cer\u00e1mico, un sistema de bloqueo de eficacia probada que garantiza un bloqueo seguro y firme de la hoja.  <\/p>\n<div>\n<hr>\n<\/div>\n<h3>\ud83d\udcd0 Especificaciones t\u00e9cnicas:<\/h3>\n<ul data-spread=\"false\">\n<li><strong>Longitud de la hoja:<\/strong> 76 mm (2,99\u2033)<\/li>\n<li><strong>Longitud total:<\/strong> 176 mm (6,94\u2033)<\/li>\n<li><strong>Longitud de la hoja cerrada:<\/strong> 100 mm (3,95\u2033)<\/li>\n<li><strong>Grosor de la hoja:<\/strong> 2,9 mm<\/li>\n<li><strong>Material de la hoja:<\/strong> CPM MagnaCut: acero inoxidable premium de \u00faltima generaci\u00f3n<\/li>\n<li><strong>Dureza de la hoja:<\/strong> 63\u201364 HRC<\/li>\n<li><strong>Forma de la hoja:<\/strong> Punta ca\u00edda<\/li>\n<li><strong>Molienda:<\/strong> Molienda hueca<\/li>\n<li><strong>Superficie de la hoja:<\/strong> Sat\u00e9n (acabado pulido a mano)<\/li>\n<li><strong>Material del mango:<\/strong> Titanio 6Al4V con incrustaciones de madera de \u00e9bano de Macassar<\/li>\n<li><strong>Cerradura:<\/strong> Cerradura integral Reeve (cerradura de marco) con contacto cer\u00e1mico<\/li>\n<li><strong>Clip de bolsillo:<\/strong> titanio, para diestros, con punta hacia arriba y dise\u00f1o desplazado<\/li>\n<li><strong>Pivote:<\/strong> Arandelas de bronce fosforoso<\/li>\n<li><strong>Peso:<\/strong> aprox. 85\u201390 g<\/li>\n<li><strong>Dise\u00f1ador:<\/strong> Chris Reeve<\/li>\n<li><strong>Hecho en EE.UU<\/strong><\/li>\n<\/ul>\n<div>\n<hr>\n<\/div>\n<h3>\ud83d\udfe2 Ventajas principales:<\/h3>\n<p>\u2705  <strong>Acero MagnaCut de primera calidad<\/strong> : durabilidad extrema del filo, gran tenacidad, resistencia a la corrosi\u00f3n<br \/>\n\u2705  <strong>Incrustaciones de \u00e9bano de Macassar<\/strong> : una hermosa madera ex\u00f3tica que tambi\u00e9n mejora el agarre.<br \/>\n\u2705  <strong>Peque\u00f1o pero potente<\/strong> : el tama\u00f1o perfecto para EDC sin sacrificar la funcionalidad.<br \/>\n\u2705  <strong>Cerradura integral Reeve<\/strong> : una de las cerraduras m\u00e1s confiables del mercado, con interfaz de cer\u00e1mica<br \/>\n\u2705  <strong>Construcci\u00f3n de titanio<\/strong> : ligera, fuerte y resistente a la corrosi\u00f3n y al desgaste.<\/p>\n<div>\n<hr>\n<\/div>\n<h3>\ud83d\udd34 Posibles desventajas:<\/h3>\n<p>\u26a0\ufe0f Precio m\u00e1s alto: corresponde a la calidad de los materiales y la elaboraci\u00f3n artesanal.<br \/>\n\u26a0\ufe0f Para diestros: el clip no se puede invertir para zurdos<br \/>\n\u26a0\ufe0f Incrustaciones de madera: requieren un manejo m\u00e1s suave, no son adecuadas para condiciones extremas<\/p>\n<div>\n<hr>\n<\/div>\n<h3>\ud83d\udee0\ufe0f Mantenimiento y cuidado:<\/h3>\n<ul data-spread=\"false\">\n<li><strong>MagnaCut<\/strong> mantiene su filo durante mucho tiempo, basta con afilarlo regularmente y con suavidad.<\/li>\n<li>La madera de \u00e9bano de Macassar est\u00e1 aceitada: es f\u00e1cil de limpiar con un pa\u00f1o h\u00famedo.<\/li>\n<li>Los acabados de titanio y satinado son f\u00e1ciles de mantener y soportan el desgaste normal.<\/li>\n<li>Se recomienda lubricar ocasionalmente el pasador y verificar el apriete de los tornillos.<\/li>\n<\/ul>\n<div>\n<hr>\n<\/div>\n<h3>\u2764\ufe0f qu\u00e9 te gusta?<\/h3>\n<p><strong>La Sebenza 31 S31-1116 peque\u00f1a<\/strong> es la elecci\u00f3n perfecta para quienes buscan una navaja compacta pero extremadamente eficaz con un acabado lujoso. El \u00e9bano de Macassar le aporta un aspecto distintivo y un agarre mejorado, mientras que su probada construcci\u00f3n de titanio y MagnaCut le acompa\u00f1ar\u00e1 en el d\u00eda a d\u00eda. Es a la vez una herramienta y una joya: discreta, hermosa y extremadamente funcional.  <\/p>\n<div>\n<hr>\n<\/div>\n<h3>\u2705 Evaluaci\u00f3n final<\/h3>\n<p><strong>El Chris Reeve Small Sebenza 31 \u2013 \u00c9bano de Macasar<\/strong> es un cuchillo EDC premium para el usuario exigente que aprecia tanto el rendimiento como el estilo. Sus dimensiones m\u00e1s peque\u00f1as no significan sacrificar nada: simplemente una versi\u00f3n m\u00e1s elegante y econ\u00f3mica de uno de los cuchillos m\u00e1s respetados del mundo. <\/p>\n<div>\n<hr>\n<\/div>\n<p>&nbsp;<\/p>\n","protected":false},"excerpt":{"rendered":"<p><strong>La Sebenza 31 S31-1116 peque\u00f1a es la elecci\u00f3n perfecta para quienes buscan una navaja compacta pero extremadamente eficaz con un acabado lujoso. El \u00e9bano de Macassar le aporta un aspecto distintivo y un agarre mejorado, mientras que su probada construcci\u00f3n de titanio y MagnaCut le acompa\u00f1ar\u00e1 en el d\u00eda a d\u00eda. Es a la vez una herramienta y una joya: discreta, hermosa y extremadamente funcional.  <\/strong><\/p>\n<p><strong>Env\u00edo gratis.<\/strong><\/p>\n","protected":false},"featured_media":412003,"comment_status":"open","ping_status":"closed","template":"","meta":[],"pwb-brand":[4045],"product_brand":[],"product_cat":[3730,3726],"product_tag":[],"class_list":{"0":"post-412029","1":"product","2":"type-product","3":"status-publish","4":"has-post-thumbnail","6":"pwb-brand-cuchillos-chris-reeve","7":"product_cat-cuchillas-de-cierre","8":"product_cat-cuchillos","10":"first","11":"outofstock","12":"taxable","13":"shipping-taxable","14":"purchasable","15":"product-type-simple"},"brands":[{"id":4045,"name":"Cuchillos Chris Reeve","slug":"cuchillos-chris-reeve"}],"_links":{"self":[{"href":"https:\/\/www.moskito.cz\/es\/wp-json\/wp\/v2\/product\/412029","targetHints":{"allow":["GET"]}}],"collection":[{"href":"https:\/\/www.moskito.cz\/es\/wp-json\/wp\/v2\/product"}],"about":[{"href":"https:\/\/www.moskito.cz\/es\/wp-json\/wp\/v2\/types\/product"}],"replies":[{"embeddable":true,"href":"https:\/\/www.moskito.cz\/es\/wp-json\/wp\/v2\/comments?post=412029"}],"wp:featuredmedia":[{"embeddable":true,"href":"https:\/\/www.moskito.cz\/es\/wp-json\/wp\/v2\/media\/412003"}],"wp:attachment":[{"href":"https:\/\/www.moskito.cz\/es\/wp-json\/wp\/v2\/media?parent=412029"}],"wp:term":[{"taxonomy":"pwb-brand","embeddable":true,"href":"https:\/\/www.moskito.cz\/es\/wp-json\/wp\/v2\/pwb-brand?post=412029"},{"taxonomy":"product_brand","embeddable":true,"href":"https:\/\/www.moskito.cz\/es\/wp-json\/wp\/v2\/product_brand?post=412029"},{"taxonomy":"product_cat","embeddable":true,"href":"https:\/\/www.moskito.cz\/es\/wp-json\/wp\/v2\/product_cat?post=412029"},{"taxonomy":"product_tag","embeddable":true,"href":"https:\/\/www.moskito.cz\/es\/wp-json\/wp\/v2\/product_tag?post=412029"}],"curies":[{"name":"wp","href":"https:\/\/api.w.org\/{rel}","templated":true}]}}