{"id":412199,"date":"2025-06-28T08:06:09","date_gmt":"2025-06-28T16:08:52","guid":{"rendered":"https:\/\/www.moskito.cz\/produkt\/navaja-plegable-grande-inkosi-de-chris-reeve-lin-1134\/"},"modified":"2025-06-28T17:08:52","modified_gmt":"2025-06-28T16:08:52","slug":"navaja-plegable-grande-inkosi-de-chris-reeve-lin-1134","status":"publish","type":"product","link":"https:\/\/www.moskito.cz\/es\/produkt\/navaja-plegable-grande-inkosi-de-chris-reeve-lin-1134\/","title":{"rendered":"Navaja plegable grande Inkosi de Chris Reeve LIN-1134"},"content":{"rendered":"<h2 data-pm-slice=\"1 1 []\">\ud83d\uddc2\ufe0f Chris Reeve Large Inkosi Tanto \u2013 Incrustaci\u00f3n de micarta | Resistencia, estilo y fiabilidad en cada detalle<\/h2>\n<p>El <strong>Inkosi LIN-1134 grande<\/strong> de <strong>Chris Reeve Knives<\/strong> eleva los est\u00e1ndares de dise\u00f1o de navajas plegables al siguiente nivel. \u00abInkosi\u00bb significa <strong>\u00abjefe\u00bb<\/strong> en zul\u00fa, y el nombre es bien merecido. Combina una construcci\u00f3n robusta, detalles innovadores y materiales de primera calidad, incluyendo una hoja de acero <strong>CPM MagnaCut<\/strong> y un mango de titanio arenado con inserciones <strong>de Micarta natural<\/strong> para un mejor agarre.  <\/p>\n<p>Esta versi\u00f3n con <strong>hoja tanto<\/strong> y <strong>pasadores dobles de plata<\/strong> est\u00e1 dise\u00f1ada para m\u00e1xima durabilidad, penetraci\u00f3n y precisi\u00f3n. Resistente pero elegante, este cuchillo no te decepcionar\u00e1 ni en condiciones dif\u00edciles, manteniendo el dise\u00f1o minimalista y funcional caracter\u00edstico de la marca <strong>Chris Reeve<\/strong> . <\/p>\n<div>\n<hr>\n<\/div>\n<h3>\ud83d\udcd0 Especificaciones t\u00e9cnicas:<\/h3>\n<ul data-spread=\"false\">\n<li><strong>Longitud de la hoja:<\/strong> 91,4 mm (3,6\u2033)<\/li>\n<li><strong>Longitud total:<\/strong> 210 mm (8,26\u2033)<\/li>\n<li><strong>Longitud del cuchillo cerrado:<\/strong> aprox. 119 mm<\/li>\n<li><strong>Grosor de la hoja:<\/strong> aprox. 3,6 mm<\/li>\n<li><strong>Material de la hoja:<\/strong> CPM MagnaCut: acero inoxidable premium de \u00faltima generaci\u00f3n<\/li>\n<li><strong>Dureza de la hoja:<\/strong> 63\u201364 HRC<\/li>\n<li><strong>Forma de la hoja:<\/strong> Tanto: excelente para perforaciones y cortes precisos<\/li>\n<li><strong>Rectificado:<\/strong> Combinado (bisel dorsal + filo principal), estilo \u00abplano\u00bb para una alta durabilidad<\/li>\n<li><strong>Tratamiento superficial de la hoja:<\/strong> Stonewash<\/li>\n<li><strong>Material del mango:<\/strong> Titanio 6Al4V (arenado) con incrustaciones de Canvas Micarta natural<\/li>\n<li><strong>Cerradura:<\/strong> Cerradura integral Reeve (cerradura de marco) con contacto cer\u00e1mico<\/li>\n<li><strong>Pivote:<\/strong> Arandelas de bronce fosforoso con canal de lubricaci\u00f3n protegido<\/li>\n<li><strong>Apertura:<\/strong> Pines dobles de plata (para diestros y zurdos)<\/li>\n<li><strong>Clip de bolsillo:<\/strong> titanio, para diestros, con la punta hacia arriba (dise\u00f1o desplazado t\u00edpico)<\/li>\n<li><strong>Peso:<\/strong> aprox. 125\u2013135 g<\/li>\n<li><strong>Dise\u00f1ador:<\/strong> Chris Reeve<\/li>\n<li><strong>Hecho en EE.UU<\/strong><\/li>\n<\/ul>\n<div>\n<hr>\n<\/div>\n<h3>\ud83d\udfe2 Ventajas principales:<\/h3>\n<p>\u2705  <strong>Hoja MagnaCut con perfil tanto<\/strong> : combinaci\u00f3n perfecta de resistencia y precisi\u00f3n, excelente durabilidad en la punta<br \/>\n\u2705  <strong>Incrustaci\u00f3n de micarta<\/strong> : un material natural que mejora la ergonom\u00eda y se mantiene incluso cuando est\u00e1 mojado.<br \/>\n\u2705  <strong>Cerradura integral Reeve con bola de cer\u00e1mica<\/strong> : m\u00e1xima seguridad y larga vida \u00fatil<br \/>\n\u2705  <strong>Doble pasador<\/strong> : accesible tanto para usuarios diestros como zurdos<br \/>\n\u2705  <strong>Construcci\u00f3n de titanio<\/strong> : extremadamente fuerte, ligera y duradera.<\/p>\n<div>\n<hr>\n<\/div>\n<h3>\ud83d\udd34 Posibles desventajas:<\/h3>\n<p>\u26a0\ufe0f <strong>Hoja robusta<\/strong> : no est\u00e1 dise\u00f1ada para cortes finos de alimentos ni para trabajos detallados.<br \/>\n\u26a0\ufe0f <strong>Precio m\u00e1s alto<\/strong> : materiales de primera calidad y producci\u00f3n en EE. UU.<br \/>\n\u26a0\ufe0f <strong>El clip no se puede invertir<\/strong> : dise\u00f1ado para uso diestro. <\/p>\n<div>\n<hr>\n<\/div>\n<h3>\ud83d\udee0\ufe0f Mantenimiento y cuidado:<\/h3>\n<ul data-spread=\"false\">\n<li><strong>MagnaCut<\/strong> mantiene el filo a la perfecci\u00f3n, basta con afilarlo ocasionalmente con un afilador fino.<\/li>\n<li>Las incrustaciones de <strong>Canvas Micarta<\/strong> natural son resistentes a la humedad y adquieren una p\u00e1tina con el tiempo.<\/li>\n<li>El mango de titanio pulido con chorro de arena es f\u00e1cil de limpiar (cepillo suave, agua, pa\u00f1o).<\/li>\n<li>Se recomienda lubricar ocasionalmente el pasador y apretar los tornillos (suministrado con la herramienta CRK)<\/li>\n<\/ul>\n<div>\n<hr>\n<\/div>\n<h3>\u2764\ufe0f qu\u00e9 te gusta?<\/h3>\n<p><strong>Inkosi<\/strong> es un cuchillo para quienes buscan <strong>el m\u00e1ximo rendimiento en cada cent\u00edmetro<\/strong> . Su robusta hoja tanto, micarta natural, su ic\u00f3nico cierre y su impecable mec\u00e1nica lo convierten en una herramienta de primera para el d\u00eda a d\u00eda, el campo y tu colecci\u00f3n. Es un cuchillo en el que puedes confiar, d\u00eda tras d\u00eda.  <\/p>\n<div>\n<hr>\n<\/div>\n<h3>\u2705 Evaluaci\u00f3n final<\/h3>\n<p><strong>La Chris Reeve Large Inkosi LIN-1134<\/strong> es una navaja plegable que combina <strong>brutalidad funcional<\/strong> con <strong>elegante precisi\u00f3n<\/strong> . Ideal para usuarios exigentes que buscan fiabilidad, durabilidad y un aspecto excepcional. Ya sea en el campo, en el taller o en una reuni\u00f3n, la Inkosi siempre estar\u00e1 lista.  <\/p>\n<div>\n<hr>\n<\/div>\n<p>&nbsp;<\/p>\n","protected":false},"excerpt":{"rendered":"<p><strong>Inkosi es un cuchillo para quienes buscan el m\u00e1ximo rendimiento en cada cent\u00edmetro. Su robusta hoja tanto, micarta natural, su ic\u00f3nico cierre y su impecable mec\u00e1nica lo convierten en una herramienta de primera para el d\u00eda a d\u00eda, el campo y tu colecci\u00f3n. Es un cuchillo en el que puedes confiar, d\u00eda tras d\u00eda.  <\/strong><\/p>\n<p><strong>Env\u00edo gratis.<\/strong><\/p>\n","protected":false},"featured_media":412043,"comment_status":"open","ping_status":"closed","template":"","meta":[],"pwb-brand":[4045],"product_brand":[],"product_cat":[3730,3726],"product_tag":[],"class_list":{"0":"post-412199","1":"product","2":"type-product","3":"status-publish","4":"has-post-thumbnail","6":"pwb-brand-cuchillos-chris-reeve","7":"product_cat-cuchillas-de-cierre","8":"product_cat-cuchillos","10":"first","11":"instock","12":"taxable","13":"shipping-taxable","14":"purchasable","15":"product-type-simple"},"brands":[{"id":4045,"name":"Cuchillos Chris Reeve","slug":"cuchillos-chris-reeve"}],"_links":{"self":[{"href":"https:\/\/www.moskito.cz\/es\/wp-json\/wp\/v2\/product\/412199","targetHints":{"allow":["GET"]}}],"collection":[{"href":"https:\/\/www.moskito.cz\/es\/wp-json\/wp\/v2\/product"}],"about":[{"href":"https:\/\/www.moskito.cz\/es\/wp-json\/wp\/v2\/types\/product"}],"replies":[{"embeddable":true,"href":"https:\/\/www.moskito.cz\/es\/wp-json\/wp\/v2\/comments?post=412199"}],"wp:featuredmedia":[{"embeddable":true,"href":"https:\/\/www.moskito.cz\/es\/wp-json\/wp\/v2\/media\/412043"}],"wp:attachment":[{"href":"https:\/\/www.moskito.cz\/es\/wp-json\/wp\/v2\/media?parent=412199"}],"wp:term":[{"taxonomy":"pwb-brand","embeddable":true,"href":"https:\/\/www.moskito.cz\/es\/wp-json\/wp\/v2\/pwb-brand?post=412199"},{"taxonomy":"product_brand","embeddable":true,"href":"https:\/\/www.moskito.cz\/es\/wp-json\/wp\/v2\/product_brand?post=412199"},{"taxonomy":"product_cat","embeddable":true,"href":"https:\/\/www.moskito.cz\/es\/wp-json\/wp\/v2\/product_cat?post=412199"},{"taxonomy":"product_tag","embeddable":true,"href":"https:\/\/www.moskito.cz\/es\/wp-json\/wp\/v2\/product_tag?post=412199"}],"curies":[{"name":"wp","href":"https:\/\/api.w.org\/{rel}","templated":true}]}}