{"id":412203,"date":"2025-06-28T08:53:01","date_gmt":"2025-06-28T16:09:04","guid":{"rendered":"https:\/\/www.moskito.cz\/produkt\/navaja-plegable-pequena-con-incrustaciones-inkosi-de-chris-reeve-sin-1126\/"},"modified":"2025-06-28T17:09:04","modified_gmt":"2025-06-28T16:09:04","slug":"navaja-plegable-pequena-con-incrustaciones-inkosi-de-chris-reeve-sin-1126","status":"publish","type":"product","link":"https:\/\/www.moskito.cz\/es\/produkt\/navaja-plegable-pequena-con-incrustaciones-inkosi-de-chris-reeve-sin-1126\/","title":{"rendered":"Navaja plegable peque\u00f1a con incrustaciones Inkosi de Chris Reeve SIN-1126"},"content":{"rendered":"<h2 data-pm-slice=\"1 1 []\">\ud83d\uddc2\ufe0f Chris Reeve Small Inkosi Insingo \u2013 SIN-1126 | Potencia compacta con micarta y hoja de precisi\u00f3n<\/h2>\n<p><strong>La peque\u00f1a Inkosi SIN-1126<\/strong> de <strong>Chris Reeve Knives<\/strong> es una navaja plegable compacta pero robusta, dise\u00f1ada para el uso diario y las tareas m\u00e1s exigentes. Su nombre, <em>Inkosi<\/em> , que significa \u00abjefe\u00bb, no es casualidad. Este modelo se basa en el \u00e9xito de la legendaria Sebenza, pero a\u00f1ade una construcci\u00f3n m\u00e1s robusta, un mecanismo de bloqueo mejorado y dimensiones optimizadas para una m\u00e1xima maniobrabilidad.  <\/p>\n<p>Esta variante, con su hoja <strong>Insingo<\/strong> (perfil curvo para un corte suave), <strong>incrustaciones de Canvas Micarta natural<\/strong> , <strong>pasadores dobles de plata<\/strong> y mango de titanio arenado, ofrece una combinaci\u00f3n equilibrada <strong>de comodidad, durabilidad y una ergonom\u00eda excepcional<\/strong> . La hoja de acero <strong>CPM MagnaCut<\/strong> de primera calidad garantiza una mayor duraci\u00f3n del filo, resistencia a la corrosi\u00f3n y f\u00e1cil mantenimiento. <\/p>\n<div>\n<hr>\n<\/div>\n<h3>\ud83d\udcd0 Especificaciones t\u00e9cnicas:<\/h3>\n<ul data-spread=\"false\">\n<li><strong>Longitud de la hoja:<\/strong> 71,1 mm (2,8\u2033)<\/li>\n<li><strong>Longitud total:<\/strong> 165 mm (6,5\u2033)<\/li>\n<li><strong>Longitud del cuchillo cerrado:<\/strong> aprox. 94 mm<\/li>\n<li><strong>Grosor de la hoja:<\/strong> 3,17 mm<\/li>\n<li><strong>Material de la hoja:<\/strong> CPM MagnaCut \u2013 acero inoxidable de primera calidad<\/li>\n<li><strong>Dureza de la hoja:<\/strong> 63\u201364 HRC<\/li>\n<li><strong>Forma de la hoja:<\/strong> Insingo \u2013 filo curvo para un corte eficiente<\/li>\n<li><strong>Molienda:<\/strong> Molienda completamente plana<\/li>\n<li><strong>Tratamiento superficial de la hoja:<\/strong> Stonewash<\/li>\n<li><strong>Material del mango:<\/strong> Titanio 6Al4V \u2013 arenado, con incrustaciones de Canvas Micarta natural<\/li>\n<li><strong>Grosor del mango:<\/strong> aprox. 9,7 mm sin clip<\/li>\n<li><strong>Cerradura:<\/strong> Cerradura integral Reeve (marco) con contacto cer\u00e1mico<\/li>\n<li><strong>Apertura:<\/strong> Pasadores plateados dobles: para acceso bidireccional<\/li>\n<li><strong>Clip de bolsillo:<\/strong> titanio, para diestros, con punta hacia arriba y dise\u00f1o desplazado<\/li>\n<li><strong>Pivote:<\/strong> Arandelas de bronce fosforoso con ranuras de lubricaci\u00f3n<\/li>\n<li><strong>Peso:<\/strong> aprox. 85 g<\/li>\n<li><strong>Dise\u00f1ador:<\/strong> Chris Reeve<\/li>\n<li><strong>Hecho en EE.UU<\/strong><\/li>\n<\/ul>\n<div>\n<hr>\n<\/div>\n<h3>\ud83d\udfe2 Ventajas principales:<\/h3>\n<p>\u2705  <strong>Hoja Insingo<\/strong> : excepcionalmente pr\u00e1ctica para cortar cart\u00f3n, alimentos y trabajos detallados<br \/>\n\u2705  <strong>Incrustaciones de micarta<\/strong> : brindan mejor agarre, durabilidad y adquieren p\u00e1tina.<br \/>\n\u2705  <strong>Dimensiones compactas<\/strong> : ideal para llevar a diario (EDC)<br \/>\n\u2705  <strong>Acero MagnaCut<\/strong> : excelente vida \u00fatil del filo, resistencia a la corrosi\u00f3n y tenacidad<br \/>\n\u2705  <strong>Cerradura integral Reeve con punta de cer\u00e1mica<\/strong> : funcionamiento suave y larga vida \u00fatil<\/p>\n<div>\n<hr>\n<\/div>\n<h3>\ud83d\udd34 Posibles desventajas:<\/h3>\n<p>\u26a0\ufe0f <strong>Tama\u00f1o peque\u00f1o<\/strong> : puede ser menos c\u00f3modo para manos muy grandes.<br \/>\n\u26a0\ufe0f <strong>Clip solo para personas diestras<\/strong> : no se puede girar hacia el otro lado<br \/>\n\u26a0\ufe0f <strong>Precio m\u00e1s alto<\/strong> : corresponde al procesamiento artesanal y a los materiales utilizados. <\/p>\n<div>\n<hr>\n<\/div>\n<h3>\ud83d\udee0\ufe0f Mantenimiento y cuidado:<\/h3>\n<ul data-spread=\"false\">\n<li><strong>CPM MagnaCut<\/strong> : hoja que pr\u00e1cticamente no requiere mantenimiento, mantiene bien el filo y es f\u00e1cil de renovar<\/li>\n<li><strong>Micarta<\/strong> : resistente al agua y al desgaste, se puede limpiar con agua jabonosa.<\/li>\n<li><strong>Mango de titanio<\/strong> : f\u00e1cil de cuidar, resistente a la corrosi\u00f3n y la abrasi\u00f3n.<\/li>\n<li>Se recomienda lubricar el pasador peri\u00f3dicamente y apretar los tornillos ocasionalmente (herramienta incluida)<\/li>\n<\/ul>\n<div>\n<hr>\n<\/div>\n<h3>\u2764\ufe0f qu\u00e9 te gusta?<\/h3>\n<p><strong>La peque\u00f1a Inkosi SIN-1126<\/strong> es la navaja ideal para quienes buscan <strong>una navaja de bolsillo peque\u00f1a pero potente,<\/strong> con la m\u00e1xima fiabilidad. Es una herramienta que le permitir\u00e1 realizar las tareas diarias con elegancia y facilidad. Gracias a su ergonom\u00eda natural, sus insertos de Micarta y su mec\u00e1nica precisa, ser\u00e1 un placer sostenerla en la mano en todo momento.  <\/p>\n<div>\n<hr>\n<\/div>\n<h3>\u2705 Evaluaci\u00f3n final<\/h3>\n<p><strong>El Chris Reeve Small Inkosi Insingo SIN-1126<\/strong> es un cuchillo EDC de alta gama que combina <strong>valores tradicionales, materiales modernos y una artesan\u00eda de primera calidad<\/strong> . Compacto pero excepcionalmente potente, ideal para el uso diario y para quienes exigen calidad sin concesiones. <\/p>\n<div>\n<hr>\n<\/div>\n<p>&nbsp;<\/p>\n","protected":false},"excerpt":{"rendered":"<p><strong>La peque\u00f1a Inkosi SIN-1126 es la navaja ideal para quienes buscan una navaja de bolsillo peque\u00f1a pero potente, con la m\u00e1xima fiabilidad. Es una herramienta que le permitir\u00e1 realizar las tareas diarias con elegancia y facilidad. Gracias a su ergonom\u00eda natural, sus insertos de Micarta y su mec\u00e1nica precisa, ser\u00e1 un placer sostenerla en la mano en todo momento.  <\/strong><\/p>\n<p><strong>Env\u00edo gratis.<\/strong><\/p>\n","protected":false},"featured_media":412166,"comment_status":"open","ping_status":"closed","template":"","meta":[],"pwb-brand":[4045],"product_brand":[],"product_cat":[3730,3726],"product_tag":[],"class_list":{"0":"post-412203","1":"product","2":"type-product","3":"status-publish","4":"has-post-thumbnail","6":"pwb-brand-cuchillos-chris-reeve","7":"product_cat-cuchillas-de-cierre","8":"product_cat-cuchillos","10":"first","11":"instock","12":"taxable","13":"shipping-taxable","14":"purchasable","15":"product-type-simple"},"brands":[{"id":4045,"name":"Cuchillos Chris Reeve","slug":"cuchillos-chris-reeve"}],"_links":{"self":[{"href":"https:\/\/www.moskito.cz\/es\/wp-json\/wp\/v2\/product\/412203","targetHints":{"allow":["GET"]}}],"collection":[{"href":"https:\/\/www.moskito.cz\/es\/wp-json\/wp\/v2\/product"}],"about":[{"href":"https:\/\/www.moskito.cz\/es\/wp-json\/wp\/v2\/types\/product"}],"replies":[{"embeddable":true,"href":"https:\/\/www.moskito.cz\/es\/wp-json\/wp\/v2\/comments?post=412203"}],"wp:featuredmedia":[{"embeddable":true,"href":"https:\/\/www.moskito.cz\/es\/wp-json\/wp\/v2\/media\/412166"}],"wp:attachment":[{"href":"https:\/\/www.moskito.cz\/es\/wp-json\/wp\/v2\/media?parent=412203"}],"wp:term":[{"taxonomy":"pwb-brand","embeddable":true,"href":"https:\/\/www.moskito.cz\/es\/wp-json\/wp\/v2\/pwb-brand?post=412203"},{"taxonomy":"product_brand","embeddable":true,"href":"https:\/\/www.moskito.cz\/es\/wp-json\/wp\/v2\/product_brand?post=412203"},{"taxonomy":"product_cat","embeddable":true,"href":"https:\/\/www.moskito.cz\/es\/wp-json\/wp\/v2\/product_cat?post=412203"},{"taxonomy":"product_tag","embeddable":true,"href":"https:\/\/www.moskito.cz\/es\/wp-json\/wp\/v2\/product_tag?post=412203"}],"curies":[{"name":"wp","href":"https:\/\/api.w.org\/{rel}","templated":true}]}}