{"id":412208,"date":"2025-06-28T08:35:47","date_gmt":"2025-06-28T07:35:47","guid":{"rendered":"https:\/\/www.moskito.cz\/produkt\/cuchillo-plegable-grande-chris-reeve-sebenza-31-lavado-a-la-piedra-l31-1000\/"},"modified":"2025-12-09T10:07:02","modified_gmt":"2025-12-09T09:07:02","slug":"cuchillo-plegable-grande-chris-reeve-sebenza-31-lavado-a-la-piedra-l31-1000","status":"publish","type":"product","link":"https:\/\/www.moskito.cz\/es\/produkt\/cuchillo-plegable-grande-chris-reeve-sebenza-31-lavado-a-la-piedra-l31-1000\/","title":{"rendered":"Cuchillo plegable grande Chris Reeve Sebenza 31 lavado a la piedra L31-1000"},"content":{"rendered":"<h2 data-pm-slice=\"1 1 []\">\ud83d\uddc2\ufe0f Chris Reeve Large Sebenza 31 \u2013 L31-1000 | Un icono de precisi\u00f3n sin concesiones<\/h2>\n<p><strong>El Sebenza 31 L31-1000 grande<\/strong> es la encarnaci\u00f3n de m\u00e1s de 30 a\u00f1os de desarrollo y excelencia en el mundo de las navajas plegables. En zul\u00fa, <strong>\u00abSebenza\u00bb<\/strong> significa <strong>\u00abtrabajo\u00bb<\/strong> , y para eso est\u00e1 hecho este cuchillo. Su dise\u00f1o limpio, su impecable fabricaci\u00f3n y su refinamiento t\u00e9cnico hacen de este modelo una leyenda en la categor\u00eda de navajas EDC premium.  <\/p>\n<p>Esta versi\u00f3n incluye una hoja de <strong>acero inoxidable CPM MagnaCut<\/strong> de alta calidad, que ofrece el equilibrio perfecto entre dureza, resistencia y resistencia a la corrosi\u00f3n. <strong>El acabado lavado a la piedra<\/strong> le da a la hoja un sutil aspecto mate, a la vez que oculta los peque\u00f1os ara\u00f1azos del uso diario. El mango ergon\u00f3mico de <strong>titanio 6Al4V arenado<\/strong> es ligero, resistente y c\u00f3modo de sostener, adem\u00e1s de tener un aspecto atractivo. <\/p>\n<p>Gracias al <strong>Reeve Integral Lock<\/strong> con contacto cer\u00e1mico, trabajar con el cuchillo es seguro, fiable y suave como la seda.<\/p>\n<div>\n<hr>\n<\/div>\n<h3>\ud83d\udcd0 Especificaciones t\u00e9cnicas:<\/h3>\n<ul data-spread=\"false\">\n<li><strong>Longitud de la hoja:<\/strong> 91,6 mm (3,61\u2033)<\/li>\n<li><strong>Longitud total:<\/strong> 213 mm (8,40\u2033)<\/li>\n<li><strong>Longitud de la hoja cerrada:<\/strong> 121,7 mm (4,79\u2033)<\/li>\n<li><strong>Grosor de la hoja:<\/strong> 3,07 mm<\/li>\n<li><strong>Material de la hoja:<\/strong> CPM MagnaCut \u2013 acero inoxidable de primera calidad (EE. UU.)<\/li>\n<li><strong>Dureza de la hoja:<\/strong> 63\u201364 HRC<\/li>\n<li><strong>Forma de la hoja:<\/strong> Punta ca\u00edda<\/li>\n<li><strong>Grind:<\/strong> Grind hueco<\/li>\n<li><strong>Superficie de la hoja:<\/strong> Lavada a la piedra<\/li>\n<li><strong>Material del mango:<\/strong> Titanio 6Al4V \u2013 acabado pulido con chorro de vidrio<\/li>\n<li><strong>Cerradura:<\/strong> Cerradura integral Reeve con contacto cer\u00e1mico<\/li>\n<li><strong>Pivote:<\/strong> Arandelas de bronce fosforoso<\/li>\n<li><strong>Clip de bolsillo:<\/strong> titanio, para diestros, con punta hacia arriba (dise\u00f1o descentrado)<\/li>\n<li><strong>Peso:<\/strong> aprox. 133 g<\/li>\n<li><strong>Dise\u00f1ador:<\/strong> Chris Reeve<\/li>\n<li><strong>Hecho en EE.UU<\/strong><\/li>\n<\/ul>\n<div>\n<hr>\n<\/div>\n<h3>\ud83d\udfe2 Ventajas principales:<\/h3>\n<p>\u2705  <strong>Hoja MagnaCut<\/strong> : capacidad de corte excepcional, durabilidad y larga vida \u00fatil de la hoja<br \/>\n\u2705  <strong>Mango de titanio de precisi\u00f3n<\/strong> : duradero, ligero y bellamente elaborado.<br \/>\n\u2705  <strong>Contacto cer\u00e1mico en la cerradura<\/strong> : apertura suave, desgaste m\u00ednimo<br \/>\n\u2705  <strong>Dise\u00f1o ic\u00f3nico de Sebenza<\/strong> : simple, atemporal y extremadamente funcional<br \/>\n\u2705  <strong>Hecho a mano<\/strong> : cada pieza se somete a una inspecci\u00f3n individual.<\/p>\n<div>\n<hr>\n<\/div>\n<h3>\ud83d\udd34 Posibles desventajas:<\/h3>\n<p>\u26a0\ufe0f <strong>Precio m\u00e1s alto<\/strong> : corresponde a la calidad de los materiales y la elaboraci\u00f3n artesanal.<br \/>\n\u26a0\ufe0f <strong>Clip fijo<\/strong> : no se puede revertir para usar en el lado izquierdo<br \/>\n\u26a0\ufe0f <strong>Aspecto minimalista<\/strong> : puede que no atraiga a los fan\u00e1ticos del dise\u00f1o t\u00e1ctico. <\/p>\n<div>\n<hr>\n<\/div>\n<h3>\ud83d\udee0\ufe0f Mantenimiento y cuidado:<\/h3>\n<ul data-spread=\"false\">\n<li>La hoja <strong>MagnaCut<\/strong> requiere un mantenimiento m\u00ednimo y mantiene bien su filo.<\/li>\n<li>El titanio pulido con chorro de arena se puede limpiar f\u00e1cilmente con un pa\u00f1o h\u00famedo o un cepillo suave.<\/li>\n<li>Lubrique peri\u00f3dicamente el pasador y verifique el apriete de los tornillos (el paquete incluye herramientas y lubricante)<\/li>\n<\/ul>\n<div>\n<hr>\n<\/div>\n<h3>\u2764\ufe0f qu\u00e9 te gusta?<\/h3>\n<p><strong>El Large Sebenza 31<\/strong> en titanio b\u00e1sico es la esencia de la practicidad, la elegancia y la excelencia t\u00e9cnica. Ser\u00e1 un cuchillo confiable para el d\u00eda a d\u00eda, pero su reputaci\u00f3n, artesan\u00eda y durabilidad lo convierten en una pieza que merece un lugar de honor en su colecci\u00f3n. Es una herramienta que durar\u00e1 toda la vida, e incluso m\u00e1s.  <\/p>\n<div>\n<hr>\n<\/div>\n<h3>\u2705 Evaluaci\u00f3n final<\/h3>\n<p><strong>La Chris Reeve Large Sebenza 31 L31-1000<\/strong> es una navaja plegable que define la categor\u00eda de \u00abedc premium\u00bb. Minimalista, funcional, precisa: sin lujos, pura calidad. Si buscas una navaja que resista cualquier situaci\u00f3n, la has encontrado.  <\/p>\n<div>\n<hr>\n<\/div>\n<p>&nbsp;<\/p>\n","protected":false},"excerpt":{"rendered":"<p>El Large Sebenza 31 en titanio b\u00e1sico es la esencia de la practicidad, la elegancia y la excelencia t\u00e9cnica. Ser\u00e1 un cuchillo confiable para el d\u00eda a d\u00eda, pero su reputaci\u00f3n, artesan\u00eda y durabilidad lo convierten en una pieza que merece un lugar de honor en su colecci\u00f3n. Es una herramienta que durar\u00e1 toda la vida, e incluso m\u00e1s.  <\/p>\n<p>Env\u00edo gratis.<\/p>\n","protected":false},"featured_media":412125,"comment_status":"open","ping_status":"closed","template":"","meta":[],"pwb-brand":[4045],"product_brand":[],"product_cat":[3730,3726],"product_tag":[],"class_list":{"0":"post-412208","1":"product","2":"type-product","3":"status-publish","4":"has-post-thumbnail","6":"pwb-brand-cuchillos-chris-reeve","7":"product_cat-cuchillas-de-cierre","8":"product_cat-cuchillos","10":"first","11":"outofstock","12":"taxable","13":"shipping-taxable","14":"purchasable","15":"product-type-simple"},"brands":[{"id":4045,"name":"Cuchillos Chris Reeve","slug":"cuchillos-chris-reeve"}],"_links":{"self":[{"href":"https:\/\/www.moskito.cz\/es\/wp-json\/wp\/v2\/product\/412208","targetHints":{"allow":["GET"]}}],"collection":[{"href":"https:\/\/www.moskito.cz\/es\/wp-json\/wp\/v2\/product"}],"about":[{"href":"https:\/\/www.moskito.cz\/es\/wp-json\/wp\/v2\/types\/product"}],"replies":[{"embeddable":true,"href":"https:\/\/www.moskito.cz\/es\/wp-json\/wp\/v2\/comments?post=412208"}],"wp:featuredmedia":[{"embeddable":true,"href":"https:\/\/www.moskito.cz\/es\/wp-json\/wp\/v2\/media\/412125"}],"wp:attachment":[{"href":"https:\/\/www.moskito.cz\/es\/wp-json\/wp\/v2\/media?parent=412208"}],"wp:term":[{"taxonomy":"pwb-brand","embeddable":true,"href":"https:\/\/www.moskito.cz\/es\/wp-json\/wp\/v2\/pwb-brand?post=412208"},{"taxonomy":"product_brand","embeddable":true,"href":"https:\/\/www.moskito.cz\/es\/wp-json\/wp\/v2\/product_brand?post=412208"},{"taxonomy":"product_cat","embeddable":true,"href":"https:\/\/www.moskito.cz\/es\/wp-json\/wp\/v2\/product_cat?post=412208"},{"taxonomy":"product_tag","embeddable":true,"href":"https:\/\/www.moskito.cz\/es\/wp-json\/wp\/v2\/product_tag?post=412208"}],"curies":[{"name":"wp","href":"https:\/\/api.w.org\/{rel}","templated":true}]}}