{"id":412222,"date":"2025-06-28T08:21:12","date_gmt":"2025-06-28T16:09:21","guid":{"rendered":"https:\/\/www.moskito.cz\/produkt\/chris-reeve-cuchillo-plegable-grande-inkosi-tanto-lin-1042\/"},"modified":"2025-06-28T17:09:21","modified_gmt":"2025-06-28T16:09:21","slug":"chris-reeve-cuchillo-plegable-grande-inkosi-tanto-lin-1042","status":"publish","type":"product","link":"https:\/\/www.moskito.cz\/es\/produkt\/chris-reeve-cuchillo-plegable-grande-inkosi-tanto-lin-1042\/","title":{"rendered":"Chris Reeve Cuchillo plegable grande Inkosi Tanto LIN-1042"},"content":{"rendered":"<h2 data-pm-slice=\"1 1 []\">\ud83d\uddc2\ufe0f Chris Reeve Large Inkosi Tanto \u2013 Doble asa azul para el pulgar | El poder de la precisi\u00f3n en un cuerpo moderno<\/h2>\n<p><strong>La Chris Reeve Large Inkosi LIN-1042<\/strong> es una navaja plegable para quienes no buscan renunciar a nada. \u00abInkosi\u00bb significa <strong>\u00abjefe\u00bb<\/strong> en zul\u00fa, y esta versi\u00f3n lo confirma plenamente. Su robusta <strong>hoja tanto de acero CPM MagnaCut<\/strong> , su <strong>mango de titanio<\/strong> con un equilibrio preciso y <strong>sus pasadores azules dobles<\/strong> para una apertura c\u00f3moda con ambas manos la convierten en una herramienta fiable para el uso diario y el trabajo pesado.  <\/p>\n<p>El coraz\u00f3n del cuchillo es una hoja <strong>MagnaCut<\/strong> de primera calidad con una dureza de 63-64 HRC y <strong>un acabado lavado a la piedra<\/strong> , que combina una durabilidad excepcional, capacidad de corte y resistencia a la corrosi\u00f3n. El perfil Tanto aumenta la penetraci\u00f3n de la punta y la resistencia a la rotura con un uso intensivo. El dise\u00f1o se apoya en el legendario <strong>Reeve Integral Lock<\/strong> con contacto cer\u00e1mico para una larga vida \u00fatil y un funcionamiento suave.  <\/p>\n<div>\n<hr>\n<\/div>\n<h3>\ud83d\udcd0 Especificaciones t\u00e9cnicas:<\/h3>\n<ul data-spread=\"false\">\n<li><strong>Longitud de la hoja:<\/strong> 91,4 mm (3,6\u2033)<\/li>\n<li><strong>Longitud total:<\/strong> 210 mm (8,26\u2033)<\/li>\n<li><strong>Longitud del cuchillo cerrado:<\/strong> aprox. 119 mm<\/li>\n<li><strong>Grosor de la hoja:<\/strong> aprox. 3,6 mm<\/li>\n<li><strong>Material de la hoja:<\/strong> CPM MagnaCut \u2013 acero inoxidable de primera calidad (EE. UU.)<\/li>\n<li><strong>Dureza de la hoja:<\/strong> 63\u201364 HRC<\/li>\n<li><strong>Forma de la hoja:<\/strong> Tanto: punta fuerte y excelente penetraci\u00f3n.<\/li>\n<li><strong>Lijado:<\/strong> Lijado plano combinado<\/li>\n<li><strong>Superficie de la hoja:<\/strong> Stonewash \u2013 resistente a ara\u00f1azos, aspecto mate<\/li>\n<li><strong>Material del mango:<\/strong> titanio 6Al4V, pulido con chorro de vidrio.<\/li>\n<li><strong>Cerradura:<\/strong> Cerradura integral Reeve con interfaz cer\u00e1mica<\/li>\n<li><strong>Apertura:<\/strong> Doble leng\u00fceta azul para el pulgar, para usuarios diestros y zurdos<\/li>\n<li><strong>Clip de bolsillo:<\/strong> titanio, para diestros, desplazado (punta hacia arriba)<\/li>\n<li><strong>Pivote:<\/strong> Arandelas de bronce fosforoso<\/li>\n<li><strong>Peso:<\/strong> aprox. 125\u2013135 g<\/li>\n<li><strong>Dise\u00f1ador:<\/strong> Chris Reeve<\/li>\n<li><strong>Hecho en EE.UU<\/strong><\/li>\n<\/ul>\n<div>\n<hr>\n<\/div>\n<h3>\ud83d\udfe2 Ventajas principales:<\/h3>\n<p>\u2705  <strong>MagnaCut<\/strong> : excepcional durabilidad de la hoja, alta tenacidad y resistencia a la corrosi\u00f3n<br \/>\n\u2705  <strong>Hoja Tanto<\/strong> : geometr\u00eda potente ideal para cortes penetrantes y uso intensivo<br \/>\n\u2705  <strong>Mango de titanio<\/strong> : ligero, extremadamente fuerte y resistente a la corrosi\u00f3n.<br \/>\n\u2705  <strong>Pines azules dobles<\/strong> : facilitan la apertura con dos manos y a\u00f1aden un toque est\u00e9tico.<br \/>\n\u2705  <strong>Cerradura integral Reeve<\/strong> : una cerradura de cuadro segura y mec\u00e1nicamente precisa con contacto cer\u00e1mico<\/p>\n<div>\n<hr>\n<\/div>\n<h3>\ud83d\udd34 Posibles desventajas:<\/h3>\n<p>\u26a0\ufe0f <strong>Perfil Tanto<\/strong> : menos adecuado para cortes y alimentos delicados<br \/>\n\u26a0\ufe0f <strong>Precio m\u00e1s alto<\/strong> : corresponde a materiales de primera calidad y producci\u00f3n artesanal.<br \/>\n\u26a0\ufe0f <strong>El clip no se puede invertir<\/strong> : posici\u00f3n fija para usar en el lado derecho <\/p>\n<div>\n<hr>\n<\/div>\n<h3>\ud83d\udee0\ufe0f Mantenimiento y cuidado:<\/h3>\n<ul data-spread=\"false\">\n<li>La cuchilla <strong>MagnaCut<\/strong> requiere un mantenimiento m\u00ednimo: basta con un afilado ligero ocasional.<\/li>\n<li>El mango de titanio es resistente a la humedad y al desgaste.<\/li>\n<li>Para un funcionamiento suave, recomendamos lubricar peri\u00f3dicamente el pasador e inspeccionar ocasionalmente los tornillos.<\/li>\n<li>La superficie pulida con chorro de arena se puede limpiar con un cepillo suave o un pa\u00f1o.<\/li>\n<\/ul>\n<div>\n<hr>\n<\/div>\n<h3>\u2764\ufe0f qu\u00e9 te gusta?<\/h3>\n<p><strong>El Inkosi LIN-1042<\/strong> es la elecci\u00f3n perfecta para quienes aprecian <strong>la combinaci\u00f3n de materiales modernos, un dise\u00f1o robusto y una mec\u00e1nica impecable<\/strong> . Su fiabilidad y durabilidad lo hacen apto para condiciones exigentes, sin dejar de ser un cuchillo elegante y de fabricaci\u00f3n precisa, agradable a la vista y al tacto. <\/p>\n<div>\n<hr>\n<\/div>\n<h3>\u2705 Evaluaci\u00f3n final<\/h3>\n<p><strong>La Chris Reeve Large Inkosi Tanto LIN-1042<\/strong> es una navaja plegable de alta gama dise\u00f1ada para el usuario exigente que busca una herramienta en la que siempre pueda confiar. Ideal para el uso diario y las tareas m\u00e1s exigentes, todo en un dise\u00f1o impecable y funcionalmente perfecto. <\/p>\n","protected":false},"excerpt":{"rendered":"<p><strong>El Inkosi LIN-1042 es la elecci\u00f3n perfecta para quienes aprecian la combinaci\u00f3n de materiales modernos, un dise\u00f1o robusto y una mec\u00e1nica impecable. Su fiabilidad y durabilidad lo hacen apto para condiciones exigentes, sin dejar de ser un cuchillo elegante y de fabricaci\u00f3n precisa, agradable a la vista y al tacto. <\/strong><\/p>\n<p><strong>Env\u00edo gratis.<\/strong><\/p>\n","protected":false},"featured_media":412084,"comment_status":"open","ping_status":"closed","template":"","meta":[],"pwb-brand":[4045],"product_brand":[],"product_cat":[3730,3726],"product_tag":[],"class_list":{"0":"post-412222","1":"product","2":"type-product","3":"status-publish","4":"has-post-thumbnail","6":"pwb-brand-cuchillos-chris-reeve","7":"product_cat-cuchillas-de-cierre","8":"product_cat-cuchillos","10":"first","11":"instock","12":"taxable","13":"shipping-taxable","14":"purchasable","15":"product-type-simple"},"brands":[{"id":4045,"name":"Cuchillos Chris Reeve","slug":"cuchillos-chris-reeve"}],"_links":{"self":[{"href":"https:\/\/www.moskito.cz\/es\/wp-json\/wp\/v2\/product\/412222","targetHints":{"allow":["GET"]}}],"collection":[{"href":"https:\/\/www.moskito.cz\/es\/wp-json\/wp\/v2\/product"}],"about":[{"href":"https:\/\/www.moskito.cz\/es\/wp-json\/wp\/v2\/types\/product"}],"replies":[{"embeddable":true,"href":"https:\/\/www.moskito.cz\/es\/wp-json\/wp\/v2\/comments?post=412222"}],"wp:featuredmedia":[{"embeddable":true,"href":"https:\/\/www.moskito.cz\/es\/wp-json\/wp\/v2\/media\/412084"}],"wp:attachment":[{"href":"https:\/\/www.moskito.cz\/es\/wp-json\/wp\/v2\/media?parent=412222"}],"wp:term":[{"taxonomy":"pwb-brand","embeddable":true,"href":"https:\/\/www.moskito.cz\/es\/wp-json\/wp\/v2\/pwb-brand?post=412222"},{"taxonomy":"product_brand","embeddable":true,"href":"https:\/\/www.moskito.cz\/es\/wp-json\/wp\/v2\/product_brand?post=412222"},{"taxonomy":"product_cat","embeddable":true,"href":"https:\/\/www.moskito.cz\/es\/wp-json\/wp\/v2\/product_cat?post=412222"},{"taxonomy":"product_tag","embeddable":true,"href":"https:\/\/www.moskito.cz\/es\/wp-json\/wp\/v2\/product_tag?post=412222"}],"curies":[{"name":"wp","href":"https:\/\/api.w.org\/{rel}","templated":true}]}}