{"id":421683,"date":"2025-08-19T18:03:18","date_gmt":"2025-08-19T17:03:18","guid":{"rendered":"https:\/\/www.moskito.cz\/?post_type=product&#038;p=421683"},"modified":"2025-08-25T13:02:10","modified_gmt":"2025-08-25T12:02:10","slug":"vystrelovaci-nuz-cobratec-medium-fs-x-gen-iii","status":"publish","type":"product","link":"https:\/\/www.moskito.cz\/es\/produkt\/vystrelovaci-nuz-cobratec-medium-fs-x-gen-iii\/","title":{"rendered":"Vyst\u0159elovac\u00ed N\u016f\u017e CobraTec Medium FS-X Gen III"},"content":{"rendered":"<h2 data-start=\"215\" data-end=\"267\"><strong data-start=\"218\" data-end=\"267\">Vyst\u0159elovac\u00ed N\u016f\u017e CobraTec Medium FS-X Gen III<\/strong><\/h2>\n<p data-start=\"269\" data-end=\"607\"><strong data-start=\"269\" data-end=\"301\">CobraTec Medium FS-X Gen III<\/strong> je st\u0159edn\u011b velk\u00fd vyst\u0159elovac\u00ed n\u016f\u017e s oboustrann\u00fdm OTF mechanismem (Out The Front), kter\u00fd nab\u00edz\u00ed skv\u011bl\u00e9 vyv\u00e1\u017een\u00ed mezi kompaktn\u00ed velikost\u00ed, v\u00fdkonem a taktick\u00fdmi funkcemi. Vyr\u00e1b\u011bn\u00fd v USA z prvot\u0159\u00eddn\u00edch materi\u00e1l\u016f, tento model je ide\u00e1ln\u00ed volbou pro ka\u017edodenn\u00ed no\u0161en\u00ed (EDC), ale obstoj\u00ed i v n\u00e1ro\u010dn\u011bj\u0161\u00edm nasazen\u00ed.<\/p>\n<hr data-start=\"609\" data-end=\"612\" \/>\n<h3 data-start=\"614\" data-end=\"640\"><strong data-start=\"618\" data-end=\"640\">Historie a kontext<\/strong><\/h3>\n<p data-start=\"642\" data-end=\"1022\">Model <strong data-start=\"648\" data-end=\"678\">Medium FS-X Generation III<\/strong> roz\u0161i\u0159uje \u00fasp\u011b\u0161nou \u0159adu OTF no\u017e\u016f zna\u010dky CobraTec o st\u0159edn\u00ed velikost \u2013 praktick\u00fd kompromis mezi p\u0159enositelnost\u00ed a funk\u010dnost\u00ed. Srdcem no\u017ee je robustn\u00ed mechanismus s dvoj\u00edm \u00fa\u010dinkem: \u010depel vysune\u0161 i zasune\u0161 jedn\u00edm intuitivn\u00edm pohybem. CNC obr\u00e1b\u011bn\u00e1 rukoje\u0165 z hlin\u00edku 6061-T6 a \u010depel z n\u00e1strojov\u00e9 oceli D2 zaji\u0161\u0165uj\u00ed dlouhou \u017eivotnost i spolehlivost.<\/p>\n<hr data-start=\"1024\" data-end=\"1027\" \/>\n<h3 data-start=\"1029\" data-end=\"1058\"><strong data-start=\"1033\" data-end=\"1058\">Technick\u00e9 specifikace<\/strong><\/h3>\n<div class=\"_tableContainer_sk2ct_1\">\n<div class=\"_tableWrapper_sk2ct_13 group flex w-fit flex-col-reverse\" tabindex=\"-1\">\n<table class=\"w-fit min-w-(--thread-content-width)\" data-start=\"1060\" data-end=\"2160\">\n<thead data-start=\"1060\" data-end=\"1124\">\n<tr data-start=\"1060\" data-end=\"1124\">\n<th data-start=\"1060\" data-end=\"1085\" data-col-size=\"sm\">Parametr<\/th>\n<th data-start=\"1085\" data-end=\"1124\" data-col-size=\"sm\">Hodnota<\/th>\n<\/tr>\n<\/thead>\n<tbody data-start=\"1190\" data-end=\"2160\">\n<tr data-start=\"1190\" data-end=\"1254\">\n<td data-start=\"1190\" data-end=\"1215\" data-col-size=\"sm\">D\u00e9lka \u010depele<\/td>\n<td data-col-size=\"sm\" data-start=\"1215\" data-end=\"1254\">cca 76 mm (3\u2033)<\/td>\n<\/tr>\n<tr data-start=\"1255\" data-end=\"1319\">\n<td data-start=\"1255\" data-end=\"1280\" data-col-size=\"sm\">Celkov\u00e1 d\u00e9lka<\/td>\n<td data-col-size=\"sm\" data-start=\"1280\" data-end=\"1319\">cca 203 mm (8\u2033)<\/td>\n<\/tr>\n<tr data-start=\"1320\" data-end=\"1384\">\n<td data-start=\"1320\" data-end=\"1345\" data-col-size=\"sm\">D\u00e9lka rukojeti<\/td>\n<td data-col-size=\"sm\" data-start=\"1345\" data-end=\"1384\">cca 127 mm<\/td>\n<\/tr>\n<tr data-start=\"1385\" data-end=\"1449\">\n<td data-start=\"1385\" data-end=\"1410\" data-col-size=\"sm\">Tlou\u0161\u0165ka \u010depele<\/td>\n<td data-col-size=\"sm\" data-start=\"1410\" data-end=\"1449\">cca 3 mm<\/td>\n<\/tr>\n<tr data-start=\"1450\" data-end=\"1513\">\n<td data-start=\"1450\" data-end=\"1475\" data-col-size=\"sm\">Materi\u00e1l \u010depele<\/td>\n<td data-col-size=\"sm\" data-start=\"1475\" data-end=\"1513\">D2 n\u00e1strojov\u00e1 ocel (stonewashed)<\/td>\n<\/tr>\n<tr data-start=\"1514\" data-end=\"1578\">\n<td data-start=\"1514\" data-end=\"1539\" data-col-size=\"sm\">Tvrdost oceli<\/td>\n<td data-col-size=\"sm\" data-start=\"1539\" data-end=\"1578\">59\u201361 HRC<\/td>\n<\/tr>\n<tr data-start=\"1579\" data-end=\"1642\">\n<td data-start=\"1579\" data-end=\"1604\" data-col-size=\"sm\">Typ \u010depele<\/td>\n<td data-col-size=\"sm\" data-start=\"1604\" data-end=\"1642\">Dagger nebo Tanto (dle varianty)<\/td>\n<\/tr>\n<tr data-start=\"1643\" data-end=\"1707\">\n<td data-start=\"1643\" data-end=\"1668\" data-col-size=\"sm\">Brou\u0161en\u00ed<\/td>\n<td data-col-size=\"sm\" data-start=\"1668\" data-end=\"1707\">Ploch\u00fd v\u00fdbrus<\/td>\n<\/tr>\n<tr data-start=\"1708\" data-end=\"1771\">\n<td data-start=\"1708\" data-end=\"1733\" data-col-size=\"sm\">Materi\u00e1l rukojeti<\/td>\n<td data-col-size=\"sm\" data-start=\"1733\" data-end=\"1771\">CNC obr\u00e1b\u011bn\u00fd eloxovan\u00fd 6061-T6<\/td>\n<\/tr>\n<tr data-start=\"1772\" data-end=\"1836\">\n<td data-start=\"1772\" data-end=\"1797\" data-col-size=\"sm\">Mechanismus otev\u0159en\u00ed<\/td>\n<td data-col-size=\"sm\" data-start=\"1797\" data-end=\"1836\">Dvoj\u010dinn\u00fd OTF<\/td>\n<\/tr>\n<tr data-start=\"1837\" data-end=\"1901\">\n<td data-start=\"1837\" data-end=\"1862\" data-col-size=\"sm\">Pojistka<\/td>\n<td data-col-size=\"sm\" data-start=\"1862\" data-end=\"1901\">Mechanick\u00e1, integrovan\u00e1<\/td>\n<\/tr>\n<tr data-start=\"1902\" data-end=\"1965\">\n<td data-start=\"1902\" data-end=\"1927\" data-col-size=\"sm\">Kapesn\u00ed klip<\/td>\n<td data-col-size=\"sm\" data-start=\"1927\" data-end=\"1965\">Reverzibiln\u00ed (prav\u00e1\/lev\u00e1 ruka)<\/td>\n<\/tr>\n<tr data-start=\"1966\" data-end=\"2030\">\n<td data-start=\"1966\" data-end=\"1991\" data-col-size=\"sm\">Hmotnost<\/td>\n<td data-col-size=\"sm\" data-start=\"1991\" data-end=\"2030\">cca 108 g (3,8 oz)<\/td>\n<\/tr>\n<tr data-start=\"2031\" data-end=\"2095\">\n<td data-start=\"2031\" data-end=\"2056\" data-col-size=\"sm\">V\u00fdroba<\/td>\n<td data-col-size=\"sm\" data-start=\"2056\" data-end=\"2095\">USA<\/td>\n<\/tr>\n<tr data-start=\"2096\" data-end=\"2160\">\n<td data-start=\"2096\" data-end=\"2121\" data-col-size=\"sm\">Z\u00e1ruka<\/td>\n<td data-col-size=\"sm\" data-start=\"2121\" data-end=\"2160\">Do\u017eivotn\u00ed<\/td>\n<\/tr>\n<\/tbody>\n<\/table>\n<\/div>\n<\/div>\n<hr data-start=\"2162\" data-end=\"2165\" \/>\n<h3 data-start=\"2167\" data-end=\"2189\"><strong data-start=\"2171\" data-end=\"2189\">Kl\u00ed\u010dov\u00e9 v\u00fdhody<\/strong><\/h3>\n<ul data-start=\"2191\" data-end=\"2664\">\n<li data-start=\"2191\" data-end=\"2278\">\n<p data-start=\"2193\" data-end=\"2278\"><strong data-start=\"2193\" data-end=\"2212\">Vyv\u00e1\u017een\u00fd rozm\u011br<\/strong> \u2013 st\u0159edn\u00ed velikost vhodn\u00e1 pro ka\u017edodenn\u00ed no\u0161en\u00ed i tvrd\u0161\u00ed pou\u017eit\u00ed.<\/p>\n<\/li>\n<li data-start=\"2279\" data-end=\"2361\">\n<p data-start=\"2281\" data-end=\"2361\"><strong data-start=\"2281\" data-end=\"2312\">Oboustrann\u00fd OTF mechanismus<\/strong> \u2013 \u010depel se vysouv\u00e1 a zasouv\u00e1 jednodu\u0161e a rychle.<\/p>\n<\/li>\n<li data-start=\"2362\" data-end=\"2440\">\n<p data-start=\"2364\" data-end=\"2440\"><strong data-start=\"2364\" data-end=\"2375\">D2 ocel<\/strong> \u2013 vysok\u00e1 tvrdost, skv\u011bl\u00e1 v\u00fddr\u017e ost\u0159\u00ed a odolnost v\u016f\u010di opot\u0159eben\u00ed.<\/p>\n<\/li>\n<li data-start=\"2441\" data-end=\"2528\">\n<p data-start=\"2443\" data-end=\"2528\"><strong data-start=\"2443\" data-end=\"2471\">Eloxovan\u00fd hlin\u00edk 6061-T6<\/strong> \u2013 odoln\u00fd a lehk\u00fd materi\u00e1l rukojeti s perfektn\u00edm \u00fachopem.<\/p>\n<\/li>\n<li data-start=\"2529\" data-end=\"2600\">\n<p data-start=\"2531\" data-end=\"2600\"><strong data-start=\"2531\" data-end=\"2558\">Vestav\u011bn\u00fd rozb\u00edje\u010d skla<\/strong> \u2013 bezpe\u010dnostn\u00ed prvek pro krizov\u00e9 situace.<\/p>\n<\/li>\n<li data-start=\"2601\" data-end=\"2664\">\n<p data-start=\"2603\" data-end=\"2664\"><strong data-start=\"2603\" data-end=\"2631\">Oboustrann\u00fd kapesn\u00ed klip<\/strong> \u2013 pohodln\u00e9 no\u0161en\u00ed na ob\u011b strany.<\/p>\n<\/li>\n<\/ul>\n<hr data-start=\"2666\" data-end=\"2669\" \/>\n<h3 data-start=\"2671\" data-end=\"2692\"><strong data-start=\"2675\" data-end=\"2692\">Mo\u017en\u00e1 omezen\u00ed<\/strong><\/h3>\n<ul data-start=\"2694\" data-end=\"2888\">\n<li data-start=\"2694\" data-end=\"2776\">\n<p data-start=\"2696\" data-end=\"2776\"><strong data-start=\"2696\" data-end=\"2720\">Legislativn\u00ed omezen\u00ed<\/strong> \u2013 n\u011bkter\u00e9 zem\u011b omezuj\u00ed no\u0161en\u00ed automatick\u00fdch no\u017e\u016f (OTF).<\/p>\n<\/li>\n<li data-start=\"2777\" data-end=\"2888\">\n<p data-start=\"2779\" data-end=\"2888\"><strong data-start=\"2779\" data-end=\"2805\">Specifick\u00fd tvar \u010depele<\/strong> \u2013 tanto a dagger nejsou ide\u00e1ln\u00ed pro jemn\u00e9 \u0159ezy nebo ka\u017edodenn\u00ed \u00fakoly v dom\u00e1cnosti.<\/p>\n<\/li>\n<\/ul>\n<hr data-start=\"2890\" data-end=\"2893\" \/>\n<h3 data-start=\"2895\" data-end=\"2920\"><strong data-start=\"2899\" data-end=\"2920\">\u00dadr\u017eba a brou\u0161en\u00ed<\/strong><\/h3>\n<p data-start=\"2922\" data-end=\"3120\">N\u016f\u017e vy\u017eaduje pouze z\u00e1kladn\u00ed \u00fadr\u017ebu \u2013 pravideln\u00e9 \u010di\u0161t\u011bn\u00ed, su\u0161en\u00ed a maz\u00e1n\u00ed mechanismu zajist\u00ed jeho bezprobl\u00e9mov\u00fd chod.<br data-start=\"3038\" data-end=\"3041\" \/><strong data-start=\"3041\" data-end=\"3052\">D2 ocel<\/strong> si velmi dob\u0159e dr\u017e\u00ed ost\u0159\u00ed, ale je pot\u0159eba ji chr\u00e1nit p\u0159ed vlhkost\u00ed.<\/p>\n<p data-start=\"3122\" data-end=\"3292\"><strong data-start=\"3122\" data-end=\"3292\">Pro udr\u017een\u00ed ost\u0159\u00ed doporu\u010dujeme Spyderco Tri-Angle Sharpmaker Complete Sharpening System 204MF \u2013 ide\u00e1ln\u00ed i pro hladk\u00e1 ost\u0159\u00ed. \ud83d\uded2 Koup\u00edte na na\u0161ich str\u00e1nk\u00e1ch Moskito.cz.<\/strong><\/p>\n<hr data-start=\"3294\" data-end=\"3297\" \/>\n<h3 data-start=\"3299\" data-end=\"3324\"><strong data-start=\"3303\" data-end=\"3324\">Pro koho je ur\u010den<\/strong><\/h3>\n<ul data-start=\"3326\" data-end=\"3540\">\n<li data-start=\"3326\" data-end=\"3403\">\n<p data-start=\"3328\" data-end=\"3403\">Pro u\u017eivatele, kte\u0159\u00ed hledaj\u00ed ide\u00e1ln\u00ed kompromis mezi velikost\u00ed a funk\u010dnost\u00ed.<\/p>\n<\/li>\n<li data-start=\"3404\" data-end=\"3458\">\n<p data-start=\"3406\" data-end=\"3458\">Pro ka\u017edodenn\u00ed no\u0161en\u00ed s mo\u017enost\u00ed okam\u017eit\u00e9ho pou\u017eit\u00ed.<\/p>\n<\/li>\n<li data-start=\"3459\" data-end=\"3540\">\n<p data-start=\"3461\" data-end=\"3540\">Pro profesion\u00e1ly, sb\u011bratele a fanou\u0161ky kvalitn\u00edch OTF no\u017e\u016f s americkou v\u00fdrobou.<\/p>\n<\/li>\n<\/ul>\n<hr data-start=\"3542\" data-end=\"3545\" \/>\n<h3 data-start=\"3547\" data-end=\"3574\"><strong data-start=\"3551\" data-end=\"3574\">Z\u00e1v\u011bre\u010dn\u00e9 hodnocen\u00ed<\/strong><\/h3>\n<p data-start=\"3576\" data-end=\"3987\"><strong data-start=\"3576\" data-end=\"3608\">CobraTec FS-X Gen III Medium<\/strong> je perfektn\u011b vyv\u00e1\u017een\u00fd vyhazovac\u00ed n\u016f\u017e \u2013 ani p\u0159\u00edli\u0161 velk\u00fd, ani p\u0159\u00edli\u0161 mal\u00fd. Nab\u00edz\u00ed \u0161pi\u010dkov\u00e9 materi\u00e1ly, rychl\u00fd a spolehliv\u00fd mechanismus a praktick\u00e9 funkce, jako je sklen\u011bn\u00fd rozb\u00edje\u010d nebo reverzibiln\u00ed klip. D\u00edky robustn\u00ed konstrukci, p\u0159esn\u00e9mu zpracov\u00e1n\u00ed a do\u017eivotn\u00ed z\u00e1ruce je tento model skv\u011blou volbou pro ka\u017ed\u00e9ho, kdo chce m\u00edt po ruce kvalitn\u00ed n\u00e1stroj, na kter\u00fd se m\u016f\u017ee spolehnout.<\/p>\n<p data-start=\"3994\" data-end=\"4071\" data-is-last-node=\"\" data-is-only-node=\"\">\n","protected":false},"excerpt":{"rendered":"<p><strong>CobraTec FS-X Gen III Medium je perfektn\u011b vyv\u00e1\u017een\u00fd vyhazovac\u00ed n\u016f\u017e \u2013 ani p\u0159\u00edli\u0161 velk\u00fd, ani p\u0159\u00edli\u0161 mal\u00fd. Nab\u00edz\u00ed \u0161pi\u010dkov\u00e9 materi\u00e1ly, rychl\u00fd a spolehliv\u00fd mechanismus a praktick\u00e9 funkce, jako je sklen\u011bn\u00fd rozb\u00edje\u010d nebo reverzibiln\u00ed klip.<\/strong><\/p>\n<p><strong>Doprava zdarma.<\/strong><\/p>\n","protected":false},"featured_media":421684,"comment_status":"open","ping_status":"closed","template":"","meta":[],"pwb-brand":[3241],"product_brand":[],"product_cat":[17,2019],"product_tag":[],"class_list":{"0":"post-421683","1":"product","2":"type-product","3":"status-publish","4":"has-post-thumbnail","6":"pwb-brand-cobratec-2","7":"product_cat-noze","8":"product_cat-vystrelovaci-noze","10":"first","11":"outofstock","12":"taxable","13":"shipping-taxable","14":"purchasable","15":"product-type-simple"},"brands":[{"id":3241,"name":"CobraTec","slug":"cobratec-2"}],"_links":{"self":[{"href":"https:\/\/www.moskito.cz\/es\/wp-json\/wp\/v2\/product\/421683","targetHints":{"allow":["GET"]}}],"collection":[{"href":"https:\/\/www.moskito.cz\/es\/wp-json\/wp\/v2\/product"}],"about":[{"href":"https:\/\/www.moskito.cz\/es\/wp-json\/wp\/v2\/types\/product"}],"replies":[{"embeddable":true,"href":"https:\/\/www.moskito.cz\/es\/wp-json\/wp\/v2\/comments?post=421683"}],"wp:featuredmedia":[{"embeddable":true,"href":"https:\/\/www.moskito.cz\/es\/wp-json\/wp\/v2\/media\/421684"}],"wp:attachment":[{"href":"https:\/\/www.moskito.cz\/es\/wp-json\/wp\/v2\/media?parent=421683"}],"wp:term":[{"taxonomy":"pwb-brand","embeddable":true,"href":"https:\/\/www.moskito.cz\/es\/wp-json\/wp\/v2\/pwb-brand?post=421683"},{"taxonomy":"product_brand","embeddable":true,"href":"https:\/\/www.moskito.cz\/es\/wp-json\/wp\/v2\/product_brand?post=421683"},{"taxonomy":"product_cat","embeddable":true,"href":"https:\/\/www.moskito.cz\/es\/wp-json\/wp\/v2\/product_cat?post=421683"},{"taxonomy":"product_tag","embeddable":true,"href":"https:\/\/www.moskito.cz\/es\/wp-json\/wp\/v2\/product_tag?post=421683"}],"curies":[{"name":"wp","href":"https:\/\/api.w.org\/{rel}","templated":true}]}}