{"id":421907,"date":"2025-08-20T17:59:38","date_gmt":"2025-08-20T16:59:38","guid":{"rendered":"https:\/\/www.moskito.cz\/?post_type=product&#038;p=421907"},"modified":"2026-01-20T09:15:52","modified_gmt":"2026-01-20T08:15:52","slug":"vystrelovaci-nuz-cobratec-small-fs-x-gen-iii","status":"publish","type":"product","link":"https:\/\/www.moskito.cz\/es\/produkt\/vystrelovaci-nuz-cobratec-small-fs-x-gen-iii\/","title":{"rendered":"Vyst\u0159elovac\u00ed N\u016f\u017e CobraTec Small FS-X Gen III"},"content":{"rendered":"<h2 data-start=\"137\" data-end=\"193\"><strong data-start=\"140\" data-end=\"193\">Vyst\u0159elovac\u00ed N\u016f\u017e CobraTec Small FS-X Generation 3<\/strong><\/h2>\n<p data-start=\"195\" data-end=\"521\">P\u0159edstavujeme <strong data-start=\"209\" data-end=\"263\">CobraTec Small FS-X Generation 3 Double Action OTF<\/strong> \u2013 elegantn\u00ed, pe\u010dliv\u011b zpracovan\u00fd a mimo\u0159\u00e1dn\u011b funk\u010dn\u00ed n\u00e1stroj pro ka\u017edodenn\u00ed no\u0161en\u00ed. Tento kompaktn\u00ed vyst\u0159elovac\u00ed n\u016f\u017e je perfektn\u011b vyv\u00e1\u017een\u00fd mezi stylem a v\u00fdkonem a d\u00edky sv\u00e9 p\u0159esn\u011b CNC obr\u00e1b\u011bn\u00e9 konstrukci nab\u00edz\u00ed maxim\u00e1ln\u00ed odolnost i spolehlivost p\u0159i pou\u017e\u00edv\u00e1n\u00ed.<\/p>\n<p data-start=\"523\" data-end=\"834\">Rukoje\u0165 no\u017ee je vyrobena z leteck\u00e9ho hlin\u00edku <strong data-start=\"568\" data-end=\"579\">6061 T6<\/strong>, kter\u00fd zaji\u0161\u0165uje lehkou, ale pevnou strukturu odolnou proti n\u00e1ro\u010dn\u00e9mu nasazen\u00ed. \u010cepel z osv\u011bd\u010den\u00e9 oceli <strong data-start=\"684\" data-end=\"690\">D2<\/strong> s kamenn\u00fdm (stonewashed) povrchem poskytuje v\u00fdjime\u010dnou ostrost, skv\u011blou retenci ost\u0159\u00ed a spolehliv\u00fd v\u00fdkon p\u0159i ka\u017edodenn\u00edch i taktick\u00fdch \u00fakolech.<\/p>\n<p data-start=\"836\" data-end=\"1017\">N\u016f\u017e je vybaven <strong data-start=\"851\" data-end=\"883\">oboustrann\u00fdm kapesn\u00edm klipem<\/strong>, tak\u017ee je vhodn\u00fd pro prav\u00e1ky i lev\u00e1ky, a <strong data-start=\"925\" data-end=\"955\">vestav\u011bn\u00fdm rozb\u00edje\u010dem skla<\/strong>, co\u017e z n\u011bj \u010din\u00ed neoceniteln\u00fd n\u00e1stroj v krizov\u00fdch situac\u00edch.<\/p>\n<p data-start=\"1019\" data-end=\"1189\">Stejn\u011b jako v\u0161echny no\u017ee <strong data-start=\"1044\" data-end=\"1060\">CobraTec OTF<\/strong>, i model <strong data-start=\"1070\" data-end=\"1090\">Small FS-X Gen 3<\/strong> je kryt <strong data-start=\"1099\" data-end=\"1120\">do\u017eivotn\u00ed z\u00e1rukou<\/strong>, kter\u00e1 podtrhuje dlouhodobou hodnotu a d\u016fv\u011bru ve kvalitu zpracov\u00e1n\u00ed.<\/p>\n<hr data-start=\"1191\" data-end=\"1194\" \/>\n<h3 data-start=\"1196\" data-end=\"1233\"><strong data-start=\"1200\" data-end=\"1233\">Specifikace FS-X Generation 3<\/strong><\/h3>\n<div class=\"_tableContainer_sk2ct_1\">\n<div class=\"_tableWrapper_sk2ct_13 group flex w-fit flex-col-reverse\" tabindex=\"-1\">\n<table class=\"w-fit min-w-(--thread-content-width)\" data-start=\"1235\" data-end=\"1986\">\n<thead data-start=\"1235\" data-end=\"1302\">\n<tr data-start=\"1235\" data-end=\"1302\">\n<th data-start=\"1235\" data-end=\"1260\" data-col-size=\"sm\">Parametr<\/th>\n<th data-start=\"1260\" data-end=\"1302\" data-col-size=\"sm\">Hodnota<\/th>\n<\/tr>\n<\/thead>\n<tbody data-start=\"1372\" data-end=\"1986\">\n<tr data-start=\"1372\" data-end=\"1439\">\n<td data-start=\"1372\" data-end=\"1397\" data-col-size=\"sm\">Hmotnost<\/td>\n<td data-col-size=\"sm\" data-start=\"1397\" data-end=\"1439\">cca 71 g (2,5 oz)<\/td>\n<\/tr>\n<tr data-start=\"1440\" data-end=\"1507\">\n<td data-start=\"1440\" data-end=\"1465\" data-col-size=\"sm\">Typ mechanismu<\/td>\n<td data-col-size=\"sm\" data-start=\"1465\" data-end=\"1507\">OTF s dvojit\u00fdm \u00fa\u010dinkem<\/td>\n<\/tr>\n<tr data-start=\"1508\" data-end=\"1575\">\n<td data-start=\"1508\" data-end=\"1533\" data-col-size=\"sm\">\u010cepel<\/td>\n<td data-col-size=\"sm\" data-start=\"1533\" data-end=\"1575\">cca 70 mm (2,75\u2033), D2, stonewashed<\/td>\n<\/tr>\n<tr data-start=\"1576\" data-end=\"1643\">\n<td data-start=\"1576\" data-end=\"1601\" data-col-size=\"sm\">Rukoje\u0165<\/td>\n<td data-col-size=\"sm\" data-start=\"1601\" data-end=\"1643\">cca 98 mm (3,875\u2033), hlin\u00edk 6061 T6<\/td>\n<\/tr>\n<tr data-start=\"1644\" data-end=\"1711\">\n<td data-start=\"1644\" data-end=\"1669\" data-col-size=\"sm\">Celkov\u00e1 d\u00e9lka<\/td>\n<td data-col-size=\"sm\" data-start=\"1669\" data-end=\"1711\">cca 178 mm (7\u2033) s rozb\u00edje\u010dem skla<\/td>\n<\/tr>\n<tr data-start=\"1712\" data-end=\"1779\">\n<td data-start=\"1712\" data-end=\"1737\" data-col-size=\"sm\">Materi\u00e1l klipu<\/td>\n<td data-col-size=\"sm\" data-start=\"1737\" data-end=\"1779\">Ocel, oboustrann\u00fd (prav\u00e1\/lev\u00e1 ruka)<\/td>\n<\/tr>\n<tr data-start=\"1780\" data-end=\"1848\">\n<td data-start=\"1780\" data-end=\"1805\" data-col-size=\"sm\">Rozb\u00edje\u010d skla<\/td>\n<td data-col-size=\"sm\" data-start=\"1805\" data-end=\"1848\">Ano<\/td>\n<\/tr>\n<tr data-start=\"1849\" data-end=\"1917\">\n<td data-start=\"1849\" data-end=\"1874\" data-col-size=\"sm\">Z\u00e1ruka<\/td>\n<td data-col-size=\"sm\" data-start=\"1874\" data-end=\"1917\">Do\u017eivotn\u00ed<\/td>\n<\/tr>\n<tr data-start=\"1918\" data-end=\"1986\">\n<td data-start=\"1918\" data-end=\"1943\" data-col-size=\"sm\">V\u00fdroba<\/td>\n<td data-col-size=\"sm\" data-start=\"1943\" data-end=\"1986\">USA<\/td>\n<\/tr>\n<\/tbody>\n<\/table>\n<\/div>\n<\/div>\n<hr data-start=\"1988\" data-end=\"1991\" \/>\n<h3 data-start=\"1993\" data-end=\"2019\"><strong data-start=\"1997\" data-end=\"2019\">Detaily konstrukce<\/strong><\/h3>\n<ul data-start=\"2021\" data-end=\"2581\">\n<li data-start=\"2021\" data-end=\"2242\">\n<p data-start=\"2023\" data-end=\"2242\"><strong data-start=\"2023\" data-end=\"2043\">Materi\u00e1l \u010depele:<\/strong> \u010cepel je vyrobena z <strong data-start=\"2064\" data-end=\"2087\">D2 n\u00e1strojov\u00e9 oceli<\/strong> s kamenn\u00fdm povrchem. Tato ocel je zn\u00e1m\u00e1 pro svou vysokou tvrdost, hou\u017eevnatost a dlouhou v\u00fddr\u017e ost\u0159\u00ed, co\u017e ji \u010din\u00ed ide\u00e1ln\u00ed pro n\u00e1ro\u010dn\u00e9 a opakovan\u00e9 pou\u017eit\u00ed.<\/p>\n<\/li>\n<li data-start=\"2246\" data-end=\"2417\">\n<p data-start=\"2248\" data-end=\"2417\"><strong data-start=\"2248\" data-end=\"2270\">Materi\u00e1l rukojeti:<\/strong> Rukoje\u0165 je p\u0159esn\u011b CNC obr\u00e1b\u011bna z <strong data-start=\"2304\" data-end=\"2335\">eloxovan\u00e9ho hlin\u00edku 6061 T6<\/strong>, kter\u00fd poskytuje perfektn\u00ed rovnov\u00e1hu mezi n\u00edzkou hmotnost\u00ed a pevnost\u00ed konstrukce.<\/p>\n<\/li>\n<li data-start=\"2419\" data-end=\"2581\">\n<p data-start=\"2421\" data-end=\"2581\"><strong data-start=\"2421\" data-end=\"2441\">OTF mechanismus:<\/strong> <strong data-start=\"2442\" data-end=\"2476\">Dvojit\u00fd \u00fa\u010dinek (Double Action)<\/strong> znamen\u00e1, \u017ee \u010depel se vysouv\u00e1 i zasouv\u00e1 pomoc\u00ed jedin\u00e9ho posuvn\u00e9ho tla\u010d\u00edtka \u2013 rychle, hladce a spolehliv\u011b.<\/p>\n<\/li>\n<\/ul>\n<hr data-start=\"2583\" data-end=\"2586\" \/>\n<h3 data-start=\"2588\" data-end=\"2602\"><strong data-start=\"2592\" data-end=\"2602\">\u00dadr\u017eba<\/strong><\/h3>\n<p data-start=\"2604\" data-end=\"2920\">\u00dadr\u017eba tohoto no\u017ee je jednoduch\u00e1 \u2013 \u010depel i mechanismus se snadno \u010dist\u00ed, promaz\u00e1vaj\u00ed a v p\u0159\u00edpad\u011b pot\u0159eby i brous\u00ed. Ocel <strong data-start=\"2723\" data-end=\"2729\">D2<\/strong> je sice \u010d\u00e1ste\u010dn\u011b nerezov\u00e1, ale pro dlouhodobou v\u00fddr\u017e doporu\u010dujeme udr\u017eovat \u010depel <strong data-start=\"2811\" data-end=\"2851\">suchou, \u010distou a pravideln\u011b olejovat<\/strong>. Mechanismus OTF tak\u00e9 pravideln\u011b \u010dist\u011bte od prachu a vl\u00e1ken z kapsy.<\/p>\n<p data-start=\"2922\" data-end=\"3092\"><strong data-start=\"2922\" data-end=\"3092\">Pro udr\u017een\u00ed ost\u0159\u00ed doporu\u010dujeme Spyderco Tri-Angle Sharpmaker Complete Sharpening System 204MF \u2013 ide\u00e1ln\u00ed i pro hladk\u00e1 ost\u0159\u00ed. \ud83d\uded2 Koup\u00edte na na\u0161ich str\u00e1nk\u00e1ch Moskito.cz.<\/strong><\/p>\n<hr data-start=\"3094\" data-end=\"3097\" \/>\n<h3 data-start=\"3099\" data-end=\"3124\"><strong data-start=\"3103\" data-end=\"3124\">Pro koho je ur\u010den<\/strong><\/h3>\n<ul data-start=\"3126\" data-end=\"3390\">\n<li data-start=\"3126\" data-end=\"3194\">\n<p data-start=\"3128\" data-end=\"3194\">Pro u\u017eivatele hledaj\u00edc\u00ed <strong data-start=\"3152\" data-end=\"3191\">kompaktn\u00ed, ale pln\u011b funk\u010dn\u00ed OTF n\u016f\u017e<\/strong>.<\/p>\n<\/li>\n<li data-start=\"3195\" data-end=\"3262\">\n<p data-start=\"3197\" data-end=\"3262\">Pro ka\u017edodenn\u00ed no\u0161en\u00ed, kde z\u00e1le\u017e\u00ed na rychlosti a spolehlivosti.<\/p>\n<\/li>\n<li data-start=\"3263\" data-end=\"3330\">\n<p data-start=\"3265\" data-end=\"3330\">Pro ty, kdo pot\u0159ebuj\u00ed <strong data-start=\"3287\" data-end=\"3306\">obrann\u00fd n\u00e1stroj<\/strong> v kapesn\u00edm proveden\u00ed.<\/p>\n<\/li>\n<li data-start=\"3331\" data-end=\"3390\">\n<p data-start=\"3333\" data-end=\"3390\">Pro fanou\u0161ky precizn\u00edho CNC zpracov\u00e1n\u00ed a americk\u00e9 v\u00fdroby.<\/p>\n<\/li>\n<\/ul>\n<hr data-start=\"3392\" data-end=\"3395\" \/>\n<h3 data-start=\"3397\" data-end=\"3424\"><strong data-start=\"3401\" data-end=\"3424\">Z\u00e1v\u011bre\u010dn\u00e9 hodnocen\u00ed<\/strong><\/h3>\n<p data-start=\"3426\" data-end=\"3729\"><strong data-start=\"3426\" data-end=\"3455\">CobraTec Small FS-X Gen 3<\/strong> je mal\u00fd, ale mimo\u0159\u00e1dn\u011b schopn\u00fd vyst\u0159elovac\u00ed n\u016f\u017e, kter\u00fd nab\u00edz\u00ed spolehlivost, odolnost a styl v jednom elegantn\u00edm balen\u00ed. Pokud hled\u00e1\u0161 diskr\u00e9tn\u00ed, ale v\u00fdkonn\u00fd n\u00e1stroj pro ka\u017edodenn\u00ed pou\u017eit\u00ed, tenhle model ti poskytne p\u0159esn\u011b to, co pot\u0159ebuje\u0161 \u2013 s do\u017eivotn\u00ed z\u00e1rukou jako bonusem.<\/p>\n","protected":false},"excerpt":{"rendered":"<p><strong>CobraTec Small FS-X Gen 3 je mal\u00fd, ale mimo\u0159\u00e1dn\u011b schopn\u00fd vyst\u0159elovac\u00ed n\u016f\u017e, kter\u00fd nab\u00edz\u00ed spolehlivost, odolnost a styl v jednom elegantn\u00edm balen\u00ed. <\/strong><\/p>\n<p><strong>Doprava zdarma.<\/strong><\/p>\n","protected":false},"featured_media":421908,"comment_status":"open","ping_status":"closed","template":"","meta":[],"pwb-brand":[3241],"product_brand":[],"product_cat":[17,2019],"product_tag":[],"class_list":{"0":"post-421907","1":"product","2":"type-product","3":"status-publish","4":"has-post-thumbnail","6":"pwb-brand-cobratec-2","7":"product_cat-noze","8":"product_cat-vystrelovaci-noze","10":"first","11":"outofstock","12":"taxable","13":"shipping-taxable","14":"purchasable","15":"product-type-simple"},"brands":[{"id":3241,"name":"CobraTec","slug":"cobratec-2"}],"_links":{"self":[{"href":"https:\/\/www.moskito.cz\/es\/wp-json\/wp\/v2\/product\/421907","targetHints":{"allow":["GET"]}}],"collection":[{"href":"https:\/\/www.moskito.cz\/es\/wp-json\/wp\/v2\/product"}],"about":[{"href":"https:\/\/www.moskito.cz\/es\/wp-json\/wp\/v2\/types\/product"}],"replies":[{"embeddable":true,"href":"https:\/\/www.moskito.cz\/es\/wp-json\/wp\/v2\/comments?post=421907"}],"wp:featuredmedia":[{"embeddable":true,"href":"https:\/\/www.moskito.cz\/es\/wp-json\/wp\/v2\/media\/421908"}],"wp:attachment":[{"href":"https:\/\/www.moskito.cz\/es\/wp-json\/wp\/v2\/media?parent=421907"}],"wp:term":[{"taxonomy":"pwb-brand","embeddable":true,"href":"https:\/\/www.moskito.cz\/es\/wp-json\/wp\/v2\/pwb-brand?post=421907"},{"taxonomy":"product_brand","embeddable":true,"href":"https:\/\/www.moskito.cz\/es\/wp-json\/wp\/v2\/product_brand?post=421907"},{"taxonomy":"product_cat","embeddable":true,"href":"https:\/\/www.moskito.cz\/es\/wp-json\/wp\/v2\/product_cat?post=421907"},{"taxonomy":"product_tag","embeddable":true,"href":"https:\/\/www.moskito.cz\/es\/wp-json\/wp\/v2\/product_tag?post=421907"}],"curies":[{"name":"wp","href":"https:\/\/api.w.org\/{rel}","templated":true}]}}