{"id":422039,"date":"2025-08-21T18:35:31","date_gmt":"2025-08-21T17:35:31","guid":{"rendered":"https:\/\/www.moskito.cz\/?post_type=product&#038;p=422039"},"modified":"2026-01-05T14:41:59","modified_gmt":"2026-01-05T13:41:59","slug":"vystrelovaci-nuz-cobratec-large-fs-x-gen-iii","status":"publish","type":"product","link":"https:\/\/www.moskito.cz\/es\/produkt\/vystrelovaci-nuz-cobratec-large-fs-x-gen-iii\/","title":{"rendered":"Vyst\u0159elovac\u00ed N\u016f\u017e CobraTec Large FS-X Gen III"},"content":{"rendered":"<h2 data-start=\"164\" data-end=\"223\"><strong data-start=\"167\" data-end=\"223\">Vyst\u0159elovac\u00ed N\u016f\u017e CobraTec Large FS\u2011X Gen III \u2013 Tanto<\/strong><\/h2>\n<p data-start=\"225\" data-end=\"540\">P\u0159edstavujeme <strong data-start=\"239\" data-end=\"285\">CobraTec Large FS\u2011X Generation III \u2013 Tanto<\/strong>, robustn\u00ed vyst\u0159elovac\u00ed n\u016f\u017e navr\u017een\u00fd pro n\u00e1ro\u010dn\u00e9 u\u017eivatele, kte\u0159\u00ed vy\u017eaduj\u00ed kombinaci rychlosti, odolnosti a stylu. Tento model spojuje precizn\u00ed CNC zpracov\u00e1n\u00ed s funk\u010dn\u00edm designem a poskytuje spolehliv\u00fd v\u00fdkon jak v b\u011b\u017en\u00e9m no\u0161en\u00ed, tak v krizov\u00fdch situac\u00edch.<\/p>\n<p data-start=\"542\" data-end=\"771\"><strong data-start=\"542\" data-end=\"557\">Tanto \u010depel<\/strong> p\u0159in\u00e1\u0161\u00ed vynikaj\u00edc\u00ed bodac\u00ed i \u0159eznou kapacitu, zat\u00edmco <strong data-start=\"611\" data-end=\"640\">rukoje\u0165 z hlin\u00edku 6061 T6<\/strong> zaru\u010duje lehkost i pevnost. Osv\u011bd\u010den\u00fd <strong data-start=\"679\" data-end=\"712\">Double Action OTF mechanismus<\/strong> umo\u017e\u0148uje rychl\u00e9 vysunut\u00ed i zasunut\u00ed \u010depele jedn\u00edm pohybem.<\/p>\n<p data-start=\"773\" data-end=\"1001\">D\u00edky <strong data-start=\"778\" data-end=\"801\">oboustrann\u00e9mu klipu<\/strong> je n\u016f\u017e vhodn\u00fd pro prav\u00e1ky i lev\u00e1ky a <strong data-start=\"839\" data-end=\"860\">sklen\u011bn\u00fd rozb\u00edje\u010d<\/strong> d\u011bl\u00e1 z tohoto modelu tak\u00e9 praktick\u00fd n\u00e1stroj do nouzov\u00fdch situac\u00ed. Stejn\u011b jako u ostatn\u00edch model\u016f FS-X je samoz\u0159ejmost\u00ed <strong data-start=\"980\" data-end=\"1000\">do\u017eivotn\u00ed z\u00e1ruka<\/strong>.<\/p>\n<hr data-start=\"1003\" data-end=\"1006\" \/>\n<h3 data-start=\"1008\" data-end=\"1037\"><strong data-start=\"1012\" data-end=\"1037\">Technick\u00e9 specifikace<\/strong><\/h3>\n<div class=\"_tableContainer_sk2ct_1\">\n<div class=\"_tableWrapper_sk2ct_13 group flex w-fit flex-col-reverse\" tabindex=\"-1\">\n<table class=\"w-fit min-w-(--thread-content-width)\" data-start=\"1039\" data-end=\"1807\">\n<thead data-start=\"1039\" data-end=\"1107\">\n<tr data-start=\"1039\" data-end=\"1107\">\n<th data-start=\"1039\" data-end=\"1064\" data-col-size=\"sm\">Parametr<\/th>\n<th data-start=\"1064\" data-end=\"1107\" data-col-size=\"md\">Hodnota<\/th>\n<\/tr>\n<\/thead>\n<tbody data-start=\"1178\" data-end=\"1807\">\n<tr data-start=\"1178\" data-end=\"1247\">\n<td data-start=\"1178\" data-end=\"1203\" data-col-size=\"sm\">Hmotnost<\/td>\n<td data-col-size=\"md\" data-start=\"1203\" data-end=\"1247\">cca 128 g<\/td>\n<\/tr>\n<tr data-start=\"1248\" data-end=\"1316\">\n<td data-start=\"1248\" data-end=\"1273\" data-col-size=\"sm\">Typ mechanismu<\/td>\n<td data-col-size=\"md\" data-start=\"1273\" data-end=\"1316\">OTF \u2013 dvoj\u00ed akce (vysunut\u00ed a zasunut\u00ed)<\/td>\n<\/tr>\n<tr data-start=\"1317\" data-end=\"1385\">\n<td data-start=\"1317\" data-end=\"1342\" data-col-size=\"sm\">\u010cepel<\/td>\n<td data-col-size=\"md\" data-start=\"1342\" data-end=\"1385\">3,5\u2033 (cca 89 mm), tvar Tanto, D2 ocel<\/td>\n<\/tr>\n<tr data-start=\"1386\" data-end=\"1456\">\n<td data-start=\"1386\" data-end=\"1411\" data-col-size=\"sm\">Rukoje\u0165<\/td>\n<td data-col-size=\"md\" data-start=\"1411\" data-end=\"1456\">5\u2033 (cca 127 mm), eloxovan\u00fd hlin\u00edk 6061 T6<\/td>\n<\/tr>\n<tr data-start=\"1457\" data-end=\"1526\">\n<td data-start=\"1457\" data-end=\"1482\" data-col-size=\"sm\">Celkov\u00e1 d\u00e9lka<\/td>\n<td data-col-size=\"md\" data-start=\"1482\" data-end=\"1526\">cca 222 mm (8,75\u2033)<\/td>\n<\/tr>\n<tr data-start=\"1527\" data-end=\"1598\">\n<td data-start=\"1527\" data-end=\"1552\" data-col-size=\"sm\">Kapesn\u00ed klip<\/td>\n<td data-col-size=\"md\" data-start=\"1552\" data-end=\"1598\">Reverzibiln\u00ed (prav\u00e1\/lev\u00e1 strana), tip-down<\/td>\n<\/tr>\n<tr data-start=\"1599\" data-end=\"1667\">\n<td data-start=\"1599\" data-end=\"1624\" data-col-size=\"sm\">Dal\u0161\u00ed v\u00fdbava<\/td>\n<td data-col-size=\"md\" data-start=\"1624\" data-end=\"1667\">Sklen\u011bn\u00fd rozb\u00edje\u010d<\/td>\n<\/tr>\n<tr data-start=\"1668\" data-end=\"1737\">\n<td data-start=\"1668\" data-end=\"1693\" data-col-size=\"sm\">Z\u00e1ruka<\/td>\n<td data-col-size=\"md\" data-start=\"1693\" data-end=\"1737\">Do\u017eivotn\u00ed<\/td>\n<\/tr>\n<tr data-start=\"1738\" data-end=\"1807\">\n<td data-start=\"1738\" data-end=\"1763\" data-col-size=\"sm\">V\u00fdroba<\/td>\n<td data-start=\"1763\" data-end=\"1807\" data-col-size=\"md\">USA<\/td>\n<\/tr>\n<\/tbody>\n<\/table>\n<\/div>\n<\/div>\n<hr data-start=\"1809\" data-end=\"1812\" \/>\n<h3 data-start=\"1814\" data-end=\"1836\"><strong data-start=\"1818\" data-end=\"1836\">Kl\u00ed\u010dov\u00e9 v\u00fdhody<\/strong><\/h3>\n<ul data-start=\"1838\" data-end=\"2303\">\n<li data-start=\"1838\" data-end=\"1937\">\n<p data-start=\"1840\" data-end=\"1937\"><strong data-start=\"1840\" data-end=\"1866\">Tanto \u010depel z oceli D2<\/strong> \u2013 vysok\u00e1 tvrdost, v\u00fdborn\u00e1 retence ost\u0159\u00ed a odolnost proti opot\u0159eben\u00ed.<\/p>\n<\/li>\n<li data-start=\"1938\" data-end=\"2002\">\n<p data-start=\"1940\" data-end=\"2002\"><strong data-start=\"1940\" data-end=\"1968\">Double Action OTF syst\u00e9m<\/strong> \u2013 rychl\u00e9 ovl\u00e1d\u00e1n\u00ed jednou rukou.<\/p>\n<\/li>\n<li data-start=\"2003\" data-end=\"2080\">\n<p data-start=\"2005\" data-end=\"2080\"><strong data-start=\"2005\" data-end=\"2040\">CNC fr\u00e9zovan\u00e1 hlin\u00edkov\u00e1 rukoje\u0165<\/strong> \u2013 lehk\u00e1 a pevn\u00e1, dob\u0159e padne do ruky.<\/p>\n<\/li>\n<li data-start=\"2081\" data-end=\"2172\">\n<p data-start=\"2083\" data-end=\"2172\"><strong data-start=\"2083\" data-end=\"2123\">Sklen\u011bn\u00fd rozb\u00edje\u010d\u00a0<\/strong><\/p>\n<\/li>\n<li data-start=\"2173\" data-end=\"2235\">\n<p data-start=\"2175\" data-end=\"2235\"><strong data-start=\"2175\" data-end=\"2195\">Oboustrann\u00fd klip<\/strong> \u2013 vhodn\u00e9 no\u0161en\u00ed pro prav\u00e1ky i lev\u00e1ky.<\/p>\n<\/li>\n<li data-start=\"2236\" data-end=\"2303\">\n<p data-start=\"2238\" data-end=\"2303\"><strong data-start=\"2238\" data-end=\"2258\">Do\u017eivotn\u00ed z\u00e1ruka<\/strong> \u2013 potvrzen\u00ed d\u016fv\u011bry v kvalitu a spolehlivost.<\/p>\n<\/li>\n<\/ul>\n<hr data-start=\"2305\" data-end=\"2308\" \/>\n<h3 data-start=\"2310\" data-end=\"2331\"><strong data-start=\"2314\" data-end=\"2331\">Mo\u017en\u00e1 omezen\u00ed<\/strong><\/h3>\n<ul data-start=\"2333\" data-end=\"2587\">\n<li data-start=\"2333\" data-end=\"2414\">\n<p data-start=\"2335\" data-end=\"2414\"><strong data-start=\"2335\" data-end=\"2369\">V\u011bt\u0161\u00ed rozm\u011bry a vy\u0161\u0161\u00ed hmotnost<\/strong> \u2013 ne ka\u017ed\u00e9mu vyhovuje jako ka\u017edodenn\u00ed n\u016f\u017e.<\/p>\n<\/li>\n<li data-start=\"2415\" data-end=\"2504\">\n<p data-start=\"2417\" data-end=\"2504\"><strong data-start=\"2417\" data-end=\"2448\">D2 ocel nen\u00ed zcela nerezov\u00e1<\/strong> \u2013 vy\u017eaduje z\u00e1kladn\u00ed p\u00e9\u010di, zejm\u00e9na v mokr\u00e9m prost\u0159ed\u00ed.<\/p>\n<\/li>\n<li data-start=\"2505\" data-end=\"2587\">\n<p data-start=\"2507\" data-end=\"2587\"><strong data-start=\"2507\" data-end=\"2522\">Legislativa<\/strong> \u2013 vyst\u0159elovac\u00ed no\u017ee nejsou leg\u00e1ln\u00ed ve v\u0161ech zem\u00edch \u010di regionech.<\/p>\n<\/li>\n<\/ul>\n<hr data-start=\"2589\" data-end=\"2592\" \/>\n<h3 data-start=\"2594\" data-end=\"2619\"><strong data-start=\"2598\" data-end=\"2619\">\u00dadr\u017eba a brou\u0161en\u00ed<\/strong><\/h3>\n<p data-start=\"2621\" data-end=\"2814\">D2 ocel si dlouhodob\u011b udr\u017euje ost\u0159\u00ed, ale doporu\u010dujeme \u010depel pravideln\u011b ot\u0159\u00edt dosucha a lehce promazat. OTF mechanismus udr\u017euj \u010dist\u00fd a zbaven\u00fd ne\u010distot \u2013 ide\u00e1ln\u011b jednou za \u010das profoukni a nama\u017e.<\/p>\n<p data-start=\"2816\" data-end=\"2986\"><strong data-start=\"2816\" data-end=\"2986\">Pro udr\u017een\u00ed ost\u0159\u00ed doporu\u010dujeme Spyderco Tri-Angle Sharpmaker Complete Sharpening System 204MF \u2013 ide\u00e1ln\u00ed i pro hladk\u00e1 ost\u0159\u00ed. \ud83d\uded2 Koup\u00edte na na\u0161ich str\u00e1nk\u00e1ch Moskito.cz.<\/strong><\/p>\n<hr data-start=\"2988\" data-end=\"2991\" \/>\n<h3 data-start=\"2993\" data-end=\"3018\"><strong data-start=\"2997\" data-end=\"3018\">Pro koho je ur\u010den<\/strong><\/h3>\n<ul data-start=\"3020\" data-end=\"3292\">\n<li data-start=\"3020\" data-end=\"3083\">\n<p data-start=\"3022\" data-end=\"3083\">Pro u\u017eivatele hledaj\u00edc\u00ed velk\u00fd, robustn\u00ed a taktick\u00fd OTF n\u016f\u017e.<\/p>\n<\/li>\n<li data-start=\"3084\" data-end=\"3148\">\n<p data-start=\"3086\" data-end=\"3148\">Pro ty, kdo preferuj\u00ed tvar \u010depele Tanto pro \u0159ez\u00e1n\u00ed i bod\u00e1n\u00ed.<\/p>\n<\/li>\n<li data-start=\"3149\" data-end=\"3201\">\n<p data-start=\"3151\" data-end=\"3201\">Pro sb\u011bratele a fanou\u0161ky kvalitn\u00edch OTF syst\u00e9m\u016f.<\/p>\n<\/li>\n<li data-start=\"3202\" data-end=\"3292\">\n<p data-start=\"3204\" data-end=\"3292\">Pro ty, kte\u0159\u00ed pot\u0159ebuj\u00ed n\u00e1stroj do n\u00e1ro\u010dn\u00e9ho prost\u0159ed\u00ed, ale tak\u00e9 pro ka\u017edodenn\u00ed pou\u017eit\u00ed.<\/p>\n<\/li>\n<\/ul>\n<hr data-start=\"3294\" data-end=\"3297\" \/>\n<h3 data-start=\"3299\" data-end=\"3326\"><strong data-start=\"3303\" data-end=\"3326\">Z\u00e1v\u011bre\u010dn\u00e9 hodnocen\u00ed<\/strong><\/h3>\n<p data-start=\"3328\" data-end=\"3628\"><strong data-start=\"3328\" data-end=\"3365\">CobraTec Large FS\u2011X Gen III Tanto<\/strong> je v\u00fdkonn\u00fd automatick\u00fd n\u016f\u017e navr\u017een\u00fd pro spolehlivost, odolnost a snadn\u00e9 pou\u017eit\u00ed. Spojuje v\u00fdhody velk\u00e9ho t\u011bla, rychl\u00e9ho mechanismu a odoln\u00e9 \u010depele v jednom. Pokud hled\u00e1\u0161 taktick\u00fd OTF n\u016f\u017e, kter\u00fd nezklame ani v extr\u00e9mn\u00edch podm\u00ednk\u00e1ch, je tento model v\u00fdbornou volbou.<\/p>\n","protected":false},"excerpt":{"rendered":"<p><strong>Pokud hled\u00e1\u0161 taktick\u00fd OTF n\u016f\u017e, kter\u00fd nezklame ani v extr\u00e9mn\u00edch podm\u00ednk\u00e1ch, je tento model v\u00fdbornou volbou.<\/strong><\/p>\n<p><strong>Doprava zdarma.<\/strong><\/p>\n","protected":false},"featured_media":422040,"comment_status":"open","ping_status":"closed","template":"","meta":[],"pwb-brand":[3241],"product_brand":[],"product_cat":[17,2019],"product_tag":[],"class_list":{"0":"post-422039","1":"product","2":"type-product","3":"status-publish","4":"has-post-thumbnail","6":"pwb-brand-cobratec-2","7":"product_cat-noze","8":"product_cat-vystrelovaci-noze","10":"first","11":"outofstock","12":"taxable","13":"shipping-taxable","14":"purchasable","15":"product-type-simple"},"brands":[{"id":3241,"name":"CobraTec","slug":"cobratec-2"}],"_links":{"self":[{"href":"https:\/\/www.moskito.cz\/es\/wp-json\/wp\/v2\/product\/422039","targetHints":{"allow":["GET"]}}],"collection":[{"href":"https:\/\/www.moskito.cz\/es\/wp-json\/wp\/v2\/product"}],"about":[{"href":"https:\/\/www.moskito.cz\/es\/wp-json\/wp\/v2\/types\/product"}],"replies":[{"embeddable":true,"href":"https:\/\/www.moskito.cz\/es\/wp-json\/wp\/v2\/comments?post=422039"}],"wp:featuredmedia":[{"embeddable":true,"href":"https:\/\/www.moskito.cz\/es\/wp-json\/wp\/v2\/media\/422040"}],"wp:attachment":[{"href":"https:\/\/www.moskito.cz\/es\/wp-json\/wp\/v2\/media?parent=422039"}],"wp:term":[{"taxonomy":"pwb-brand","embeddable":true,"href":"https:\/\/www.moskito.cz\/es\/wp-json\/wp\/v2\/pwb-brand?post=422039"},{"taxonomy":"product_brand","embeddable":true,"href":"https:\/\/www.moskito.cz\/es\/wp-json\/wp\/v2\/product_brand?post=422039"},{"taxonomy":"product_cat","embeddable":true,"href":"https:\/\/www.moskito.cz\/es\/wp-json\/wp\/v2\/product_cat?post=422039"},{"taxonomy":"product_tag","embeddable":true,"href":"https:\/\/www.moskito.cz\/es\/wp-json\/wp\/v2\/product_tag?post=422039"}],"curies":[{"name":"wp","href":"https:\/\/api.w.org\/{rel}","templated":true}]}}