{"id":422649,"date":"2025-09-05T09:00:10","date_gmt":"2025-09-05T08:00:10","guid":{"rendered":"https:\/\/www.moskito.cz\/?post_type=product&#038;p=422649"},"modified":"2025-09-05T09:00:10","modified_gmt":"2025-09-05T08:00:10","slug":"vystrelovaci-nuz-frank-beltrame-23-cm-fantail-limited-edition-2013-snakewood","status":"publish","type":"product","link":"https:\/\/www.moskito.cz\/es\/produkt\/vystrelovaci-nuz-frank-beltrame-23-cm-fantail-limited-edition-2013-snakewood\/","title":{"rendered":"Vyst\u0159elovac\u00ed N\u016f\u017e Frank Beltrame 23 cm Fantail Limited Edition 2013 Snakewood"},"content":{"rendered":"<h1 data-start=\"113\" data-end=\"176\">Frank Beltrame 23 cm Fantail Limited Edition 2013 Snakewood<\/h1>\n<p data-start=\"178\" data-end=\"730\">Frank Beltrame je jm\u00e9no, kter\u00e9 se mezi milovn\u00edky italsk\u00fdch stilett vyslovuje s \u00factou. Model <strong data-start=\"270\" data-end=\"324\">Fantail Limited Edition 2013 ve variant\u011b Snakewood<\/strong> je n\u00e1dhern\u00fd p\u0159\u00edklad spojen\u00ed tradi\u010dn\u00edho \u0159emesla a sb\u011bratelsk\u00e9ho luxusu. Elegantn\u00ed vyst\u0159elovac\u00ed stiletto o d\u00e9lce 23 cm (9\u2033) zaujme unik\u00e1tn\u00edmi st\u0159enkami z exotick\u00e9ho d\u0159eva snakewood, precizn\u00edm oto\u010dn\u00fdm z\u00e1mkem Swivel EX a jemn\u00fdm ryt\u00edm, kter\u00e9 podtrhuje jeho v\u00fdjime\u010dnost. Jde o n\u016f\u017e, kter\u00fd v sob\u011b nese atmosf\u00e9ru ru\u010dn\u011b vyr\u00e1b\u011bn\u00fdch no\u017e\u016f z italsk\u00e9ho Maniaga a z\u00e1rove\u0148 sb\u011bratelskou hodnotu d\u00edky sv\u00e9 limitovan\u00e9 s\u00e9rii.<\/p>\n<hr data-start=\"732\" data-end=\"735\" \/>\n<h2 data-start=\"737\" data-end=\"764\">\ud83d\udd27 Konstrukce a funkce<\/h2>\n<ul data-start=\"766\" data-end=\"1226\">\n<li data-start=\"766\" data-end=\"810\">\n<p data-start=\"768\" data-end=\"810\"><strong data-start=\"768\" data-end=\"797\">Celkov\u00e1 d\u00e9lka (otev\u0159en\u00fd):<\/strong> 23 cm (9\u2033)<\/p>\n<\/li>\n<li data-start=\"811\" data-end=\"847\">\n<p data-start=\"813\" data-end=\"847\"><strong data-start=\"813\" data-end=\"830\">D\u00e9lka \u010depele:<\/strong> cca 10 cm (4\u2033)<\/p>\n<\/li>\n<li data-start=\"848\" data-end=\"881\">\n<p data-start=\"850\" data-end=\"881\"><strong data-start=\"850\" data-end=\"870\">Tlou\u0161\u0165ka \u010depele:<\/strong> cca 3 mm<\/p>\n<\/li>\n<li data-start=\"882\" data-end=\"941\">\n<p data-start=\"884\" data-end=\"941\"><strong data-start=\"884\" data-end=\"904\">Materi\u00e1l \u010depele:<\/strong> nerezov\u00e1 ocel (tvrdost cca 56 HRC)<\/p>\n<\/li>\n<li data-start=\"942\" data-end=\"1025\">\n<p data-start=\"944\" data-end=\"1025\"><strong data-start=\"944\" data-end=\"956\">St\u0159enky:<\/strong> exotick\u00e9 d\u0159evo <em data-start=\"972\" data-end=\"983\">snakewood<\/em> \u2013 v\u00fdrazn\u00e1 kresba, ka\u017ed\u00fd kus je origin\u00e1l<\/p>\n<\/li>\n<li data-start=\"1026\" data-end=\"1101\">\n<p data-start=\"1028\" data-end=\"1101\"><strong data-start=\"1028\" data-end=\"1038\">Z\u00e1mek:<\/strong> Swivel EX \u2013 oto\u010dn\u00fd vn\u011bj\u0161\u00ed z\u00e1mek pro bezpe\u010dn\u00e9 uzam\u010den\u00ed \u010depele<\/p>\n<\/li>\n<li data-start=\"1102\" data-end=\"1160\">\n<p data-start=\"1104\" data-end=\"1160\"><strong data-start=\"1104\" data-end=\"1114\">\u010cepel:<\/strong> tvar bayonet, typick\u00fd pro klasick\u00e1 stiletto<\/p>\n<\/li>\n<li data-start=\"1161\" data-end=\"1226\">\n<p data-start=\"1163\" data-end=\"1226\"><strong data-start=\"1163\" data-end=\"1175\">Zdoben\u00ed:<\/strong> jemn\u00e9 ryt\u00ed (etch) a limitovan\u00e1 s\u00e9rie z roku 2013<\/p>\n<\/li>\n<\/ul>\n<hr data-start=\"1228\" data-end=\"1231\" \/>\n<h2 data-start=\"1233\" data-end=\"1253\">\u2705 Hlavn\u00ed v\u00fdhody<\/h2>\n<ul data-start=\"1255\" data-end=\"1608\">\n<li data-start=\"1255\" data-end=\"1352\">\n<p data-start=\"1257\" data-end=\"1352\"><strong data-start=\"1257\" data-end=\"1281\">Sb\u011bratelsk\u00e1 hodnota:<\/strong> edice 2013, ka\u017ed\u00fd kus je origin\u00e1ln\u00ed d\u00edky p\u0159\u00edrodn\u00ed kresb\u011b snakewoodu.<\/p>\n<\/li>\n<li data-start=\"1353\" data-end=\"1448\">\n<p data-start=\"1355\" data-end=\"1448\"><strong data-start=\"1355\" data-end=\"1374\">Luxusn\u00ed vzhled:<\/strong> exotick\u00e9 d\u0159evo dod\u00e1v\u00e1 rukojeti neoby\u010dejn\u011b elegantn\u00ed a vz\u00e1cn\u00fd charakter.<\/p>\n<\/li>\n<li data-start=\"1449\" data-end=\"1533\">\n<p data-start=\"1451\" data-end=\"1533\"><strong data-start=\"1451\" data-end=\"1476\">Tradi\u010dn\u00ed mechanizmus:<\/strong> spolehliv\u00fd oto\u010dn\u00fd z\u00e1mek Swivel EX \u2013 osv\u011bd\u010den\u00e1 klasika.<\/p>\n<\/li>\n<li data-start=\"1534\" data-end=\"1608\">\n<p data-start=\"1536\" data-end=\"1608\"><strong data-start=\"1536\" data-end=\"1556\">Italsk\u00e1 tradice:<\/strong> ru\u010dn\u00ed v\u00fdroba v Maniagu \u2013 centru no\u017e\u00ed\u0159sk\u00e9ho um\u011bn\u00ed.<\/p>\n<\/li>\n<\/ul>\n<hr data-start=\"1610\" data-end=\"1613\" \/>\n<h2 data-start=\"1615\" data-end=\"1636\">\u26a0\ufe0f Mo\u017en\u00e1 omezen\u00ed<\/h2>\n<ul data-start=\"1638\" data-end=\"2030\">\n<li data-start=\"1638\" data-end=\"1738\">\n<p data-start=\"1640\" data-end=\"1738\"><strong data-start=\"1640\" data-end=\"1655\">M\u011bk\u010d\u00ed ocel:<\/strong> nerezov\u00e1 ocel s tvrdost\u00ed 56 HRC dr\u017e\u00ed ost\u0159\u00ed pr\u016fm\u011brn\u011b, vy\u017eaduje \u010dast\u011bj\u0161\u00ed brou\u0161en\u00ed.<\/p>\n<\/li>\n<li data-start=\"1739\" data-end=\"1837\">\n<p data-start=\"1741\" data-end=\"1837\"><strong data-start=\"1741\" data-end=\"1767\">Dekorativn\u00ed charakter:<\/strong> sp\u00ed\u0161e sb\u011bratelsk\u00fd n\u016f\u017e ne\u017e pracovn\u00ed n\u00e1stroj pro ka\u017edodenn\u00ed zat\u00ed\u017een\u00ed.<\/p>\n<\/li>\n<li data-start=\"1838\" data-end=\"1944\">\n<p data-start=\"1840\" data-end=\"1944\"><strong data-start=\"1840\" data-end=\"1870\">Citliv\u00fd materi\u00e1l rukojeti:<\/strong> snakewood je tvrd\u00e9, ale m\u016f\u017ee b\u00fdt n\u00e1chyln\u00e9 na vysych\u00e1n\u00ed \u2013 vy\u017eaduje p\u00e9\u010di.<\/p>\n<\/li>\n<li data-start=\"1945\" data-end=\"2030\">\n<p data-start=\"1947\" data-end=\"2030\"><strong data-start=\"1947\" data-end=\"1964\">Ru\u010dn\u00ed v\u00fdroba:<\/strong> drobn\u00e9 rozd\u00edly ve sl\u00edcov\u00e1n\u00ed jsou mo\u017en\u00e1 da\u0148 za tradi\u010dn\u00ed postupy.<\/p>\n<\/li>\n<\/ul>\n<hr data-start=\"2032\" data-end=\"2035\" \/>\n<h2 data-start=\"2037\" data-end=\"2059\">\ud83d\udee0\ufe0f \u00dadr\u017eba a p\u00e9\u010de<\/h2>\n<ul data-start=\"2061\" data-end=\"2458\">\n<li data-start=\"2061\" data-end=\"2105\">\n<p data-start=\"2063\" data-end=\"2105\">Po pou\u017eit\u00ed ot\u0159ete \u010depel such\u00fdm had\u0159\u00edkem.<\/p>\n<\/li>\n<li data-start=\"2106\" data-end=\"2160\">\n<p data-start=\"2108\" data-end=\"2160\">Kloub \u010depele a z\u00e1mek ob\u010das proma\u017ete jemn\u00fdm olejem.<\/p>\n<\/li>\n<li data-start=\"2161\" data-end=\"2233\">\n<p data-start=\"2163\" data-end=\"2233\">St\u0159enky ze snakewoodu pravideln\u011b o\u0161et\u0159ujte olejem na exotick\u00e1 d\u0159eva.<\/p>\n<\/li>\n<li data-start=\"2234\" data-end=\"2458\">\n<p data-start=\"2236\" data-end=\"2458\">Pro udr\u017een\u00ed ost\u0159\u00ed doporu\u010dujeme <a class=\"decorated-link\" href=\"https:\/\/www.moskito.cz\/?utm_source=chatgpt.com\" target=\"_new\" rel=\"noopener\" data-start=\"2267\" data-end=\"2356\">Spyderco Tri-Angle Sharpmaker Complete Sharpening System 204MF<\/a><\/p>\n<\/li>\n<li data-start=\"2234\" data-end=\"2458\">\n<h2 data-start=\"2465\" data-end=\"2487\">\ud83c\udfaf Doporu\u010deno pro<\/h2>\n<ul data-start=\"2489\" data-end=\"2697\">\n<li data-start=\"2489\" data-end=\"2553\">\n<p data-start=\"2491\" data-end=\"2553\">Sb\u011bratele italsk\u00fdch stilett, kte\u0159\u00ed hledaj\u00ed skute\u010dnou raritu.<\/p>\n<\/li>\n<li data-start=\"2554\" data-end=\"2619\">\n<p data-start=\"2556\" data-end=\"2619\">Milovn\u00edky exotick\u00fdch materi\u00e1l\u016f a luxusn\u00edch limitovan\u00fdch edic.<\/p>\n<\/li>\n<li data-start=\"2620\" data-end=\"2697\">\n<p data-start=\"2622\" data-end=\"2697\">Ty, kdo cht\u011bj\u00ed do sv\u00e9 sb\u00edrky p\u0159idat v\u00fdjime\u010dn\u00fd n\u016f\u017e s autentick\u00fdm p\u0159\u00edb\u011bhem.<\/p>\n<\/li>\n<\/ul>\n<hr data-start=\"2699\" data-end=\"2702\" \/>\n<h2 data-start=\"2704\" data-end=\"2728\">Z\u00e1v\u011bre\u010dn\u00e9 hodnocen\u00ed<\/h2>\n<p data-start=\"2730\" data-end=\"3194\"><strong data-start=\"2730\" data-end=\"2787\">Frank Beltrame Fantail Limited Edition 2013 Snakewood<\/strong> je v\u00edc ne\u017e jen n\u016f\u017e \u2013 je to um\u011bleck\u00e9 d\u00edlo a symbol tradice. Kombinace italsk\u00e9ho \u0159emesla, limitovan\u00e9 s\u00e9rie a exotick\u00e9ho d\u0159eva snakewoodu z n\u011bj \u010din\u00ed sb\u011bratelsk\u00fd klenot, kter\u00fd oslov\u00ed ka\u017ed\u00e9ho nad\u0161ence pro stiletta. Nen\u00ed ur\u010den pro tvrdou pr\u00e1ci, ale pr\u00e1v\u011b d\u00edky tomu si uchov\u00e1v\u00e1 sv\u016fj charakter \u2013 elegantn\u00ed, historick\u00fd a jedine\u010dn\u00fd. Pokud hled\u00e1\u0161 n\u016f\u017e, kter\u00fd bude ozdobou vitr\u00edny i srdcem sb\u00edrky, pr\u00e1v\u011b jsi ho na\u0161el.<\/p>\n<\/li>\n<\/ul>\n","protected":false},"excerpt":{"rendered":"<p><strong>Frank Beltrame Fantail Limited Edition 2013 Snakewood je v\u00edc ne\u017e jen n\u016f\u017e \u2013 je to um\u011bleck\u00e9 d\u00edlo a symbol tradice. Kombinace italsk\u00e9ho \u0159emesla, limitovan\u00e9 s\u00e9rie a exotick\u00e9ho d\u0159eva snakewoodu z n\u011bj \u010din\u00ed sb\u011bratelsk\u00fd klenot, kter\u00fd oslov\u00ed ka\u017ed\u00e9ho nad\u0161ence pro stiletta.<\/strong><\/p>\n<p><strong>Doprava zdarma.<\/strong><\/p>\n","protected":false},"featured_media":422650,"comment_status":"open","ping_status":"closed","template":"","meta":[],"pwb-brand":[2020],"product_brand":[],"product_cat":[17,2019],"product_tag":[],"class_list":{"0":"post-422649","1":"product","2":"type-product","3":"status-publish","4":"has-post-thumbnail","6":"pwb-brand-beltrame","7":"product_cat-noze","8":"product_cat-vystrelovaci-noze","10":"first","11":"instock","12":"taxable","13":"shipping-taxable","14":"purchasable","15":"product-type-simple"},"brands":[{"id":2020,"name":"Beltrame","slug":"beltrame"}],"_links":{"self":[{"href":"https:\/\/www.moskito.cz\/es\/wp-json\/wp\/v2\/product\/422649","targetHints":{"allow":["GET"]}}],"collection":[{"href":"https:\/\/www.moskito.cz\/es\/wp-json\/wp\/v2\/product"}],"about":[{"href":"https:\/\/www.moskito.cz\/es\/wp-json\/wp\/v2\/types\/product"}],"replies":[{"embeddable":true,"href":"https:\/\/www.moskito.cz\/es\/wp-json\/wp\/v2\/comments?post=422649"}],"wp:featuredmedia":[{"embeddable":true,"href":"https:\/\/www.moskito.cz\/es\/wp-json\/wp\/v2\/media\/422650"}],"wp:attachment":[{"href":"https:\/\/www.moskito.cz\/es\/wp-json\/wp\/v2\/media?parent=422649"}],"wp:term":[{"taxonomy":"pwb-brand","embeddable":true,"href":"https:\/\/www.moskito.cz\/es\/wp-json\/wp\/v2\/pwb-brand?post=422649"},{"taxonomy":"product_brand","embeddable":true,"href":"https:\/\/www.moskito.cz\/es\/wp-json\/wp\/v2\/product_brand?post=422649"},{"taxonomy":"product_cat","embeddable":true,"href":"https:\/\/www.moskito.cz\/es\/wp-json\/wp\/v2\/product_cat?post=422649"},{"taxonomy":"product_tag","embeddable":true,"href":"https:\/\/www.moskito.cz\/es\/wp-json\/wp\/v2\/product_tag?post=422649"}],"curies":[{"name":"wp","href":"https:\/\/api.w.org\/{rel}","templated":true}]}}