{"id":422773,"date":"2025-09-05T13:56:37","date_gmt":"2025-09-05T12:56:37","guid":{"rendered":"https:\/\/www.moskito.cz\/?post_type=product&#038;p=422773"},"modified":"2025-09-05T13:56:37","modified_gmt":"2025-09-05T12:56:37","slug":"vystrelovaci-nuz-frank-beltrame-23-cm-fantail-limited-edition-2013-ram","status":"publish","type":"product","link":"https:\/\/www.moskito.cz\/es\/produkt\/vystrelovaci-nuz-frank-beltrame-23-cm-fantail-limited-edition-2013-ram\/","title":{"rendered":"Vyst\u0159elovac\u00ed N\u016f\u017e Frank Beltrame 23 cm Fantail Limited Edition 2013 Ram"},"content":{"rendered":"<h1 data-start=\"56\" data-end=\"113\">Frank Beltrame 23 cm Fantail Limited Edition 2013 Ram<\/h1>\n<p data-start=\"115\" data-end=\"571\">Italsk\u00e1 tradice, ru\u010dn\u00ed v\u00fdroba a sb\u011bratelsk\u00e1 exkluzivita \u2013 to je <strong data-start=\"179\" data-end=\"227\">Fantail Limited Edition 2013 ve variant\u011b Ram<\/strong> od Franka Beltrame. Tento vyst\u0159elovac\u00ed stiletto o d\u00e9lce 23 cm (9\u2033) zaujme st\u0159enkami z p\u0159\u00edrodn\u00edho beran\u00edho rohu, kter\u00e9 d\u00edky sv\u00e9 kresb\u011b a barevn\u00e9 variabilit\u011b \u010din\u00ed ka\u017ed\u00fd kus naprost\u00fdm origin\u00e1lem. V kombinaci s \u010depel\u00ed ve tvaru bayonet, tradi\u010dn\u00edm z\u00e1mkem Swivel EX a jemn\u00fdm ryt\u00edm se jedn\u00e1 o sb\u011bratelsk\u00fd klenot s du\u0161\u00ed klasick\u00e9ho italsk\u00e9ho stiletta.<\/p>\n<hr data-start=\"573\" data-end=\"576\" \/>\n<h2 data-start=\"578\" data-end=\"605\">\ud83d\udd27 Konstrukce a funkce<\/h2>\n<ul data-start=\"607\" data-end=\"1069\">\n<li data-start=\"607\" data-end=\"651\">\n<p data-start=\"609\" data-end=\"651\"><strong data-start=\"609\" data-end=\"638\">Celkov\u00e1 d\u00e9lka (otev\u0159en\u00fd):<\/strong> 23 cm (9\u2033)<\/p>\n<\/li>\n<li data-start=\"652\" data-end=\"688\">\n<p data-start=\"654\" data-end=\"688\"><strong data-start=\"654\" data-end=\"671\">D\u00e9lka \u010depele:<\/strong> cca 10 cm (4\u2033)<\/p>\n<\/li>\n<li data-start=\"689\" data-end=\"722\">\n<p data-start=\"691\" data-end=\"722\"><strong data-start=\"691\" data-end=\"711\">Tlou\u0161\u0165ka \u010depele:<\/strong> cca 3 mm<\/p>\n<\/li>\n<li data-start=\"723\" data-end=\"782\">\n<p data-start=\"725\" data-end=\"782\"><strong data-start=\"725\" data-end=\"745\">Materi\u00e1l \u010depele:<\/strong> nerezov\u00e1 ocel (tvrdost cca 56 HRC)<\/p>\n<\/li>\n<li data-start=\"783\" data-end=\"875\">\n<p data-start=\"785\" data-end=\"875\"><strong data-start=\"785\" data-end=\"797\">St\u0159enky:<\/strong> p\u0159\u00edrodn\u00ed beran\u00ed roh (<em data-start=\"819\" data-end=\"829\">ram horn<\/em>) \u2013 ka\u017ed\u00fd kus je unik\u00e1t d\u00edky p\u0159\u00edrodn\u00ed kresb\u011b<\/p>\n<\/li>\n<li data-start=\"876\" data-end=\"951\">\n<p data-start=\"878\" data-end=\"951\"><strong data-start=\"878\" data-end=\"888\">Z\u00e1mek:<\/strong> Swivel EX \u2013 oto\u010dn\u00fd vn\u011bj\u0161\u00ed z\u00e1mek pro bezpe\u010dn\u00e9 uzam\u010den\u00ed \u010depele<\/p>\n<\/li>\n<li data-start=\"952\" data-end=\"1003\">\n<p data-start=\"954\" data-end=\"1003\"><strong data-start=\"954\" data-end=\"964\">\u010cepel:<\/strong> tvar bayonet \u2013 klasick\u00fd pro stiletta<\/p>\n<\/li>\n<li data-start=\"1004\" data-end=\"1069\">\n<p data-start=\"1006\" data-end=\"1069\"><strong data-start=\"1006\" data-end=\"1018\">Zdoben\u00ed:<\/strong> jemn\u00e9 ryt\u00ed (etch) a limitovan\u00e1 s\u00e9rie z roku 2013<\/p>\n<\/li>\n<\/ul>\n<hr data-start=\"1071\" data-end=\"1074\" \/>\n<h2 data-start=\"1076\" data-end=\"1096\">\u2705 Hlavn\u00ed v\u00fdhody<\/h2>\n<ul data-start=\"1098\" data-end=\"1427\">\n<li data-start=\"1098\" data-end=\"1200\">\n<p data-start=\"1100\" data-end=\"1200\"><strong data-start=\"1100\" data-end=\"1128\">Sb\u011bratelsk\u00e1 exkluzivita:<\/strong> limitovan\u00e1 edice z roku 2013 s jedine\u010dn\u00fdmi st\u0159enkami z beran\u00edho rohu.<\/p>\n<\/li>\n<li data-start=\"1201\" data-end=\"1286\">\n<p data-start=\"1203\" data-end=\"1286\"><strong data-start=\"1203\" data-end=\"1225\">Origin\u00e1ln\u00ed vzhled:<\/strong> p\u0159\u00edrodn\u00ed roh dod\u00e1v\u00e1 ka\u017ed\u00e9mu kusu neopakovateln\u00fd charakter.<\/p>\n<\/li>\n<li data-start=\"1287\" data-end=\"1361\">\n<p data-start=\"1289\" data-end=\"1361\"><strong data-start=\"1289\" data-end=\"1314\">Tradi\u010dn\u00ed mechanizmus:<\/strong> Swivel EX \u2013 spolehliv\u00fd a historicky ov\u011b\u0159en\u00fd.<\/p>\n<\/li>\n<li data-start=\"1362\" data-end=\"1427\">\n<p data-start=\"1364\" data-end=\"1427\"><strong data-start=\"1364\" data-end=\"1384\">Italsk\u00e9 \u0159emeslo:<\/strong> ru\u010dn\u00ed v\u00fdroba v Maniagu, kol\u00e9bce stilett.<\/p>\n<\/li>\n<\/ul>\n<hr data-start=\"1429\" data-end=\"1432\" \/>\n<h2 data-start=\"1434\" data-end=\"1455\">\u26a0\ufe0f Mo\u017en\u00e1 omezen\u00ed<\/h2>\n<ul data-start=\"1457\" data-end=\"1772\">\n<li data-start=\"1457\" data-end=\"1528\">\n<p data-start=\"1459\" data-end=\"1528\"><strong data-start=\"1459\" data-end=\"1477\">Pr\u016fm\u011brn\u00e1 ocel:<\/strong> nerezov\u00e1 ocel 56 HRC vy\u017eaduje \u010dast\u011bj\u0161\u00ed brou\u0161en\u00ed.<\/p>\n<\/li>\n<li data-start=\"1529\" data-end=\"1610\">\n<p data-start=\"1531\" data-end=\"1610\"><strong data-start=\"1531\" data-end=\"1551\">Dekorativn\u00ed n\u016f\u017e:<\/strong> v\u00edce reprezentativn\u00ed a sb\u011bratelsk\u00fd ne\u017e pracovn\u00ed n\u00e1stroj.<\/p>\n<\/li>\n<li data-start=\"1611\" data-end=\"1701\">\n<p data-start=\"1613\" data-end=\"1701\"><strong data-start=\"1613\" data-end=\"1634\">Citliv\u00fd materi\u00e1l:<\/strong> roh m\u016f\u017ee \u010dasem vysychat a praskat, pokud nen\u00ed spr\u00e1vn\u011b o\u0161et\u0159ov\u00e1n.<\/p>\n<\/li>\n<li data-start=\"1702\" data-end=\"1772\">\n<p data-start=\"1704\" data-end=\"1772\"><strong data-start=\"1704\" data-end=\"1721\">Ru\u010dn\u00ed v\u00fdroba:<\/strong> mohou se objevit drobn\u00e9 odli\u0161nosti ve sl\u00edcov\u00e1n\u00ed.<\/p>\n<\/li>\n<\/ul>\n<hr data-start=\"1774\" data-end=\"1777\" \/>\n<h2 data-start=\"1779\" data-end=\"1801\">\ud83d\udee0\ufe0f \u00dadr\u017eba a p\u00e9\u010de<\/h2>\n<ul data-start=\"1803\" data-end=\"2217\">\n<li data-start=\"1803\" data-end=\"1849\">\n<p data-start=\"1805\" data-end=\"1849\">Po pou\u017eit\u00ed o\u010dist\u011bte \u010depel such\u00fdm had\u0159\u00edkem.<\/p>\n<\/li>\n<li data-start=\"1850\" data-end=\"1902\">\n<p data-start=\"1852\" data-end=\"1902\">Kloub a z\u00e1mek pravideln\u011b proma\u017ete jemn\u00fdm olejem.<\/p>\n<\/li>\n<li data-start=\"1903\" data-end=\"1992\">\n<p data-start=\"1905\" data-end=\"1992\">St\u0159enky z beran\u00edho rohu o\u0161et\u0159ujte miner\u00e1ln\u00edm nebo lanol\u00ednov\u00fdm olejem, aby nepraskaly.<\/p>\n<\/li>\n<li data-start=\"1993\" data-end=\"2217\">\n<p data-start=\"1995\" data-end=\"2217\">Pro udr\u017een\u00ed ost\u0159\u00ed doporu\u010dujeme <a class=\"decorated-link\" href=\"https:\/\/www.moskito.cz\/?utm_source=chatgpt.com\" target=\"_new\" rel=\"noopener\" data-start=\"2026\" data-end=\"2115\">Spyderco Tri-Angle Sharpmaker Complete Sharpening System 204MF<\/a><\/p>\n<\/li>\n<li data-start=\"1993\" data-end=\"2217\">\n<h2 data-start=\"2224\" data-end=\"2246\">\ud83c\udfaf Doporu\u010deno pro<\/h2>\n<ul data-start=\"2248\" data-end=\"2446\">\n<li data-start=\"2248\" data-end=\"2321\">\n<p data-start=\"2250\" data-end=\"2321\">Sb\u011bratele, kte\u0159\u00ed hledaj\u00ed raritn\u00ed p\u0159\u00edrodn\u00ed materi\u00e1l ve sb\u00edrce stilett.<\/p>\n<\/li>\n<li data-start=\"2322\" data-end=\"2377\">\n<p data-start=\"2324\" data-end=\"2377\">Milovn\u00edky autentick\u00e9 italsk\u00e9 tradice a ru\u010dn\u00ed pr\u00e1ce.<\/p>\n<\/li>\n<li data-start=\"2378\" data-end=\"2446\">\n<p data-start=\"2380\" data-end=\"2446\">Ty, kdo cht\u011bj\u00ed do sv\u00e9 vitr\u00edny p\u0159idat n\u016f\u017e s osobit\u00fdm charakterem.<\/p>\n<\/li>\n<\/ul>\n<hr data-start=\"2448\" data-end=\"2451\" \/>\n<h2 data-start=\"2453\" data-end=\"2477\">Z\u00e1v\u011bre\u010dn\u00e9 hodnocen\u00ed<\/h2>\n<p data-start=\"2479\" data-end=\"2861\"><strong data-start=\"2479\" data-end=\"2530\">Frank Beltrame Fantail Limited Edition 2013 Ram<\/strong> je v\u00fdjime\u010dn\u00fd sb\u011bratelsk\u00fd n\u016f\u017e, kter\u00fd spojuje klasick\u00fd design stiletta s p\u0159\u00edrodn\u00ed kr\u00e1sou beran\u00edho rohu. Nen\u00ed to n\u00e1stroj na ka\u017edodenn\u00ed pr\u00e1ci \u2013 jeho skute\u010dn\u00e1 hodnota spo\u010d\u00edv\u00e1 v originalit\u011b, atmosf\u00e9\u0159e a presti\u017ei, kterou do sb\u00edrky vnese. Pokud tou\u017e\u00ed\u0161 po exkluzivn\u00edm kousku s autentick\u00fdm p\u0159\u00edb\u011bhem, tahle limitovan\u00e1 edice je jasn\u00e1 volba.<\/p>\n<\/li>\n<\/ul>\n","protected":false},"excerpt":{"rendered":"<p><strong>Frank Beltrame Fantail Limited Edition 2013 Ram je v\u00fdjime\u010dn\u00fd sb\u011bratelsk\u00fd n\u016f\u017e, kter\u00fd spojuje klasick\u00fd design stiletta s p\u0159\u00edrodn\u00ed kr\u00e1sou beran\u00edho rohu. Nen\u00ed to n\u00e1stroj na ka\u017edodenn\u00ed pr\u00e1ci \u2013 jeho skute\u010dn\u00e1 hodnota spo\u010d\u00edv\u00e1 v originalit\u011b, atmosf\u00e9\u0159e a presti\u017ei, kterou do sb\u00edrky vnese. <\/strong><\/p>\n<p><strong>Doprava zdarma.<\/strong><\/p>\n","protected":false},"featured_media":422775,"comment_status":"open","ping_status":"closed","template":"","meta":[],"pwb-brand":[2020],"product_brand":[],"product_cat":[17,2019],"product_tag":[],"class_list":{"0":"post-422773","1":"product","2":"type-product","3":"status-publish","4":"has-post-thumbnail","6":"pwb-brand-beltrame","7":"product_cat-noze","8":"product_cat-vystrelovaci-noze","10":"first","11":"instock","12":"taxable","13":"shipping-taxable","14":"purchasable","15":"product-type-simple"},"brands":[{"id":2020,"name":"Beltrame","slug":"beltrame"}],"_links":{"self":[{"href":"https:\/\/www.moskito.cz\/es\/wp-json\/wp\/v2\/product\/422773","targetHints":{"allow":["GET"]}}],"collection":[{"href":"https:\/\/www.moskito.cz\/es\/wp-json\/wp\/v2\/product"}],"about":[{"href":"https:\/\/www.moskito.cz\/es\/wp-json\/wp\/v2\/types\/product"}],"replies":[{"embeddable":true,"href":"https:\/\/www.moskito.cz\/es\/wp-json\/wp\/v2\/comments?post=422773"}],"wp:featuredmedia":[{"embeddable":true,"href":"https:\/\/www.moskito.cz\/es\/wp-json\/wp\/v2\/media\/422775"}],"wp:attachment":[{"href":"https:\/\/www.moskito.cz\/es\/wp-json\/wp\/v2\/media?parent=422773"}],"wp:term":[{"taxonomy":"pwb-brand","embeddable":true,"href":"https:\/\/www.moskito.cz\/es\/wp-json\/wp\/v2\/pwb-brand?post=422773"},{"taxonomy":"product_brand","embeddable":true,"href":"https:\/\/www.moskito.cz\/es\/wp-json\/wp\/v2\/product_brand?post=422773"},{"taxonomy":"product_cat","embeddable":true,"href":"https:\/\/www.moskito.cz\/es\/wp-json\/wp\/v2\/product_cat?post=422773"},{"taxonomy":"product_tag","embeddable":true,"href":"https:\/\/www.moskito.cz\/es\/wp-json\/wp\/v2\/product_tag?post=422773"}],"curies":[{"name":"wp","href":"https:\/\/api.w.org\/{rel}","templated":true}]}}