{"id":423650,"date":"2025-09-15T14:46:41","date_gmt":"2025-09-15T13:46:41","guid":{"rendered":"https:\/\/www.moskito.cz\/?post_type=product&#038;p=423650"},"modified":"2025-09-15T14:46:42","modified_gmt":"2025-09-15T13:46:42","slug":"multitool-leatherman-skeletool-cx-od-green-833139","status":"publish","type":"product","link":"https:\/\/www.moskito.cz\/es\/produkt\/multitool-leatherman-skeletool-cx-od-green-833139\/","title":{"rendered":"Multitool Leatherman Skeletool CX OD Green 833139"},"content":{"rendered":"<h1 data-start=\"211\" data-end=\"254\">Leatherman Skeletool CX OD Green 833139<\/h1>\n<p data-start=\"256\" data-end=\"614\">Kdy\u017e vezme\u0161 do ruky <strong data-start=\"276\" data-end=\"319\">Leatherman Skeletool CX OD Green 833139<\/strong>, okam\u017eit\u011b poc\u00edt\u00ed\u0161, \u017ee jde o n\u00e1stroj, kter\u00fd spojuje s\u00edlu, jednoduchost a modern\u00ed vojensk\u00fd styl. Olive Drab (OD) zelen\u00e1 barva p\u016fsob\u00ed drsn\u011b a funk\u010dn\u011b, zat\u00edmco pr\u00e9miov\u00e1 \u010depel z oceli 154CM ti d\u00e1v\u00e1 jistotu, \u017ee m\u00e1\u0161 po ruce spole\u010dn\u00edka, kter\u00fd obstoj\u00ed v ka\u017edodenn\u00edm \u017eivot\u011b i v n\u00e1ro\u010dn\u011bj\u0161\u00edch podm\u00ednk\u00e1ch.<\/p>\n<p data-start=\"616\" data-end=\"823\">Nen\u00ed to multitool p\u0159epln\u011bn\u00fd des\u00edtkami n\u00e1stroj\u016f, ale promy\u0161len\u00fd minimalistick\u00fd koncept. P\u0159esn\u011b to, co pot\u0159ebuje\u0161 \u2013 nic nav\u00edc. Lehk\u00fd, kompaktn\u00ed a v\u017edy p\u0159ipraven\u00fd st\u00e1t se ned\u00edlnou sou\u010d\u00e1st\u00ed tv\u00e9ho EDC vybaven\u00ed.<\/p>\n<hr data-start=\"825\" data-end=\"828\" \/>\n<h2 data-start=\"830\" data-end=\"899\">\ud83d\udd27 Technick\u00e9 specifikace (Leatherman Skeletool CX OD Green 833139)<\/h2>\n<ul data-start=\"901\" data-end=\"1475\">\n<li data-start=\"901\" data-end=\"943\">\n<p data-start=\"903\" data-end=\"943\"><strong data-start=\"903\" data-end=\"932\">Celkov\u00e1 d\u00e9lka (otev\u0159en\u00fd):<\/strong> 15,24 cm<\/p>\n<\/li>\n<li data-start=\"944\" data-end=\"987\">\n<p data-start=\"946\" data-end=\"987\"><strong data-start=\"946\" data-end=\"977\">D\u00e9lka zav\u0159en\u00e9ho multitoolu:<\/strong> 10,5 cm<\/p>\n<\/li>\n<li data-start=\"988\" data-end=\"1016\">\n<p data-start=\"990\" data-end=\"1016\"><strong data-start=\"990\" data-end=\"1007\">D\u00e9lka \u010depele:<\/strong> 6,6 cm<\/p>\n<\/li>\n<li data-start=\"1017\" data-end=\"1044\">\n<p data-start=\"1019\" data-end=\"1044\"><strong data-start=\"1019\" data-end=\"1032\">Hmotnost:<\/strong> cca 150 g<\/p>\n<\/li>\n<li data-start=\"1045\" data-end=\"1108\">\n<p data-start=\"1047\" data-end=\"1108\"><strong data-start=\"1047\" data-end=\"1071\">Materi\u00e1l multitoolu:<\/strong> nerezov\u00e1 ocel v OD Green proveden\u00ed<\/p>\n<\/li>\n<li data-start=\"1109\" data-end=\"1192\">\n<p data-start=\"1111\" data-end=\"1192\"><strong data-start=\"1111\" data-end=\"1131\">Materi\u00e1l \u010depele:<\/strong> 154CM nerezov\u00e1 ocel \u2013 vysok\u00e1 odolnost a dlouh\u00e1 v\u00fddr\u017e ost\u0159\u00ed<\/p>\n<\/li>\n<li data-start=\"1193\" data-end=\"1218\">\n<p data-start=\"1195\" data-end=\"1218\"><strong data-start=\"1195\" data-end=\"1214\">Po\u010det n\u00e1stroj\u016f:<\/strong> 7<\/p>\n<\/li>\n<li data-start=\"1219\" data-end=\"1377\">\n<p data-start=\"1221\" data-end=\"1377\"><strong data-start=\"1221\" data-end=\"1234\">N\u00e1stroje:<\/strong> kle\u0161t\u011b, kombinovan\u00e9 kle\u0161t\u011b, \u0161t\u00edpac\u00ed kle\u0161t\u011b, \u010depel z 154CM, karabina\/otv\u00edr\u00e1k na lahve, velk\u00fd bit driver s mo\u017enost\u00ed v\u00fdm\u011bny bit\u016f, \u00falo\u017ei\u0161t\u011b bitu<\/p>\n<\/li>\n<li data-start=\"1378\" data-end=\"1404\">\n<p data-start=\"1380\" data-end=\"1404\"><strong data-start=\"1380\" data-end=\"1398\">Klip na kapsu:<\/strong> ano<\/p>\n<\/li>\n<li data-start=\"1405\" data-end=\"1475\">\n<p data-start=\"1407\" data-end=\"1475\"><strong data-start=\"1407\" data-end=\"1433\">Ovl\u00e1d\u00e1n\u00ed jednou rukou:<\/strong> ano \u2013 \u010depel lze pohodln\u011b otev\u0159\u00edt palcem<\/p>\n<\/li>\n<\/ul>\n<hr data-start=\"1477\" data-end=\"1480\" \/>\n<h2 data-start=\"1482\" data-end=\"1500\">\u2705 Hlavn\u00ed v\u00fdhody<\/h2>\n<ul data-start=\"1502\" data-end=\"1941\">\n<li data-start=\"1502\" data-end=\"1576\">\n<p data-start=\"1504\" data-end=\"1576\"><strong data-start=\"1504\" data-end=\"1530\">Pr\u00e9miov\u00e1 \u010depel z 154CM<\/strong> \u2013 dr\u017e\u00ed ost\u0159\u00ed d\u00e9le ne\u017e b\u011b\u017en\u00e9 nerezov\u00e9 oceli.<\/p>\n<\/li>\n<li data-start=\"1577\" data-end=\"1640\">\n<p data-start=\"1579\" data-end=\"1640\"><strong data-start=\"1579\" data-end=\"1601\">OD Green proveden\u00ed<\/strong> \u2013 vojensk\u00fd, odoln\u00fd a funk\u010dn\u00ed design.<\/p>\n<\/li>\n<li data-start=\"1641\" data-end=\"1719\">\n<p data-start=\"1643\" data-end=\"1719\"><strong data-start=\"1643\" data-end=\"1664\">Lehk\u00fd a kompaktn\u00ed<\/strong> \u2013 v\u00e1\u017e\u00ed jen cca 150 g, ide\u00e1ln\u00ed pro ka\u017edodenn\u00ed no\u0161en\u00ed.<\/p>\n<\/li>\n<li data-start=\"1720\" data-end=\"1789\">\n<p data-start=\"1722\" data-end=\"1789\"><strong data-start=\"1722\" data-end=\"1746\">Jednoru\u010dn\u00ed otev\u00edr\u00e1n\u00ed<\/strong> \u2013 praktick\u00e9 a rychl\u00e9 pou\u017eit\u00ed i v pohybu.<\/p>\n<\/li>\n<li data-start=\"1790\" data-end=\"1860\">\n<p data-start=\"1792\" data-end=\"1860\"><strong data-start=\"1792\" data-end=\"1811\">Klip a karabina<\/strong> \u2013 snadn\u00e9 p\u0159ipnut\u00ed na kapsu, opasek nebo batoh.<\/p>\n<\/li>\n<li data-start=\"1861\" data-end=\"1941\">\n<p data-start=\"1863\" data-end=\"1941\"><strong data-start=\"1863\" data-end=\"1897\">Spolehlivost zna\u010dky Leatherman<\/strong> \u2013 precizn\u00ed zpracov\u00e1n\u00ed a dlouh\u00e1 \u017eivotnost.<\/p>\n<\/li>\n<\/ul>\n<hr data-start=\"1943\" data-end=\"1946\" \/>\n<h2 data-start=\"1948\" data-end=\"1967\">\u26a0\ufe0f Mo\u017en\u00e1 omezen\u00ed<\/h2>\n<ul data-start=\"1969\" data-end=\"2229\">\n<li data-start=\"1969\" data-end=\"2077\">\n<p data-start=\"1971\" data-end=\"2077\"><strong data-start=\"1971\" data-end=\"1991\">Pouze 7 n\u00e1stroj\u016f<\/strong> \u2013 minimalistick\u00fd koncept, nen\u00ed ur\u010den jako n\u00e1hrada robustn\u00edch multitool\u016f typu Surge.<\/p>\n<\/li>\n<li data-start=\"2078\" data-end=\"2158\">\n<p data-start=\"2080\" data-end=\"2158\"><strong data-start=\"2080\" data-end=\"2097\">Men\u0161\u00ed rozm\u011bry<\/strong> \u2013 skv\u011bl\u00e9 pro EDC, ale m\u00e9n\u011b vhodn\u00e9 pro t\u011b\u017e\u0161\u00ed pr\u00e1ce v d\u00edln\u011b.<\/p>\n<\/li>\n<li data-start=\"2159\" data-end=\"2229\">\n<p data-start=\"2161\" data-end=\"2229\"><strong data-start=\"2161\" data-end=\"2175\">Vy\u0161\u0161\u00ed cena<\/strong> \u2013 odpov\u00edd\u00e1 pou\u017eit\u00fdm pr\u00e9miov\u00fdm materi\u00e1l\u016fm a designu.<\/p>\n<\/li>\n<\/ul>\n<hr data-start=\"2231\" data-end=\"2234\" \/>\n<h2 data-start=\"2236\" data-end=\"2256\">\ud83d\udee0\ufe0f \u00dadr\u017eba a p\u00e9\u010de<\/h2>\n<ul data-start=\"2258\" data-end=\"2631\">\n<li data-start=\"2258\" data-end=\"2319\">\n<p data-start=\"2260\" data-end=\"2319\">Po pou\u017eit\u00ed multitool ot\u0159i do sucha a chra\u0148 p\u0159ed vlhkost\u00ed.<\/p>\n<\/li>\n<li data-start=\"2320\" data-end=\"2377\">\n<p data-start=\"2322\" data-end=\"2377\">Kloubov\u00e9 a pohybliv\u00e9 \u010d\u00e1sti pravideln\u011b o\u0161et\u0159uj olejem.<\/p>\n<\/li>\n<li data-start=\"2378\" data-end=\"2456\">\n<p data-start=\"2380\" data-end=\"2456\">Povrch v OD Green proveden\u00ed je odoln\u00fd, p\u0159esto se vyplat\u00ed \u0161etrn\u00e9 zach\u00e1zen\u00ed.<\/p>\n<\/li>\n<li data-start=\"2457\" data-end=\"2631\">\n<p data-start=\"2459\" data-end=\"2631\"><strong data-start=\"2459\" data-end=\"2629\">Pro udr\u017een\u00ed ost\u0159\u00ed doporu\u010dujeme Spyderco Tri-Angle Sharpmaker Complete Sharpening System 204MF \u2013 ide\u00e1ln\u00ed i pro hladk\u00e1 ost\u0159\u00ed. \ud83d\uded2 Koup\u00edte na na\u0161ich str\u00e1nk\u00e1ch Moskito.cz.<\/strong><\/p>\n<\/li>\n<\/ul>\n<hr data-start=\"2633\" data-end=\"2636\" \/>\n<h2 data-start=\"2638\" data-end=\"2658\">\ud83c\udfaf Doporu\u010deno pro<\/h2>\n<ul data-start=\"2660\" data-end=\"2994\">\n<li data-start=\"2660\" data-end=\"2745\">\n<p data-start=\"2662\" data-end=\"2745\">Milovn\u00edky <strong data-start=\"2672\" data-end=\"2679\">EDC<\/strong>, kte\u0159\u00ed cht\u011bj\u00ed lehk\u00fd a praktick\u00fd multitool s vojensk\u00fdm vzhledem.<\/p>\n<\/li>\n<li data-start=\"2746\" data-end=\"2837\">\n<p data-start=\"2748\" data-end=\"2837\"><strong data-start=\"2748\" data-end=\"2771\">Outdoorov\u00e9 nad\u0161ence<\/strong>, kte\u0159\u00ed pot\u0159ebuj\u00ed spolehliv\u00e9ho spole\u010dn\u00edka na cesty a do p\u0159\u00edrody.<\/p>\n<\/li>\n<li data-start=\"2838\" data-end=\"2940\">\n<p data-start=\"2840\" data-end=\"2940\"><strong data-start=\"2840\" data-end=\"2865\">Profesion\u00e1ly a kutily<\/strong>, kte\u0159\u00ed u\u017e maj\u00ed velk\u00e9 n\u00e1\u0159ad\u00ed, ale ocen\u00ed z\u00e1kladn\u00ed lehk\u00fd multitool po ruce.<\/p>\n<\/li>\n<li data-start=\"2941\" data-end=\"2994\">\n<p data-start=\"2943\" data-end=\"2994\">Fanou\u0161ky <strong data-start=\"2952\" data-end=\"2974\">taktick\u00e9ho designu<\/strong> v OD Green barv\u011b.<\/p>\n<\/li>\n<\/ul>\n<hr data-start=\"2996\" data-end=\"2999\" \/>\n<h2 data-start=\"3001\" data-end=\"3025\">\u2b50 Z\u00e1v\u011bre\u010dn\u00e9 hodnocen\u00ed<\/h2>\n<p data-start=\"3027\" data-end=\"3398\"><strong data-start=\"3027\" data-end=\"3070\">Leatherman Skeletool CX OD Green 833139<\/strong> je n\u00e1stroj, kter\u00fd v sob\u011b spojuje minimalistick\u00fd design, pr\u00e9miov\u00e9 materi\u00e1ly a spolehlivost zna\u010dky Leatherman. D\u00edky sv\u00e9 lehkosti a kompaktnosti je perfektn\u00ed volbou pro ka\u017edodenn\u00ed no\u0161en\u00ed, a p\u0159itom poskytuje v\u0161e, co skute\u010dn\u011b pot\u0159ebuje\u0161. Pokud hled\u00e1\u0161 praktick\u00fd multitool s vojensk\u00fdm vzhledem a kvalitn\u00ed \u010depel\u00ed, pr\u00e1v\u011b jsi ho na\u0161el.<\/p>\n","protected":false},"excerpt":{"rendered":"<p><strong>Leatherman Skeletool CX OD Green 833139 je n\u00e1stroj, kter\u00fd v sob\u011b spojuje minimalistick\u00fd design, pr\u00e9miov\u00e9 materi\u00e1ly a spolehlivost zna\u010dky Leatherman.<\/strong><\/p>\n","protected":false},"featured_media":423651,"comment_status":"open","ping_status":"closed","template":"","meta":[],"pwb-brand":[404],"product_brand":[],"product_cat":[50],"product_tag":[],"class_list":{"0":"post-423650","1":"product","2":"type-product","3":"status-publish","4":"has-post-thumbnail","6":"pwb-brand-leatherman","7":"product_cat-multi-tool","9":"first","10":"instock","11":"taxable","12":"shipping-taxable","13":"purchasable","14":"product-type-simple"},"brands":[{"id":404,"name":"Leatherman","slug":"leatherman"}],"_links":{"self":[{"href":"https:\/\/www.moskito.cz\/es\/wp-json\/wp\/v2\/product\/423650","targetHints":{"allow":["GET"]}}],"collection":[{"href":"https:\/\/www.moskito.cz\/es\/wp-json\/wp\/v2\/product"}],"about":[{"href":"https:\/\/www.moskito.cz\/es\/wp-json\/wp\/v2\/types\/product"}],"replies":[{"embeddable":true,"href":"https:\/\/www.moskito.cz\/es\/wp-json\/wp\/v2\/comments?post=423650"}],"wp:featuredmedia":[{"embeddable":true,"href":"https:\/\/www.moskito.cz\/es\/wp-json\/wp\/v2\/media\/423651"}],"wp:attachment":[{"href":"https:\/\/www.moskito.cz\/es\/wp-json\/wp\/v2\/media?parent=423650"}],"wp:term":[{"taxonomy":"pwb-brand","embeddable":true,"href":"https:\/\/www.moskito.cz\/es\/wp-json\/wp\/v2\/pwb-brand?post=423650"},{"taxonomy":"product_brand","embeddable":true,"href":"https:\/\/www.moskito.cz\/es\/wp-json\/wp\/v2\/product_brand?post=423650"},{"taxonomy":"product_cat","embeddable":true,"href":"https:\/\/www.moskito.cz\/es\/wp-json\/wp\/v2\/product_cat?post=423650"},{"taxonomy":"product_tag","embeddable":true,"href":"https:\/\/www.moskito.cz\/es\/wp-json\/wp\/v2\/product_tag?post=423650"}],"curies":[{"name":"wp","href":"https:\/\/api.w.org\/{rel}","templated":true}]}}