{"id":424596,"date":"2023-10-24T14:22:23","date_gmt":"2023-10-24T13:22:23","guid":{"rendered":"https:\/\/www.moskito.cz\/produkt\/navaja-plegable-akc-world-roma-swinguard-de-23-cm\/"},"modified":"2025-09-26T08:17:36","modified_gmt":"2025-09-26T07:17:36","slug":"navaja-plegable-akc-world-roma-swinguard-de-23-cm","status":"publish","type":"product","link":"https:\/\/www.moskito.cz\/es\/produkt\/navaja-plegable-akc-world-roma-swinguard-de-23-cm\/","title":{"rendered":"Navaja plegable AKC WORLD Roma Swinguard de 23 cm"},"content":{"rendered":"<p>Navaja plegable <strong>AKC WORLD<\/strong> Roma Swinguard de 23 cm<\/p>\n<p>La navaja plegable AKC WORLD Roma Swinguard de 23 cm es una navaja italiana elegante y de fabricaci\u00f3n precisa que encantar\u00e1 tanto a coleccionistas como a quienes buscan una navaja de bolsillo de lujo. Aqu\u00ed tiene los detalles de este producto:<br \/>\n Presupuesto: <\/p>\n<p>Longitud total: 23 cm<br \/>\n Longitud de la hoja: 9,5 cm<br \/>\n Grosor de la hoja: 0,3 cm<br \/>\n Peso: 128g<\/p>\n<p>Materiales:<\/p>\n<p>Hoja: Acero inoxidable AISI 420, conocido por su resistencia a la corrosi\u00f3n y f\u00e1cil mantenimiento.<br \/>\n Mango: Madera, lo que le da al cuchillo un aspecto cl\u00e1sico y elegante.<br \/>\n Marco: Acero inoxidable AISI 420, garantizando resistencia y estabilidad.<\/p>\n<p>Propiedades:<\/p>\n<p>Mecanismo Swingguard: Un dise\u00f1o distintivo con protecci\u00f3n de la hoja que agrega seguridad y estilo al cuchillo.<br \/>\n Estilo italiano: Dise\u00f1o tradicional combinado con t\u00e9cnicas de fabricaci\u00f3n modernas.<br \/>\n Aspecto lujoso: ideal como pieza de colecci\u00f3n o navaja de bolsillo representativa.<\/p>\n<p>Este cuchillo no solo es pr\u00e1ctico, sino tambi\u00e9n est\u00e9ticamente atractivo, lo que lo convierte en una excelente opci\u00f3n para cualquier amante de los cuchillos de calidad. Si busca una combinaci\u00f3n de elegancia, tradici\u00f3n y funcionalidad, sin duda vale la pena considerar este modelo. <\/p>\n<p>&nbsp;<\/p>\n","protected":false},"excerpt":{"rendered":"<p><strong>Este cuchillo no solo es pr\u00e1ctico, sino tambi\u00e9n est\u00e9ticamente atractivo, lo que lo convierte en una excelente opci\u00f3n para cualquier amante de los cuchillos de calidad. Si busca una combinaci\u00f3n de elegancia, tradici\u00f3n y funcionalidad, sin duda vale la pena considerar este modelo. <\/strong><\/p>\n","protected":false},"featured_media":424598,"comment_status":"open","ping_status":"closed","template":"","meta":[],"pwb-brand":[4010],"product_brand":[],"product_cat":[3729,3726],"product_tag":[],"class_list":{"0":"post-424596","1":"product","2":"type-product","3":"status-publish","4":"has-post-thumbnail","6":"pwb-brand-aga-campolin","7":"product_cat-cuchillos-de-tiro","8":"product_cat-cuchillos","10":"first","11":"outofstock","12":"taxable","13":"shipping-taxable","14":"purchasable","15":"product-type-simple"},"brands":[{"id":4010,"name":"AGA CAMPOLIN","slug":"aga-campolin"}],"_links":{"self":[{"href":"https:\/\/www.moskito.cz\/es\/wp-json\/wp\/v2\/product\/424596","targetHints":{"allow":["GET"]}}],"collection":[{"href":"https:\/\/www.moskito.cz\/es\/wp-json\/wp\/v2\/product"}],"about":[{"href":"https:\/\/www.moskito.cz\/es\/wp-json\/wp\/v2\/types\/product"}],"replies":[{"embeddable":true,"href":"https:\/\/www.moskito.cz\/es\/wp-json\/wp\/v2\/comments?post=424596"}],"wp:featuredmedia":[{"embeddable":true,"href":"https:\/\/www.moskito.cz\/es\/wp-json\/wp\/v2\/media\/424598"}],"wp:attachment":[{"href":"https:\/\/www.moskito.cz\/es\/wp-json\/wp\/v2\/media?parent=424596"}],"wp:term":[{"taxonomy":"pwb-brand","embeddable":true,"href":"https:\/\/www.moskito.cz\/es\/wp-json\/wp\/v2\/pwb-brand?post=424596"},{"taxonomy":"product_brand","embeddable":true,"href":"https:\/\/www.moskito.cz\/es\/wp-json\/wp\/v2\/product_brand?post=424596"},{"taxonomy":"product_cat","embeddable":true,"href":"https:\/\/www.moskito.cz\/es\/wp-json\/wp\/v2\/product_cat?post=424596"},{"taxonomy":"product_tag","embeddable":true,"href":"https:\/\/www.moskito.cz\/es\/wp-json\/wp\/v2\/product_tag?post=424596"}],"curies":[{"name":"wp","href":"https:\/\/api.w.org\/{rel}","templated":true}]}}