{"id":424709,"date":"2025-09-26T09:37:23","date_gmt":"2025-09-26T08:37:23","guid":{"rendered":"https:\/\/www.moskito.cz\/produkt\/navaja-plegable-benchmade-custom-barrage-cu580-ss-154cm-3\/"},"modified":"2025-09-26T09:45:53","modified_gmt":"2025-09-26T08:45:53","slug":"navaja-plegable-benchmade-custom-barrage-cu580-ss-154cm-3","status":"publish","type":"product","link":"https:\/\/www.moskito.cz\/es\/produkt\/navaja-plegable-benchmade-custom-barrage-cu580-ss-154cm-3\/","title":{"rendered":"Navaja plegable Benchmade Custom Barrage CU580-SS-154CM"},"content":{"rendered":"<h3 data-start=\"0\" data-end=\"45\">Barrage personalizado de Benchmade CU580-SS-154CM<\/h3>\n<h4 data-start=\"47\" data-end=\"78\">Introducci\u00f3n hist\u00f3rico-po\u00e9tica<\/h4>\n<p data-start=\"79\" data-end=\"459\">Cuando Benchmade present\u00f3 la Barrage, hizo historia al ser la primera navaja de la marca con apertura asistida. Esta combinaci\u00f3n del sistema de bloqueo AXIS\u00ae con resorte fue revolucionaria: una navaja que se abr\u00eda de forma r\u00e1pida y fiable, pero a la vez segura. El legendario dise\u00f1ador Mel Pardue le dio a la Barrage una forma que se adapta perfectamente a la palma de la mano, y Benchmade le a\u00f1adi\u00f3 la tecnolog\u00eda que la convirti\u00f3 en pionera.  <\/p>\n<p data-start=\"461\" data-end=\"900\"><strong data-start=\"467\" data-end=\"492\">La edici\u00f3n Custom CU580-SS-154CM<\/strong> contin\u00faa esta tradici\u00f3n, pero a la vez le aporta personalidad y estilo. La hoja de acero <strong data-start=\"571\" data-end=\"580\">154CM<\/strong> , un cl\u00e1sico del acero inoxidable estadounidense, ofrece un excelente equilibrio entre filo, durabilidad y facilidad de mantenimiento. El acabado satinado luce elegante, pero sobre todo garantiza un corte transversal liso del material. El mango personalizado (generalmente de G-10 o micarta) le da al cuchillo una apariencia \u00fanica y un agarre seguro que resiste la humedad y el uso prolongado.   <\/p>\n<p data-start=\"902\" data-end=\"1052\">Barrage no es solo un compa\u00f1ero t\u00e1ctico: es un cuchillo para quienes desean tener en su bolsillo una respuesta r\u00e1pida, ergonom\u00eda y una calidad probada por a\u00f1os de uso.<\/p>\n<hr data-start=\"1054\" data-end=\"1057\">\n<h4 data-start=\"1059\" data-end=\"1090\">\ud83d\udd27 Especificaciones t\u00e9cnicas<\/h4>\n<ul data-start=\"1091\" data-end=\"1542\">\n<li data-start=\"1091\" data-end=\"1133\">\n<p data-start=\"1093\" data-end=\"1133\"><strong data-start=\"1093\" data-end=\"1122\">Longitud total (abierta):<\/strong> ~ 210 mm<\/p>\n<\/li>\n<li data-start=\"1134\" data-end=\"1163\">\n<p data-start=\"1136\" data-end=\"1163\"><strong data-start=\"1136\" data-end=\"1153\">Longitud de la hoja:<\/strong> ~ 90 mm<\/p>\n<\/li>\n<li data-start=\"1164\" data-end=\"1197\">\n<p data-start=\"1166\" data-end=\"1197\"><strong data-start=\"1166\" data-end=\"1186\">Grosor de la hoja:<\/strong> ~ 3,2 mm<\/p>\n<\/li>\n<li data-start=\"1198\" data-end=\"1249\">\n<p data-start=\"1200\" data-end=\"1249\"><strong data-start=\"1200\" data-end=\"1220\">Material de la hoja:<\/strong> 154CM (acero inoxidable, EE. UU.)<\/p>\n<\/li>\n<li data-start=\"1250\" data-end=\"1288\">\n<p data-start=\"1252\" data-end=\"1288\"><strong data-start=\"1252\" data-end=\"1270\">Superficie de la hoja:<\/strong> Acabado satinado<\/p>\n<\/li>\n<li data-start=\"1289\" data-end=\"1320\">\n<p data-start=\"1291\" data-end=\"1320\"><strong data-start=\"1291\" data-end=\"1307\">Forma de la hoja:<\/strong> Punta ca\u00edda<\/p>\n<\/li>\n<li data-start=\"1321\" data-end=\"1380\">\n<p data-start=\"1323\" data-end=\"1380\"><strong data-start=\"1323\" data-end=\"1345\">Material del mango:<\/strong> Variante personalizada: G-10 \/ Micarta<\/p>\n<\/li>\n<li data-start=\"1381\" data-end=\"1438\">\n<p data-start=\"1383\" data-end=\"1438\"><strong data-start=\"1383\" data-end=\"1400\">Tipo de bloqueo:<\/strong> AXIS\u00ae Assist (apertura asistida)<\/p>\n<\/li>\n<li data-start=\"1439\" data-end=\"1489\">\n<p data-start=\"1441\" data-end=\"1489\"><strong data-start=\"1441\" data-end=\"1458\">Clip de bolsillo:<\/strong> acero, doble cara, abatible<\/p>\n<\/li>\n<li data-start=\"1490\" data-end=\"1517\">\n<p data-start=\"1492\" data-end=\"1517\"><strong data-start=\"1492\" data-end=\"1505\">Peso:<\/strong> aprox. 130 g<\/p>\n<\/li>\n<li data-start=\"1518\" data-end=\"1542\">\n<p data-start=\"1520\" data-end=\"1542\"><strong data-start=\"1520\" data-end=\"1536\">Pa\u00eds de fabricaci\u00f3n:<\/strong> EE. UU.<\/p>\n<\/li>\n<\/ul>\n<hr data-start=\"1544\" data-end=\"1547\">\n<h4 data-start=\"1549\" data-end=\"1564\">\u2705 Beneficios<\/h4>\n<ul data-start=\"1565\" data-end=\"2020\">\n<li data-start=\"1565\" data-end=\"1621\">\n<p data-start=\"1567\" data-end=\"1621\">Apertura r\u00e1pida asistida: siempre lista para la acci\u00f3n.<\/p>\n<\/li>\n<li data-start=\"1622\" data-end=\"1729\">\n<p data-start=\"1624\" data-end=\"1729\">Acero 154CM: mantiene bien el filo, es resistente a la corrosi\u00f3n y es m\u00e1s f\u00e1cil de afilar que los aceros para herramientas m\u00e1s duros.<\/p>\n<\/li>\n<li data-start=\"1730\" data-end=\"1793\">\n<p data-start=\"1732\" data-end=\"1793\">Hoja satinada: elegante, funcional y resistente al deslumbramiento.<\/p>\n<\/li>\n<li data-start=\"1794\" data-end=\"1875\">\n<p data-start=\"1796\" data-end=\"1875\">Mangos personalizados (G-10, Micarta): fuertes, duraderos y estables en cualquier entorno.<\/p>\n<\/li>\n<li data-start=\"1876\" data-end=\"1959\">\n<p data-start=\"1878\" data-end=\"1959\">AXIS\u00ae Lock: el legendario mecanismo de Benchmade, confiable y f\u00e1cil de usar.<\/p>\n<\/li>\n<li data-start=\"1960\" data-end=\"2020\">\n<p data-start=\"1962\" data-end=\"2020\">Ergonom\u00eda Mel Pardue: agarre c\u00f3modo incluso durante trabajos prolongados.<\/p>\n<\/li>\n<\/ul>\n<hr data-start=\"2022\" data-end=\"2025\">\n<h4 data-start=\"2027\" data-end=\"2045\">\u26a0\ufe0f Desventajas<\/h4>\n<ul data-start=\"2046\" data-end=\"2333\">\n<li data-start=\"2046\" data-end=\"2113\">\n<p data-start=\"2048\" data-end=\"2113\">Peso alrededor de 130 g: en el bolsillo se nota que no es un EDC ultraligero.<\/p>\n<\/li>\n<li data-start=\"2114\" data-end=\"2179\">\n<p data-start=\"2116\" data-end=\"2179\">El mecanismo asistido requiere mantenimiento y lubricaci\u00f3n ocasional.<\/p>\n<\/li>\n<li data-start=\"2180\" data-end=\"2260\">\n<p data-start=\"2182\" data-end=\"2260\">La opci\u00f3n personalizada implica diferencias en los mangos: no todos se adaptar\u00e1n al mismo estilo.<\/p>\n<\/li>\n<li data-start=\"2261\" data-end=\"2333\">\n<p data-start=\"2263\" data-end=\"2333\">El acero 154CM, aunque duradero, no es el m\u00e1s potente hoy en d\u00eda (S30V, 20CV).<\/p>\n<\/li>\n<\/ul>\n<hr data-start=\"2335\" data-end=\"2338\">\n<h4 data-start=\"2340\" data-end=\"2364\">\ud83d\udee0\ufe0f Mantenimiento y cuidado<\/h4>\n<ul data-start=\"2365\" data-end=\"2688\">\n<li data-start=\"2365\" data-end=\"2462\">\n<p data-start=\"2367\" data-end=\"2462\">Limpie la cuchilla con un pa\u00f1o seco despu\u00e9s de cada uso, especialmente despu\u00e9s del contacto con humedad o alimentos.<\/p>\n<\/li>\n<li data-start=\"2463\" data-end=\"2545\">\n<p data-start=\"2465\" data-end=\"2545\">Lubrique ocasionalmente el mecanismo AXIS\u00ae Assist con un aceite ligero para que funcione sin problemas.<\/p>\n<\/li>\n<li data-start=\"2546\" data-end=\"2620\">\n<p data-start=\"2548\" data-end=\"2620\">Limpie el mango con un cepillo suave para eliminar la suciedad de las ranuras.<\/p>\n<\/li>\n<li data-start=\"2621\" data-end=\"2688\">\n<p data-start=\"2623\" data-end=\"2688\">Afile la cuchilla con un sistema de calidad, idealmente con varillas de cer\u00e1mica.<\/p>\n<\/li>\n<\/ul>\n<p data-start=\"2690\" data-end=\"2915\">\ud83d\udc49 Para mantener el filo, recomendamos <a class=\"decorated-link cursor-pointer\" target=\"_new\" rel=\"noopener\" data-start=\"2724\" data-end=\"2813\">el sistema de afilado completo Spyderco Tri-Angle Sharpmaker 204MF<\/a><\/p>\n<h4 data-start=\"2922\" data-end=\"2946\">\ud83c\udfaf Recomendado para<\/h4>\n<ul data-start=\"2947\" data-end=\"3213\">\n<li data-start=\"2947\" data-end=\"3006\">\n<p data-start=\"2949\" data-end=\"3006\">Entusiastas de EDC que desean un cierre r\u00e1pido y confiable.<\/p>\n<\/li>\n<li data-start=\"3007\" data-end=\"3068\">\n<p data-start=\"3009\" data-end=\"3068\">Para exteriores y senderismo: un cuchillo que resista un manejo m\u00e1s brusco.<\/p>\n<\/li>\n<li data-start=\"3069\" data-end=\"3151\">\n<p data-start=\"3071\" data-end=\"3151\">Profesionales que valoran la combinaci\u00f3n de acceso r\u00e1pido y seguridad de AXIS\u00ae Lock.<\/p>\n<\/li>\n<li data-start=\"3152\" data-end=\"3213\">\n<p data-start=\"3154\" data-end=\"3213\">Fan\u00e1ticos de Benchmade que quieren la edici\u00f3n Custom original.<\/p>\n<\/li>\n<\/ul>\n<hr data-start=\"3215\" data-end=\"3218\">\n<h4 data-start=\"3220\" data-end=\"3248\">\u2b50 Calificaci\u00f3n final<\/h4>\n<p data-start=\"3249\" data-end=\"3723\"><strong data-start=\"3249\" data-end=\"3292\">El Benchmade Custom Barrage CU580-SS-154CM<\/strong> es un cl\u00e1sico moderno con el valor a\u00f1adido de un dise\u00f1o personalizado. El acero 154CM ofrece el equilibrio perfecto entre durabilidad y mantenimiento, la apertura asistida aporta dinamismo y su ergonom\u00eda garantiza comodidad en cada agarre. No es el cuchillo m\u00e1s ligero ni el m\u00e1s ex\u00f3tico, pero su fiabilidad y calidad lo convierten en un imprescindible para el EDC. Si busca un cuchillo que combine la tradici\u00f3n, la innovaci\u00f3n y el estilo personalizado de Benchmade, el Barrage CU580 es la elecci\u00f3n perfecta.   <\/p>\n","protected":false},"excerpt":{"rendered":"<div class=\"elementor-element elementor-element-bbb542b elementor-widget elementor-widget-woocommerce-product-short-description\" data-id=\"bbb542b\" data-element_type=\"widget\" data-widget_type=\"woocommerce-product-short-description.default\">\n<div class=\"elementor-widget-container\">\n<div class=\"woocommerce-product-details__short-description\">\n<div class=\"elementor-element elementor-element-bbb542b elementor-widget elementor-widget-woocommerce-product-short-description\" data-id=\"bbb542b\" data-element_type=\"widget\" data-widget_type=\"woocommerce-product-short-description.default\">\n<div class=\"elementor-widget-container\">\n<div class=\"woocommerce-product-details__short-description\">\n<div class=\"elementor-element elementor-element-bbb542b elementor-widget elementor-widget-woocommerce-product-short-description\" data-id=\"bbb542b\" data-element_type=\"widget\" data-widget_type=\"woocommerce-product-short-description.default\">\n<div class=\"elementor-widget-container\">\n<div class=\"woocommerce-product-details__short-description\">\n<div class=\"elementor-element elementor-element-bbb542b elementor-widget elementor-widget-woocommerce-product-short-description\" data-id=\"bbb542b\" data-element_type=\"widget\" data-widget_type=\"woocommerce-product-short-description.default\">\n<div class=\"elementor-widget-container\">\n<div class=\"woocommerce-product-details__short-description\">\n<div class=\"elementor-element elementor-element-bbb542b elementor-widget elementor-widget-woocommerce-product-short-description\" data-id=\"bbb542b\" data-element_type=\"widget\" data-widget_type=\"woocommerce-product-short-description.default\">\n<div class=\"elementor-widget-container\">\n<div class=\"woocommerce-product-details__short-description\">\n<p><strong>El Benchmade Custom Barrage CU580-SS-154CM es un cl\u00e1sico moderno con el valor a\u00f1adido de un dise\u00f1o personalizado. El acero 154CM ofrece el equilibrio ideal entre durabilidad y mantenimiento, la apertura asistida aporta dinamismo y su ergonom\u00eda garantiza comodidad en cada agarre. <\/strong><\/p>\n<p><strong>Env\u00edo gratis.<\/strong><\/p>\n<\/div>\n<\/div>\n<\/div>\n<\/div>\n<\/div>\n<\/div>\n<\/div>\n<\/div>\n<\/div>\n<\/div>\n<\/div>\n<\/div>\n<\/div>\n<\/div>\n<\/div>\n","protected":false},"featured_media":424699,"comment_status":"open","ping_status":"closed","template":"","meta":[],"pwb-brand":[3978],"product_brand":[],"product_cat":[3730,3726],"product_tag":[],"class_list":{"0":"post-424709","1":"product","2":"type-product","3":"status-publish","4":"has-post-thumbnail","6":"pwb-brand-hecho-a-mano-en-banco","7":"product_cat-cuchillas-de-cierre","8":"product_cat-cuchillos","10":"first","11":"instock","12":"taxable","13":"shipping-taxable","14":"purchasable","15":"product-type-simple"},"brands":[{"id":3978,"name":"Hecho a mano en banco","slug":"hecho-a-mano-en-banco"}],"_links":{"self":[{"href":"https:\/\/www.moskito.cz\/es\/wp-json\/wp\/v2\/product\/424709","targetHints":{"allow":["GET"]}}],"collection":[{"href":"https:\/\/www.moskito.cz\/es\/wp-json\/wp\/v2\/product"}],"about":[{"href":"https:\/\/www.moskito.cz\/es\/wp-json\/wp\/v2\/types\/product"}],"replies":[{"embeddable":true,"href":"https:\/\/www.moskito.cz\/es\/wp-json\/wp\/v2\/comments?post=424709"}],"wp:featuredmedia":[{"embeddable":true,"href":"https:\/\/www.moskito.cz\/es\/wp-json\/wp\/v2\/media\/424699"}],"wp:attachment":[{"href":"https:\/\/www.moskito.cz\/es\/wp-json\/wp\/v2\/media?parent=424709"}],"wp:term":[{"taxonomy":"pwb-brand","embeddable":true,"href":"https:\/\/www.moskito.cz\/es\/wp-json\/wp\/v2\/pwb-brand?post=424709"},{"taxonomy":"product_brand","embeddable":true,"href":"https:\/\/www.moskito.cz\/es\/wp-json\/wp\/v2\/product_brand?post=424709"},{"taxonomy":"product_cat","embeddable":true,"href":"https:\/\/www.moskito.cz\/es\/wp-json\/wp\/v2\/product_cat?post=424709"},{"taxonomy":"product_tag","embeddable":true,"href":"https:\/\/www.moskito.cz\/es\/wp-json\/wp\/v2\/product_tag?post=424709"}],"curies":[{"name":"wp","href":"https:\/\/api.w.org\/{rel}","templated":true}]}}