{"id":424808,"date":"2025-09-26T10:28:21","date_gmt":"2025-09-26T09:28:21","guid":{"rendered":"https:\/\/www.moskito.cz\/produkt\/navaja-plegable-benchmade-custom-mini-barrage-cu585-ss-154cm-2\/"},"modified":"2025-09-26T10:48:29","modified_gmt":"2025-09-26T09:48:29","slug":"navaja-plegable-benchmade-custom-mini-barrage-cu585-ss-154cm-2","status":"publish","type":"product","link":"https:\/\/www.moskito.cz\/es\/produkt\/navaja-plegable-benchmade-custom-mini-barrage-cu585-ss-154cm-2\/","title":{"rendered":"Navaja plegable Benchmade Custom Mini-Barrage CU585-SS-154CM"},"content":{"rendered":"<h3 data-start=\"0\" data-end=\"48\">Minibomba de agua personalizada Benchmade CU585-SS-154CM<\/h3>\n<h4 data-start=\"50\" data-end=\"79\">Introducci\u00f3n hist\u00f3rico-po\u00e9tica<\/h4>\n<p data-start=\"81\" data-end=\"425\">Cuando Benchmade present\u00f3 la Barrage en 2009, revolucion\u00f3 el dise\u00f1o de navajas plegables. Al combinar el legendario mecanismo <strong data-start=\"232\" data-end=\"246\">de bloqueo AXIS\u00ae<\/strong> con una apertura asistida, ofrec\u00eda velocidad, fiabilidad y seguridad en un solo producto. El dise\u00f1ador <strong data-start=\"343\" data-end=\"361\">Warren Osborne<\/strong> cre\u00f3 una navaja que se ha convertido en sin\u00f3nimo de herramientas EDC de calidad.  <\/p>\n<p data-start=\"427\" data-end=\"817\">El modelo <strong data-start=\"433\" data-end=\"449\">Mini-Barrage<\/strong> ofrece una versi\u00f3n compacta de este \u00e9xito. Con una longitud de hoja de aproximadamente 74 mm (2,91 pulgadas), es ideal para llevar a diario sin sobrecargar el bolsillo. La Edici\u00f3n Personalizada <strong data-start=\"619\" data-end=\"637\">CU585-SS-154CM<\/strong> destaca no solo por su rendimiento, sino tambi\u00e9n por su est\u00e9tica: la hoja de acero inoxidable 154CM con acabado satinado y el mango de G-10 o Micarta le otorgan un aspecto y tacto \u00fanicos.  <\/p>\n<hr data-start=\"819\" data-end=\"822\">\n<h4 data-start=\"824\" data-end=\"853\">\ud83d\udd27 Especificaciones t\u00e9cnicas<\/h4>\n<ul data-start=\"855\" data-end=\"1283\">\n<li data-start=\"855\" data-end=\"895\">\n<p data-start=\"857\" data-end=\"895\"><strong data-start=\"857\" data-end=\"886\">Longitud total (abierta):<\/strong> ~ 175 mm<\/p>\n<\/li>\n<li data-start=\"896\" data-end=\"923\">\n<p data-start=\"898\" data-end=\"923\"><strong data-start=\"898\" data-end=\"915\">Longitud de la hoja:<\/strong> ~ 74 mm<\/p>\n<\/li>\n<li data-start=\"924\" data-end=\"955\">\n<p data-start=\"926\" data-end=\"955\"><strong data-start=\"926\" data-end=\"946\">Grosor de la hoja:<\/strong> ~ 2,5 mm<\/p>\n<\/li>\n<li data-start=\"956\" data-end=\"1005\">\n<p data-start=\"958\" data-end=\"1005\"><strong data-start=\"958\" data-end=\"978\">Material de la hoja:<\/strong> 154CM (acero inoxidable, EE. UU.)<\/p>\n<\/li>\n<li data-start=\"1006\" data-end=\"1042\">\n<p data-start=\"1008\" data-end=\"1042\"><strong data-start=\"1008\" data-end=\"1026\">Superficie de la hoja:<\/strong> Acabado satinado<\/p>\n<\/li>\n<li data-start=\"1043\" data-end=\"1072\">\n<p data-start=\"1045\" data-end=\"1072\"><strong data-start=\"1045\" data-end=\"1061\">Forma de la hoja:<\/strong> Punta ca\u00edda<\/p>\n<\/li>\n<li data-start=\"1073\" data-end=\"1130\">\n<p data-start=\"1075\" data-end=\"1130\"><strong data-start=\"1075\" data-end=\"1097\">Material del mango:<\/strong> Variante personalizada: G-10 \/ Micarta<\/p>\n<\/li>\n<li data-start=\"1131\" data-end=\"1186\">\n<p data-start=\"1133\" data-end=\"1186\"><strong data-start=\"1133\" data-end=\"1150\">Tipo de bloqueo:<\/strong> AXIS\u00ae Assist (apertura asistida)<\/p>\n<\/li>\n<li data-start=\"1187\" data-end=\"1235\">\n<p data-start=\"1189\" data-end=\"1235\"><strong data-start=\"1189\" data-end=\"1206\">Clip de bolsillo:<\/strong> acero, doble cara, abatible<\/p>\n<\/li>\n<li data-start=\"1236\" data-end=\"1260\">\n<p data-start=\"1238\" data-end=\"1260\"><strong data-start=\"1238\" data-end=\"1251\">Peso:<\/strong> aprox. 85 g<\/p>\n<\/li>\n<li data-start=\"1261\" data-end=\"1283\">\n<p data-start=\"1263\" data-end=\"1283\"><strong data-start=\"1263\" data-end=\"1279\">Pa\u00eds de fabricaci\u00f3n:<\/strong> EE. UU.<\/p>\n<\/li>\n<\/ul>\n<hr data-start=\"1285\" data-end=\"1288\">\n<h4 data-start=\"1290\" data-end=\"1303\">\u2705 Beneficios<\/h4>\n<ul data-start=\"1305\" data-end=\"1744\">\n<li data-start=\"1305\" data-end=\"1384\">\n<p data-start=\"1307\" data-end=\"1384\"><strong data-start=\"1307\" data-end=\"1329\">Dimensiones compactas:<\/strong> ideal para uso diario sin cargas innecesarias.<\/p>\n<\/li>\n<li data-start=\"1385\" data-end=\"1469\">\n<p data-start=\"1387\" data-end=\"1469\"><strong data-start=\"1387\" data-end=\"1402\">Acero 154CM:<\/strong> Buena resistencia a la corrosi\u00f3n, f\u00e1cil mantenimiento y excelente retenci\u00f3n del filo.<\/p>\n<\/li>\n<li data-start=\"1470\" data-end=\"1531\">\n<p data-start=\"1472\" data-end=\"1531\"><strong data-start=\"1472\" data-end=\"1491\">Hoja satinada:<\/strong> apariencia elegante con m\u00ednimo reflejo.<\/p>\n<\/li>\n<li data-start=\"1532\" data-end=\"1611\">\n<p data-start=\"1534\" data-end=\"1611\"><strong data-start=\"1534\" data-end=\"1553\">Mango personalizado:<\/strong> Elecci\u00f3n de G-10 y Micarta seg\u00fan preferencia personal.<\/p>\n<\/li>\n<li data-start=\"1612\" data-end=\"1688\">\n<p data-start=\"1614\" data-end=\"1688\"><strong data-start=\"1614\" data-end=\"1629\">AXIS\u00ae Lock:<\/strong> Mecanismo fiable y r\u00e1pido para apertura de doble cara.<\/p>\n<\/li>\n<li data-start=\"1689\" data-end=\"1744\">\n<p data-start=\"1691\" data-end=\"1744\"><strong data-start=\"1691\" data-end=\"1705\">Ergonom\u00eda:<\/strong> Agarre c\u00f3modo incluso durante un uso prolongado.<\/p>\n<\/li>\n<\/ul>\n<hr data-start=\"1746\" data-end=\"1749\">\n<h4 data-start=\"1751\" data-end=\"1767\">\u26a0\ufe0f Desventajas<\/h4>\n<ul data-start=\"1769\" data-end=\"2062\">\n<li data-start=\"1769\" data-end=\"1884\">\n<p data-start=\"1771\" data-end=\"1884\"><strong data-start=\"1771\" data-end=\"1784\">Peso:<\/strong> Aunque es m\u00e1s liviano que el Barrage est\u00e1ndar, a\u00fan puede considerarse m\u00e1s pesado para algunos usuarios.<\/p>\n<\/li>\n<li data-start=\"1885\" data-end=\"1992\">\n<p data-start=\"1887\" data-end=\"1992\"><strong data-start=\"1887\" data-end=\"1909\">Mantenimiento del mecanismo:<\/strong> La apertura asistida requiere de un mantenimiento y lubricaci\u00f3n peri\u00f3dicos para su \u00f3ptimo funcionamiento.<\/p>\n<\/li>\n<li data-start=\"1993\" data-end=\"2062\">\n<p data-start=\"1995\" data-end=\"2062\"><strong data-start=\"1995\" data-end=\"2004\">Precio:<\/strong> Las ediciones personalizadas pueden tener un precio m\u00e1s alto que los modelos est\u00e1ndar.<\/p>\n<\/li>\n<\/ul>\n<hr data-start=\"2064\" data-end=\"2067\">\n<h4 data-start=\"2069\" data-end=\"2091\">\ud83d\udee0\ufe0f Mantenimiento y cuidado<\/h4>\n<ul data-start=\"2093\" data-end=\"2432\">\n<li data-start=\"2093\" data-end=\"2201\">\n<p data-start=\"2095\" data-end=\"2201\"><strong data-start=\"2095\" data-end=\"2107\">Limpieza:<\/strong> Limpie la cuchilla con un pa\u00f1o seco despu\u00e9s de cada uso, especialmente despu\u00e9s del contacto con humedad o alimentos.<\/p>\n<\/li>\n<li data-start=\"2202\" data-end=\"2274\">\n<p data-start=\"2204\" data-end=\"2274\"><strong data-start=\"2204\" data-end=\"2220\">Mecanismo:<\/strong> Lubrique ocasionalmente con un aceite ligero para mantenerlo funcionando sin problemas.<\/p>\n<\/li>\n<li data-start=\"2275\" data-end=\"2352\">\n<p data-start=\"2277\" data-end=\"2352\"><strong data-start=\"2277\" data-end=\"2289\">Mango:<\/strong> Limpiar con un cepillo suave para eliminar la suciedad de las ranuras.<\/p>\n<\/li>\n<li data-start=\"2353\" data-end=\"2432\">\n<p data-start=\"2355\" data-end=\"2432\"><strong data-start=\"2355\" data-end=\"2368\">Afilado:<\/strong> Afile la cuchilla con un sistema de calidad, idealmente con barras de cer\u00e1mica.<\/p>\n<\/li>\n<\/ul>\n<p data-start=\"2434\" data-end=\"2530\">\ud83d\udc49 Para mantener el filo, recomendamos el sistema de afilado completo Spyderco Tri-Angle Sharpmaker 204MF<\/p>\n<hr data-start=\"2532\" data-end=\"2535\">\n<h4 data-start=\"2537\" data-end=\"2559\">\ud83c\udfaf Recomendado para<\/h4>\n<ul data-start=\"2561\" data-end=\"2900\">\n<li data-start=\"2561\" data-end=\"2645\">\n<p data-start=\"2563\" data-end=\"2645\"><strong data-start=\"2563\" data-end=\"2580\">Entusiastas de EDC:<\/strong> que buscan un cuchillo compacto pero potente para el uso diario.<\/p>\n<\/li>\n<li data-start=\"2646\" data-end=\"2731\">\n<p data-start=\"2648\" data-end=\"2731\"><strong data-start=\"2648\" data-end=\"2672\">Aire libre y senderismo:<\/strong> un cuchillo que resista un manejo brusco y no ocupe mucho espacio.<\/p>\n<\/li>\n<li data-start=\"2732\" data-end=\"2816\">\n<p data-start=\"2734\" data-end=\"2816\"><strong data-start=\"2734\" data-end=\"2751\">Profesionales:<\/strong> que aprecian la combinaci\u00f3n de acceso r\u00e1pido y seguridad del AXIS\u00ae Lock.<\/p>\n<\/li>\n<li data-start=\"2817\" data-end=\"2900\">\n<p data-start=\"2819\" data-end=\"2900\"><strong data-start=\"2819\" data-end=\"2842\">Fans de Benchmade:<\/strong> que quieren una edici\u00f3n Custom original con un aspecto distintivo.<\/p>\n<\/li>\n<\/ul>\n<hr data-start=\"2902\" data-end=\"2905\">\n<h4 data-start=\"2907\" data-end=\"2933\">\u2b50 Calificaci\u00f3n final<\/h4>\n<p data-start=\"2935\" data-end=\"3256\"><strong data-start=\"2935\" data-end=\"2983\">El Benchmade Custom Mini-Barrage CU585-SS-154CM<\/strong> es la elecci\u00f3n perfecta para quienes buscan un cuchillo de calidad con dimensiones compactas y alto rendimiento. Combina la tradici\u00f3n de la marca Benchmade, tecnolog\u00eda innovadora y la est\u00e9tica de un dise\u00f1o personalizado. Si busca un cuchillo que no le defraude en ninguna situaci\u00f3n, el Mini-Barrage es la elecci\u00f3n perfecta.  <\/p>\n","protected":false},"excerpt":{"rendered":"<div class=\"elementor-element elementor-element-bbb542b elementor-widget elementor-widget-woocommerce-product-short-description\" data-id=\"bbb542b\" data-element_type=\"widget\" data-widget_type=\"woocommerce-product-short-description.default\">\n<div class=\"elementor-widget-container\">\n<div class=\"woocommerce-product-details__short-description\">\n<p><strong>El Benchmade Custom Mini-Barrage CU585-SS-154CM es la elecci\u00f3n perfecta para quienes buscan un cuchillo de calidad con dimensiones compactas y alto rendimiento. Combina la tradici\u00f3n de la marca Benchmade, tecnolog\u00eda innovadora y la est\u00e9tica de un dise\u00f1o personalizado. Si busca un cuchillo que no le defraude en ninguna situaci\u00f3n, el Mini-Barrage es la elecci\u00f3n perfecta.  <\/strong><\/p>\n<p><strong>Env\u00edo gratis.<\/strong><\/p>\n<\/div>\n<\/div>\n<\/div>\n","protected":false},"featured_media":424776,"comment_status":"open","ping_status":"closed","template":"","meta":[],"pwb-brand":[3978],"product_brand":[],"product_cat":[3730,3726],"product_tag":[],"class_list":{"0":"post-424808","1":"product","2":"type-product","3":"status-publish","4":"has-post-thumbnail","6":"pwb-brand-hecho-a-mano-en-banco","7":"product_cat-cuchillas-de-cierre","8":"product_cat-cuchillos","10":"first","11":"instock","12":"taxable","13":"shipping-taxable","14":"purchasable","15":"product-type-simple"},"brands":[{"id":3978,"name":"Hecho a mano en banco","slug":"hecho-a-mano-en-banco"}],"_links":{"self":[{"href":"https:\/\/www.moskito.cz\/es\/wp-json\/wp\/v2\/product\/424808","targetHints":{"allow":["GET"]}}],"collection":[{"href":"https:\/\/www.moskito.cz\/es\/wp-json\/wp\/v2\/product"}],"about":[{"href":"https:\/\/www.moskito.cz\/es\/wp-json\/wp\/v2\/types\/product"}],"replies":[{"embeddable":true,"href":"https:\/\/www.moskito.cz\/es\/wp-json\/wp\/v2\/comments?post=424808"}],"wp:featuredmedia":[{"embeddable":true,"href":"https:\/\/www.moskito.cz\/es\/wp-json\/wp\/v2\/media\/424776"}],"wp:attachment":[{"href":"https:\/\/www.moskito.cz\/es\/wp-json\/wp\/v2\/media?parent=424808"}],"wp:term":[{"taxonomy":"pwb-brand","embeddable":true,"href":"https:\/\/www.moskito.cz\/es\/wp-json\/wp\/v2\/pwb-brand?post=424808"},{"taxonomy":"product_brand","embeddable":true,"href":"https:\/\/www.moskito.cz\/es\/wp-json\/wp\/v2\/product_brand?post=424808"},{"taxonomy":"product_cat","embeddable":true,"href":"https:\/\/www.moskito.cz\/es\/wp-json\/wp\/v2\/product_cat?post=424808"},{"taxonomy":"product_tag","embeddable":true,"href":"https:\/\/www.moskito.cz\/es\/wp-json\/wp\/v2\/product_tag?post=424808"}],"curies":[{"name":"wp","href":"https:\/\/api.w.org\/{rel}","templated":true}]}}