{"id":425104,"date":"2025-09-29T14:17:42","date_gmt":"2025-09-29T13:17:42","guid":{"rendered":"https:\/\/www.moskito.cz\/produkt\/navaja-plegable-medford-swift-mk206spt-42ab-tpcp-q4\/"},"modified":"2025-09-29T15:01:49","modified_gmt":"2025-09-29T14:01:49","slug":"navaja-plegable-medford-swift-mk206spt-42ab-tpcp-q4","status":"publish","type":"product","link":"https:\/\/www.moskito.cz\/es\/produkt\/navaja-plegable-medford-swift-mk206spt-42ab-tpcp-q4\/","title":{"rendered":"Navaja plegable Medford Swift MK206SPT-42AB-TPCP-Q4"},"content":{"rendered":"<p data-start=\"127\" data-end=\"518\">Al tomar la Medford Swift, inmediatamente sientes que tienes en tus manos algo m\u00e1s que una simple navaja de bolsillo. La Swift MK206SPT-42AB-TPCP-Q4 es la definici\u00f3n de la artesan\u00eda estadounidense: mango de titanio, hoja S35VN de primera calidad y un dise\u00f1o que combina una elegancia agresiva con una durabilidad extrema. Este modelo negro con hoja tanto es como una peque\u00f1a pero mort\u00edfera joya para el uso diario y exigente.  <\/p>\n<p data-start=\"520\" data-end=\"787\">El Medford Swift fue dise\u00f1ado para ofrecer velocidad, precisi\u00f3n y fiabilidad. Cada detalle, desde la hoja con acabado rugoso hasta el robusto armaz\u00f3n de titanio, se ha cuidado al m\u00e1ximo. Ofrece seguridad y estilo, convirti\u00e9ndolo no solo en una herramienta, sino tambi\u00e9n en una pieza distintiva para su colecci\u00f3n.  <\/p>\n<p data-start=\"789\" data-end=\"929\">Este cuchillo no es para todos. Exige respeto y pulso firme, pero ofrece una fiabilidad y una funcionalidad excepcionales, dif\u00edciles de encontrar en otros productos. <\/p>\n<hr data-start=\"931\" data-end=\"934\">\n<p data-start=\"936\" data-end=\"964\">\ud83d\udd27 <strong data-start=\"939\" data-end=\"964\">Especificaciones t\u00e9cnicas<\/strong><\/p>\n<div class=\"_tableContainer_1rjym_1\">\n<div class=\"group _tableWrapper_1rjym_13 flex w-fit flex-col-reverse\" tabindex=\"-1\">\n<table class=\"w-fit min-w-(--thread-content-width)\" data-start=\"966\" data-end=\"1513\">\n<thead data-start=\"966\" data-end=\"988\">\n<tr data-start=\"966\" data-end=\"988\">\n<th data-start=\"966\" data-end=\"977\" data-col-size=\"sm\">Par\u00e1metro<\/th>\n<th data-start=\"977\" data-end=\"988\" data-col-size=\"md\">Valor<\/th>\n<\/tr>\n<\/thead>\n<tbody data-start=\"1012\" data-end=\"1513\">\n<tr data-start=\"1012\" data-end=\"1061\">\n<td data-start=\"1012\" data-end=\"1039\" data-col-size=\"sm\">Longitud total (abierta)<\/td>\n<td data-start=\"1039\" data-end=\"1061\" data-col-size=\"md\">aprox. 21 cm (8,5\u2033)<\/td>\n<\/tr>\n<tr data-start=\"1062\" data-end=\"1099\">\n<td data-start=\"1062\" data-end=\"1077\" data-col-size=\"sm\">Longitud de la hoja<\/td>\n<td data-start=\"1077\" data-end=\"1099\" data-col-size=\"md\">aprox. 9 cm (3,85\u2033)<\/td>\n<\/tr>\n<tr data-start=\"1100\" data-end=\"1141\">\n<td data-start=\"1100\" data-end=\"1118\" data-col-size=\"sm\">Grosor de la hoja<\/td>\n<td data-start=\"1118\" data-end=\"1141\" data-col-size=\"md\">aprox. 0,18\u2033 (~4,6 mm)<\/td>\n<\/tr>\n<tr data-start=\"1142\" data-end=\"1239\">\n<td data-start=\"1142\" data-end=\"1160\" data-col-size=\"sm\">Material de la hoja<\/td>\n<td data-start=\"1160\" data-end=\"1239\" data-col-size=\"md\">CPM-S35VN: acero inoxidable de primera calidad, excelente durabilidad y filo duradero.<\/td>\n<\/tr>\n<tr data-start=\"1240\" data-end=\"1290\">\n<td data-start=\"1240\" data-end=\"1253\" data-col-size=\"sm\">Tipo de hoja<\/td>\n<td data-start=\"1253\" data-end=\"1290\" data-col-size=\"md\">Tanto \u2013 punta agresiva y duradera<\/td>\n<\/tr>\n<tr data-start=\"1291\" data-end=\"1356\">\n<td data-start=\"1291\" data-end=\"1307\" data-col-size=\"sm\">Superficie de la hoja<\/td>\n<td data-start=\"1307\" data-end=\"1356\" data-col-size=\"md\">Acabado pulido: robusto y est\u00e9ticamente distintivo.<\/td>\n<\/tr>\n<tr data-start=\"1357\" data-end=\"1422\">\n<td data-start=\"1357\" data-end=\"1367\" data-col-size=\"sm\">Manejar<\/td>\n<td data-start=\"1367\" data-end=\"1422\" data-col-size=\"md\">Marco de titanio (bloqueo de marco): resistencia, bajo peso<\/td>\n<\/tr>\n<tr data-start=\"1423\" data-end=\"1477\">\n<td data-start=\"1423\" data-end=\"1431\" data-col-size=\"sm\">Cerrar<\/td>\n<td data-start=\"1431\" data-end=\"1477\" data-col-size=\"md\">Titanium Framelock: fiable y robusto<\/td>\n<\/tr>\n<tr data-start=\"1478\" data-end=\"1513\">\n<td data-start=\"1478\" data-end=\"1489\" data-col-size=\"sm\">Peso<\/td>\n<td data-start=\"1489\" data-end=\"1513\" data-col-size=\"md\">aprox. 8,5 oz (\u2248 241 g)<\/td>\n<\/tr>\n<\/tbody>\n<\/table>\n<\/div>\n<\/div>\n<div class=\"group _tableWrapper_1rjym_13 flex w-fit flex-col-reverse\" tabindex=\"-1\"><\/div>\n<div tabindex=\"-1\">\n<p data-start=\"1520\" data-end=\"1539\">\u2705 <strong data-start=\"1522\" data-end=\"1539\">Beneficios principales<\/strong><\/p>\n<ul data-start=\"1541\" data-end=\"1960\">\n<li data-start=\"1541\" data-end=\"1629\">\n<p data-start=\"1543\" data-end=\"1629\">Acero Premium S35VN: resistente al desgaste, afilado duradero y f\u00e1cil mantenimiento.<\/p>\n<\/li>\n<li data-start=\"1630\" data-end=\"1715\">\n<p data-start=\"1632\" data-end=\"1715\">Construcci\u00f3n de titanio: ligero pero extremadamente resistente: una sensaci\u00f3n de calidad en cada agarre.<\/p>\n<\/li>\n<li data-start=\"1716\" data-end=\"1793\">\n<p data-start=\"1718\" data-end=\"1793\">Hoja Tanto: ideal para perforar y cortar con fuerza, resistente a la deformaci\u00f3n.<\/p>\n<\/li>\n<li data-start=\"1794\" data-end=\"1889\">\n<p data-start=\"1796\" data-end=\"1889\">Fabricaci\u00f3n americana de precisi\u00f3n: cada pieza acabada a mano en Arizona, un dise\u00f1o con alma y car\u00e1cter.<\/p>\n<\/li>\n<li data-start=\"1890\" data-end=\"1960\">\n<p data-start=\"1892\" data-end=\"1960\">Superficie pulida: est\u00e9ticamente atractiva y al mismo tiempo resistente a la abrasi\u00f3n.<\/p>\n<\/li>\n<\/ul>\n<p data-start=\"1962\" data-end=\"1982\">\u26a0\ufe0f <strong data-start=\"1965\" data-end=\"1982\">Posibles restricciones<\/strong><\/p>\n<ul data-start=\"1984\" data-end=\"2202\">\n<li data-start=\"1984\" data-end=\"2073\">\n<p data-start=\"1986\" data-end=\"2073\">Peso: se considera superior a 240 g, m\u00e1s adecuado para trabajos pesados \u200b\u200bo EDC en lo que respecta al peso.<\/p>\n<\/li>\n<li data-start=\"2074\" data-end=\"2131\">\n<p data-start=\"2076\" data-end=\"2131\">Precio: el material y la mano de obra de primera calidad se reflejan en la etiqueta de precio.<\/p>\n<\/li>\n<li data-start=\"2132\" data-end=\"2202\">\n<p data-start=\"2134\" data-end=\"2202\">Dise\u00f1o: agresivo y t\u00e9cnico: m\u00e1s una herramienta que un regalo elegante.<\/p>\n<\/li>\n<\/ul>\n<hr data-start=\"2204\" data-end=\"2207\">\n<p data-start=\"2209\" data-end=\"2230\">\ud83d\udee0\ufe0f <strong data-start=\"2213\" data-end=\"2230\">Mantenimiento y cuidado<\/strong><\/p>\n<ul data-start=\"2232\" data-end=\"2616\">\n<li data-start=\"2232\" data-end=\"2305\">\n<p data-start=\"2234\" data-end=\"2305\">Limpie la hoja peri\u00f3dicamente con un pa\u00f1o seco para mantener la superficie y el filo.<\/p>\n<\/li>\n<li data-start=\"2306\" data-end=\"2375\">\n<p data-start=\"2308\" data-end=\"2375\">Lubrique las partes m\u00f3viles de la llave (cerradura, pasador) con aceite de calidad.<\/p>\n<\/li>\n<li data-start=\"2376\" data-end=\"2444\">\n<p data-start=\"2378\" data-end=\"2444\">El mango de titanio es duradero, pero protege la superficie de la fricci\u00f3n fuerte.<\/p>\n<\/li>\n<li data-start=\"2445\" data-end=\"2616\">\n<p data-start=\"2447\" data-end=\"2616\">Para el mantenimiento de las cuchillas, recomendamos <strong data-start=\"2477\" data-end=\"2543\">el sistema de afilado completo Spyderco Tri-Angle Sharpmaker 204MF<\/strong> , ideal incluso para aceros modernos y duros. \ud83d\uded2 Puedes comprarlo c\u00f3modamente en Moskito.cz. <\/p>\n<\/li>\n<\/ul>\n<hr data-start=\"2618\" data-end=\"2621\">\n<p data-start=\"2623\" data-end=\"2644\">\ud83c\udfaf <strong data-start=\"2626\" data-end=\"2644\">Recomendado para<\/strong><\/p>\n<ul data-start=\"2646\" data-end=\"2902\">\n<li data-start=\"2646\" data-end=\"2697\">\n<p data-start=\"2648\" data-end=\"2697\">Fan\u00e1ticos de los cuchillos EDC robustos y de fabricaci\u00f3n estadounidense.<\/p>\n<\/li>\n<li data-start=\"2698\" data-end=\"2765\">\n<p data-start=\"2700\" data-end=\"2765\">Usuarios que buscan un cuchillo r\u00e1pido, preciso y duradero con hoja tanto.<\/p>\n<\/li>\n<li data-start=\"2766\" data-end=\"2842\">\n<p data-start=\"2768\" data-end=\"2842\">Coleccionistas que desean una pieza distintiva pero funcional para su colecci\u00f3n.<\/p>\n<\/li>\n<li data-start=\"2843\" data-end=\"2902\">\n<p data-start=\"2845\" data-end=\"2902\">Amantes de los dise\u00f1os t\u00e9cnicos con car\u00e1cter agresivo.<\/p>\n<\/li>\n<\/ul>\n<hr data-start=\"2904\" data-end=\"2907\">\n<p data-start=\"2909\" data-end=\"2934\">\u2b50 <strong data-start=\"2911\" data-end=\"2934\">Calificaci\u00f3n final<\/strong><\/p>\n<p data-start=\"2936\" data-end=\"3187\">El Medford Swift MK206SPT-42AB-TPCP-Q4 es una elegante y letal combinaci\u00f3n de dise\u00f1o y rendimiento. Este cuchillo puede con todo en las tareas cotidianas, situaciones dif\u00edciles y momentos cr\u00edticos. Si busca precisi\u00f3n, durabilidad y fuerza visual, todo en uno, el Swift es la opci\u00f3n ideal.  <\/p>\n<hr data-start=\"3189\" data-end=\"3192\">\n<\/div>\n","protected":false},"excerpt":{"rendered":"<p><strong>El Medford Swift MK206SPT-42AB-TPCP-Q4 es una elegante y letal combinaci\u00f3n de dise\u00f1o y rendimiento. Este cuchillo puede con todo en las tareas cotidianas, situaciones dif\u00edciles y momentos cr\u00edticos. Si busca precisi\u00f3n, durabilidad y fuerza visual, todo en uno, el Swift es la opci\u00f3n ideal.  <\/strong><\/p>\n<p><strong>Env\u00edo gratis.<\/strong><\/p>\n","protected":false},"featured_media":425073,"comment_status":"open","ping_status":"closed","template":"","meta":[],"pwb-brand":[4019],"product_brand":[],"product_cat":[3730,3726],"product_tag":[],"class_list":{"0":"post-425104","1":"product","2":"type-product","3":"status-publish","4":"has-post-thumbnail","6":"pwb-brand-medford-es","7":"product_cat-cuchillas-de-cierre","8":"product_cat-cuchillos","10":"first","11":"outofstock","12":"taxable","13":"shipping-taxable","14":"purchasable","15":"product-type-simple"},"brands":[{"id":4019,"name":"Medford","slug":"medford-es"}],"_links":{"self":[{"href":"https:\/\/www.moskito.cz\/es\/wp-json\/wp\/v2\/product\/425104","targetHints":{"allow":["GET"]}}],"collection":[{"href":"https:\/\/www.moskito.cz\/es\/wp-json\/wp\/v2\/product"}],"about":[{"href":"https:\/\/www.moskito.cz\/es\/wp-json\/wp\/v2\/types\/product"}],"replies":[{"embeddable":true,"href":"https:\/\/www.moskito.cz\/es\/wp-json\/wp\/v2\/comments?post=425104"}],"wp:featuredmedia":[{"embeddable":true,"href":"https:\/\/www.moskito.cz\/es\/wp-json\/wp\/v2\/media\/425073"}],"wp:attachment":[{"href":"https:\/\/www.moskito.cz\/es\/wp-json\/wp\/v2\/media?parent=425104"}],"wp:term":[{"taxonomy":"pwb-brand","embeddable":true,"href":"https:\/\/www.moskito.cz\/es\/wp-json\/wp\/v2\/pwb-brand?post=425104"},{"taxonomy":"product_brand","embeddable":true,"href":"https:\/\/www.moskito.cz\/es\/wp-json\/wp\/v2\/product_brand?post=425104"},{"taxonomy":"product_cat","embeddable":true,"href":"https:\/\/www.moskito.cz\/es\/wp-json\/wp\/v2\/product_cat?post=425104"},{"taxonomy":"product_tag","embeddable":true,"href":"https:\/\/www.moskito.cz\/es\/wp-json\/wp\/v2\/product_tag?post=425104"}],"curies":[{"name":"wp","href":"https:\/\/api.w.org\/{rel}","templated":true}]}}