{"id":425226,"date":"2025-09-30T10:03:01","date_gmt":"2025-09-30T09:03:01","guid":{"rendered":"https:\/\/www.moskito.cz\/produkt\/navaja-plegable-medford-swift-fl-mkf206std-41tm-tfcf-q4\/"},"modified":"2025-09-30T10:12:41","modified_gmt":"2025-09-30T09:12:41","slug":"navaja-plegable-medford-swift-fl-mkf206std-41tm-tfcf-q4","status":"publish","type":"product","link":"https:\/\/www.moskito.cz\/es\/produkt\/navaja-plegable-medford-swift-fl-mkf206std-41tm-tfcf-q4\/","title":{"rendered":"Navaja plegable Medford Swift FL MKF206STD-41TM-TFCF-Q4"},"content":{"rendered":"<p>Medford Swift FL MKF206STD-41TM-TFCF-Q4: velocidad, potencia y estilo en uno<\/p>\n<p>Al adquirir la Medford Swift FL MKF206STD-41TM-TFCF-Q4, sabr\u00e1 inmediatamente que no es una navaja de bolsillo cualquiera. Es una navaja que combina una construcci\u00f3n robusta, durabilidad para el d\u00eda a d\u00eda y una est\u00e9tica robusta que la convierte en una pieza excepcional. El nombre Swift no es casualidad: este modelo fue dise\u00f1ado para ser r\u00e1pido, preciso y fiable, ya sea para usarla en el trabajo, en el campo o como herramienta EDC para la ciudad.  <\/p>\n<p>La base es una hoja de acero CPM-S35VN estadounidense de primera calidad, sin\u00f3nimo de durabilidad y filo duradero. Adem\u00e1s, un sistema de bloqueo de titanio que sujeta la hoja con total seguridad, y un mango rojo de TFCF, le confieren una imagen impactante. El Swift FL no es solo un cuchillo funcional, sino una expresi\u00f3n del car\u00e1cter de su due\u00f1o.  <\/p>\n<p>Medford Knife &amp; Tool se ha forjado una reputaci\u00f3n a lo largo de los a\u00f1os fabricando cuchillos extremadamente robustos que superan a otros. El Swift FL traslada esta filosof\u00eda a un formato plegable, ofreciendo el rendimiento de un cuchillo robusto en un pr\u00e1ctico estuche EDC. Est\u00e1 dise\u00f1ado para quienes buscan un cuchillo listo para todo, manteniendo un dise\u00f1o moderno, pureza t\u00e9cnica y materiales de primera calidad.  <\/p>\n<p>Cada detalle, desde las curvas de la hoja hasta el acabado del mango y los herrajes FLM, est\u00e1 dise\u00f1ado teniendo en cuenta la funcionalidad y la durabilidad, lo que convierte al Swift FL en una herramienta que puede servir no solo en las tareas cotidianas, sino tambi\u00e9n en situaciones exigentes donde se aprecia un corte preciso y confiable. <\/p>\n<p>\ud83d\udd27 Especificaciones t\u00e9cnicas<\/p>\n<p>Valor del par\u00e1metro<br \/>\n Longitud total (abierta): aprox. 21,5 cm (8,5\u2033)<br \/>\n Longitud de la hoja aprox. 9,0 cm (3,55\u2033)<br \/>\n Grosor aproximado de la hoja: 0,16\u2033 (~4,1 mm)<br \/>\n Material de la cuchilla CPM-S35VN: acero inoxidable de primera calidad con alta durabilidad<br \/>\n Tipo de hoja Punta ca\u00edda: forma universal para un amplio uso<br \/>\n Superficie de la hoja con acabado satinado\/pulido: acabado atractivo y duradero<br \/>\n Mango rojo Titan TFCF: resistente, ligero y colorido<br \/>\n Herrajes FLM: elementos robustos y pr\u00e1cticos<br \/>\n Cerradura de titanio Framelock: m\u00e1xima seguridad<br \/>\n Peso aproximado: 6,9 oz (\u2248 195 g)<\/p>\n<p data-start=\"2318\" data-end=\"2337\">\u2705 <strong data-start=\"2320\" data-end=\"2337\">Beneficios principales<\/strong><\/p>\n<ul data-start=\"2339\" data-end=\"2699\">\n<li data-start=\"2339\" data-end=\"2424\">\n<p data-start=\"2341\" data-end=\"2424\"><strong data-start=\"2341\" data-end=\"2368\">Acero CPM-S35VN de primera calidad<\/strong> : afilado duradero y resistencia al desgaste.<\/p>\n<\/li>\n<li data-start=\"2425\" data-end=\"2491\">\n<p data-start=\"2427\" data-end=\"2491\"><strong data-start=\"2427\" data-end=\"2449\">Marco de titanio con cerradura<\/strong> : seguridad y resistencia en cada uso.<\/p>\n<\/li>\n<li data-start=\"2492\" data-end=\"2555\">\n<p data-start=\"2494\" data-end=\"2555\"><strong data-start=\"2494\" data-end=\"2518\">Mango TFCF rojo<\/strong> : visualmente llamativo, ligero y resistente.<\/p>\n<\/li>\n<li data-start=\"2556\" data-end=\"2621\">\n<p data-start=\"2558\" data-end=\"2621\"><strong data-start=\"2558\" data-end=\"2574\">Herrajes FLM<\/strong> : pr\u00e1cticos, duraderos y de f\u00e1cil mantenimiento.<\/p>\n<\/li>\n<li data-start=\"2622\" data-end=\"2699\">\n<p data-start=\"2624\" data-end=\"2699\"><strong data-start=\"2624\" data-end=\"2644\">Hoja de punta ca\u00edda<\/strong> : forma universal adecuada tanto para el trabajo como para EDC.<\/p>\n<\/li>\n<\/ul>\n<hr data-start=\"2701\" data-end=\"2704\">\n<p data-start=\"2706\" data-end=\"2726\">\u26a0\ufe0f <strong data-start=\"2709\" data-end=\"2726\">Posibles restricciones<\/strong><\/p>\n<ul data-start=\"2728\" data-end=\"2993\">\n<li data-start=\"2728\" data-end=\"2808\">\n<p data-start=\"2730\" data-end=\"2808\"><strong data-start=\"2730\" data-end=\"2744\">Precio m\u00e1s alto<\/strong> : corresponde al uso de materiales de primera calidad y a la producci\u00f3n artesanal en EE.UU.<\/p>\n<\/li>\n<li data-start=\"2809\" data-end=\"2910\">\n<p data-start=\"2811\" data-end=\"2910\"><strong data-start=\"2811\" data-end=\"2855\">No es apto para trabajos pesados \u200b\u200bo con apalancamiento extremo<\/strong> : el Swift es r\u00e1pido y preciso, no reemplaza a un machete.<\/p>\n<\/li>\n<li data-start=\"2911\" data-end=\"2993\">\n<p data-start=\"2913\" data-end=\"2993\"><strong data-start=\"2913\" data-end=\"2933\">Mango de titanio<\/strong> : duradero, pero su superficie debe protegerse de la abrasi\u00f3n.<\/p>\n<\/li>\n<\/ul>\n<hr data-start=\"2995\" data-end=\"2998\">\n<ul data-start=\"3023\" data-end=\"3503\">\n<li data-start=\"3283\" data-end=\"3503\">\n<p data-start=\"3510\" data-end=\"3531\">\ud83c\udfaf <strong data-start=\"3513\" data-end=\"3531\">Recomendado para<\/strong><\/p>\n<ul data-start=\"3533\" data-end=\"3843\">\n<li data-start=\"3533\" data-end=\"3604\">\n<p data-start=\"3535\" data-end=\"3604\">Entusiastas de las persianas americanas modernas que buscan estilo y rendimiento.<\/p>\n<\/li>\n<li data-start=\"3605\" data-end=\"3698\">\n<p data-start=\"3607\" data-end=\"3698\">Coleccionistas que desean un modelo distintivo y premium con un mango codificado por colores para su colecci\u00f3n.<\/p>\n<\/li>\n<li data-start=\"3699\" data-end=\"3776\">\n<p data-start=\"3701\" data-end=\"3776\">Usuarios de EDC que valoran la confiabilidad y el acceso r\u00e1pido a una herramienta afilada.<\/p>\n<\/li>\n<li data-start=\"3777\" data-end=\"3843\">\n<p data-start=\"3779\" data-end=\"3843\">Aquellos que desean una combinaci\u00f3n de potencia, elegancia y precisi\u00f3n t\u00e9cnica.<\/p>\n<\/li>\n<\/ul>\n<hr data-start=\"3845\" data-end=\"3848\">\n<p data-start=\"3850\" data-end=\"3875\">\u2b50 <strong data-start=\"3852\" data-end=\"3875\">Calificaci\u00f3n final<\/strong><\/p>\n<p data-start=\"3877\" data-end=\"4270\"><strong data-start=\"3877\" data-end=\"3920\">La Medford Swift FL MKF206STD-41TM-TFCF-Q4<\/strong> es una navaja plegable que combina robustez, velocidad y un dise\u00f1o atractivo. El acero S35VN de primera calidad, el sistema de bloqueo de titanio y el mango rojo crean una combinaci\u00f3n que no decepcionar\u00e1 en condiciones dif\u00edciles ni como pieza de colecci\u00f3n. La Swift FL es la opci\u00f3n ideal para quienes buscan calidad estadounidense, dise\u00f1o distintivo y rendimiento fiable en una sola navaja EDC.  <\/p>\n<hr data-start=\"4272\" data-end=\"4275\">\n<\/li>\n<\/ul>\n","protected":false},"excerpt":{"rendered":"<p><strong>El Swift FL es la elecci\u00f3n clara para cualquiera que busque calidad estadounidense, dise\u00f1o distintivo y rendimiento confiable en un solo cuchillo EDC.<\/strong><\/p>\n<p> <strong>Env\u00edo gratis.<\/strong><\/p>\n","protected":false},"featured_media":425215,"comment_status":"open","ping_status":"closed","template":"","meta":[],"pwb-brand":[4019],"product_brand":[],"product_cat":[3730,3726],"product_tag":[],"class_list":{"0":"post-425226","1":"product","2":"type-product","3":"status-publish","4":"has-post-thumbnail","6":"pwb-brand-medford-es","7":"product_cat-cuchillas-de-cierre","8":"product_cat-cuchillos","10":"first","11":"instock","12":"taxable","13":"shipping-taxable","14":"purchasable","15":"product-type-simple"},"brands":[{"id":4019,"name":"Medford","slug":"medford-es"}],"_links":{"self":[{"href":"https:\/\/www.moskito.cz\/es\/wp-json\/wp\/v2\/product\/425226","targetHints":{"allow":["GET"]}}],"collection":[{"href":"https:\/\/www.moskito.cz\/es\/wp-json\/wp\/v2\/product"}],"about":[{"href":"https:\/\/www.moskito.cz\/es\/wp-json\/wp\/v2\/types\/product"}],"replies":[{"embeddable":true,"href":"https:\/\/www.moskito.cz\/es\/wp-json\/wp\/v2\/comments?post=425226"}],"wp:featuredmedia":[{"embeddable":true,"href":"https:\/\/www.moskito.cz\/es\/wp-json\/wp\/v2\/media\/425215"}],"wp:attachment":[{"href":"https:\/\/www.moskito.cz\/es\/wp-json\/wp\/v2\/media?parent=425226"}],"wp:term":[{"taxonomy":"pwb-brand","embeddable":true,"href":"https:\/\/www.moskito.cz\/es\/wp-json\/wp\/v2\/pwb-brand?post=425226"},{"taxonomy":"product_brand","embeddable":true,"href":"https:\/\/www.moskito.cz\/es\/wp-json\/wp\/v2\/product_brand?post=425226"},{"taxonomy":"product_cat","embeddable":true,"href":"https:\/\/www.moskito.cz\/es\/wp-json\/wp\/v2\/product_cat?post=425226"},{"taxonomy":"product_tag","embeddable":true,"href":"https:\/\/www.moskito.cz\/es\/wp-json\/wp\/v2\/product_tag?post=425226"}],"curies":[{"name":"wp","href":"https:\/\/api.w.org\/{rel}","templated":true}]}}