{"id":425269,"date":"2025-09-30T14:05:09","date_gmt":"2025-09-30T13:05:09","guid":{"rendered":"https:\/\/www.moskito.cz\/produkt\/navaja-plegable-medford-micro-praetorian-mk008std-01tm-tfcf-bn\/"},"modified":"2025-10-01T07:46:10","modified_gmt":"2025-10-01T06:46:10","slug":"navaja-plegable-medford-micro-praetorian-mk008std-01tm-tfcf-bn","status":"publish","type":"product","link":"https:\/\/www.moskito.cz\/es\/produkt\/navaja-plegable-medford-micro-praetorian-mk008std-01tm-tfcf-bn\/","title":{"rendered":"Navaja plegable Medford Micro Praetorian MK008STD-01TM-TFCF-BN"},"content":{"rendered":"<p>Medford Micro Praetorian T MK008STD-01TM-TFCF-BN: potencia compacta en un dise\u00f1o elegante<\/p>\n<p>Al tomar por primera vez el Medford Micro Praetorian T MK008STD-01TM-TFCF-BN, inmediatamente sentir\u00e1 que tiene en sus manos un cuchillo que combina precisi\u00f3n, robustez y excelencia t\u00e9cnica estadounidenses en un formato compacto. Este modelo est\u00e1 equipado con una hoja de acero S45VN de primera calidad, un mango de titanio con acabado pulido y herrajes FLM, lo que garantiza no solo un excelente rendimiento, sino tambi\u00e9n un atractivo est\u00e9tico. La forma de la hoja Drop Point le otorga al cuchillo una utilidad universal y durabilidad para tareas exigentes.  <\/p>\n<p>Cada detalle de este cuchillo, desde la forma de la hoja hasta el acabado del mango y los herrajes, est\u00e1 meticulosamente elaborado, lo que hace que el Micro Praetorian T no solo sea una herramienta, sino tambi\u00e9n una adici\u00f3n visualmente impactante a la colecci\u00f3n para coleccionistas y usuarios activos. <\/p>\n<p>Este cuchillo est\u00e1 dise\u00f1ado para quienes buscan una herramienta fuerte, precisa y confiable: robusta, elegante y duradera.<\/p>\n<p>\ud83d\udd27 Especificaciones t\u00e9cnicas<br \/>\n Valor del par\u00e1metro<br \/>\n Longitud total (abierta): aprox. 19,5 cm (7,7\u2033)<br \/>\n Longitud de la hoja aprox. 7,4 cm (2,9\u2033)<br \/>\n Grosor aproximado de la hoja: 0,16\u2033 (~4,1 mm)<br \/>\n Material de la hoja CPM-S45VN: acero inoxidable de primera calidad, afilado duradero y de larga duraci\u00f3n.<br \/>\n Tipo de hoja Drop Point: vers\u00e1til y precisa para tareas cotidianas y m\u00e1s exigentes<br \/>\n Superficie de la hoja con acabado pulido: apariencia duradera y atractiva<br \/>\n Mango Titan Tumbled: resistente, ligero y visualmente atractivo.<br \/>\n Herrajes FLM: un accesorio duradero y pr\u00e1ctico<br \/>\n Candado de titanio Framelock: robusto y fiable<br \/>\n Peso aproximado: 5,2 oz (\u2248 147 g)<\/p>\n<h3 data-start=\"2279\" data-end=\"2298\">\u2705 Beneficios principales<\/h3>\n<ul data-start=\"2300\" data-end=\"2705\">\n<li data-start=\"2300\" data-end=\"2374\">\n<p data-start=\"2302\" data-end=\"2374\"><strong data-start=\"2302\" data-end=\"2325\">Acero premium S45VN<\/strong> : resistente al desgaste, afilado duradero.<\/p>\n<\/li>\n<li data-start=\"2375\" data-end=\"2467\">\n<p data-start=\"2377\" data-end=\"2467\"><strong data-start=\"2377\" data-end=\"2405\">Mango de titanio pulido<\/strong> : peso ligero, alta resistencia y superficie visualmente atractiva.<\/p>\n<\/li>\n<li data-start=\"2468\" data-end=\"2549\">\n<p data-start=\"2470\" data-end=\"2549\"><strong data-start=\"2470\" data-end=\"2490\">Hoja Drop Point<\/strong> : vers\u00e1til y precisa para las tareas cotidianas y m\u00e1s exigentes.<\/p>\n<\/li>\n<li data-start=\"2550\" data-end=\"2627\">\n<p data-start=\"2552\" data-end=\"2627\"><strong data-start=\"2552\" data-end=\"2568\">Herrajes FLM<\/strong> : un accesorio pr\u00e1ctico y duradero que mejora la funcionalidad del cuchillo.<\/p>\n<\/li>\n<li data-start=\"2628\" data-end=\"2705\">\n<p data-start=\"2630\" data-end=\"2705\"><strong data-start=\"2630\" data-end=\"2661\">Dise\u00f1o compacto y robusto<\/strong> : ideal para coleccionistas y usuarios activos.<\/p>\n<\/li>\n<\/ul>\n<hr data-start=\"2707\" data-end=\"2710\">\n<h3 data-start=\"2712\" data-end=\"2732\">\u26a0\ufe0f Posibles restricciones<\/h3>\n<ul data-start=\"2734\" data-end=\"3009\">\n<li data-start=\"2734\" data-end=\"2815\">\n<p data-start=\"2736\" data-end=\"2815\"><strong data-start=\"2736\" data-end=\"2753\">Precio premium<\/strong> : refleja el uso de materiales de primera calidad y una artesan\u00eda precisa hecha a mano.<\/p>\n<\/li>\n<li data-start=\"2816\" data-end=\"2918\">\n<p data-start=\"2818\" data-end=\"2918\"><strong data-start=\"2818\" data-end=\"2840\">No para trabajos finos<\/strong> : la hoja Drop Point est\u00e1 dise\u00f1ada para uso general, no para cortes finos.<\/p>\n<\/li>\n<li data-start=\"2919\" data-end=\"3009\">\n<p data-start=\"2921\" data-end=\"3009\"><strong data-start=\"2921\" data-end=\"2954\">La superficie del mango requiere cuidado<\/strong> : proteja el titanio y los elementos de hardware de la abrasi\u00f3n excesiva.<\/p>\n<\/li>\n<\/ul>\n<hr data-start=\"3011\" data-end=\"3014\">\n<h3 data-start=\"3016\" data-end=\"3037\">\ud83d\udee0\ufe0f Mantenimiento y cuidado<\/h3>\n<ul data-start=\"3039\" data-end=\"3448\">\n<li data-start=\"3039\" data-end=\"3110\">\n<p data-start=\"3041\" data-end=\"3110\">Limpie la cuchilla peri\u00f3dicamente con un pa\u00f1o seco para mantenerla brillante y limpia.<\/p>\n<\/li>\n<li data-start=\"3111\" data-end=\"3191\">\n<p data-start=\"3113\" data-end=\"3191\">Lubrique los elementos de hardware y la cerradura con aceite de calidad para una confiabilidad a largo plazo.<\/p>\n<\/li>\n<li data-start=\"3192\" data-end=\"3284\">\n<p data-start=\"3194\" data-end=\"3284\">El mango de titanio solo necesita limpiarse con cuidado: la superficie es duradera, pero prot\u00e9jala del roce fuerte.<\/p>\n<\/li>\n<li data-start=\"3285\" data-end=\"3448\">\n<p data-start=\"3287\" data-end=\"3448\">Para el mantenimiento de las cuchillas, recomendamos el sistema de afilado completo Spyderco Tri-Angle Sharpmaker 204MF, ideal para aceros modernos duros. \ud83d\uded2 C\u00f3mprelo c\u00f3modamente en Moskito.cz. <\/p>\n<\/li>\n<\/ul>\n<hr data-start=\"3450\" data-end=\"3453\">\n<h3 data-start=\"3455\" data-end=\"3476\">\ud83c\udfaf Recomendado para<\/h3>\n<ul data-start=\"3478\" data-end=\"3756\">\n<li data-start=\"3478\" data-end=\"3543\">\n<p data-start=\"3480\" data-end=\"3543\">Fans de las persianas robustas, t\u00e9cnicas y con dise\u00f1o americano.<\/p>\n<\/li>\n<li data-start=\"3544\" data-end=\"3616\">\n<p data-start=\"3546\" data-end=\"3616\">Coleccionistas que desean un modelo distintivo y premium con una hoja vers\u00e1til.<\/p>\n<\/li>\n<li data-start=\"3617\" data-end=\"3691\">\n<p data-start=\"3619\" data-end=\"3691\">Usuarios que buscan una combinaci\u00f3n de potencia, fiabilidad y construcci\u00f3n de precisi\u00f3n.<\/p>\n<\/li>\n<li data-start=\"3692\" data-end=\"3756\">\n<p data-start=\"3694\" data-end=\"3756\">Amantes de los dise\u00f1os modernos, t\u00e9cnicos y con identidad visual.<\/p>\n<\/li>\n<\/ul>\n<hr data-start=\"3758\" data-end=\"3761\">\n<h3 data-start=\"3763\" data-end=\"3788\">\u2b50 Calificaci\u00f3n final<\/h3>\n<p data-start=\"3790\" data-end=\"4125\">El Medford Micro Praetorian T MK008STD-01TM-TFCF-BN es la combinaci\u00f3n ideal de potencia, precisi\u00f3n y calidad americana en un formato compacto. Este cuchillo ofrece fiabilidad, robustez visual y car\u00e1cter, cualidades que coleccionistas y usuarios activos apreciar\u00e1n. Si busca una herramienta robusta, precisa y duradera con una hoja vers\u00e1til, el Micro Praetorian T es la elecci\u00f3n perfecta.  <\/p>\n<div class=\"_tableContainer_1rjym_1\">\n<div class=\"group _tableWrapper_1rjym_13 flex w-fit flex-col-reverse\" tabindex=\"-1\"><\/div>\n<\/div>\n","protected":false},"excerpt":{"rendered":"<p><strong>Si busca una herramienta robusta, precisa y duradera con una hoja universal, el Micro Praetorian T es la elecci\u00f3n clara.<\/strong><\/p>\n<p> <strong>Env\u00edo gratis.<\/strong><\/p>\n","protected":false},"featured_media":425258,"comment_status":"open","ping_status":"closed","template":"","meta":[],"pwb-brand":[4019],"product_brand":[],"product_cat":[3730,3726],"product_tag":[],"class_list":{"0":"post-425269","1":"product","2":"type-product","3":"status-publish","4":"has-post-thumbnail","6":"pwb-brand-medford-es","7":"product_cat-cuchillas-de-cierre","8":"product_cat-cuchillos","10":"first","11":"outofstock","12":"taxable","13":"shipping-taxable","14":"purchasable","15":"product-type-simple"},"brands":[{"id":4019,"name":"Medford","slug":"medford-es"}],"_links":{"self":[{"href":"https:\/\/www.moskito.cz\/es\/wp-json\/wp\/v2\/product\/425269","targetHints":{"allow":["GET"]}}],"collection":[{"href":"https:\/\/www.moskito.cz\/es\/wp-json\/wp\/v2\/product"}],"about":[{"href":"https:\/\/www.moskito.cz\/es\/wp-json\/wp\/v2\/types\/product"}],"replies":[{"embeddable":true,"href":"https:\/\/www.moskito.cz\/es\/wp-json\/wp\/v2\/comments?post=425269"}],"wp:featuredmedia":[{"embeddable":true,"href":"https:\/\/www.moskito.cz\/es\/wp-json\/wp\/v2\/media\/425258"}],"wp:attachment":[{"href":"https:\/\/www.moskito.cz\/es\/wp-json\/wp\/v2\/media?parent=425269"}],"wp:term":[{"taxonomy":"pwb-brand","embeddable":true,"href":"https:\/\/www.moskito.cz\/es\/wp-json\/wp\/v2\/pwb-brand?post=425269"},{"taxonomy":"product_brand","embeddable":true,"href":"https:\/\/www.moskito.cz\/es\/wp-json\/wp\/v2\/product_brand?post=425269"},{"taxonomy":"product_cat","embeddable":true,"href":"https:\/\/www.moskito.cz\/es\/wp-json\/wp\/v2\/product_cat?post=425269"},{"taxonomy":"product_tag","embeddable":true,"href":"https:\/\/www.moskito.cz\/es\/wp-json\/wp\/v2\/product_tag?post=425269"}],"curies":[{"name":"wp","href":"https:\/\/api.w.org\/{rel}","templated":true}]}}