{"id":425318,"date":"2025-10-01T09:06:24","date_gmt":"2025-10-01T08:06:24","guid":{"rendered":"https:\/\/www.moskito.cz\/produkt\/navaja-plegable-medford-slim-midi-mk201spt-30pv-t1c1-bn\/"},"modified":"2025-10-01T09:35:15","modified_gmt":"2025-10-01T08:35:15","slug":"navaja-plegable-medford-slim-midi-mk201spt-30pv-t1c1-bn","status":"publish","type":"product","link":"https:\/\/www.moskito.cz\/es\/produkt\/navaja-plegable-medford-slim-midi-mk201spt-30pv-t1c1-bn\/","title":{"rendered":"Navaja plegable Medford Slim Midi MK201SPT-30PV-T1C1-BN"},"content":{"rendered":"<p>Medford Slim Midi MK201SPT-30PV-T1C1-BN: Elegancia en un perfil delgado con m\u00e1xima potencia<\/p>\n<p>La Medford Slim Midi MK201SPT-30PV-T1C1-BN es un ejemplo de c\u00f3mo una navaja plegable puede ser discreta y a la vez extremadamente duradera. Este modelo combina el ic\u00f3nico dise\u00f1o de Medford con un perfil m\u00e1s delgado, lo que la hace c\u00f3moda para llevar a diario sin perder su legendaria robustez. <\/p>\n<p>La hoja est\u00e1 fabricada en acero inoxidable CPM-S35VN estadounidense de primera calidad con revestimiento de PVD para una resistencia excepcional al desgaste y una excelente retenci\u00f3n del filo. El mango de titanio con acabado en bronce, con herrajes de PVD y protector de dedos, le confiere al cuchillo una apariencia robusta y una ergonom\u00eda perfecta. La forma Tanto de la hoja realza su car\u00e1cter t\u00e1ctico y ofrece m\u00e1xima penetraci\u00f3n incluso en condiciones adversas.  <\/p>\n<p>El Slim Midi es un cuchillo para aquellos que quieren llevar una aut\u00e9ntica pieza de precisi\u00f3n de la cuchiller\u00eda americana en su bolsillo: m\u00e1s ligero, m\u00e1s elegante, pero a\u00fan implacablemente fuerte.<\/p>\n<p>\ud83d\udd27 Especificaciones t\u00e9cnicas<br \/>\n Valor del par\u00e1metro<br \/>\n Longitud total (abierta): aprox. 21,6 cm (8,5\u2033)<br \/>\n Longitud de la hoja aprox. 9,5 cm (3,75\u2033)<br \/>\n Grosor aproximado de la hoja: 0,125\u2033 (~3,2 mm)<br \/>\n Material de la hoja CPM-S35VN: acero inoxidable de primera calidad, una gran combinaci\u00f3n de dureza y durabilidad<br \/>\n Tipo de hoja Tanto: m\u00e1xima penetraci\u00f3n, resistencia de la punta<br \/>\n Superficie de la hoja PVD: apariencia elegante, duradera y discreta<br \/>\n Mango de titanio, acabado en bronce, ligero y extremadamente resistente.<br \/>\n Herrajes PVD: resistentes a da\u00f1os, mejoran el aspecto premium<br \/>\n Candado de titanio Framelock: robusto y fiable<br \/>\n Peso aproximado: 136 g (4,8 oz)<\/p>\n<h2 data-start=\"1725\" data-end=\"1743\">\u2705 Beneficios principales<\/h2>\n<ul data-start=\"1745\" data-end=\"2199\">\n<li data-start=\"1745\" data-end=\"1853\">\n<p data-start=\"1747\" data-end=\"1853\"><strong data-start=\"1747\" data-end=\"1774\">Acero premium CPM-S35VN<\/strong> : excelente retenci\u00f3n del filo, dureza y afilado m\u00e1s f\u00e1cil que el S90V\/S110V.<\/p>\n<\/li>\n<li data-start=\"1854\" data-end=\"1933\">\n<p data-start=\"1856\" data-end=\"1933\"><strong data-start=\"1856\" data-end=\"1894\">Mango de titanio con acabado bronce<\/strong> : elegante, ligero y extremadamente duradero.<\/p>\n<\/li>\n<li data-start=\"1934\" data-end=\"2026\">\n<p data-start=\"1936\" data-end=\"2026\"><strong data-start=\"1936\" data-end=\"1967\">Herrajes PVD y protecci\u00f3n para los dedos<\/strong> : funcionales, visualmente atractivos y aumentan la vida \u00fatil del cuchillo.<\/p>\n<\/li>\n<li data-start=\"2027\" data-end=\"2106\">\n<p data-start=\"2029\" data-end=\"2106\"><strong data-start=\"2029\" data-end=\"2044\">Hoja Tanto<\/strong> : ideal para tareas penetrantes y exigentes, de naturaleza t\u00e1ctica.<\/p>\n<\/li>\n<li data-start=\"2107\" data-end=\"2199\">\n<p data-start=\"2109\" data-end=\"2199\"><strong data-start=\"2109\" data-end=\"2129\">Perfil m\u00e1s delgado<\/strong> : se adapta mejor a su bolsillo y mantiene la robustez de Medford.<\/p>\n<\/li>\n<\/ul>\n<hr data-start=\"2201\" data-end=\"2204\">\n<h2 data-start=\"2206\" data-end=\"2225\">\u26a0\ufe0f Posibles restricciones<\/h2>\n<ul data-start=\"2227\" data-end=\"2485\">\n<li data-start=\"2227\" data-end=\"2301\">\n<p data-start=\"2229\" data-end=\"2301\"><strong data-start=\"2229\" data-end=\"2243\">Precio m\u00e1s alto<\/strong> : corresponde a la producci\u00f3n americana artesanal y a los materiales utilizados.<\/p>\n<\/li>\n<li data-start=\"2302\" data-end=\"2403\">\n<p data-start=\"2304\" data-end=\"2403\"><strong data-start=\"2304\" data-end=\"2319\">Hoja Tanto<\/strong> : ideal para perforaciones y uso t\u00e1ctico, menos adecuada para la cocina y cortes finos.<\/p>\n<\/li>\n<li data-start=\"2404\" data-end=\"2485\">\n<p data-start=\"2406\" data-end=\"2485\"><strong data-start=\"2406\" data-end=\"2426\">Mango de titanio<\/strong> : duradero, pero se raya con mayor facilidad y requiere cuidado.<\/p>\n<\/li>\n<\/ul>\n<hr data-start=\"2487\" data-end=\"2490\">\n<h2 data-start=\"2492\" data-end=\"2512\">\ud83d\udee0\ufe0f Mantenimiento y cuidado<\/h2>\n<ul data-start=\"2514\" data-end=\"2932\">\n<li data-start=\"2514\" data-end=\"2577\">\n<p data-start=\"2516\" data-end=\"2577\">Despu\u00e9s de su uso, limpie la cuchilla con un pa\u00f1o seco y mant\u00e9ngala limpia.<\/p>\n<\/li>\n<li data-start=\"2578\" data-end=\"2636\">\n<p data-start=\"2580\" data-end=\"2636\">Lubrique peri\u00f3dicamente la uni\u00f3n de la cuchilla y el bloqueo con aceite de buena calidad.<\/p>\n<\/li>\n<li data-start=\"2637\" data-end=\"2707\">\n<p data-start=\"2639\" data-end=\"2707\">Limpie el mango de titanio con un pa\u00f1o suave y prot\u00e9jalo de la fricci\u00f3n fuerte.<\/p>\n<\/li>\n<li data-start=\"2708\" data-end=\"2932\">\n<p data-start=\"2710\" data-end=\"2932\">Para mantener el filo, recomendamos <strong data-start=\"2741\" data-end=\"2834\"><br \/>\n  <a class=\"decorated-link\" href=\"https:\/\/www.moskito.cz\/es\/\" target=\"_new\" rel=\"noopener\" data-start=\"2743\" data-end=\"2832\">el sistema de afilado completo Spyderco Tri-Angle Sharpmaker 204MF<\/a><br \/>\n<\/strong><\/p>\n<\/li>\n<li data-start=\"2708\" data-end=\"2932\">\n<h2 data-start=\"2939\" data-end=\"2959\">\ud83c\udfaf Recomendado para<\/h2>\n<ul data-start=\"2961\" data-end=\"3216\">\n<li data-start=\"2961\" data-end=\"3027\">\n<p data-start=\"2963\" data-end=\"3027\">Usuarios que desean un cierrapuertas m\u00e1s delgado pero a la vez robusto.<\/p>\n<\/li>\n<li data-start=\"3028\" data-end=\"3093\">\n<p data-start=\"3030\" data-end=\"3093\">Fan\u00e1ticos del dise\u00f1o t\u00e1ctico moderno con un fuerte carisma.<\/p>\n<\/li>\n<li data-start=\"3094\" data-end=\"3153\">\n<p data-start=\"3096\" data-end=\"3153\">Coleccionistas que buscan un modelo premium con or\u00edgenes americanos.<\/p>\n<\/li>\n<li data-start=\"3154\" data-end=\"3216\">\n<p data-start=\"3156\" data-end=\"3216\">Ropa de uso diario con \u00e9nfasis en el rendimiento, la durabilidad y la elegancia.<\/p>\n<\/li>\n<\/ul>\n<hr data-start=\"3218\" data-end=\"3221\">\n<h2 data-start=\"3223\" data-end=\"3247\">\u2b50 Calificaci\u00f3n final<\/h2>\n<p data-start=\"3249\" data-end=\"3518\"><strong data-start=\"3249\" data-end=\"3292\">El Medford Slim Midi MK201SPT-30PV-T1C1-BN<\/strong> es la esencia de lo que representa la marca Medford: fuerza, precisi\u00f3n y durabilidad estadounidenses, ahora con un dise\u00f1o m\u00e1s elegante y pr\u00e1ctico. Gracias a su perfil m\u00e1s delgado, es c\u00f3modo de usar y le ofrecer\u00e1 un rendimiento inigualable en el trabajo. <\/p>\n<p data-start=\"3520\" data-end=\"3700\">Si buscas un cuchillo que combine <strong data-start=\"3558\" data-end=\"3658\">el car\u00e1cter t\u00e1ctico de una hoja Tanto, la elegancia de un mango de titanio y la fiabilidad de la fabricaci\u00f3n artesanal americana<\/strong> , el Slim Midi es una elecci\u00f3n que no te decepcionar\u00e1.<\/p>\n<\/li>\n<\/ul>\n<div class=\"_tableContainer_1rjym_1\">\n<div class=\"group _tableWrapper_1rjym_13 flex w-fit flex-col-reverse\" tabindex=\"-1\"><\/div>\n<\/div>\n","protected":false},"excerpt":{"rendered":"<p><strong>Si buscas un cuchillo que combine el car\u00e1cter t\u00e1ctico de una hoja Tanto, la elegancia de un mango de titanio y la fiabilidad de la fabricaci\u00f3n artesanal americana, el Slim Midi es una elecci\u00f3n que no te decepcionar\u00e1.<\/strong><\/p>\n<p> <strong>Env\u00edo gratis.<\/strong><\/p>\n","protected":false},"featured_media":425285,"comment_status":"open","ping_status":"closed","template":"","meta":[],"pwb-brand":[4019],"product_brand":[],"product_cat":[3730,3726],"product_tag":[],"class_list":{"0":"post-425318","1":"product","2":"type-product","3":"status-publish","4":"has-post-thumbnail","6":"pwb-brand-medford-es","7":"product_cat-cuchillas-de-cierre","8":"product_cat-cuchillos","10":"first","11":"instock","12":"taxable","13":"shipping-taxable","14":"purchasable","15":"product-type-simple"},"brands":[{"id":4019,"name":"Medford","slug":"medford-es"}],"_links":{"self":[{"href":"https:\/\/www.moskito.cz\/es\/wp-json\/wp\/v2\/product\/425318","targetHints":{"allow":["GET"]}}],"collection":[{"href":"https:\/\/www.moskito.cz\/es\/wp-json\/wp\/v2\/product"}],"about":[{"href":"https:\/\/www.moskito.cz\/es\/wp-json\/wp\/v2\/types\/product"}],"replies":[{"embeddable":true,"href":"https:\/\/www.moskito.cz\/es\/wp-json\/wp\/v2\/comments?post=425318"}],"wp:featuredmedia":[{"embeddable":true,"href":"https:\/\/www.moskito.cz\/es\/wp-json\/wp\/v2\/media\/425285"}],"wp:attachment":[{"href":"https:\/\/www.moskito.cz\/es\/wp-json\/wp\/v2\/media?parent=425318"}],"wp:term":[{"taxonomy":"pwb-brand","embeddable":true,"href":"https:\/\/www.moskito.cz\/es\/wp-json\/wp\/v2\/pwb-brand?post=425318"},{"taxonomy":"product_brand","embeddable":true,"href":"https:\/\/www.moskito.cz\/es\/wp-json\/wp\/v2\/product_brand?post=425318"},{"taxonomy":"product_cat","embeddable":true,"href":"https:\/\/www.moskito.cz\/es\/wp-json\/wp\/v2\/product_cat?post=425318"},{"taxonomy":"product_tag","embeddable":true,"href":"https:\/\/www.moskito.cz\/es\/wp-json\/wp\/v2\/product_tag?post=425318"}],"curies":[{"name":"wp","href":"https:\/\/api.w.org\/{rel}","templated":true}]}}