{"id":425434,"date":"2021-05-27T21:38:38","date_gmt":"2021-05-27T20:38:38","guid":{"rendered":"https:\/\/www.moskito.cz\/produkt\/espada-samurai-boker-magnum-bejuno-katana-05sc638\/"},"modified":"2025-10-01T14:47:59","modified_gmt":"2025-10-01T13:47:59","slug":"espada-samurai-boker-magnum-bejuno-katana-05sc638","status":"publish","type":"product","link":"https:\/\/www.moskito.cz\/es\/produkt\/espada-samurai-boker-magnum-bejuno-katana-05sc638\/","title":{"rendered":"Espada Samurai B\u00f6ker Magnum BEJUNO KATANA 05SC638"},"content":{"rendered":"<p>Espada Samurai B\u00f6ker Magnum BEJUNO KATANA 05SC638.<\/p>\n<p>La Magnum Bejuno es una katana de alta calidad que fascina por su armoniosa y rica decoraci\u00f3n. El Tsuka-Ito y el Sageo, las cubiertas de la empu\u00f1adura y la vaina, son de un suave color beige. La Tsuba est\u00e1 disponible en negro, dorado y plateado. La laca decorativa dorada de la vaina negra tambi\u00e9n le aporta un toque atractivo. La hoja forjada y afilada, hecha de acero al carbono 1060 resistente a la corrosi\u00f3n, garantiza la resistencia al impacto y a la fractura. Est\u00e1 equipada con una ranura tradicional y una l\u00ednea de dureza indicada, el llamado hamon.      <\/p>\n<p>&nbsp;<\/p>\n<p>Longitud total: 100 cm<br \/>\n Longitud de la hoja: 72 cm<br \/>\n Grosor de la hoja: 7,08 mm<br \/>\n Peso: 1003g<br \/>\n Material de la hoja: acero al carbono<br \/>\n Material del mango: Madera<br \/>\n Color: marr\u00f3n<br \/>\n Color de la hoja: Sin recubrimiento<\/p>\n","protected":false},"excerpt":{"rendered":"<p><strong>La Magnum Bejuno es una katana de alta calidad que fascina por su decoraci\u00f3n armoniosa y rica.<\/strong><\/p>\n","protected":false},"featured_media":425435,"comment_status":"open","ping_status":"closed","template":"","meta":[],"pwb-brand":[3800],"product_brand":[],"product_cat":[3886,3887],"product_tag":[],"class_list":{"0":"post-425434","1":"product","2":"type-product","3":"status-publish","4":"has-post-thumbnail","6":"pwb-brand-boker-es","7":"product_cat-katanas-y-espadas","8":"product_cat-espadas-dagas-replicas","10":"first","11":"outofstock","12":"taxable","13":"shipping-taxable","14":"purchasable","15":"product-type-simple"},"brands":[{"id":3800,"name":"B\u00f3ker","slug":"boker-es"}],"_links":{"self":[{"href":"https:\/\/www.moskito.cz\/es\/wp-json\/wp\/v2\/product\/425434","targetHints":{"allow":["GET"]}}],"collection":[{"href":"https:\/\/www.moskito.cz\/es\/wp-json\/wp\/v2\/product"}],"about":[{"href":"https:\/\/www.moskito.cz\/es\/wp-json\/wp\/v2\/types\/product"}],"replies":[{"embeddable":true,"href":"https:\/\/www.moskito.cz\/es\/wp-json\/wp\/v2\/comments?post=425434"}],"wp:featuredmedia":[{"embeddable":true,"href":"https:\/\/www.moskito.cz\/es\/wp-json\/wp\/v2\/media\/425435"}],"wp:attachment":[{"href":"https:\/\/www.moskito.cz\/es\/wp-json\/wp\/v2\/media?parent=425434"}],"wp:term":[{"taxonomy":"pwb-brand","embeddable":true,"href":"https:\/\/www.moskito.cz\/es\/wp-json\/wp\/v2\/pwb-brand?post=425434"},{"taxonomy":"product_brand","embeddable":true,"href":"https:\/\/www.moskito.cz\/es\/wp-json\/wp\/v2\/product_brand?post=425434"},{"taxonomy":"product_cat","embeddable":true,"href":"https:\/\/www.moskito.cz\/es\/wp-json\/wp\/v2\/product_cat?post=425434"},{"taxonomy":"product_tag","embeddable":true,"href":"https:\/\/www.moskito.cz\/es\/wp-json\/wp\/v2\/product_tag?post=425434"}],"curies":[{"name":"wp","href":"https:\/\/api.w.org\/{rel}","templated":true}]}}