{"id":425654,"date":"2025-04-01T10:36:17","date_gmt":"2025-04-01T09:36:17","guid":{"rendered":"https:\/\/www.moskito.cz\/produkt\/cuchillo-plegable-medford-midi-marauder\/"},"modified":"2025-10-03T07:37:52","modified_gmt":"2025-10-03T06:37:52","slug":"cuchillo-plegable-medford-midi-marauder","status":"publish","type":"product","link":"https:\/\/www.moskito.cz\/es\/produkt\/cuchillo-plegable-medford-midi-marauder\/","title":{"rendered":"Cuchillo plegable Medford Midi Marauder"},"content":{"rendered":"<h3 data-pm-slice=\"1 1 []\"><strong>Navaja plegable Medford Midi Marauder: \u00a1Potencia compacta y durabilidad invencible!<\/strong><\/h3>\n<h4><strong>Descripci\u00f3n general:<\/strong><\/h4>\n<p>El Medford Midi Marauder es <strong>una versi\u00f3n compacta del legendario modelo Marauder<\/strong> , que ofrece la misma robustez, pero en un tama\u00f1o m\u00e1s pr\u00e1ctico para el uso diario. Este cuchillo combina <strong>una resistencia extrema, un mango de titanio y una hoja de acero CPM S35VN de primera calidad<\/strong> , lo que lo convierte en <strong>la herramienta de trabajo perfecta y un objeto de colecci\u00f3n<\/strong> . <strong>Fabricado en EE. UU.<\/strong> , donde cada pieza se somete a un procesamiento manual y un riguroso control de calidad. <\/p>\n<p>\ud83d\udd39 <strong>Acero Premium CPM S35VN<\/strong> : excelente resistencia al desgaste y la corrosi\u00f3n.<br \/>\n \ud83d\udd39Mango <strong>de titanio<\/strong> : m\u00e1xima resistencia y agarre c\u00f3modo.<br \/>\n \ud83d\udd39 <strong>Cerradura de seguridad Framelock robusta<\/strong> : seguridad extrema en el trabajo.<br \/>\n \ud83d\udd39 <strong>Mecanismo de apertura suave<\/strong> : movimiento preciso para una apertura r\u00e1pida con una mano.<br \/>\n \ud83d\udd39 <strong>Modelo exclusivo con disponibilidad limitada<\/strong> : un cuchillo muy dif\u00edcil de encontrar.<\/p>\n<div>\n<hr>\n<\/div>\n<h3>\u2705 <strong>Especificaciones:<\/strong><\/h3>\n<ul data-spread=\"false\">\n<li><strong>Longitud total:<\/strong> 20 cm<\/li>\n<li><strong>Longitud de la hoja:<\/strong> 8,9 cm<\/li>\n<li><strong>Grosor de la hoja:<\/strong> 0,47 cm \u2013 extremadamente resistente<\/li>\n<li><strong>Acero de la hoja:<\/strong> <strong>CPM S35VN<\/strong> : el equilibrio perfecto entre dureza y durabilidad<\/li>\n<li><strong>Forma de la hoja:<\/strong> <strong>Punta ca\u00edda<\/strong> : uso universal para todas las situaciones<\/li>\n<li><strong>Tratamiento de superficie:<\/strong> <strong>PVD \/ Lavado a la piedra \/ Pulido en polvo<\/strong> \u2013 resistente a ara\u00f1azos<\/li>\n<li><strong>Mango:<\/strong> Titanio, de forma ergon\u00f3mica para un agarre c\u00f3modo.<\/li>\n<li><strong>Mecanismo de apertura:<\/strong> Bot\u00f3n pulsador: f\u00e1cil manejo con una sola mano<\/li>\n<li><strong>Fuse:<\/strong> <strong>Framelock<\/strong> : el m\u00e1s alto nivel de seguridad<\/li>\n<li><strong>Peso:<\/strong> 204 g \u2013 cuchillo equilibrado pero duradero<\/li>\n<li><strong>Clip:<\/strong> Titanio, corte profundo para un transporte discreto.<\/li>\n<\/ul>\n<div>\n<hr>\n<\/div>\n<h3>\ud83d\udd25\u00bfPor <strong>qu\u00e9 elegir Medford Midi Marauder?<\/strong><\/h3>\n<p>\u2714 <strong>Construcci\u00f3n de titanio<\/strong> : liviana pero incre\u00edblemente resistente.<br \/>\n\u2714 <strong>Robustez extrema<\/strong> : adecuado para el uso diario y condiciones extremas.<br \/>\n\u2714 <strong>Bloqueo de seguridad Framelock para m\u00e1xima seguridad durante el uso<\/strong> .<br \/>\n\u2714 <strong>Hoja de primera calidad fabricada en acero CPM S35VN: larga vida \u00fatil de la hoja, alta durabilidad<\/strong> .<br \/>\n\u2714 <strong>Fabricado en EE. UU. \ud83c\uddfa\ud83c\uddf8: una garant\u00eda de mano de obra precisa y m\u00e1xima calidad<\/strong> .<br \/>\n\u2714 <strong>Modelo exclusivo con disponibilidad limitada<\/strong> .<\/p>\n<div>\n<hr>\n<\/div>\n<h3>\ud83d\udde1 <strong>Forma de hoja de punta ca\u00edda: opci\u00f3n ideal para un uso vers\u00e1til<\/strong><\/h3>\n<p>\u2714 <strong>Punta fuerte y duradera<\/strong> : adecuada para cortes precisos y tareas exigentes.<br \/>\n\u2714 <strong>Curvatura suave de la hoja<\/strong> : gran capacidad de corte y f\u00e1cil control del cuchillo.<br \/>\n\u2714 <strong>Perfecto para transporte diario (EDC), uso al aire libre y t\u00e1ctico<\/strong> .<\/p>\n<div>\n<hr>\n<\/div>\n<h3>\u2694 <strong>Comparaci\u00f3n con la competencia:<\/strong><\/h3>\n<table>\n<tbody>\n<tr>\n<th>Modelo<\/th>\n<th>Acero de la hoja<\/th>\n<th>Mecanismo<\/th>\n<th>Tratamiento de superficies<\/th>\n<th>Ventajas<\/th>\n<\/tr>\n<tr>\n<td>\n  <strong>Merodeador del mediod\u00eda de Medford<\/strong>\n<\/td>\n<td>CPM S35VN<\/td>\n<td>Perno de pulgar + bloqueo de marco<\/td>\n<td>PVD\/Lavado a la piedra<\/td>\n<td>Resistencia extrema, construcci\u00f3n de titanio, tama\u00f1o compacto.<\/td>\n<\/tr>\n<tr>\n<td>\n  <strong>Chris Reeve Inkosi<\/strong>\n<\/td>\n<td>CPM S45VN<\/td>\n<td>Perno de pulgar + bloqueo de marco<\/td>\n<td>Lavado a la piedra<\/td>\n<td>Elegante, menos robusto que Medford<\/td>\n<\/tr>\n<tr>\n<td>\n  <strong>Hinderer XM-18 de 3,5\u201d<\/strong>\n<\/td>\n<td>CPM 20 CV<\/td>\n<td>Flipper + Linerlock<\/td>\n<td>Lavado a la piedra<\/td>\n<td>Excelente acero, pero construcci\u00f3n m\u00e1s ligera que el Midi Marauder<\/td>\n<\/tr>\n<\/tbody>\n<\/table>\n<div>\n<hr>\n<\/div>\n<h3>\u2705 <strong>Ventajas y desventajas<\/strong><\/h3>\n<p>\u2714 <strong>Construcci\u00f3n robusta y duradera: ideal para condiciones dif\u00edciles<\/strong> .<br \/>\n\u2714 <strong>Mango de titanio: resistencia excepcional manteniendo un peso bajo<\/strong> .<br \/>\n\u2714 <strong>Mecanismo de apertura suave: apertura r\u00e1pida con una mano<\/strong> .<br \/>\n\u2714 <strong>Acero CPM S35VN de primera calidad: excelente durabilidad de la hoja y resistencia a la corrosi\u00f3n<\/strong> .<br \/>\n\u2714 <strong>Modelo exclusivo \u2013 dif\u00edcil de encontrar, pieza de coleccionista<\/strong> .<br \/>\n\u274cPrecio <strong>m\u00e1s alto correspondiente a materiales de primera calidad y mano de obra artesanal<\/strong> .<br \/>\n\u274c <strong>Las dimensiones compactas pueden no ser adecuadas para quienes buscan un cuchillo m\u00e1s grande<\/strong> .<\/p>\n<div>\n<hr>\n<\/div>\n<h3>\ud83c\udf81 <strong>Razones para comprar ahora<\/strong><\/h3>\n<p>\u2705 <strong>Env\u00edo gratuito<\/strong> &#8211; \u00a1sin cargos ocultos!<br \/>\n\u2705 <strong>Originalidad garantizada<\/strong> \u2013 100% aut\u00e9ntico Medford de distribuci\u00f3n oficial.<br \/>\n\u2705 <strong>Env\u00edo r\u00e1pido<\/strong> : \u00a1los pedidos realizados antes de las 2:00 p. m. se enviar\u00e1n hoy!<br \/>\n\u2705 <strong>Regalo con el pedido<\/strong> : una sorpresa exclusiva con cada cuchillo.<\/p>\n<div>\n<hr>\n<\/div>\n<h3>\ud83d\udea8 <strong>Disponibilidad exclusiva: \u00a1Consigue este modelo antes de que se agote!<\/strong><\/h3>\n<p>La Medford Midi Marauder <strong>es una de las navajas plegables m\u00e1s solicitadas<\/strong> gracias a su <strong>extrema durabilidad, dimensiones compactas y materiales de primera calidad<\/strong> . Este modelo <strong>no es com\u00fan<\/strong> y es <strong>muy apreciado entre coleccionistas y profesionales<\/strong> . <\/p>\n<p>\u00a1 <strong>Compre hoy mismo su Medford Midi Marauder y convi\u00e9rtase en el propietario de una pieza de arte en cuchillos \u00fanica!<\/strong><\/p>\n","protected":false},"excerpt":{"rendered":"<p><strong>La Medford Midi Marauder es una de las navajas plegables m\u00e1s solicitadas gracias a su extrema durabilidad, dimensiones compactas y materiales de primera calidad. Este modelo es poco com\u00fan y es muy apreciado entre coleccionistas y profesionales.<\/strong><\/p>\n<p> <strong>\u00a1Compre hoy mismo su Medford Midi Marauder y convi\u00e9rtase en el propietario de una pieza de arte en cuchillos \u00fanica!<\/strong><\/p>\n<p> <strong>Haz tu pedido ahora y obt\u00e9n env\u00edo gratis \ud83d\ude9a<\/strong><\/p>\n","protected":false},"featured_media":398375,"comment_status":"open","ping_status":"closed","template":"","meta":[],"pwb-brand":[4019],"product_brand":[],"product_cat":[3730],"product_tag":[],"class_list":{"0":"post-425654","1":"product","2":"type-product","3":"status-publish","4":"has-post-thumbnail","6":"pwb-brand-medford-es","7":"product_cat-cuchillas-de-cierre","9":"first","10":"outofstock","11":"taxable","12":"shipping-taxable","13":"purchasable","14":"product-type-simple"},"brands":[{"id":4019,"name":"Medford","slug":"medford-es"}],"_links":{"self":[{"href":"https:\/\/www.moskito.cz\/es\/wp-json\/wp\/v2\/product\/425654","targetHints":{"allow":["GET"]}}],"collection":[{"href":"https:\/\/www.moskito.cz\/es\/wp-json\/wp\/v2\/product"}],"about":[{"href":"https:\/\/www.moskito.cz\/es\/wp-json\/wp\/v2\/types\/product"}],"replies":[{"embeddable":true,"href":"https:\/\/www.moskito.cz\/es\/wp-json\/wp\/v2\/comments?post=425654"}],"wp:featuredmedia":[{"embeddable":true,"href":"https:\/\/www.moskito.cz\/es\/wp-json\/wp\/v2\/media\/398375"}],"wp:attachment":[{"href":"https:\/\/www.moskito.cz\/es\/wp-json\/wp\/v2\/media?parent=425654"}],"wp:term":[{"taxonomy":"pwb-brand","embeddable":true,"href":"https:\/\/www.moskito.cz\/es\/wp-json\/wp\/v2\/pwb-brand?post=425654"},{"taxonomy":"product_brand","embeddable":true,"href":"https:\/\/www.moskito.cz\/es\/wp-json\/wp\/v2\/product_brand?post=425654"},{"taxonomy":"product_cat","embeddable":true,"href":"https:\/\/www.moskito.cz\/es\/wp-json\/wp\/v2\/product_cat?post=425654"},{"taxonomy":"product_tag","embeddable":true,"href":"https:\/\/www.moskito.cz\/es\/wp-json\/wp\/v2\/product_tag?post=425654"}],"curies":[{"name":"wp","href":"https:\/\/api.w.org\/{rel}","templated":true}]}}