{"id":426759,"date":"2024-09-25T20:32:32","date_gmt":"2024-09-25T19:32:32","guid":{"rendered":"https:\/\/www.moskito.cz\/produkt\/navaja-plegable-microtech-msi-stonewashed-210t-10pmbk\/"},"modified":"2025-11-24T09:50:36","modified_gmt":"2025-11-24T08:50:36","slug":"navaja-plegable-microtech-msi-stonewashed-210t-10pmbk","status":"publish","type":"product","link":"https:\/\/www.moskito.cz\/es\/produkt\/navaja-plegable-microtech-msi-stonewashed-210t-10pmbk\/","title":{"rendered":"Navaja plegable Microtech MSI Stonewashed 210T-10PMBK"},"content":{"rendered":"<p>&nbsp;<\/p>\n<h1 data-start=\"126\" data-end=\"184\"><strong data-start=\"128\" data-end=\"182\">Navaja plegable Microtech MSI Stonewashed 210T-10PMBK<\/strong><\/h1>\n<p data-start=\"186\" data-end=\"628\">La Microtech MSI Stonewashed 210T-10PMBK es una navaja plegable de alta gama de Microtech, que combina materiales de primera calidad, tecnolog\u00eda innovadora y precisi\u00f3n artesanal. Este modelo est\u00e1 equipado con un mecanismo de bloqueo <strong data-start=\"412\" data-end=\"426\">Atlas Lock<\/strong> , que garantiza una resistencia y fiabilidad excepcionales. Con una hoja de **M39 <strong data-start=\"502\" data-end=\"510\">M390<\/strong> , uno de los mejores aceros del mercado, ofrece una excelente resistencia al desgaste y un afilado duradero.  <\/p>\n<p data-start=\"630\" data-end=\"770\">Se trata de un modelo exclusivo que <strong data-start=\"665\" data-end=\"687\">no se encuentra com\u00fanmente disponible<\/strong> , lo que lo convierte no s\u00f3lo en una herramienta pr\u00e1ctica, sino tambi\u00e9n en un objeto de colecci\u00f3n muy valorado.<\/p>\n<hr data-start=\"772\" data-end=\"775\">\n<h2 data-start=\"777\" data-end=\"807\"><strong data-start=\"780\" data-end=\"805\">\ud83d\udd39 Caracter\u00edsticas principales<\/strong><\/h2>\n<p data-start=\"809\" data-end=\"1086\">\ud83d\udd2a <strong data-start=\"812\" data-end=\"822\">Hoja:<\/strong><br data-start=\"822\" data-end=\"825\"> Fabricado en <strong data-start=\"836\" data-end=\"844\">M390<\/strong> , <strong data-start=\"853\" data-end=\"879\">un acero inoxidable con recubrimiento en polvo<\/strong> conocido por su <strong data-start=\"891\" data-end=\"924\">extrema dureza (60-62 HRC)<\/strong> , resistencia a la corrosi\u00f3n y excepcional retenci\u00f3n del filo. Estas propiedades lo hacen ideal para un uso intensivo y una larga vida \u00fatil sin necesidad de afilarlo con frecuencia. <\/p>\n<p data-start=\"1088\" data-end=\"1216\">\ud83d\udccf <strong data-start=\"1091\" data-end=\"1108\">Longitud de la hoja:<\/strong><br data-start=\"1108\" data-end=\"1111\"> <strong data-start=\"1111\" data-end=\"1121\">9,2 cm<\/strong> : un tama\u00f1o universal que ofrece un excelente equilibrio entre compacidad y funcionalidad.<\/p>\n<p data-start=\"1218\" data-end=\"1325\"><strong data-start=\"1221\" data-end=\"1239\">\ud83d\udccfLongitud total:<\/strong><br data-start=\"1239\" data-end=\"1242\"> <strong data-start=\"1242\" data-end=\"1253\">22,8 cm<\/strong> : longitud suficiente para un agarre firme y seguro en cualquier aplicaci\u00f3n.<\/p>\n<p data-start=\"1327\" data-end=\"1438\">\ud83d\udcaa <strong data-start=\"1330\" data-end=\"1350\">Grosor de la hoja:<\/strong><br data-start=\"1350\" data-end=\"1353\"> <strong data-start=\"1353\" data-end=\"1361\">4 mm<\/strong> \u2013 construcci\u00f3n robusta que garantiza alta resistencia y durabilidad durante el trabajo.<\/p>\n<p data-start=\"1440\" data-end=\"1610\">\u2699\ufe0f <strong data-start=\"1443\" data-end=\"1471\">Acabado de la hoja:<\/strong><br data-start=\"1471\" data-end=\"1474\"> <strong data-start=\"1474\" data-end=\"1489\">Lavado a piedra<\/strong> : duradero <strong data-start=\"1535\" data-end=\"1573\">, minimiza la visibilidad de los ara\u00f1azos<\/strong> y aumenta el valor est\u00e9tico del cuchillo.<\/p>\n<p data-start=\"1612\" data-end=\"1772\">\ud83c\udfa8 <strong data-start=\"1615\" data-end=\"1627\">Identificador:<\/strong><br data-start=\"1627\" data-end=\"1630\"> Fabricado en <strong data-start=\"1641\" data-end=\"1685\">material polim\u00e9rico resistente y ligero<\/strong> con <strong data-start=\"1688\" data-end=\"1715\">textura antideslizante<\/strong> que asegura un agarre firme.<\/p>\n<p data-start=\"1774\" data-end=\"1863\">\u2696\ufe0f <strong data-start=\"1777\" data-end=\"1790\">Peso:<\/strong><br data-start=\"1790\" data-end=\"1793\"> <strong data-start=\"1793\" data-end=\"1802\">130 g<\/strong> : equilibrio \u00f3ptimo entre robustez y comodidad de uso.<\/p>\n<p data-start=\"1865\" data-end=\"2025\">\ud83d\udee1 <strong data-start=\"1868\" data-end=\"1884\">Mecanismo:<\/strong><br data-start=\"1884\" data-end=\"1887\"> <strong data-start=\"1887\" data-end=\"1901\">Atlas Lock<\/strong> : un innovador sistema de bloqueo que <strong data-start=\"1938\" data-end=\"1977\">evita que la hoja se cierre accidentalmente<\/strong> y permite un control suave y sencillo.<\/p>\n<p data-start=\"2027\" data-end=\"2140\">\ud83d\udd17 <strong data-start=\"2030\" data-end=\"2044\">Apertura:<\/strong><br data-start=\"2044\" data-end=\"2047\"> Apertura con una sola mano mediante <strong data-start=\"2074\" data-end=\"2096\">pasador de doble cara<\/strong> en la hoja: ideal para diestros y zurdos.<\/p>\n<p data-start=\"2142\" data-end=\"2198\">\ud83d\udce6 <strong data-start=\"2145\" data-end=\"2157\">Caso:<\/strong><br data-start=\"2157\" data-end=\"2160\"> Este modelo no se almacena con estuche.<\/p>\n<p data-start=\"2200\" data-end=\"2311\">\ud83d\udccc <strong data-start=\"2203\" data-end=\"2222\">Clip de transporte:<\/strong><br data-start=\"2222\" data-end=\"2225\"> S\u00ed, <strong data-start=\"2231\" data-end=\"2267\">clip de bolsillo profundo de doble cara<\/strong> que permite llevarlo de forma oculta y c\u00f3moda.<\/p>\n<p data-start=\"2313\" data-end=\"2449\">\ud83c\uddfa\ud83c\uddf8 <strong data-start=\"2318\" data-end=\"2337\">Hecho en EE. UU.:<\/strong><br data-start=\"2337\" data-end=\"2340\"> Todos los componentes y el montaje se realizan exclusivamente en <strong data-start=\"2387\" data-end=\"2394\">EE. UU.<\/strong> , lo que garantiza una calidad de primera clase y una producci\u00f3n precisa.<\/p>\n<hr data-start=\"2451\" data-end=\"2454\">\n<h2 data-start=\"2456\" data-end=\"2475\"><strong data-start=\"2459\" data-end=\"2473\">\ud83c\udfaf Uso<\/strong><\/h2>\n<p data-start=\"2477\" data-end=\"2669\">\u2705 <strong data-start=\"2479\" data-end=\"2499\">T\u00e1ctico<\/strong><br data-start=\"2499\" data-end=\"2502\"> La apertura r\u00e1pida, <strong data-start=\"2507\" data-end=\"2567\">la construcci\u00f3n duradera y el bloqueo seguro<\/strong> hacen que este modelo sea ideal para uso profesional, incluidos <strong data-start=\"2626\" data-end=\"2666\">servicios policiales, militares y de emergencia<\/strong> .<\/p>\n<p data-start=\"2671\" data-end=\"2840\">\u2705 <strong data-start=\"2673\" data-end=\"2695\">Pieza de colecci\u00f3n<\/strong><br data-start=\"2695\" data-end=\"2698\"> Su producci\u00f3n exclusiva y su disponibilidad limitada la convierten en una navaja muy apreciada por los coleccionistas. <strong data-start=\"2785\" data-end=\"2837\">Su escasa disponibilidad aumenta su valor<\/strong> .<\/p>\n<p data-start=\"2842\" data-end=\"3002\">\u2705 <strong data-start=\"2844\" data-end=\"2871\">Transporte diario (EDC)<\/strong><br data-start=\"2871\" data-end=\"2874\"> Sus dimensiones compactas, su bajo peso y su resistencia al desgaste hacen de este cuchillo <strong data-start=\"2957\" data-end=\"2999\">una elecci\u00f3n perfecta para el uso diario<\/strong> .<\/p>\n<p data-start=\"3004\" data-end=\"3152\">\u2705 <strong data-start=\"3006\" data-end=\"3029\">Actividades al aire libre y camping<\/strong><br data-start=\"3029\" data-end=\"3032\"> La construcci\u00f3n s\u00f3lida y la alta durabilidad de los materiales ofrecen su uso en <strong data-start=\"3098\" data-end=\"3149\">actividades al aire libre, bushcraft y camping<\/strong> .<\/p>\n<hr data-start=\"3154\" data-end=\"3157\">\n<h2 data-start=\"3159\" data-end=\"3188\"><strong data-start=\"3162\" data-end=\"3186\">\ud83d\udee0 Mantenimiento y rectificado<\/strong><\/h2>\n<p data-start=\"3190\" data-end=\"3449\">\ud83e\uddfc <strong data-start=\"3193\" data-end=\"3204\">Mantenimiento:<\/strong><br data-start=\"3204\" data-end=\"3207\"> \u2714\ufe0f Despu\u00e9s de cada uso, limpie la cuchilla con un pa\u00f1o seco o ligeramente h\u00famedo.<br data-start=\"3275\" data-end=\"3278\"> \u2714\ufe0f Aplicar una fina capa de aceite para proteger contra la corrosi\u00f3n.<br data-start=\"3334\" data-end=\"3337\"> \u2714\ufe0f Conservar en lugar seco, alejado de humedad extrema.<br data-start=\"3389\" data-end=\"3392\"> \u2714\ufe0f Lubrique peri\u00f3dicamente el mecanismo para un buen funcionamiento.<\/p>\n<p data-start=\"3451\" data-end=\"3657\">\ud83d\udd2a <strong data-start=\"3454\" data-end=\"3467\">Molienda:<\/strong><br data-start=\"3467\" data-end=\"3470\"> \u2714\ufe0f Utilice afiladores de diamante o de cer\u00e1mica para obtener el mejor filo.<br data-start=\"3537\" data-end=\"3540\"> \u2714\ufe0f \u00c1ngulo de afilado recomendado: <strong data-start=\"3569\" data-end=\"3580\">20\u00b0\u201325\u00b0<\/strong> para un m\u00e1ximo rendimiento de corte.<br data-start=\"3607\" data-end=\"3610\"> \u2714\ufe0f Mantenga la nitidez cambi\u00e1ndola regularmente.<\/p>\n<hr data-start=\"3659\" data-end=\"3662\">\n<h2 data-start=\"3664\" data-end=\"3693\"><strong data-start=\"3667\" data-end=\"3691\">\ud83d\udc4dVentajas y desventajas<\/strong><\/h2>\n<p data-start=\"3695\" data-end=\"4095\">\u2705 <strong data-start=\"3697\" data-end=\"3730\">Mecanismo de bloqueo Atlas duradero<\/strong> : un sistema de bloqueo extremadamente seguro y confiable.<br data-start=\"3777\" data-end=\"3780\"> \u2705 <strong data-start=\"3782\" data-end=\"3811\">Acero M390 de alta calidad<\/strong> : afilado duradero y resistencia extrema.<br data-start=\"3856\" data-end=\"3859\"> \u2705 <strong data-start=\"3861\" data-end=\"3884\">Mango ergon\u00f3mico<\/strong> : c\u00f3modo de sostener y ligero.<br data-start=\"3920\" data-end=\"3923\"> \u2705 <strong data-start=\"3925\" data-end=\"3940\">Exclusividad<\/strong> \u2013 este modelo <strong data-start=\"3955\" data-end=\"3978\">no est\u00e1 com\u00fanmente disponible<\/strong> , lo que aumenta su valor.<br data-start=\"4005\" data-end=\"4008\"> \u2705 <strong data-start=\"4010\" data-end=\"4039\">Apertura r\u00e1pida y sencilla<\/strong> : uso con una sola mano gracias al pr\u00e1ctico pasador en la hoja.<\/p>\n<p data-start=\"4097\" data-end=\"4240\">\u274c <strong data-start=\"4099\" data-end=\"4113\">Precio m\u00e1s alto<\/strong> : corresponde a la calidad de los materiales utilizados y a la mano de obra precisa.<br data-start=\"4177\" data-end=\"4180\"> \u274c <strong data-start=\"4182\" data-end=\"4197\">Sin funda<\/strong> : el cuchillo no est\u00e1 incluido en la funda protectora.<\/p>\n<hr data-start=\"4242\" data-end=\"4245\">\n<h2 data-start=\"4247\" data-end=\"4264\"><strong data-start=\"4250\" data-end=\"4262\">\ud83d\udd1a Conclusi\u00f3n<\/strong><\/h2>\n<p data-start=\"4266\" data-end=\"4556\"><strong data-start=\"4266\" data-end=\"4307\">La Microtech MSI Stonewashed 210T-10PMBK<\/strong> es una navaja plegable excepcional, caracterizada por su precisi\u00f3n, materiales de calidad y un mecanismo seguro. Gracias a su <strong data-start=\"4432\" data-end=\"4489\">tama\u00f1o universal, alta durabilidad y exclusividad,<\/strong> es una excelente opci\u00f3n para coleccionistas, profesionales y usuarios comunes. <\/p>\n<p data-start=\"4558\" data-end=\"4692\">Este modelo <strong data-start=\"4570\" data-end=\"4592\">no se encuentra com\u00fanmente disponible<\/strong> , lo que lo convierte en <strong data-start=\"4609\" data-end=\"4628\">una pieza \u00fanica<\/strong> para quien busca no s\u00f3lo un cuchillo pr\u00e1ctico sino tambi\u00e9n exclusivo.<\/p>\n<p data-start=\"4694\" data-end=\"4844\">\ud83d\udd12 <strong data-start=\"4697\" data-end=\"4717\">Garant\u00eda de por vida<\/strong> : prueba de calidad y durabilidad.<br data-start=\"4746\" data-end=\"4749\"> \ud83d\ude9a <strong data-start=\"4752\" data-end=\"4770\">Env\u00edo gratuito<\/strong> : pide ahora y consigue este modelo \u00fanico sin m\u00e1s pre\u00e1mbulos<\/p>\n<p data-start=\"4846\" data-end=\"4920\">\ud83d\uded2 \u00a1 <strong data-start=\"4849\" data-end=\"4918\">Pide ahora y a\u00f1ade este cuchillo exclusivo a tu colecci\u00f3n!<\/strong><\/p>\n<p><iframe title=\"Microtech Combat Troodon Torture Test\" width=\"800\" height=\"450\" src=\"https:\/\/www.youtube.com\/embed\/xE9TeOFYEjg?feature=oembed\" frameborder=\"0\" allow=\"accelerometer; autoplay; clipboard-write; encrypted-media; gyroscope; picture-in-picture; web-share\" referrerpolicy=\"strict-origin-when-cross-origin\" allowfullscreen><\/iframe><\/p>\n<p>&nbsp;<\/p>\n","protected":false},"excerpt":{"rendered":"<p><strong>La Microtech MSI Stonewashed 210T-10PMBK es una navaja plegable excepcional, caracterizada por su precisi\u00f3n, materiales de calidad y un mecanismo seguro. Gracias a su tama\u00f1o universal, alta durabilidad y exclusividad, es una excelente opci\u00f3n para coleccionistas, profesionales y usuarios comunes. <\/strong><\/p>\n<p><strong>\ud83d\udce6 tu pedido ahora y obt\u00e9n env\u00edo gratis \ud83d\ude9a<\/strong><\/p>\n","protected":false},"featured_media":359927,"comment_status":"open","ping_status":"closed","template":"","meta":[],"pwb-brand":[3752],"product_brand":[],"product_cat":[3730,3726],"product_tag":[],"class_list":{"0":"post-426759","1":"product","2":"type-product","3":"status-publish","4":"has-post-thumbnail","6":"pwb-brand-microtecnologia","7":"product_cat-cuchillas-de-cierre","8":"product_cat-cuchillos","10":"first","11":"outofstock","12":"taxable","13":"shipping-taxable","14":"purchasable","15":"product-type-simple"},"brands":[{"id":3752,"name":"microtecnolog\u00eda","slug":"microtecnologia"}],"_links":{"self":[{"href":"https:\/\/www.moskito.cz\/es\/wp-json\/wp\/v2\/product\/426759","targetHints":{"allow":["GET"]}}],"collection":[{"href":"https:\/\/www.moskito.cz\/es\/wp-json\/wp\/v2\/product"}],"about":[{"href":"https:\/\/www.moskito.cz\/es\/wp-json\/wp\/v2\/types\/product"}],"replies":[{"embeddable":true,"href":"https:\/\/www.moskito.cz\/es\/wp-json\/wp\/v2\/comments?post=426759"}],"wp:featuredmedia":[{"embeddable":true,"href":"https:\/\/www.moskito.cz\/es\/wp-json\/wp\/v2\/media\/359927"}],"wp:attachment":[{"href":"https:\/\/www.moskito.cz\/es\/wp-json\/wp\/v2\/media?parent=426759"}],"wp:term":[{"taxonomy":"pwb-brand","embeddable":true,"href":"https:\/\/www.moskito.cz\/es\/wp-json\/wp\/v2\/pwb-brand?post=426759"},{"taxonomy":"product_brand","embeddable":true,"href":"https:\/\/www.moskito.cz\/es\/wp-json\/wp\/v2\/product_brand?post=426759"},{"taxonomy":"product_cat","embeddable":true,"href":"https:\/\/www.moskito.cz\/es\/wp-json\/wp\/v2\/product_cat?post=426759"},{"taxonomy":"product_tag","embeddable":true,"href":"https:\/\/www.moskito.cz\/es\/wp-json\/wp\/v2\/product_tag?post=426759"}],"curies":[{"name":"wp","href":"https:\/\/api.w.org\/{rel}","templated":true}]}}