{"id":428896,"date":"2022-12-15T22:22:26","date_gmt":"2022-12-15T21:22:26","guid":{"rendered":"https:\/\/www.moskito.cz\/produkt\/cuchillo-arrojadizo-cobratec-ctk-1-de-color-amarillo-medio-y-negro-grafito\/"},"modified":"2025-11-25T09:32:24","modified_gmt":"2025-11-25T08:32:24","slug":"cuchillo-arrojadizo-cobratec-ctk-1-de-color-amarillo-medio-y-negro-grafito","status":"publish","type":"product","link":"https:\/\/www.moskito.cz\/es\/produkt\/cuchillo-arrojadizo-cobratec-ctk-1-de-color-amarillo-medio-y-negro-grafito\/","title":{"rendered":"Cuchillo arrojadizo CobraTec CTK-1 de color amarillo medio y negro grafito"},"content":{"rendered":"<p><strong>Gota CobraTec<\/strong> Medium Yellow Graphite Black CTK-1.<\/p>\n<p>Nuestro cuchillo CTK-1 Cerakote\u00ae Amarillo con Negro Grafito mediano est\u00e1 basado en un mango de aleaci\u00f3n de aluminio de alta calidad y tiene una hoja de acero D2. El recubrimiento cer\u00e1mico Cerakote aumenta la resistencia a la abrasi\u00f3n, al desgaste, a la corrosi\u00f3n y a los productos qu\u00edmicos del mango. <\/p>\n<p>Todos los cuchillos son de doble acci\u00f3n (la extensi\u00f3n y retracci\u00f3n de la hoja se controlan presionando o tirando del mismo interruptor de control).<\/p>\n<p>Este cuchillo cuenta con un clip de bolsillo, un rompecristales de emergencia e incluye una funda de nailon. Todos los cuchillos CobraTec cuentan con nuestra GARANT\u00cdA DE POR VIDA. <\/p>\n<p>Marca: CobraTec<br \/>\n Longitud total: 20,30 cm<br \/>\n Longitud de la hoja: 7,00 cm<br \/>\n Peso: 191,00 g<br \/>\n Material de la hoja: D2<br \/>\n Material del mango: Aluminio<br \/>\n Abridor: Presione el bot\u00f3n<br \/>\n Apertura: Autom\u00e1tica<br \/>\n Tipo de cerradura: OTF<br \/>\n Color: Negro<br \/>\n Color de la hoja: Sin recubrimiento<\/p>\n<p><iframe title=\"CobraTec Medium CTK 1\" width=\"800\" height=\"450\" src=\"https:\/\/www.youtube.com\/embed\/fl-Lz9Hgy7o?feature=oembed\" frameborder=\"0\" allow=\"accelerometer; autoplay; clipboard-write; encrypted-media; gyroscope; picture-in-picture; web-share\" referrerpolicy=\"strict-origin-when-cross-origin\" allowfullscreen><\/iframe><\/p>\n<p>&nbsp;<\/p>\n","protected":false},"excerpt":{"rendered":"<p>Cada cuchillo <strong>CobraTec\u00ae<\/strong> viene con una garant\u00eda de por vida.<\/p>\n<p> <strong>Env\u00edo gratis.<\/strong><\/p>\n","protected":false},"featured_media":428902,"comment_status":"open","ping_status":"closed","template":"","meta":[],"pwb-brand":[3943],"product_brand":[],"product_cat":[3729,3726],"product_tag":[],"class_list":{"0":"post-428896","1":"product","2":"type-product","3":"status-publish","4":"has-post-thumbnail","6":"pwb-brand-cobratec-es","7":"product_cat-cuchillos-de-tiro","8":"product_cat-cuchillos","10":"first","11":"outofstock","12":"taxable","13":"shipping-taxable","14":"purchasable","15":"product-type-simple"},"brands":[{"id":3943,"name":"cobratec","slug":"cobratec-es"}],"_links":{"self":[{"href":"https:\/\/www.moskito.cz\/es\/wp-json\/wp\/v2\/product\/428896","targetHints":{"allow":["GET"]}}],"collection":[{"href":"https:\/\/www.moskito.cz\/es\/wp-json\/wp\/v2\/product"}],"about":[{"href":"https:\/\/www.moskito.cz\/es\/wp-json\/wp\/v2\/types\/product"}],"replies":[{"embeddable":true,"href":"https:\/\/www.moskito.cz\/es\/wp-json\/wp\/v2\/comments?post=428896"}],"wp:featuredmedia":[{"embeddable":true,"href":"https:\/\/www.moskito.cz\/es\/wp-json\/wp\/v2\/media\/428902"}],"wp:attachment":[{"href":"https:\/\/www.moskito.cz\/es\/wp-json\/wp\/v2\/media?parent=428896"}],"wp:term":[{"taxonomy":"pwb-brand","embeddable":true,"href":"https:\/\/www.moskito.cz\/es\/wp-json\/wp\/v2\/pwb-brand?post=428896"},{"taxonomy":"product_brand","embeddable":true,"href":"https:\/\/www.moskito.cz\/es\/wp-json\/wp\/v2\/product_brand?post=428896"},{"taxonomy":"product_cat","embeddable":true,"href":"https:\/\/www.moskito.cz\/es\/wp-json\/wp\/v2\/product_cat?post=428896"},{"taxonomy":"product_tag","embeddable":true,"href":"https:\/\/www.moskito.cz\/es\/wp-json\/wp\/v2\/product_tag?post=428896"}],"curies":[{"name":"wp","href":"https:\/\/api.w.org\/{rel}","templated":true}]}}